{"id":5674,"date":"2021-04-09T13:33:42","date_gmt":"2021-04-09T18:33:42","guid":{"rendered":"https:\/\/spintotalent.com\/?page_id=5674"},"modified":"2021-04-09T17:17:07","modified_gmt":"2021-04-09T22:17:07","slug":"gerardo-kleinburg-critico","status":"publish","type":"page","link":"https:\/\/spintotalent.com\/es\/nuestros-artistas\/gerardo-kleinburg-critico\/","title":{"rendered":"Gerardo Kleinburg, Cr\u00edtico &#038; Promotor Cultural"},"content":{"rendered":"\t\t<div data-elementor-type=\"wp-post\" data-elementor-id=\"5674\" class=\"elementor elementor-5674\" data-elementor-post-type=\"page\">\n\t\t\t\t\t\t\t\t\t<section class=\"elementor-section elementor-top-section elementor-element elementor-element-9b664af elementor-section-height-min-height elementor-section-boxed elementor-section-height-default elementor-section-items-middle\" data-id=\"9b664af\" data-element_type=\"section\" data-settings=\"{&quot;background_background&quot;:&quot;classic&quot;,&quot;background_motion_fx_motion_fx_scrolling&quot;:&quot;yes&quot;,&quot;background_motion_fx_translateY_effect&quot;:&quot;yes&quot;,&quot;background_motion_fx_translateY_speed&quot;:{&quot;unit&quot;:&quot;px&quot;,&quot;size&quot;:4,&quot;sizes&quot;:[]},&quot;background_motion_fx_translateY_affectedRange&quot;:{&quot;unit&quot;:&quot;%&quot;,&quot;size&quot;:&quot;&quot;,&quot;sizes&quot;:{&quot;start&quot;:0,&quot;end&quot;:100}},&quot;background_motion_fx_devices&quot;:[&quot;desktop&quot;,&quot;tablet&quot;,&quot;mobile&quot;]}\">\n\t\t\t\t\t\t\t<div class=\"elementor-background-overlay\"><\/div>\n\t\t\t\t\t\t\t<div class=\"elementor-container elementor-column-gap-default\">\n\t\t\t\t\t<div class=\"elementor-column elementor-col-100 elementor-top-column elementor-element elementor-element-fde4123\" data-id=\"fde4123\" data-element_type=\"column\">\n\t\t\t<div class=\"elementor-widget-wrap\">\n\t\t\t\t\t\t\t\t\t<\/div>\n\t\t<\/div>\n\t\t\t\t\t\t\t<\/div>\n\t\t<\/section>\n\t\t\t\t<section class=\"elementor-section elementor-top-section elementor-element elementor-element-7d78203 elementor-reverse-mobile elementor-section-boxed elementor-section-height-default elementor-section-height-default\" data-id=\"7d78203\" data-element_type=\"section\" data-settings=\"{&quot;background_background&quot;:&quot;classic&quot;}\">\n\t\t\t\t\t\t<div class=\"elementor-container elementor-column-gap-default\">\n\t\t\t\t\t<div class=\"elementor-column elementor-col-50 elementor-top-column elementor-element elementor-element-d543575\" data-id=\"d543575\" data-element_type=\"column\" data-settings=\"{&quot;background_background&quot;:&quot;classic&quot;}\">\n\t\t\t<div class=\"elementor-widget-wrap elementor-element-populated\">\n\t\t\t\t\t\t\t\t<div class=\"elementor-element elementor-element-7506bdb elementor-widget elementor-widget-image\" data-id=\"7506bdb\" data-element_type=\"widget\" data-widget_type=\"image.default\">\n\t\t\t\t<div class=\"elementor-widget-container\">\n\t\t\t\t\t\t\t\t\t\t\t\t\t\t\t<img loading=\"lazy\" decoding=\"async\" width=\"550\" height=\"900\" src=\"https:\/\/spintotalent.com\/wp-content\/uploads\/2021\/04\/klein.png\" class=\"attachment-large size-large wp-image-5675\" alt=\"Gerardo Kleinburg\" srcset=\"https:\/\/spintotalent.com\/wp-content\/uploads\/2021\/04\/klein.png 550w, https:\/\/spintotalent.com\/wp-content\/uploads\/2021\/04\/klein-489x800.png 489w\" sizes=\"(max-width: 550px) 100vw, 550px\" \/>\t\t\t\t\t\t\t\t\t\t\t\t\t\t\t<\/div>\n\t\t\t\t<\/div>\n\t\t\t\t\t<\/div>\n\t\t<\/div>\n\t\t\t\t<div class=\"elementor-column elementor-col-50 elementor-top-column elementor-element elementor-element-c06482c\" data-id=\"c06482c\" data-element_type=\"column\">\n\t\t\t<div class=\"elementor-widget-wrap elementor-element-populated\">\n\t\t\t\t\t\t\t\t<section class=\"elementor-section elementor-inner-section elementor-element elementor-element-737d2d8 elementor-section-content-bottom elementor-section-boxed elementor-section-height-default elementor-section-height-default\" data-id=\"737d2d8\" data-element_type=\"section\">\n\t\t\t\t\t\t<div class=\"elementor-container elementor-column-gap-default\">\n\t\t\t\t\t<div class=\"elementor-column elementor-col-100 elementor-inner-column elementor-element elementor-element-bf86541\" data-id=\"bf86541\" data-element_type=\"column\">\n\t\t\t<div class=\"elementor-widget-wrap elementor-element-populated\">\n\t\t\t\t\t\t\t\t<div class=\"elementor-element elementor-element-da0e8e2 elementor-widget elementor-widget-heading\" data-id=\"da0e8e2\" data-element_type=\"widget\" data-widget_type=\"heading.default\">\n\t\t\t\t<div class=\"elementor-widget-container\">\n\t\t\t<h2 class=\"elementor-heading-title elementor-size-default\"><a href=\"https:\/\/spintotalent.com\/es\/nuestros-artistas\/gerardo-kleinburg-critic\/\">Gerardo Kleinburg<\/a><\/h2>\t\t<\/div>\n\t\t\t\t<\/div>\n\t\t\t\t<div class=\"elementor-element elementor-element-b7c2fba elementor-widget elementor-widget-heading\" data-id=\"b7c2fba\" data-element_type=\"widget\" data-widget_type=\"heading.default\">\n\t\t\t\t<div class=\"elementor-widget-container\">\n\t\t\t<h2 class=\"elementor-heading-title elementor-size-default\">Cr\u00edtico & Promotor Cultural<\/h2>\t\t<\/div>\n\t\t\t\t<\/div>\n\t\t\t\t\t<\/div>\n\t\t<\/div>\n\t\t\t\t\t\t\t<\/div>\n\t\t<\/section>\n\t\t\t\t<div class=\"elementor-element elementor-element-6708ce1 elementor-widget-divider--view-line elementor-widget elementor-widget-divider\" data-id=\"6708ce1\" data-element_type=\"widget\" data-widget_type=\"divider.default\">\n\t\t\t\t<div class=\"elementor-widget-container\">\n\t\t\t\t\t<div class=\"elementor-divider\">\n\t\t\t<span class=\"elementor-divider-separator\">\n\t\t\t\t\t\t<\/span>\n\t\t<\/div>\n\t\t\t\t<\/div>\n\t\t\t\t<\/div>\n\t\t\t\t<div class=\"elementor-element elementor-element-739f694 elementor-widget elementor-widget-text-editor\" data-id=\"739f694\" data-element_type=\"widget\" data-widget_type=\"text-editor.default\">\n\t\t\t\t<div class=\"elementor-widget-container\">\n\t\t\t\t\t\t\t<div>Gerardo Kleinburg es escritor, cr\u00edtico de m\u00fasica, promotor cultural y bioqu\u00edmico. Ha desarrollado una labor extensa y profesional, como cr\u00edtico musical y oper\u00edstico en medios nacionales e internacionales.<\/div><div>\u00a0<\/div><div>Recibi\u00f3 en 1992 el Premio Internacional de Cr\u00edtica Musical del Festival de Salzburgo, por su cr\u00edtica sobre la \u00f3pera La flauta m\u00e1gica. Fue el primer cr\u00edtico no europeo que gan\u00f3 dicho galard\u00f3n, el m\u00e1s joven y el primer cr\u00edtico de habla hispana en obtenerlo.<\/div><div>\u00a0<\/div><div>A los 27 a\u00f1os se convirti\u00f3 en el m\u00e1s joven director general y art\u00edstico de la Compa\u00f1\u00eda Nacional de \u00d3pera en M\u00e9xico y el que m\u00e1s tiempo dur\u00f3 en el cargo, 10 a\u00f1os. Trajo de nuevo a innumerables estrellas oper\u00edsticas internacionales como Pl\u00e1cido Domingo y Luciano Pavarotti, entre muchas otras estrellas. Fue dos veces jurado en la final del Concurso Operalia. Gan\u00f3 la Medalla Mozart, conferida por la embajada de Austria en M\u00e9xico, por su labor oper\u00edstica, y ha sido conductor durante m\u00e1s de 20 a\u00f1os ininterrumpidos del \u00fanico programa que transmite \u00f3pera, tanto internacional como nacional, en la televisi\u00f3n mexicana: \u201cEscenarios\u201d, transmitido por Canal 22. Es hoy uno de los m\u00e1s destacados y solicitados divulgadores oper\u00edsticos mexicanos. Ha dictado innumerables conferencias en lugares como la UNAM, el Palacio de Bellas Artes, el Teatro Ju\u00e1rez de Guanajuato, el Conjunto Santander de Artes Esc\u00e9nicas de la Universidad de Guadalajara, entre muchos otros. Destaca entre ellas la que ofreciera al lado de Pl\u00e1cido Domingo, a prop\u00f3sito del Requiem de Verdi.<\/div><div>\u00a0<\/div><div>\u201cHablemos de Opera\u201d, su plataforma de divulgaci\u00f3n oper\u00edstica, cuenta hoy con 35,000 seguidores y est\u00e1 conformado por incontables y permanentes conferencias, cursos, charlas y di\u00e1logos con grandes personalidades internacionales del mundo de la \u00f3pera, ofrecidas en toda la Rep\u00fablica mexicana y hoy \u2013v\u00eda internet- vistas en todo el mundo. Es el \u00fanico divulgador oper\u00edstico mexicano que ofrece sistem\u00e1ticamente charlas de primera sensibilizaci\u00f3n oper\u00edstica a j\u00f3venes y adolescentes en planteles educativos de gobierno y de zonas marginadas que jam\u00e1s han tenido contacto con la \u00f3pera. Ha llevado esta charla a sitios como preparatorias oficiales, zonas marginadas, academias de polic\u00eda y a los internos de reclusorios. Tambi\u00e9n ofrece las charlas previas a las transmisiones que la UNAM hace desde la Metropolitan Opera House y el Covent Garden, as\u00ed como realizaci\u00f3n de podcasts oper\u00edsticos.<\/div><div>\u00a0<\/div><div>En enero de 2020 fue invitado por Rolando Villaz\u00f3n director de la Semana Mozart de Salzburgo a impartir la conferencia magistral \u201cMozart y sus amigos\u201d en el Palacio Arzobispal en el que Mozart trabajaba.<\/div><div>\u00a0<\/div><div>Es escritor y tiene publicados lo siguientes t\u00edtulos: <em>Tr\u00edptico (tres actos en una \u00f3pera)<\/em>, libro de cuentos publicado por la editorial Joaqu\u00edn Mortiz y con el que gan\u00f3 el premio Joseph Gottlieb de Literatura del Pen Club en 1989; la novela <em>No honrar\u00e1s a tu padre<\/em>, novela publicada por Editorial Sudamericana\/Random House y la novela <em>\u00c9xtasis, una novela en siete c\u00e1psulas<\/em> novela editada por Editorial Alfaguara.<\/div>\t\t\t\t\t\t<\/div>\n\t\t\t\t<\/div>\n\t\t\t\t\t<\/div>\n\t\t<\/div>\n\t\t\t\t\t\t\t<\/div>\n\t\t<\/section>\n\t\t\t\t\t\t\t<\/div>\n\t\t","protected":false},"excerpt":{"rendered":"<p>Gerardo Kleinburg Cr\u00edtico &amp; Promotor Cultural Gerardo Kleinburg es escritor, cr\u00edtico de m\u00fasica, promotor cultural y bioqu\u00edmico. Ha desarrollado una labor extensa y profesional, como cr\u00edtico musical y oper\u00edstico en medios nacionales e internacionales.&nbsp;Recibi\u00f3 en 1992 el Premio Internacional de Cr\u00edtica Musical del Festival de Salzburgo, por su cr\u00edtica sobre la \u00f3pera La flauta m\u00e1gica. &hellip;<\/p>\n<p class=\"read-more\"> <a class=\"\" href=\"https:\/\/spintotalent.com\/es\/nuestros-artistas\/gerardo-kleinburg-critico\/\"> <span class=\"screen-reader-text\">Gerardo Kleinburg, Cr\u00edtico &#038; Promotor Cultural<\/span> Leer m\u00e1s &raquo;<\/a><\/p>\n","protected":false},"author":4,"featured_media":5675,"parent":848,"menu_order":0,"comment_status":"closed","ping_status":"closed","template":"","meta":{"_uag_custom_page_level_css":"","site-sidebar-layout":"no-sidebar","site-content-layout":"page-builder","ast-site-content-layout":"","site-content-style":"default","site-sidebar-style":"default","ast-global-header-display":"","ast-banner-title-visibility":"","ast-main-header-display":"","ast-hfb-above-header-display":"","ast-hfb-below-header-display":"","ast-hfb-mobile-header-display":"","site-post-title":"disabled","ast-breadcrumbs-content":"","ast-featured-img":"disabled","footer-sml-layout":"","theme-transparent-header-meta":"enabled","adv-header-id-meta":"","stick-header-meta":"default","header-above-stick-meta":"","header-main-stick-meta":"","header-below-stick-meta":"","astra-migrate-meta-layouts":"","ast-page-background-enabled":"default","ast-page-background-meta":{"desktop":{"background-color":"","background-image":"","background-repeat":"repeat","background-position":"center center","background-size":"auto","background-attachment":"scroll","background-type":"","background-media":"","overlay-type":"","overlay-color":"","overlay-gradient":""},"tablet":{"background-color":"","background-image":"","background-repeat":"repeat","background-position":"center center","background-size":"auto","background-attachment":"scroll","background-type":"","background-media":"","overlay-type":"","overlay-color":"","overlay-gradient":""},"mobile":{"background-color":"","background-image":"","background-repeat":"repeat","background-position":"center center","background-size":"auto","background-attachment":"scroll","background-type":"","background-media":"","overlay-type":"","overlay-color":"","overlay-gradient":""}},"ast-content-background-meta":{"desktop":{"background-color":"var(--ast-global-color-5)","background-image":"","background-repeat":"repeat","background-position":"center center","background-size":"auto","background-attachment":"scroll","background-type":"","background-media":"","overlay-type":"","overlay-color":"","overlay-gradient":""},"tablet":{"background-color":"var(--ast-global-color-5)","background-image":"","background-repeat":"repeat","background-position":"center center","background-size":"auto","background-attachment":"scroll","background-type":"","background-media":"","overlay-type":"","overlay-color":"","overlay-gradient":""},"mobile":{"background-color":"var(--ast-global-color-5)","background-image":"","background-repeat":"repeat","background-position":"center center","background-size":"auto","background-attachment":"scroll","background-type":"","background-media":"","overlay-type":"","overlay-color":"","overlay-gradient":""}},"footnotes":""},"uagb_featured_image_src":{"full":["https:\/\/spintotalent.com\/wp-content\/uploads\/2021\/04\/klein.png",550,900,false],"thumbnail":["https:\/\/spintotalent.com\/wp-content\/uploads\/2021\/04\/klein-300x300.png",300,300,true],"medium":["https:\/\/spintotalent.com\/wp-content\/uploads\/2021\/04\/klein-489x800.png",489,800,true],"medium_large":["https:\/\/spintotalent.com\/wp-content\/uploads\/2021\/04\/klein.png",550,900,false],"large":["https:\/\/spintotalent.com\/wp-content\/uploads\/2021\/04\/klein.png",550,900,false],"1536x1536":["https:\/\/spintotalent.com\/wp-content\/uploads\/2021\/04\/klein.png",550,900,false],"2048x2048":["https:\/\/spintotalent.com\/wp-content\/uploads\/2021\/04\/klein.png",550,900,false]},"uagb_author_info":{"display_name":"Renata","author_link":"https:\/\/spintotalent.com\/es\/author\/renata\/"},"uagb_comment_info":0,"uagb_excerpt":"Gerardo Kleinburg Cr\u00edtico &amp; Promotor Cultural Gerardo Kleinburg es escritor, cr\u00edtico de m\u00fasica, promotor cultural y bioqu\u00edmico. Ha desarrollado una labor extensa y profesional, como cr\u00edtico musical y oper\u00edstico en medios nacionales e internacionales.&nbsp;Recibi\u00f3 en 1992 el Premio Internacional de Cr\u00edtica Musical del Festival de Salzburgo, por su cr\u00edtica sobre la \u00f3pera La flauta m\u00e1gica.&hellip;","_links":{"self":[{"href":"https:\/\/spintotalent.com\/es\/wp-json\/wp\/v2\/pages\/5674"}],"collection":[{"href":"https:\/\/spintotalent.com\/es\/wp-json\/wp\/v2\/pages"}],"about":[{"href":"https:\/\/spintotalent.com\/es\/wp-json\/wp\/v2\/types\/page"}],"author":[{"embeddable":true,"href":"https:\/\/spintotalent.com\/es\/wp-json\/wp\/v2\/users\/4"}],"replies":[{"embeddable":true,"href":"https:\/\/spintotalent.com\/es\/wp-json\/wp\/v2\/comments?post=5674"}],"version-history":[{"count":22,"href":"https:\/\/spintotalent.com\/es\/wp-json\/wp\/v2\/pages\/5674\/revisions"}],"predecessor-version":[{"id":5744,"href":"https:\/\/spintotalent.com\/es\/wp-json\/wp\/v2\/pages\/5674\/revisions\/5744"}],"up":[{"embeddable":true,"href":"https:\/\/spintotalent.com\/es\/wp-json\/wp\/v2\/pages\/848"}],"wp:featuredmedia":[{"embeddable":true,"href":"https:\/\/spintotalent.com\/es\/wp-json\/wp\/v2\/media\/5675"}],"wp:attachment":[{"href":"https:\/\/spintotalent.com\/es\/wp-json\/wp\/v2\/media?parent=5674"}],"curies":[{"name":"wp","href":"https:\/\/api.w.org\/{rel}","templated":true}]}}