{"id":4649,"date":"2020-12-16T20:11:21","date_gmt":"2020-12-17T02:11:21","guid":{"rendered":"https:\/\/spintotalent.com\/?page_id=4649"},"modified":"2021-02-04T10:31:40","modified_gmt":"2021-02-04T16:31:40","slug":"jorge-castro-valle","status":"publish","type":"page","link":"https:\/\/spintotalent.com\/es\/quienes-somos\/jorge-castro-valle\/","title":{"rendered":"Jorge Castro-Valle"},"content":{"rendered":"\t\t<div data-elementor-type=\"wp-page\" data-elementor-id=\"4649\" class=\"elementor elementor-4649\" data-elementor-post-type=\"page\">\n\t\t\t\t\t\t\t\t\t<section class=\"elementor-section elementor-top-section elementor-element elementor-element-9d49475 elementor-section-boxed elementor-section-height-default elementor-section-height-default\" data-id=\"9d49475\" data-element_type=\"section\" data-settings=\"{&quot;background_background&quot;:&quot;classic&quot;}\">\n\t\t\t\t\t\t<div class=\"elementor-container elementor-column-gap-default\">\n\t\t\t\t\t<div class=\"elementor-column elementor-col-50 elementor-top-column elementor-element elementor-element-f8a9a6e\" data-id=\"f8a9a6e\" data-element_type=\"column\" data-settings=\"{&quot;background_background&quot;:&quot;classic&quot;}\">\n\t\t\t<div class=\"elementor-widget-wrap elementor-element-populated\">\n\t\t\t\t\t\t\t\t<section class=\"elementor-section elementor-inner-section elementor-element elementor-element-d9feaec elementor-section-content-bottom elementor-section-boxed elementor-section-height-default elementor-section-height-default\" data-id=\"d9feaec\" data-element_type=\"section\">\n\t\t\t\t\t\t<div class=\"elementor-container elementor-column-gap-default\">\n\t\t\t\t\t<div class=\"elementor-column elementor-col-100 elementor-inner-column elementor-element elementor-element-ee63f52\" data-id=\"ee63f52\" data-element_type=\"column\">\n\t\t\t<div class=\"elementor-widget-wrap elementor-element-populated\">\n\t\t\t\t\t\t\t\t<div class=\"elementor-element elementor-element-0427632 elementor-widget elementor-widget-heading\" data-id=\"0427632\" data-element_type=\"widget\" data-widget_type=\"heading.default\">\n\t\t\t\t<div class=\"elementor-widget-container\">\n\t\t\t<h2 class=\"elementor-heading-title elementor-size-default\">Jorge Castro-Valle<\/h2>\t\t<\/div>\n\t\t\t\t<\/div>\n\t\t\t\t<div class=\"elementor-element elementor-element-080b48e elementor-widget elementor-widget-heading\" data-id=\"080b48e\" data-element_type=\"widget\" data-widget_type=\"heading.default\">\n\t\t\t\t<div class=\"elementor-widget-container\">\n\t\t\t<h2 class=\"elementor-heading-title elementor-size-default\">COO Spinto Talent<\/h2>\t\t<\/div>\n\t\t\t\t<\/div>\n\t\t\t\t\t<\/div>\n\t\t<\/div>\n\t\t\t\t\t\t\t<\/div>\n\t\t<\/section>\n\t\t\t\t<div class=\"elementor-element elementor-element-5087fef elementor-widget-divider--view-line elementor-widget elementor-widget-divider\" data-id=\"5087fef\" data-element_type=\"widget\" data-widget_type=\"divider.default\">\n\t\t\t\t<div class=\"elementor-widget-container\">\n\t\t\t\t\t<div class=\"elementor-divider\">\n\t\t\t<span class=\"elementor-divider-separator\">\n\t\t\t\t\t\t<\/span>\n\t\t<\/div>\n\t\t\t\t<\/div>\n\t\t\t\t<\/div>\n\t\t\t\t<div class=\"elementor-element elementor-element-d72b8d8 elementor-widget elementor-widget-text-editor\" data-id=\"d72b8d8\" data-element_type=\"widget\" data-widget_type=\"text-editor.default\">\n\t\t\t\t<div class=\"elementor-widget-container\">\n\t\t\t\t\t\t\tEmbajador Eminente de M\u00e9xico, en retiro; con m\u00e1s de cuatro d\u00e9cadas de experiencia diplom\u00e1tica en promoci\u00f3n, protocolo y comunicaci\u00f3n intercultural.\t\t\t\t\t\t<\/div>\n\t\t\t\t<\/div>\n\t\t\t\t<div class=\"elementor-element elementor-element-2a274fa e-grid-align-left elementor-shape-rounded elementor-grid-0 elementor-widget elementor-widget-social-icons\" data-id=\"2a274fa\" data-element_type=\"widget\" data-widget_type=\"social-icons.default\">\n\t\t\t\t<div class=\"elementor-widget-container\">\n\t\t\t\t\t<div class=\"elementor-social-icons-wrapper elementor-grid\">\n\t\t\t\t\t\t\t<span class=\"elementor-grid-item\">\n\t\t\t\t\t<a class=\"elementor-icon elementor-social-icon elementor-social-icon-twitter elementor-repeater-item-1a488d6\" href=\"https:\/\/twitter.com\/jcastrovallek\" target=\"_blank\">\n\t\t\t\t\t\t<span class=\"elementor-screen-only\">Twitter<\/span>\n\t\t\t\t\t\t<i class=\"fab fa-twitter\"><\/i>\t\t\t\t\t<\/a>\n\t\t\t\t<\/span>\n\t\t\t\t\t<\/div>\n\t\t\t\t<\/div>\n\t\t\t\t<\/div>\n\t\t\t\t\t<\/div>\n\t\t<\/div>\n\t\t\t\t<div class=\"elementor-column elementor-col-50 elementor-top-column elementor-element elementor-element-ff3c0cf\" data-id=\"ff3c0cf\" data-element_type=\"column\" data-settings=\"{&quot;background_background&quot;:&quot;classic&quot;}\">\n\t\t\t<div class=\"elementor-widget-wrap elementor-element-populated\">\n\t\t\t\t\t\t\t\t<div class=\"elementor-element elementor-element-14e87c7 elementor-widget elementor-widget-spacer\" data-id=\"14e87c7\" data-element_type=\"widget\" data-widget_type=\"spacer.default\">\n\t\t\t\t<div class=\"elementor-widget-container\">\n\t\t\t\t\t<div class=\"elementor-spacer\">\n\t\t\t<div class=\"elementor-spacer-inner\"><\/div>\n\t\t<\/div>\n\t\t\t\t<\/div>\n\t\t\t\t<\/div>\n\t\t\t\t\t<\/div>\n\t\t<\/div>\n\t\t\t\t\t\t\t<\/div>\n\t\t<\/section>\n\t\t\t\t<section class=\"elementor-section elementor-top-section elementor-element elementor-element-bfa4adb elementor-section-boxed elementor-section-height-default elementor-section-height-default\" data-id=\"bfa4adb\" data-element_type=\"section\">\n\t\t\t\t\t\t<div class=\"elementor-container elementor-column-gap-default\">\n\t\t\t\t\t<div class=\"elementor-column elementor-col-50 elementor-top-column elementor-element elementor-element-5522086\" data-id=\"5522086\" data-element_type=\"column\">\n\t\t\t<div class=\"elementor-widget-wrap\">\n\t\t\t\t\t\t\t\t\t<\/div>\n\t\t<\/div>\n\t\t\t\t<div class=\"elementor-column elementor-col-50 elementor-top-column elementor-element elementor-element-36cdbe4\" data-id=\"36cdbe4\" data-element_type=\"column\">\n\t\t\t<div class=\"elementor-widget-wrap elementor-element-populated\">\n\t\t\t\t\t\t\t\t<div class=\"elementor-element elementor-element-d6b571c div--space elementor-widget elementor-widget-text-editor\" data-id=\"d6b571c\" data-element_type=\"widget\" data-widget_type=\"text-editor.default\">\n\t\t\t\t<div class=\"elementor-widget-container\">\n\t\t\t\t\t\t\t<div>Ingres\u00f3 al Servicio Exterior Mexicano en 1973. Fue ascendido al rango de Embajador en 1994 y\nrecibi\u00f3 la distinci\u00f3n presidencial de Embajador Eminente en 2017. Se retir\u00f3 en 2018 tras una exitosa carrera diplom\u00e1tica de m\u00e1s de 45 a\u00f1os.<\/div>\n\n<div>En la Secretar\u00eda de Relaciones Exteriores ocup\u00f3, entre otros cargos, los de Subsecretario para Am\u00e9rica Latina y el Caribe; Director General de Protocolo; Director General para Am\u00e9rica del Norte; y Secretario Particular del Canciller.<\/div>\n\n<div>Con diferentes rangos diplom\u00e1ticos, estuvo comisionado en las embajadas de M\u00e9xico en Estados\nUnidos de Am\u00e9rica; Canad\u00e1; Reino Unido; Alemania Oriental; y Austria.<\/div>\n\n<div>Fungi\u00f3 como Embajador de M\u00e9xico en Alemania; Suiza (concurrente ante Liechtenstein); Suecia\n(concurrente ante Letonia y Lituania); y Noruega.<\/div>\n\n<div>Ha sido condecorado por los gobiernos de Alemania; Suecia; Pa\u00edses Bajos; Grecia; y Brasil.\nEs egresado de la Facultad de Derecho de la UNAM y realiz\u00f3 estudios de Relaciones Internacionales\nen la Universidad de Viena.\n<\/div>\n\n<div>Es autor de art\u00edculos sobre temas internacionales y de pol\u00edtica exterior mexicana y ha impartido conferencias en instituciones acad\u00e9micas en M\u00e9xico y el extranjero.<\/div>\n<div>Adem\u00e1s del espa\u00f1ol, tiene dominio del ingl\u00e9s, alem\u00e1n y franc\u00e9s; y conocimientos b\u00e1sicos del ruso e italiano.<\/div>\n<\/div>\n\t\t\t\t\t\t<\/div>\n\t\t\t\t<\/div>\n\t\t\t\t\t<\/div>\n\t\t<\/div>\n\t\t\t\t\t\t\t<\/div>\n\t\t<\/section>\n\t\t\t\t<section class=\"elementor-section elementor-top-section elementor-element elementor-element-59dd414 elementor-section-content-top elementor-section-boxed elementor-section-height-default elementor-section-height-default\" data-id=\"59dd414\" data-element_type=\"section\">\n\t\t\t\t\t\t<div class=\"elementor-container elementor-column-gap-default\">\n\t\t\t\t\t<div class=\"elementor-column elementor-col-100 elementor-top-column elementor-element elementor-element-cde1ae7\" data-id=\"cde1ae7\" data-element_type=\"column\">\n\t\t\t<div class=\"elementor-widget-wrap elementor-element-populated\">\n\t\t\t\t\t\t\t\t<div class=\"elementor-element elementor-element-970b086 elementor-widget elementor-widget-spacer\" data-id=\"970b086\" data-element_type=\"widget\" data-widget_type=\"spacer.default\">\n\t\t\t\t<div class=\"elementor-widget-container\">\n\t\t\t\t\t<div class=\"elementor-spacer\">\n\t\t\t<div class=\"elementor-spacer-inner\"><\/div>\n\t\t<\/div>\n\t\t\t\t<\/div>\n\t\t\t\t<\/div>\n\t\t\t\t\t<\/div>\n\t\t<\/div>\n\t\t\t\t\t\t\t<\/div>\n\t\t<\/section>\n\t\t\t\t\t\t\t<\/div>\n\t\t","protected":false},"excerpt":{"rendered":"<p>Jorge Castro-Valle COO Spinto Talent Embajador Eminente de M\u00e9xico, en retiro; con m\u00e1s de cuatro d\u00e9cadas de experiencia diplom\u00e1tica en promoci\u00f3n, protocolo y comunicaci\u00f3n intercultural. Twitter Ingres\u00f3 al Servicio Exterior Mexicano en 1973. Fue ascendido al rango de Embajador en 1994 y recibi\u00f3 la distinci\u00f3n presidencial de Embajador Eminente en 2017. Se retir\u00f3 en 2018 &hellip;<\/p>\n<p class=\"read-more\"> <a class=\"\" href=\"https:\/\/spintotalent.com\/es\/quienes-somos\/jorge-castro-valle\/\"> <span class=\"screen-reader-text\">Jorge Castro-Valle<\/span> Leer m\u00e1s &raquo;<\/a><\/p>\n","protected":false},"author":1,"featured_media":4903,"parent":909,"menu_order":0,"comment_status":"closed","ping_status":"closed","template":"","meta":{"_uag_custom_page_level_css":"","site-sidebar-layout":"no-sidebar","site-content-layout":"page-builder","ast-site-content-layout":"","site-content-style":"default","site-sidebar-style":"default","ast-global-header-display":"","ast-banner-title-visibility":"","ast-main-header-display":"","ast-hfb-above-header-display":"","ast-hfb-below-header-display":"","ast-hfb-mobile-header-display":"","site-post-title":"disabled","ast-breadcrumbs-content":"","ast-featured-img":"disabled","footer-sml-layout":"","theme-transparent-header-meta":"default","adv-header-id-meta":"","stick-header-meta":"default","header-above-stick-meta":"","header-main-stick-meta":"","header-below-stick-meta":"","astra-migrate-meta-layouts":"","ast-page-background-enabled":"default","ast-page-background-meta":{"desktop":{"background-color":"","background-image":"","background-repeat":"repeat","background-position":"center center","background-size":"auto","background-attachment":"scroll","background-type":"","background-media":"","overlay-type":"","overlay-color":"","overlay-gradient":""},"tablet":{"background-color":"","background-image":"","background-repeat":"repeat","background-position":"center center","background-size":"auto","background-attachment":"scroll","background-type":"","background-media":"","overlay-type":"","overlay-color":"","overlay-gradient":""},"mobile":{"background-color":"","background-image":"","background-repeat":"repeat","background-position":"center center","background-size":"auto","background-attachment":"scroll","background-type":"","background-media":"","overlay-type":"","overlay-color":"","overlay-gradient":""}},"ast-content-background-meta":{"desktop":{"background-color":"var(--ast-global-color-5)","background-image":"","background-repeat":"repeat","background-position":"center center","background-size":"auto","background-attachment":"scroll","background-type":"","background-media":"","overlay-type":"","overlay-color":"","overlay-gradient":""},"tablet":{"background-color":"var(--ast-global-color-5)","background-image":"","background-repeat":"repeat","background-position":"center center","background-size":"auto","background-attachment":"scroll","background-type":"","background-media":"","overlay-type":"","overlay-color":"","overlay-gradient":""},"mobile":{"background-color":"var(--ast-global-color-5)","background-image":"","background-repeat":"repeat","background-position":"center center","background-size":"auto","background-attachment":"scroll","background-type":"","background-media":"","overlay-type":"","overlay-color":"","overlay-gradient":""}},"footnotes":""},"uagb_featured_image_src":{"full":["https:\/\/spintotalent.com\/wp-content\/uploads\/2021\/01\/Spinto-Talent-Jorge-Castro-Valle.jpg",1200,1317,false],"thumbnail":["https:\/\/spintotalent.com\/wp-content\/uploads\/2021\/01\/Spinto-Talent-Jorge-Castro-Valle-300x300.jpg",300,300,true],"medium":["https:\/\/spintotalent.com\/wp-content\/uploads\/2021\/01\/Spinto-Talent-Jorge-Castro-Valle-729x800.jpg",729,800,true],"medium_large":["https:\/\/spintotalent.com\/wp-content\/uploads\/2021\/01\/Spinto-Talent-Jorge-Castro-Valle-768x843.jpg",768,843,true],"large":["https:\/\/spintotalent.com\/wp-content\/uploads\/2021\/01\/Spinto-Talent-Jorge-Castro-Valle-933x1024.jpg",933,1024,true],"1536x1536":["https:\/\/spintotalent.com\/wp-content\/uploads\/2021\/01\/Spinto-Talent-Jorge-Castro-Valle.jpg",1200,1317,false],"2048x2048":["https:\/\/spintotalent.com\/wp-content\/uploads\/2021\/01\/Spinto-Talent-Jorge-Castro-Valle.jpg",1200,1317,false]},"uagb_author_info":{"display_name":"fabrica","author_link":"https:\/\/spintotalent.com\/es\/author\/fabrica\/"},"uagb_comment_info":0,"uagb_excerpt":"Jorge Castro-Valle COO Spinto Talent Embajador Eminente de M\u00e9xico, en retiro; con m\u00e1s de cuatro d\u00e9cadas de experiencia diplom\u00e1tica en promoci\u00f3n, protocolo y comunicaci\u00f3n intercultural. Twitter Ingres\u00f3 al Servicio Exterior Mexicano en 1973. Fue ascendido al rango de Embajador en 1994 y recibi\u00f3 la distinci\u00f3n presidencial de Embajador Eminente en 2017. Se retir\u00f3 en 2018&hellip;","_links":{"self":[{"href":"https:\/\/spintotalent.com\/es\/wp-json\/wp\/v2\/pages\/4649"}],"collection":[{"href":"https:\/\/spintotalent.com\/es\/wp-json\/wp\/v2\/pages"}],"about":[{"href":"https:\/\/spintotalent.com\/es\/wp-json\/wp\/v2\/types\/page"}],"author":[{"embeddable":true,"href":"https:\/\/spintotalent.com\/es\/wp-json\/wp\/v2\/users\/1"}],"replies":[{"embeddable":true,"href":"https:\/\/spintotalent.com\/es\/wp-json\/wp\/v2\/comments?post=4649"}],"version-history":[{"count":27,"href":"https:\/\/spintotalent.com\/es\/wp-json\/wp\/v2\/pages\/4649\/revisions"}],"predecessor-version":[{"id":5371,"href":"https:\/\/spintotalent.com\/es\/wp-json\/wp\/v2\/pages\/4649\/revisions\/5371"}],"up":[{"embeddable":true,"href":"https:\/\/spintotalent.com\/es\/wp-json\/wp\/v2\/pages\/909"}],"wp:featuredmedia":[{"embeddable":true,"href":"https:\/\/spintotalent.com\/es\/wp-json\/wp\/v2\/media\/4903"}],"wp:attachment":[{"href":"https:\/\/spintotalent.com\/es\/wp-json\/wp\/v2\/media?parent=4649"}],"curies":[{"name":"wp","href":"https:\/\/api.w.org\/{rel}","templated":true}]}}