{"id":4449,"date":"2020-12-16T12:32:07","date_gmt":"2020-12-16T18:32:07","guid":{"rendered":"https:\/\/spintotalent.com\/?page_id=4449"},"modified":"2021-02-05T17:49:23","modified_gmt":"2021-02-05T23:49:23","slug":"angelica-olivo-violinista","status":"publish","type":"page","link":"https:\/\/spintotalent.com\/es\/nuestros-artistas\/angelica-olivo-violinista\/","title":{"rendered":"Ang\u00e9lica Olivo, Violinista"},"content":{"rendered":"\t\t<div data-elementor-type=\"wp-post\" data-elementor-id=\"4449\" class=\"elementor elementor-4449\" data-elementor-post-type=\"page\">\n\t\t\t\t\t\t\t\t\t<section class=\"elementor-section elementor-top-section elementor-element elementor-element-9b664af elementor-section-height-min-height elementor-section-boxed elementor-section-height-default elementor-section-items-middle\" data-id=\"9b664af\" data-element_type=\"section\" data-settings=\"{&quot;background_background&quot;:&quot;classic&quot;,&quot;background_motion_fx_motion_fx_scrolling&quot;:&quot;yes&quot;,&quot;background_motion_fx_translateY_effect&quot;:&quot;yes&quot;,&quot;background_motion_fx_translateY_speed&quot;:{&quot;unit&quot;:&quot;px&quot;,&quot;size&quot;:4,&quot;sizes&quot;:[]},&quot;background_motion_fx_translateY_affectedRange&quot;:{&quot;unit&quot;:&quot;%&quot;,&quot;size&quot;:&quot;&quot;,&quot;sizes&quot;:{&quot;start&quot;:0,&quot;end&quot;:100}},&quot;background_motion_fx_devices&quot;:[&quot;desktop&quot;,&quot;tablet&quot;,&quot;mobile&quot;]}\">\n\t\t\t\t\t\t\t<div class=\"elementor-background-overlay\"><\/div>\n\t\t\t\t\t\t\t<div class=\"elementor-container elementor-column-gap-default\">\n\t\t\t\t\t<div class=\"elementor-column elementor-col-100 elementor-top-column elementor-element elementor-element-fde4123\" data-id=\"fde4123\" data-element_type=\"column\">\n\t\t\t<div class=\"elementor-widget-wrap\">\n\t\t\t\t\t\t\t\t\t<\/div>\n\t\t<\/div>\n\t\t\t\t\t\t\t<\/div>\n\t\t<\/section>\n\t\t\t\t<section class=\"elementor-section elementor-top-section elementor-element elementor-element-7d78203 elementor-reverse-mobile elementor-section-boxed elementor-section-height-default elementor-section-height-default\" data-id=\"7d78203\" data-element_type=\"section\" data-settings=\"{&quot;background_background&quot;:&quot;classic&quot;}\">\n\t\t\t\t\t\t<div class=\"elementor-container elementor-column-gap-default\">\n\t\t\t\t\t<div class=\"elementor-column elementor-col-50 elementor-top-column elementor-element elementor-element-d543575\" data-id=\"d543575\" data-element_type=\"column\" data-settings=\"{&quot;background_background&quot;:&quot;classic&quot;}\">\n\t\t\t<div class=\"elementor-widget-wrap elementor-element-populated\">\n\t\t\t\t\t\t\t\t<div class=\"elementor-element elementor-element-7506bdb elementor-widget elementor-widget-image\" data-id=\"7506bdb\" data-element_type=\"widget\" data-widget_type=\"image.default\">\n\t\t\t\t<div class=\"elementor-widget-container\">\n\t\t\t\t\t\t\t\t\t\t\t\t\t\t\t<img loading=\"lazy\" decoding=\"async\" width=\"550\" height=\"900\" src=\"https:\/\/spintotalent.com\/wp-content\/uploads\/2020\/12\/angelica-olivo-violinista.png\" class=\"attachment-large size-large wp-image-4450\" alt=\"Ang\u00e9lica Olivo, Violinista\" srcset=\"https:\/\/spintotalent.com\/wp-content\/uploads\/2020\/12\/angelica-olivo-violinista.png 550w, https:\/\/spintotalent.com\/wp-content\/uploads\/2020\/12\/angelica-olivo-violinista-489x800.png 489w\" sizes=\"(max-width: 550px) 100vw, 550px\" \/>\t\t\t\t\t\t\t\t\t\t\t\t\t\t\t<\/div>\n\t\t\t\t<\/div>\n\t\t\t\t\t<\/div>\n\t\t<\/div>\n\t\t\t\t<div class=\"elementor-column elementor-col-50 elementor-top-column elementor-element elementor-element-c06482c\" data-id=\"c06482c\" data-element_type=\"column\">\n\t\t\t<div class=\"elementor-widget-wrap elementor-element-populated\">\n\t\t\t\t\t\t\t\t<section class=\"elementor-section elementor-inner-section elementor-element elementor-element-737d2d8 elementor-section-content-bottom elementor-section-boxed elementor-section-height-default elementor-section-height-default\" data-id=\"737d2d8\" data-element_type=\"section\">\n\t\t\t\t\t\t<div class=\"elementor-container elementor-column-gap-default\">\n\t\t\t\t\t<div class=\"elementor-column elementor-col-100 elementor-inner-column elementor-element elementor-element-bf86541\" data-id=\"bf86541\" data-element_type=\"column\">\n\t\t\t<div class=\"elementor-widget-wrap elementor-element-populated\">\n\t\t\t\t\t\t\t\t<div class=\"elementor-element elementor-element-da0e8e2 elementor-widget elementor-widget-heading\" data-id=\"da0e8e2\" data-element_type=\"widget\" data-widget_type=\"heading.default\">\n\t\t\t\t<div class=\"elementor-widget-container\">\n\t\t\t<h2 class=\"elementor-heading-title elementor-size-default\">Ang\u00e9lica Olivo<\/h2>\t\t<\/div>\n\t\t\t\t<\/div>\n\t\t\t\t<div class=\"elementor-element elementor-element-b7c2fba elementor-widget elementor-widget-heading\" data-id=\"b7c2fba\" data-element_type=\"widget\" data-widget_type=\"heading.default\">\n\t\t\t\t<div class=\"elementor-widget-container\">\n\t\t\t<h2 class=\"elementor-heading-title elementor-size-default\">Violinista<\/h2>\t\t<\/div>\n\t\t\t\t<\/div>\n\t\t\t\t\t<\/div>\n\t\t<\/div>\n\t\t\t\t\t\t\t<\/div>\n\t\t<\/section>\n\t\t\t\t<div class=\"elementor-element elementor-element-6708ce1 elementor-widget-divider--view-line elementor-widget elementor-widget-divider\" data-id=\"6708ce1\" data-element_type=\"widget\" data-widget_type=\"divider.default\">\n\t\t\t\t<div class=\"elementor-widget-container\">\n\t\t\t\t\t<div class=\"elementor-divider\">\n\t\t\t<span class=\"elementor-divider-separator\">\n\t\t\t\t\t\t<\/span>\n\t\t<\/div>\n\t\t\t\t<\/div>\n\t\t\t\t<\/div>\n\t\t\t\t<div class=\"elementor-element elementor-element-739f694 div--space elementor-widget elementor-widget-text-editor\" data-id=\"739f694\" data-element_type=\"widget\" data-widget_type=\"text-editor.default\">\n\t\t\t\t<div class=\"elementor-widget-container\">\n\t\t\t\t\t\t\t<div>Violinista venezolana graduada con distinci\u00f3n como Violin Performance por la Royal School of Music de Londres. Fue formada en El Sistema de Orquestas Venezolano y en la Academia Latinoamericana del Viol\u00edn de Venezuela.<\/div>\n\n<div>Desarroll\u00f3 su carrera musical desde muy joven como concertina de la Orquesta Sinfonica Juvenil Teresa Carre\u00f1o y como invitada de la Orquesta Sim\u00f3n Bol\u00edvar de Venezuela. Adem\u00e1s tambi\u00e9n fue concertina con la International Youth Orchestra durante la celebraci\u00f3n del 69 Aniversario de la ONU.<\/div>\n<div>En 2015, Ang\u00e9lica fue invitada por la Orquesta Sinf\u00f3nica del Estado de S\u00e3o Paulo y simult\u00e1neamente actu\u00f3 bajo las batutas de los maestros Claudio Abbado, Rafael Fr\u00fchbeck de Burgos, Gustavo Dudamel, Sir Simon Rattle, Marin Alsop, entre otros y realizando giras con orquestas importantes por los escenarios de Am\u00e9rica, Asia y Europa.<\/div>\n<div>Posteriormente al desarrollar una carrera como solista, abarcando un amplio repertorio, se ha presentado en importantes escenarios como Teatro Auditorium Manzoni, Teatro Municipale Valli, Vict\u00f3ria Hall, Opernhaus Z\u00fcrich, Stavanger Konserthus, Folkets Hus Hudiksvall, G\u00e4vle Konserthus, Sala S\u00e3o Paulo, Moravsk\u00e1 filharmonie Olomouc, Teatro Teresa Carre\u00f1o, Teatro Degollado, entre otros. Desde el 2016 se desempe\u00f1a como concertina solista en la Orquesta Filarm\u00f3nica de Jalisco, bajo la direcci\u00f3n del maestro Jes\u00fas Medina.<\/div>\n\t\t\t\t\t\t<\/div>\n\t\t\t\t<\/div>\n\t\t\t\t\t<\/div>\n\t\t<\/div>\n\t\t\t\t\t\t\t<\/div>\n\t\t<\/section>\n\t\t\t\t\t\t\t<\/div>\n\t\t","protected":false},"excerpt":{"rendered":"<p>Ang\u00e9lica Olivo Violinista Violinista venezolana graduada con distinci\u00f3n como Violin Performance por la Royal School of Music de Londres. Fue formada en El Sistema de Orquestas Venezolano y en la Academia Latinoamericana del Viol\u00edn de Venezuela. Desarroll\u00f3 su carrera musical desde muy joven como concertina de la Orquesta Sinfonica Juvenil Teresa Carre\u00f1o y como invitada &hellip;<\/p>\n<p class=\"read-more\"> <a class=\"\" href=\"https:\/\/spintotalent.com\/es\/nuestros-artistas\/angelica-olivo-violinista\/\"> <span class=\"screen-reader-text\">Ang\u00e9lica Olivo, Violinista<\/span> Leer m\u00e1s &raquo;<\/a><\/p>\n","protected":false},"author":4,"featured_media":4450,"parent":848,"menu_order":0,"comment_status":"closed","ping_status":"closed","template":"","meta":{"_uag_custom_page_level_css":"","site-sidebar-layout":"no-sidebar","site-content-layout":"page-builder","ast-site-content-layout":"","site-content-style":"default","site-sidebar-style":"default","ast-global-header-display":"","ast-banner-title-visibility":"","ast-main-header-display":"","ast-hfb-above-header-display":"","ast-hfb-below-header-display":"","ast-hfb-mobile-header-display":"","site-post-title":"disabled","ast-breadcrumbs-content":"","ast-featured-img":"disabled","footer-sml-layout":"","theme-transparent-header-meta":"enabled","adv-header-id-meta":"","stick-header-meta":"default","header-above-stick-meta":"","header-main-stick-meta":"","header-below-stick-meta":"","astra-migrate-meta-layouts":"","ast-page-background-enabled":"default","ast-page-background-meta":{"desktop":{"background-color":"","background-image":"","background-repeat":"repeat","background-position":"center center","background-size":"auto","background-attachment":"scroll","background-type":"","background-media":"","overlay-type":"","overlay-color":"","overlay-gradient":""},"tablet":{"background-color":"","background-image":"","background-repeat":"repeat","background-position":"center center","background-size":"auto","background-attachment":"scroll","background-type":"","background-media":"","overlay-type":"","overlay-color":"","overlay-gradient":""},"mobile":{"background-color":"","background-image":"","background-repeat":"repeat","background-position":"center center","background-size":"auto","background-attachment":"scroll","background-type":"","background-media":"","overlay-type":"","overlay-color":"","overlay-gradient":""}},"ast-content-background-meta":{"desktop":{"background-color":"var(--ast-global-color-5)","background-image":"","background-repeat":"repeat","background-position":"center center","background-size":"auto","background-attachment":"scroll","background-type":"","background-media":"","overlay-type":"","overlay-color":"","overlay-gradient":""},"tablet":{"background-color":"var(--ast-global-color-5)","background-image":"","background-repeat":"repeat","background-position":"center center","background-size":"auto","background-attachment":"scroll","background-type":"","background-media":"","overlay-type":"","overlay-color":"","overlay-gradient":""},"mobile":{"background-color":"var(--ast-global-color-5)","background-image":"","background-repeat":"repeat","background-position":"center center","background-size":"auto","background-attachment":"scroll","background-type":"","background-media":"","overlay-type":"","overlay-color":"","overlay-gradient":""}},"footnotes":""},"uagb_featured_image_src":{"full":["https:\/\/spintotalent.com\/wp-content\/uploads\/2020\/12\/angelica-olivo-violinista.png",550,900,false],"thumbnail":["https:\/\/spintotalent.com\/wp-content\/uploads\/2020\/12\/angelica-olivo-violinista-300x300.png",300,300,true],"medium":["https:\/\/spintotalent.com\/wp-content\/uploads\/2020\/12\/angelica-olivo-violinista-489x800.png",489,800,true],"medium_large":["https:\/\/spintotalent.com\/wp-content\/uploads\/2020\/12\/angelica-olivo-violinista.png",550,900,false],"large":["https:\/\/spintotalent.com\/wp-content\/uploads\/2020\/12\/angelica-olivo-violinista.png",550,900,false],"1536x1536":["https:\/\/spintotalent.com\/wp-content\/uploads\/2020\/12\/angelica-olivo-violinista.png",550,900,false],"2048x2048":["https:\/\/spintotalent.com\/wp-content\/uploads\/2020\/12\/angelica-olivo-violinista.png",550,900,false]},"uagb_author_info":{"display_name":"Renata","author_link":"https:\/\/spintotalent.com\/es\/author\/renata\/"},"uagb_comment_info":0,"uagb_excerpt":"Ang\u00e9lica Olivo Violinista Violinista venezolana graduada con distinci\u00f3n como Violin Performance por la Royal School of Music de Londres. Fue formada en El Sistema de Orquestas Venezolano y en la Academia Latinoamericana del Viol\u00edn de Venezuela. Desarroll\u00f3 su carrera musical desde muy joven como concertina de la Orquesta Sinfonica Juvenil Teresa Carre\u00f1o y como invitada&hellip;","_links":{"self":[{"href":"https:\/\/spintotalent.com\/es\/wp-json\/wp\/v2\/pages\/4449"}],"collection":[{"href":"https:\/\/spintotalent.com\/es\/wp-json\/wp\/v2\/pages"}],"about":[{"href":"https:\/\/spintotalent.com\/es\/wp-json\/wp\/v2\/types\/page"}],"author":[{"embeddable":true,"href":"https:\/\/spintotalent.com\/es\/wp-json\/wp\/v2\/users\/4"}],"replies":[{"embeddable":true,"href":"https:\/\/spintotalent.com\/es\/wp-json\/wp\/v2\/comments?post=4449"}],"version-history":[{"count":11,"href":"https:\/\/spintotalent.com\/es\/wp-json\/wp\/v2\/pages\/4449\/revisions"}],"predecessor-version":[{"id":5467,"href":"https:\/\/spintotalent.com\/es\/wp-json\/wp\/v2\/pages\/4449\/revisions\/5467"}],"up":[{"embeddable":true,"href":"https:\/\/spintotalent.com\/es\/wp-json\/wp\/v2\/pages\/848"}],"wp:featuredmedia":[{"embeddable":true,"href":"https:\/\/spintotalent.com\/es\/wp-json\/wp\/v2\/media\/4450"}],"wp:attachment":[{"href":"https:\/\/spintotalent.com\/es\/wp-json\/wp\/v2\/media?parent=4449"}],"curies":[{"name":"wp","href":"https:\/\/api.w.org\/{rel}","templated":true}]}}