{"id":4432,"date":"2020-12-16T10:51:17","date_gmt":"2020-12-16T16:51:17","guid":{"rendered":"https:\/\/spintotalent.com\/?page_id=4432"},"modified":"2021-02-05T17:43:13","modified_gmt":"2021-02-05T23:43:13","slug":"maria-hanneman-pianista","status":"publish","type":"page","link":"https:\/\/spintotalent.com\/es\/nuestros-artistas\/maria-hanneman-pianista\/","title":{"rendered":"Mar\u00eda Hanneman, Pianista"},"content":{"rendered":"\t\t<div data-elementor-type=\"wp-post\" data-elementor-id=\"4432\" class=\"elementor elementor-4432\" data-elementor-post-type=\"page\">\n\t\t\t\t\t\t\t\t\t<section class=\"elementor-section elementor-top-section elementor-element elementor-element-9b664af elementor-section-height-min-height elementor-section-boxed elementor-section-height-default elementor-section-items-middle\" data-id=\"9b664af\" data-element_type=\"section\" data-settings=\"{&quot;background_background&quot;:&quot;classic&quot;,&quot;background_motion_fx_motion_fx_scrolling&quot;:&quot;yes&quot;,&quot;background_motion_fx_translateY_effect&quot;:&quot;yes&quot;,&quot;background_motion_fx_translateY_speed&quot;:{&quot;unit&quot;:&quot;px&quot;,&quot;size&quot;:4,&quot;sizes&quot;:[]},&quot;background_motion_fx_translateY_affectedRange&quot;:{&quot;unit&quot;:&quot;%&quot;,&quot;size&quot;:&quot;&quot;,&quot;sizes&quot;:{&quot;start&quot;:0,&quot;end&quot;:100}},&quot;background_motion_fx_devices&quot;:[&quot;desktop&quot;,&quot;tablet&quot;,&quot;mobile&quot;]}\">\n\t\t\t\t\t\t\t<div class=\"elementor-background-overlay\"><\/div>\n\t\t\t\t\t\t\t<div class=\"elementor-container elementor-column-gap-default\">\n\t\t\t\t\t<div class=\"elementor-column elementor-col-100 elementor-top-column elementor-element elementor-element-fde4123\" data-id=\"fde4123\" data-element_type=\"column\">\n\t\t\t<div class=\"elementor-widget-wrap\">\n\t\t\t\t\t\t\t\t\t<\/div>\n\t\t<\/div>\n\t\t\t\t\t\t\t<\/div>\n\t\t<\/section>\n\t\t\t\t<section class=\"elementor-section elementor-top-section elementor-element elementor-element-7d78203 elementor-reverse-mobile elementor-section-boxed elementor-section-height-default elementor-section-height-default\" data-id=\"7d78203\" data-element_type=\"section\" data-settings=\"{&quot;background_background&quot;:&quot;classic&quot;}\">\n\t\t\t\t\t\t<div class=\"elementor-container elementor-column-gap-default\">\n\t\t\t\t\t<div class=\"elementor-column elementor-col-50 elementor-top-column elementor-element elementor-element-d543575\" data-id=\"d543575\" data-element_type=\"column\" data-settings=\"{&quot;background_background&quot;:&quot;classic&quot;}\">\n\t\t\t<div class=\"elementor-widget-wrap elementor-element-populated\">\n\t\t\t\t\t\t\t\t<div class=\"elementor-element elementor-element-b3d8722 elementor-widget elementor-widget-image\" data-id=\"b3d8722\" data-element_type=\"widget\" data-widget_type=\"image.default\">\n\t\t\t\t<div class=\"elementor-widget-container\">\n\t\t\t\t\t\t\t\t\t\t\t\t\t\t\t<img loading=\"lazy\" decoding=\"async\" width=\"550\" height=\"900\" src=\"https:\/\/spintotalent.com\/wp-content\/uploads\/2021\/02\/maria-hanneman-spinto-talent.png\" class=\"attachment-large size-large wp-image-5473\" alt=\"maria-hanneman-spinto-talent\" srcset=\"https:\/\/spintotalent.com\/wp-content\/uploads\/2021\/02\/maria-hanneman-spinto-talent.png 550w, https:\/\/spintotalent.com\/wp-content\/uploads\/2021\/02\/maria-hanneman-spinto-talent-489x800.png 489w\" sizes=\"(max-width: 550px) 100vw, 550px\" \/>\t\t\t\t\t\t\t\t\t\t\t\t\t\t\t<\/div>\n\t\t\t\t<\/div>\n\t\t\t\t\t<\/div>\n\t\t<\/div>\n\t\t\t\t<div class=\"elementor-column elementor-col-50 elementor-top-column elementor-element elementor-element-c06482c\" data-id=\"c06482c\" data-element_type=\"column\">\n\t\t\t<div class=\"elementor-widget-wrap elementor-element-populated\">\n\t\t\t\t\t\t\t\t<section class=\"elementor-section elementor-inner-section elementor-element elementor-element-737d2d8 elementor-section-content-bottom elementor-section-boxed elementor-section-height-default elementor-section-height-default\" data-id=\"737d2d8\" data-element_type=\"section\">\n\t\t\t\t\t\t<div class=\"elementor-container elementor-column-gap-default\">\n\t\t\t\t\t<div class=\"elementor-column elementor-col-100 elementor-inner-column elementor-element elementor-element-bf86541\" data-id=\"bf86541\" data-element_type=\"column\">\n\t\t\t<div class=\"elementor-widget-wrap elementor-element-populated\">\n\t\t\t\t\t\t\t\t<div class=\"elementor-element elementor-element-da0e8e2 elementor-widget elementor-widget-heading\" data-id=\"da0e8e2\" data-element_type=\"widget\" data-widget_type=\"heading.default\">\n\t\t\t\t<div class=\"elementor-widget-container\">\n\t\t\t<h2 class=\"elementor-heading-title elementor-size-default\">Mar\u00eda Hanneman<\/h2>\t\t<\/div>\n\t\t\t\t<\/div>\n\t\t\t\t<div class=\"elementor-element elementor-element-b7c2fba elementor-widget elementor-widget-heading\" data-id=\"b7c2fba\" data-element_type=\"widget\" data-widget_type=\"heading.default\">\n\t\t\t\t<div class=\"elementor-widget-container\">\n\t\t\t<h2 class=\"elementor-heading-title elementor-size-default\">Pianista<\/h2>\t\t<\/div>\n\t\t\t\t<\/div>\n\t\t\t\t\t<\/div>\n\t\t<\/div>\n\t\t\t\t\t\t\t<\/div>\n\t\t<\/section>\n\t\t\t\t<div class=\"elementor-element elementor-element-6708ce1 elementor-widget-divider--view-line elementor-widget elementor-widget-divider\" data-id=\"6708ce1\" data-element_type=\"widget\" data-widget_type=\"divider.default\">\n\t\t\t\t<div class=\"elementor-widget-container\">\n\t\t\t\t\t<div class=\"elementor-divider\">\n\t\t\t<span class=\"elementor-divider-separator\">\n\t\t\t\t\t\t<\/span>\n\t\t<\/div>\n\t\t\t\t<\/div>\n\t\t\t\t<\/div>\n\t\t\t\t<div class=\"elementor-element elementor-element-739f694 div--space elementor-widget elementor-widget-text-editor\" data-id=\"739f694\" data-element_type=\"widget\" data-widget_type=\"text-editor.default\">\n\t\t\t\t<div class=\"elementor-widget-container\">\n\t\t\t\t\t\t\t<div>Naci\u00f3 el 27 de marzo del 2006. Desde los 3 a\u00f1os comenz\u00f3 a mostrar dotes en el piano y recibi\u00f3 varios premios a muy<br \/>temprana edad en varios festivales musicales en la Rep\u00fablica Mexicana, Per\u00fa y Costa Rica. A los 9 a\u00f1os decidi\u00f3<br \/>continuar sus estudios en el Conservatorio Nacional de M\u00fasica.<\/div><div>En 2016-2017 particip\u00f3 en el Festival Internacional Semper Music y Festival Todi International Music Masters en Italia.<br \/>Durante el 2017 obtuvo el primer premio de su categor\u00eda en la X Bienal Internacional de Piano en Mexicali y el primer<br \/>premio en el Concurso y Festival de M\u00fasica Rusa en Canad\u00e1, entre otros. Fue seleccionada a nivel nacional para formar<br \/>parte de la C\u00e1tedra Ricadro Castro del Instituto Nacional de Bellas Artes, compuesta por s\u00f3lo 12 j\u00f3venes pianistas, siendo<br \/>ella la m\u00e1s joven. Ese mismo a\u00f1o, hizo su debut como solista en el Museo de Arte de la Secretar\u00eda de Hacienda y Cr\u00e9dito<br \/>P\u00fablico en la CDMX.<\/div><div>En 2018 obtuvo el segundo lugar en su categor\u00eda en el Primer Concurso Internacional de Piano Jos\u00e9 Cuervo Petrof en<br \/>Tequila Jalisco. Particip\u00f3 tambi\u00e9n como invitada especial para tocar en la apertura del D\u00e9cimo Value Investing Forum<br \/>(VIF) que se llev\u00f3 a cabo en el Conservatorio Nacional de M\u00fasica. Particip\u00f3 en la Semaine Internationale Piano et<br \/>musique de chambre en Suiza y en el Club de Banqueros para la fundaci\u00f3n Telet\u00f3n. Cerr\u00f3 ese a\u00f1o tocando en Nueva<br \/>York, en el concurso de ganadores del BMTG International Piano Competition en Carnegie Hall en la sala Steinway.<\/div><div>En 2019, fue invitada a tocar por parte de M\u00fasica y \u00d3pera de Bellas Artes en la sala Manuel M. Ponce. Ofreci\u00f3 un<br \/>concierto como solista con la Orquesta Sinf\u00f3nica de la Universidad Aut\u00f3noma del Estado de Hidalgo, bajo la batuta de<br \/>Gaetan Kuchta. Fue invitada a participar en la 3era edici\u00f3n del evento \u201cPopUp Experience M\u00e9xico 2019\u201d donde toca<br \/>junto a artistas reconocidos como Jorge Viladoms y Kristina Winiarski.<\/div><div>Es ganadora del primer lugar en su categor\u00eda del \u201c2020 International Music Competition Salzburg Gran Prize Virtuoso\u00a8,<br \/>tocando en la gala de premiaci\u00f3n en el Mozarteum de Salzburgo, Austria. Tambi\u00e9n gan\u00f3 un 2do lugar en el concurso \u201cMasters of Piano Concerto\u201d Great Composers Competition.<\/div>\t\t\t\t\t\t<\/div>\n\t\t\t\t<\/div>\n\t\t\t\t\t<\/div>\n\t\t<\/div>\n\t\t\t\t\t\t\t<\/div>\n\t\t<\/section>\n\t\t\t\t\t\t\t<\/div>\n\t\t","protected":false},"excerpt":{"rendered":"<p>Mar\u00eda Hanneman Pianista Naci\u00f3 el 27 de marzo del 2006. Desde los 3 a\u00f1os comenz\u00f3 a mostrar dotes en el piano y recibi\u00f3 varios premios a muy temprana edad en varios festivales musicales en la Rep\u00fablica Mexicana, Per\u00fa y Costa Rica. A los 9 a\u00f1os decidi\u00f3 continuar sus estudios en el Conservatorio Nacional de M\u00fasica.En &hellip;<\/p>\n<p class=\"read-more\"> <a class=\"\" href=\"https:\/\/spintotalent.com\/es\/nuestros-artistas\/maria-hanneman-pianista\/\"> <span class=\"screen-reader-text\">Mar\u00eda Hanneman, Pianista<\/span> Leer m\u00e1s &raquo;<\/a><\/p>\n","protected":false},"author":1,"featured_media":5414,"parent":848,"menu_order":0,"comment_status":"closed","ping_status":"closed","template":"","meta":{"_uag_custom_page_level_css":"","site-sidebar-layout":"no-sidebar","site-content-layout":"page-builder","ast-site-content-layout":"","site-content-style":"default","site-sidebar-style":"default","ast-global-header-display":"","ast-banner-title-visibility":"","ast-main-header-display":"","ast-hfb-above-header-display":"","ast-hfb-below-header-display":"","ast-hfb-mobile-header-display":"","site-post-title":"disabled","ast-breadcrumbs-content":"","ast-featured-img":"disabled","footer-sml-layout":"","theme-transparent-header-meta":"enabled","adv-header-id-meta":"","stick-header-meta":"default","header-above-stick-meta":"","header-main-stick-meta":"","header-below-stick-meta":"","astra-migrate-meta-layouts":"","ast-page-background-enabled":"default","ast-page-background-meta":{"desktop":{"background-color":"","background-image":"","background-repeat":"repeat","background-position":"center center","background-size":"auto","background-attachment":"scroll","background-type":"","background-media":"","overlay-type":"","overlay-color":"","overlay-gradient":""},"tablet":{"background-color":"","background-image":"","background-repeat":"repeat","background-position":"center center","background-size":"auto","background-attachment":"scroll","background-type":"","background-media":"","overlay-type":"","overlay-color":"","overlay-gradient":""},"mobile":{"background-color":"","background-image":"","background-repeat":"repeat","background-position":"center center","background-size":"auto","background-attachment":"scroll","background-type":"","background-media":"","overlay-type":"","overlay-color":"","overlay-gradient":""}},"ast-content-background-meta":{"desktop":{"background-color":"var(--ast-global-color-5)","background-image":"","background-repeat":"repeat","background-position":"center center","background-size":"auto","background-attachment":"scroll","background-type":"","background-media":"","overlay-type":"","overlay-color":"","overlay-gradient":""},"tablet":{"background-color":"var(--ast-global-color-5)","background-image":"","background-repeat":"repeat","background-position":"center center","background-size":"auto","background-attachment":"scroll","background-type":"","background-media":"","overlay-type":"","overlay-color":"","overlay-gradient":""},"mobile":{"background-color":"var(--ast-global-color-5)","background-image":"","background-repeat":"repeat","background-position":"center center","background-size":"auto","background-attachment":"scroll","background-type":"","background-media":"","overlay-type":"","overlay-color":"","overlay-gradient":""}},"footnotes":""},"uagb_featured_image_src":{"full":["https:\/\/spintotalent.com\/wp-content\/uploads\/2021\/02\/Foto-Maria-Hanneman-spinto-talent.svg",0,0,false],"thumbnail":["https:\/\/spintotalent.com\/wp-content\/uploads\/2021\/02\/Foto-Maria-Hanneman-spinto-talent.svg",1,1,false],"medium":["https:\/\/spintotalent.com\/wp-content\/uploads\/2021\/02\/Foto-Maria-Hanneman-spinto-talent.svg",1,1,false],"medium_large":["https:\/\/spintotalent.com\/wp-content\/uploads\/2021\/02\/Foto-Maria-Hanneman-spinto-talent.svg",1,1,false],"large":["https:\/\/spintotalent.com\/wp-content\/uploads\/2021\/02\/Foto-Maria-Hanneman-spinto-talent.svg",1,1,false],"1536x1536":["https:\/\/spintotalent.com\/wp-content\/uploads\/2021\/02\/Foto-Maria-Hanneman-spinto-talent.svg",1,1,false],"2048x2048":["https:\/\/spintotalent.com\/wp-content\/uploads\/2021\/02\/Foto-Maria-Hanneman-spinto-talent.svg",1,1,false]},"uagb_author_info":{"display_name":"fabrica","author_link":"https:\/\/spintotalent.com\/es\/author\/fabrica\/"},"uagb_comment_info":0,"uagb_excerpt":"Mar\u00eda Hanneman Pianista Naci\u00f3 el 27 de marzo del 2006. Desde los 3 a\u00f1os comenz\u00f3 a mostrar dotes en el piano y recibi\u00f3 varios premios a muy temprana edad en varios festivales musicales en la Rep\u00fablica Mexicana, Per\u00fa y Costa Rica. A los 9 a\u00f1os decidi\u00f3 continuar sus estudios en el Conservatorio Nacional de M\u00fasica.En&hellip;","_links":{"self":[{"href":"https:\/\/spintotalent.com\/es\/wp-json\/wp\/v2\/pages\/4432"}],"collection":[{"href":"https:\/\/spintotalent.com\/es\/wp-json\/wp\/v2\/pages"}],"about":[{"href":"https:\/\/spintotalent.com\/es\/wp-json\/wp\/v2\/types\/page"}],"author":[{"embeddable":true,"href":"https:\/\/spintotalent.com\/es\/wp-json\/wp\/v2\/users\/1"}],"replies":[{"embeddable":true,"href":"https:\/\/spintotalent.com\/es\/wp-json\/wp\/v2\/comments?post=4432"}],"version-history":[{"count":42,"href":"https:\/\/spintotalent.com\/es\/wp-json\/wp\/v2\/pages\/4432\/revisions"}],"predecessor-version":[{"id":5487,"href":"https:\/\/spintotalent.com\/es\/wp-json\/wp\/v2\/pages\/4432\/revisions\/5487"}],"up":[{"embeddable":true,"href":"https:\/\/spintotalent.com\/es\/wp-json\/wp\/v2\/pages\/848"}],"wp:featuredmedia":[{"embeddable":true,"href":"https:\/\/spintotalent.com\/es\/wp-json\/wp\/v2\/media\/5414"}],"wp:attachment":[{"href":"https:\/\/spintotalent.com\/es\/wp-json\/wp\/v2\/media?parent=4432"}],"curies":[{"name":"wp","href":"https:\/\/api.w.org\/{rel}","templated":true}]}}