{"id":3819,"date":"2020-06-22T23:26:06","date_gmt":"2020-06-23T04:26:06","guid":{"rendered":"https:\/\/spinto.com.mx\/?page_id=3819"},"modified":"2021-01-07T01:17:26","modified_gmt":"2021-01-07T07:17:26","slug":"elisa-wagner-artist-manager","status":"publish","type":"page","link":"https:\/\/spintotalent.com\/es\/quienes-somos\/elisa-wagner-artist-manager\/","title":{"rendered":"Elisa Wagner, Artist Manager"},"content":{"rendered":"\t\t<div data-elementor-type=\"wp-post\" data-elementor-id=\"3819\" class=\"elementor elementor-3819\" data-elementor-post-type=\"page\">\n\t\t\t\t\t\t\t\t\t<section class=\"elementor-section elementor-top-section elementor-element elementor-element-9b664af elementor-section-height-min-height elementor-section-boxed elementor-section-height-default elementor-section-items-middle\" data-id=\"9b664af\" data-element_type=\"section\" data-settings=\"{&quot;background_background&quot;:&quot;classic&quot;,&quot;background_motion_fx_motion_fx_scrolling&quot;:&quot;yes&quot;,&quot;background_motion_fx_translateY_effect&quot;:&quot;yes&quot;,&quot;background_motion_fx_translateY_speed&quot;:{&quot;unit&quot;:&quot;px&quot;,&quot;size&quot;:4,&quot;sizes&quot;:[]},&quot;background_motion_fx_translateY_affectedRange&quot;:{&quot;unit&quot;:&quot;%&quot;,&quot;size&quot;:&quot;&quot;,&quot;sizes&quot;:{&quot;start&quot;:0,&quot;end&quot;:100}},&quot;background_motion_fx_devices&quot;:[&quot;desktop&quot;,&quot;tablet&quot;,&quot;mobile&quot;]}\">\n\t\t\t\t\t\t\t<div class=\"elementor-background-overlay\"><\/div>\n\t\t\t\t\t\t\t<div class=\"elementor-container elementor-column-gap-default\">\n\t\t\t\t\t<div class=\"elementor-column elementor-col-100 elementor-top-column elementor-element elementor-element-fde4123\" data-id=\"fde4123\" data-element_type=\"column\">\n\t\t\t<div class=\"elementor-widget-wrap\">\n\t\t\t\t\t\t\t\t\t<\/div>\n\t\t<\/div>\n\t\t\t\t\t\t\t<\/div>\n\t\t<\/section>\n\t\t\t\t<section class=\"elementor-section elementor-top-section elementor-element elementor-element-59ac431 elementor-reverse-mobile elementor-section-boxed elementor-section-height-default elementor-section-height-default\" data-id=\"59ac431\" data-element_type=\"section\" data-settings=\"{&quot;background_background&quot;:&quot;classic&quot;}\">\n\t\t\t\t\t\t<div class=\"elementor-container elementor-column-gap-default\">\n\t\t\t\t\t<div class=\"elementor-column elementor-col-50 elementor-top-column elementor-element elementor-element-828fb3c\" data-id=\"828fb3c\" data-element_type=\"column\" data-settings=\"{&quot;background_background&quot;:&quot;classic&quot;}\">\n\t\t\t<div class=\"elementor-widget-wrap elementor-element-populated\">\n\t\t\t\t\t\t\t\t<div class=\"elementor-element elementor-element-7a884b4 elementor-widget elementor-widget-image\" data-id=\"7a884b4\" data-element_type=\"widget\" data-widget_type=\"image.default\">\n\t\t\t\t<div class=\"elementor-widget-container\">\n\t\t\t\t\t\t\t\t\t\t\t\t\t\t\t<img loading=\"lazy\" decoding=\"async\" width=\"550\" height=\"900\" src=\"https:\/\/spintotalent.com\/wp-content\/uploads\/2020\/06\/Elisa-Wagner.png\" class=\"attachment-large size-large wp-image-3907\" alt=\"\" srcset=\"https:\/\/spintotalent.com\/wp-content\/uploads\/2020\/06\/Elisa-Wagner.png 550w, https:\/\/spintotalent.com\/wp-content\/uploads\/2020\/06\/Elisa-Wagner-489x800.png 489w\" sizes=\"(max-width: 550px) 100vw, 550px\" \/>\t\t\t\t\t\t\t\t\t\t\t\t\t\t\t<\/div>\n\t\t\t\t<\/div>\n\t\t\t\t\t<\/div>\n\t\t<\/div>\n\t\t\t\t<div class=\"elementor-column elementor-col-50 elementor-top-column elementor-element elementor-element-66b18b3\" data-id=\"66b18b3\" data-element_type=\"column\">\n\t\t\t<div class=\"elementor-widget-wrap elementor-element-populated\">\n\t\t\t\t\t\t\t\t<section class=\"elementor-section elementor-inner-section elementor-element elementor-element-3de8b84 elementor-section-content-bottom elementor-section-boxed elementor-section-height-default elementor-section-height-default\" data-id=\"3de8b84\" data-element_type=\"section\">\n\t\t\t\t\t\t<div class=\"elementor-container elementor-column-gap-default\">\n\t\t\t\t\t<div class=\"elementor-column elementor-col-100 elementor-inner-column elementor-element elementor-element-da14470\" data-id=\"da14470\" data-element_type=\"column\">\n\t\t\t<div class=\"elementor-widget-wrap elementor-element-populated\">\n\t\t\t\t\t\t\t\t<div class=\"elementor-element elementor-element-1ff049f elementor-widget elementor-widget-heading\" data-id=\"1ff049f\" data-element_type=\"widget\" data-widget_type=\"heading.default\">\n\t\t\t\t<div class=\"elementor-widget-container\">\n\t\t\t<h2 class=\"elementor-heading-title elementor-size-default\">Elisa Wagner<\/h2>\t\t<\/div>\n\t\t\t\t<\/div>\n\t\t\t\t<div class=\"elementor-element elementor-element-d23a81f elementor-widget elementor-widget-heading\" data-id=\"d23a81f\" data-element_type=\"widget\" data-widget_type=\"heading.default\">\n\t\t\t\t<div class=\"elementor-widget-container\">\n\t\t\t<h2 class=\"elementor-heading-title elementor-size-default\">Artist Manager<\/h2>\t\t<\/div>\n\t\t\t\t<\/div>\n\t\t\t\t<div class=\"elementor-element elementor-element-fac982e elementor-widget elementor-widget-heading\" data-id=\"fac982e\" data-element_type=\"widget\" data-widget_type=\"heading.default\">\n\t\t\t\t<div class=\"elementor-widget-container\">\n\t\t\t<h2 class=\"elementor-heading-title elementor-size-default\">Elisa Wagner\/ICP Corp<\/h2>\t\t<\/div>\n\t\t\t\t<\/div>\n\t\t\t\t\t<\/div>\n\t\t<\/div>\n\t\t\t\t\t\t\t<\/div>\n\t\t<\/section>\n\t\t\t\t<div class=\"elementor-element elementor-element-e7a79e3 elementor-widget-divider--view-line elementor-widget elementor-widget-divider\" data-id=\"e7a79e3\" data-element_type=\"widget\" data-widget_type=\"divider.default\">\n\t\t\t\t<div class=\"elementor-widget-container\">\n\t\t\t\t\t<div class=\"elementor-divider\">\n\t\t\t<span class=\"elementor-divider-separator\">\n\t\t\t\t\t\t<\/span>\n\t\t<\/div>\n\t\t\t\t<\/div>\n\t\t\t\t<\/div>\n\t\t\t\t<div class=\"elementor-element elementor-element-5c71deb elementor-widget elementor-widget-text-editor\" data-id=\"5c71deb\" data-element_type=\"widget\" data-widget_type=\"text-editor.default\">\n\t\t\t\t<div class=\"elementor-widget-container\">\n\t\t\t\t\t\t\t<p class=\"font_8\"><span style=\"font-weight: 400;\">Elisa Wagner\/International Creative Productions es considerada una de las <\/span><span style=\"font-weight: 400;\">m\u00e1s prestigiosas compa\u00f1\u00edas de producci\u00f3n de conciertos y recitales en M\u00e9xico, Am\u00e9rica Central y Sudam\u00e9rica.<\/span><\/p>\n<p class=\"font_8\"><span style=\"font-weight: 400;\">Desde 1989, Elisa Wagner ha tenido gran \u00e9xito presentando a los artistas cl\u00e1sicos de la mayor calidad en los m\u00e1s prestigiosos escenarios de la regi\u00f3n, con gran profesionalismo y su toque personal. <\/span><\/p>\n<p class=\"font_8\"><span style=\"font-weight: 400;\">Por m\u00e1s de <\/span><span style=\"font-weight: 400;\">20 a\u00f1os<\/span><span style=\"font-weight: 400;\">, ICP ha producido conciertos con los m\u00e1s grandes exponentes de la m\u00fasica cl\u00e1sica en M\u00e9xico, Sudam\u00e9rica, <\/span><span style=\"font-weight: 400;\">Espa\u00f1a e Israel<\/span><span style=\"font-weight: 400;\">, tales como <\/span><span style=\"font-weight: 400;\">Luciano Pavarotti, Placido Domingo, Jose Carreras, Javier Camarena, Andrea Bocelli, Dmitri Hvorostovsky, Jonas Kaufmann, Anna Netrebko, Yo-Yo Ma, El\u012bna Garan\u010da, Aida Garifullina, Nadine Sierra, Anne-Sophie Mutter, and the Shanghai Quartet<\/span><span style=\"font-weight: 400;\">, <\/span><span style=\"font-weight: 400;\">entre otros.<\/span><\/p>\t\t\t\t\t\t<\/div>\n\t\t\t\t<\/div>\n\t\t\t\t\t<\/div>\n\t\t<\/div>\n\t\t\t\t\t\t\t<\/div>\n\t\t<\/section>\n\t\t\t\t\t\t\t<\/div>\n\t\t","protected":false},"excerpt":{"rendered":"<p>Elisa Wagner Artist Manager Elisa Wagner\/ICP Corp Elisa Wagner\/International Creative Productions es considerada una de las m\u00e1s prestigiosas compa\u00f1\u00edas de producci\u00f3n de conciertos y recitales en M\u00e9xico, Am\u00e9rica Central y Sudam\u00e9rica. Desde 1989, Elisa Wagner ha tenido gran \u00e9xito presentando a los artistas cl\u00e1sicos de la mayor calidad en los m\u00e1s prestigiosos escenarios de la &hellip;<\/p>\n<p class=\"read-more\"> <a class=\"\" href=\"https:\/\/spintotalent.com\/es\/quienes-somos\/elisa-wagner-artist-manager\/\"> <span class=\"screen-reader-text\">Elisa Wagner, Artist Manager<\/span> Leer m\u00e1s &raquo;<\/a><\/p>\n","protected":false},"author":1,"featured_media":2590,"parent":909,"menu_order":0,"comment_status":"closed","ping_status":"closed","template":"","meta":{"_uag_custom_page_level_css":"","site-sidebar-layout":"no-sidebar","site-content-layout":"page-builder","ast-site-content-layout":"","site-content-style":"default","site-sidebar-style":"default","ast-global-header-display":"","ast-banner-title-visibility":"","ast-main-header-display":"","ast-hfb-above-header-display":"","ast-hfb-below-header-display":"","ast-hfb-mobile-header-display":"","site-post-title":"disabled","ast-breadcrumbs-content":"","ast-featured-img":"disabled","footer-sml-layout":"","theme-transparent-header-meta":"enabled","adv-header-id-meta":"","stick-header-meta":"default","header-above-stick-meta":"","header-main-stick-meta":"","header-below-stick-meta":"","astra-migrate-meta-layouts":"","ast-page-background-enabled":"default","ast-page-background-meta":{"desktop":{"background-color":"","background-image":"","background-repeat":"repeat","background-position":"center center","background-size":"auto","background-attachment":"scroll","background-type":"","background-media":"","overlay-type":"","overlay-color":"","overlay-gradient":""},"tablet":{"background-color":"","background-image":"","background-repeat":"repeat","background-position":"center center","background-size":"auto","background-attachment":"scroll","background-type":"","background-media":"","overlay-type":"","overlay-color":"","overlay-gradient":""},"mobile":{"background-color":"","background-image":"","background-repeat":"repeat","background-position":"center center","background-size":"auto","background-attachment":"scroll","background-type":"","background-media":"","overlay-type":"","overlay-color":"","overlay-gradient":""}},"ast-content-background-meta":{"desktop":{"background-color":"var(--ast-global-color-5)","background-image":"","background-repeat":"repeat","background-position":"center center","background-size":"auto","background-attachment":"scroll","background-type":"","background-media":"","overlay-type":"","overlay-color":"","overlay-gradient":""},"tablet":{"background-color":"var(--ast-global-color-5)","background-image":"","background-repeat":"repeat","background-position":"center center","background-size":"auto","background-attachment":"scroll","background-type":"","background-media":"","overlay-type":"","overlay-color":"","overlay-gradient":""},"mobile":{"background-color":"var(--ast-global-color-5)","background-image":"","background-repeat":"repeat","background-position":"center center","background-size":"auto","background-attachment":"scroll","background-type":"","background-media":"","overlay-type":"","overlay-color":"","overlay-gradient":""}},"footnotes":""},"uagb_featured_image_src":{"full":["https:\/\/spintotalent.com\/wp-content\/uploads\/2020\/01\/Elisa-Wagner-Spinto.png",213,349,false],"thumbnail":["https:\/\/spintotalent.com\/wp-content\/uploads\/2020\/01\/Elisa-Wagner-Spinto-213x300.png",213,300,true],"medium":["https:\/\/spintotalent.com\/wp-content\/uploads\/2020\/01\/Elisa-Wagner-Spinto.png",213,349,false],"medium_large":["https:\/\/spintotalent.com\/wp-content\/uploads\/2020\/01\/Elisa-Wagner-Spinto.png",213,349,false],"large":["https:\/\/spintotalent.com\/wp-content\/uploads\/2020\/01\/Elisa-Wagner-Spinto.png",213,349,false],"1536x1536":["https:\/\/spintotalent.com\/wp-content\/uploads\/2020\/01\/Elisa-Wagner-Spinto.png",213,349,false],"2048x2048":["https:\/\/spintotalent.com\/wp-content\/uploads\/2020\/01\/Elisa-Wagner-Spinto.png",213,349,false]},"uagb_author_info":{"display_name":"fabrica","author_link":"https:\/\/spintotalent.com\/es\/author\/fabrica\/"},"uagb_comment_info":0,"uagb_excerpt":"Elisa Wagner Artist Manager Elisa Wagner\/ICP Corp Elisa Wagner\/International Creative Productions es considerada una de las m\u00e1s prestigiosas compa\u00f1\u00edas de producci\u00f3n de conciertos y recitales en M\u00e9xico, Am\u00e9rica Central y Sudam\u00e9rica. Desde 1989, Elisa Wagner ha tenido gran \u00e9xito presentando a los artistas cl\u00e1sicos de la mayor calidad en los m\u00e1s prestigiosos escenarios de la&hellip;","_links":{"self":[{"href":"https:\/\/spintotalent.com\/es\/wp-json\/wp\/v2\/pages\/3819"}],"collection":[{"href":"https:\/\/spintotalent.com\/es\/wp-json\/wp\/v2\/pages"}],"about":[{"href":"https:\/\/spintotalent.com\/es\/wp-json\/wp\/v2\/types\/page"}],"author":[{"embeddable":true,"href":"https:\/\/spintotalent.com\/es\/wp-json\/wp\/v2\/users\/1"}],"replies":[{"embeddable":true,"href":"https:\/\/spintotalent.com\/es\/wp-json\/wp\/v2\/comments?post=3819"}],"version-history":[{"count":8,"href":"https:\/\/spintotalent.com\/es\/wp-json\/wp\/v2\/pages\/3819\/revisions"}],"predecessor-version":[{"id":5077,"href":"https:\/\/spintotalent.com\/es\/wp-json\/wp\/v2\/pages\/3819\/revisions\/5077"}],"up":[{"embeddable":true,"href":"https:\/\/spintotalent.com\/es\/wp-json\/wp\/v2\/pages\/909"}],"wp:featuredmedia":[{"embeddable":true,"href":"https:\/\/spintotalent.com\/es\/wp-json\/wp\/v2\/media\/2590"}],"wp:attachment":[{"href":"https:\/\/spintotalent.com\/es\/wp-json\/wp\/v2\/media?parent=3819"}],"curies":[{"name":"wp","href":"https:\/\/api.w.org\/{rel}","templated":true}]}}