{"id":3772,"date":"2020-06-22T21:54:45","date_gmt":"2020-06-23T02:54:45","guid":{"rendered":"https:\/\/spinto.com.mx\/?page_id=3772"},"modified":"2021-01-07T02:09:10","modified_gmt":"2021-01-07T08:09:10","slug":"circe-henestrosa-curadora","status":"publish","type":"page","link":"https:\/\/spintotalent.com\/es\/nuestros-artistas\/circe-henestrosa-curadora\/","title":{"rendered":"Circe Henestrosa, Curadora"},"content":{"rendered":"\t\t<div data-elementor-type=\"wp-post\" data-elementor-id=\"3772\" class=\"elementor elementor-3772\" data-elementor-post-type=\"page\">\n\t\t\t\t\t\t\t\t\t<section class=\"elementor-section elementor-top-section elementor-element elementor-element-9b664af elementor-section-height-min-height elementor-section-boxed elementor-section-height-default elementor-section-items-middle\" data-id=\"9b664af\" data-element_type=\"section\" data-settings=\"{&quot;background_background&quot;:&quot;classic&quot;,&quot;background_motion_fx_motion_fx_scrolling&quot;:&quot;yes&quot;,&quot;background_motion_fx_translateY_effect&quot;:&quot;yes&quot;,&quot;background_motion_fx_translateY_speed&quot;:{&quot;unit&quot;:&quot;px&quot;,&quot;size&quot;:4,&quot;sizes&quot;:[]},&quot;background_motion_fx_translateY_affectedRange&quot;:{&quot;unit&quot;:&quot;%&quot;,&quot;size&quot;:&quot;&quot;,&quot;sizes&quot;:{&quot;start&quot;:0,&quot;end&quot;:100}},&quot;background_motion_fx_devices&quot;:[&quot;desktop&quot;,&quot;tablet&quot;,&quot;mobile&quot;]}\">\n\t\t\t\t\t\t\t<div class=\"elementor-background-overlay\"><\/div>\n\t\t\t\t\t\t\t<div class=\"elementor-container elementor-column-gap-default\">\n\t\t\t\t\t<div class=\"elementor-column elementor-col-100 elementor-top-column elementor-element elementor-element-fde4123\" data-id=\"fde4123\" data-element_type=\"column\">\n\t\t\t<div class=\"elementor-widget-wrap\">\n\t\t\t\t\t\t\t\t\t<\/div>\n\t\t<\/div>\n\t\t\t\t\t\t\t<\/div>\n\t\t<\/section>\n\t\t\t\t<section class=\"elementor-section elementor-top-section elementor-element elementor-element-e3aa51a elementor-reverse-mobile elementor-section-boxed elementor-section-height-default elementor-section-height-default\" data-id=\"e3aa51a\" data-element_type=\"section\" data-settings=\"{&quot;background_background&quot;:&quot;classic&quot;}\">\n\t\t\t\t\t\t<div class=\"elementor-container elementor-column-gap-default\">\n\t\t\t\t\t<div class=\"elementor-column elementor-col-50 elementor-top-column elementor-element elementor-element-b29cc34\" data-id=\"b29cc34\" data-element_type=\"column\" data-settings=\"{&quot;background_background&quot;:&quot;classic&quot;}\">\n\t\t\t<div class=\"elementor-widget-wrap elementor-element-populated\">\n\t\t\t\t\t\t\t\t<div class=\"elementor-element elementor-element-52557a0 elementor-widget elementor-widget-image\" data-id=\"52557a0\" data-element_type=\"widget\" data-widget_type=\"image.default\">\n\t\t\t\t<div class=\"elementor-widget-container\">\n\t\t\t\t\t\t\t\t\t\t\t\t\t\t\t<img loading=\"lazy\" decoding=\"async\" width=\"600\" height=\"970\" src=\"https:\/\/spintotalent.com\/wp-content\/uploads\/2019\/10\/Spinto-Talent-Circe-Henestrosa.jpg\" class=\"attachment-large size-large wp-image-1286\" alt=\"\" srcset=\"https:\/\/spintotalent.com\/wp-content\/uploads\/2019\/10\/Spinto-Talent-Circe-Henestrosa.jpg 600w, https:\/\/spintotalent.com\/wp-content\/uploads\/2019\/10\/Spinto-Talent-Circe-Henestrosa-495x800.jpg 495w\" sizes=\"(max-width: 600px) 100vw, 600px\" \/>\t\t\t\t\t\t\t\t\t\t\t\t\t\t\t<\/div>\n\t\t\t\t<\/div>\n\t\t\t\t\t<\/div>\n\t\t<\/div>\n\t\t\t\t<div class=\"elementor-column elementor-col-50 elementor-top-column elementor-element elementor-element-ab6f8e9\" data-id=\"ab6f8e9\" data-element_type=\"column\">\n\t\t\t<div class=\"elementor-widget-wrap elementor-element-populated\">\n\t\t\t\t\t\t\t\t<section class=\"elementor-section elementor-inner-section elementor-element elementor-element-3bdc778 elementor-section-content-bottom elementor-section-boxed elementor-section-height-default elementor-section-height-default\" data-id=\"3bdc778\" data-element_type=\"section\">\n\t\t\t\t\t\t<div class=\"elementor-container elementor-column-gap-default\">\n\t\t\t\t\t<div class=\"elementor-column elementor-col-100 elementor-inner-column elementor-element elementor-element-fa4a16d\" data-id=\"fa4a16d\" data-element_type=\"column\">\n\t\t\t<div class=\"elementor-widget-wrap elementor-element-populated\">\n\t\t\t\t\t\t\t\t<div class=\"elementor-element elementor-element-aa39a49 elementor-widget elementor-widget-heading\" data-id=\"aa39a49\" data-element_type=\"widget\" data-widget_type=\"heading.default\">\n\t\t\t\t<div class=\"elementor-widget-container\">\n\t\t\t<h2 class=\"elementor-heading-title elementor-size-default\">Circe Henestrosa<\/h2>\t\t<\/div>\n\t\t\t\t<\/div>\n\t\t\t\t<div class=\"elementor-element elementor-element-96278a2 elementor-widget elementor-widget-heading\" data-id=\"96278a2\" data-element_type=\"widget\" data-widget_type=\"heading.default\">\n\t\t\t\t<div class=\"elementor-widget-container\">\n\t\t\t<h2 class=\"elementor-heading-title elementor-size-default\">Curadora<\/h2>\t\t<\/div>\n\t\t\t\t<\/div>\n\t\t\t\t\t<\/div>\n\t\t<\/div>\n\t\t\t\t\t\t\t<\/div>\n\t\t<\/section>\n\t\t\t\t<div class=\"elementor-element elementor-element-a1435f3 elementor-widget-divider--view-line elementor-widget elementor-widget-divider\" data-id=\"a1435f3\" data-element_type=\"widget\" data-widget_type=\"divider.default\">\n\t\t\t\t<div class=\"elementor-widget-container\">\n\t\t\t\t\t<div class=\"elementor-divider\">\n\t\t\t<span class=\"elementor-divider-separator\">\n\t\t\t\t\t\t<\/span>\n\t\t<\/div>\n\t\t\t\t<\/div>\n\t\t\t\t<\/div>\n\t\t\t\t<div class=\"elementor-element elementor-element-a387d92 elementor-widget elementor-widget-text-editor\" data-id=\"a387d92\" data-element_type=\"widget\" data-widget_type=\"text-editor.default\">\n\t\t\t\t<div class=\"elementor-widget-container\">\n\t\t\t\t\t\t\t<p><span style=\"font-weight: 400;\">Circe Henestrosa es <\/span><span style=\"font-weight: 400;\">curadora<\/span> <span style=\"font-weight: 400;\">independiente de moda y <\/span><span style=\"font-weight: 400;\">Directora de la Escuela de Moda <\/span><span style=\"font-weight: 400;\">de la Universidad de Arte LASALLE en Singapur. Cur\u00f3 la exposici\u00f3n \u201c<\/span><span style=\"font-weight: 400;\">Las Apariencias Enga\u00f1an: Los Vestidos de Frida Kahlo (2012)<\/span><span style=\"font-weight: 400;\">,\u201d en el Museo Frida Kahlo en Coyoac\u00e1n, M\u00e9xico. Tambi\u00e9n fue co-curadora de la exitosa exhibici\u00f3n <\/span><i><span style=\"font-weight: 400;\">Frida Kahlo: Making Herself Up<\/span><\/i><span style=\"font-weight: 400;\"> en el museo <\/span><span style=\"font-weight: 400;\">Victoria and Albert<\/span> <span style=\"font-weight: 400;\">en Londres, Inglaterra en el 2018. Posteriormente present\u00f3 este mismo show en el <\/span><span style=\"font-weight: 400;\">Museo de Brooklyn<\/span><span style=\"font-weight: 400;\">,<\/span><span style=\"font-weight: 400;\"> Nueva York en el 2019.\u00a0<\/span><\/p><p><span style=\"font-weight: 400;\">Ahora imparte lecturas para su doctorado en Londres en la <\/span><span style=\"font-weight: 400;\">Escuela de Moda de la Universidad de las Artes de Londres<\/span><span style=\"font-weight: 400;\">, enfoc\u00e1ndose en el \u00e1rea de curadur\u00eda de moda y discapacidad.\u00a0<\/span><\/p><p><span style=\"font-weight: 400;\">Algunas de sus <\/span><span style=\"font-weight: 400;\">publicaciones<\/span><span style=\"font-weight: 400;\"> incluyen: <\/span><i><span style=\"font-weight: 400;\">Frida Kahlo: Making Herself Up<\/span><\/i><span style=\"font-weight: 400;\">, Frida por I<\/span><span style=\"font-weight: 400;\">shiuchi y Construyendo un Nuevo Modelo para los Museos en el Siglo XXI (<\/span><i><span style=\"font-weight: 400;\">Building a New Model for Museums in the 21st Century).<\/span><\/i><\/p>\t\t\t\t\t\t<\/div>\n\t\t\t\t<\/div>\n\t\t\t\t\t<\/div>\n\t\t<\/div>\n\t\t\t\t\t\t\t<\/div>\n\t\t<\/section>\n\t\t\t\t\t\t\t<\/div>\n\t\t","protected":false},"excerpt":{"rendered":"<p>Circe Henestrosa Curadora Circe Henestrosa es curadora independiente de moda y Directora de la Escuela de Moda de la Universidad de Arte LASALLE en Singapur. Cur\u00f3 la exposici\u00f3n \u201cLas Apariencias Enga\u00f1an: Los Vestidos de Frida Kahlo (2012),\u201d en el Museo Frida Kahlo en Coyoac\u00e1n, M\u00e9xico. Tambi\u00e9n fue co-curadora de la exitosa exhibici\u00f3n Frida Kahlo: Making &hellip;<\/p>\n<p class=\"read-more\"> <a class=\"\" href=\"https:\/\/spintotalent.com\/es\/nuestros-artistas\/circe-henestrosa-curadora\/\"> <span class=\"screen-reader-text\">Circe Henestrosa, Curadora<\/span> Leer m\u00e1s &raquo;<\/a><\/p>\n","protected":false},"author":1,"featured_media":1285,"parent":848,"menu_order":0,"comment_status":"closed","ping_status":"closed","template":"","meta":{"_uag_custom_page_level_css":"","site-sidebar-layout":"no-sidebar","site-content-layout":"page-builder","ast-site-content-layout":"","site-content-style":"default","site-sidebar-style":"default","ast-global-header-display":"","ast-banner-title-visibility":"","ast-main-header-display":"","ast-hfb-above-header-display":"","ast-hfb-below-header-display":"","ast-hfb-mobile-header-display":"","site-post-title":"disabled","ast-breadcrumbs-content":"","ast-featured-img":"disabled","footer-sml-layout":"","theme-transparent-header-meta":"enabled","adv-header-id-meta":"","stick-header-meta":"default","header-above-stick-meta":"","header-main-stick-meta":"","header-below-stick-meta":"","astra-migrate-meta-layouts":"","ast-page-background-enabled":"default","ast-page-background-meta":{"desktop":{"background-color":"","background-image":"","background-repeat":"repeat","background-position":"center center","background-size":"auto","background-attachment":"scroll","background-type":"","background-media":"","overlay-type":"","overlay-color":"","overlay-gradient":""},"tablet":{"background-color":"","background-image":"","background-repeat":"repeat","background-position":"center center","background-size":"auto","background-attachment":"scroll","background-type":"","background-media":"","overlay-type":"","overlay-color":"","overlay-gradient":""},"mobile":{"background-color":"","background-image":"","background-repeat":"repeat","background-position":"center center","background-size":"auto","background-attachment":"scroll","background-type":"","background-media":"","overlay-type":"","overlay-color":"","overlay-gradient":""}},"ast-content-background-meta":{"desktop":{"background-color":"var(--ast-global-color-5)","background-image":"","background-repeat":"repeat","background-position":"center center","background-size":"auto","background-attachment":"scroll","background-type":"","background-media":"","overlay-type":"","overlay-color":"","overlay-gradient":""},"tablet":{"background-color":"var(--ast-global-color-5)","background-image":"","background-repeat":"repeat","background-position":"center center","background-size":"auto","background-attachment":"scroll","background-type":"","background-media":"","overlay-type":"","overlay-color":"","overlay-gradient":""},"mobile":{"background-color":"var(--ast-global-color-5)","background-image":"","background-repeat":"repeat","background-position":"center center","background-size":"auto","background-attachment":"scroll","background-type":"","background-media":"","overlay-type":"","overlay-color":"","overlay-gradient":""}},"footnotes":""},"uagb_featured_image_src":{"full":["https:\/\/spintotalent.com\/wp-content\/uploads\/2019\/10\/Spinto-Talent-Circe-Henestrosa.jpg",600,970,false],"thumbnail":["https:\/\/spintotalent.com\/wp-content\/uploads\/2019\/10\/Spinto-Talent-Circe-Henestrosa-300x300.jpg",300,300,true],"medium":["https:\/\/spintotalent.com\/wp-content\/uploads\/2019\/10\/Spinto-Talent-Circe-Henestrosa-495x800.jpg",495,800,true],"medium_large":["https:\/\/spintotalent.com\/wp-content\/uploads\/2019\/10\/Spinto-Talent-Circe-Henestrosa.jpg",600,970,false],"large":["https:\/\/spintotalent.com\/wp-content\/uploads\/2019\/10\/Spinto-Talent-Circe-Henestrosa.jpg",600,970,false],"1536x1536":["https:\/\/spintotalent.com\/wp-content\/uploads\/2019\/10\/Spinto-Talent-Circe-Henestrosa.jpg",600,970,false],"2048x2048":["https:\/\/spintotalent.com\/wp-content\/uploads\/2019\/10\/Spinto-Talent-Circe-Henestrosa.jpg",600,970,false]},"uagb_author_info":{"display_name":"fabrica","author_link":"https:\/\/spintotalent.com\/es\/author\/fabrica\/"},"uagb_comment_info":0,"uagb_excerpt":"Circe Henestrosa Curadora Circe Henestrosa es curadora independiente de moda y Directora de la Escuela de Moda de la Universidad de Arte LASALLE en Singapur. Cur\u00f3 la exposici\u00f3n \u201cLas Apariencias Enga\u00f1an: Los Vestidos de Frida Kahlo (2012),\u201d en el Museo Frida Kahlo en Coyoac\u00e1n, M\u00e9xico. Tambi\u00e9n fue co-curadora de la exitosa exhibici\u00f3n Frida Kahlo: Making&hellip;","_links":{"self":[{"href":"https:\/\/spintotalent.com\/es\/wp-json\/wp\/v2\/pages\/3772"}],"collection":[{"href":"https:\/\/spintotalent.com\/es\/wp-json\/wp\/v2\/pages"}],"about":[{"href":"https:\/\/spintotalent.com\/es\/wp-json\/wp\/v2\/types\/page"}],"author":[{"embeddable":true,"href":"https:\/\/spintotalent.com\/es\/wp-json\/wp\/v2\/users\/1"}],"replies":[{"embeddable":true,"href":"https:\/\/spintotalent.com\/es\/wp-json\/wp\/v2\/comments?post=3772"}],"version-history":[{"count":10,"href":"https:\/\/spintotalent.com\/es\/wp-json\/wp\/v2\/pages\/3772\/revisions"}],"predecessor-version":[{"id":5112,"href":"https:\/\/spintotalent.com\/es\/wp-json\/wp\/v2\/pages\/3772\/revisions\/5112"}],"up":[{"embeddable":true,"href":"https:\/\/spintotalent.com\/es\/wp-json\/wp\/v2\/pages\/848"}],"wp:featuredmedia":[{"embeddable":true,"href":"https:\/\/spintotalent.com\/es\/wp-json\/wp\/v2\/media\/1285"}],"wp:attachment":[{"href":"https:\/\/spintotalent.com\/es\/wp-json\/wp\/v2\/media?parent=3772"}],"curies":[{"name":"wp","href":"https:\/\/api.w.org\/{rel}","templated":true}]}}