{"id":3767,"date":"2020-06-22T21:42:30","date_gmt":"2020-06-23T02:42:30","guid":{"rendered":"https:\/\/spinto.com.mx\/?page_id=3767"},"modified":"2021-01-07T01:55:59","modified_gmt":"2021-01-07T07:55:59","slug":"joan-valent-compositor","status":"publish","type":"page","link":"https:\/\/spintotalent.com\/es\/nuestros-artistas\/joan-valent-compositor\/","title":{"rendered":"Joan Valent, Compositor"},"content":{"rendered":"\t\t<div data-elementor-type=\"wp-post\" data-elementor-id=\"3767\" class=\"elementor elementor-3767\" data-elementor-post-type=\"page\">\n\t\t\t\t\t\t\t\t\t<section class=\"elementor-section elementor-top-section elementor-element elementor-element-9b664af elementor-section-height-min-height elementor-section-boxed elementor-section-height-default elementor-section-items-middle\" data-id=\"9b664af\" data-element_type=\"section\" data-settings=\"{&quot;background_background&quot;:&quot;classic&quot;,&quot;background_motion_fx_motion_fx_scrolling&quot;:&quot;yes&quot;,&quot;background_motion_fx_translateY_effect&quot;:&quot;yes&quot;,&quot;background_motion_fx_translateY_speed&quot;:{&quot;unit&quot;:&quot;px&quot;,&quot;size&quot;:4,&quot;sizes&quot;:[]},&quot;background_motion_fx_translateY_affectedRange&quot;:{&quot;unit&quot;:&quot;%&quot;,&quot;size&quot;:&quot;&quot;,&quot;sizes&quot;:{&quot;start&quot;:0,&quot;end&quot;:100}},&quot;background_motion_fx_devices&quot;:[&quot;desktop&quot;,&quot;tablet&quot;,&quot;mobile&quot;]}\">\n\t\t\t\t\t\t\t<div class=\"elementor-background-overlay\"><\/div>\n\t\t\t\t\t\t\t<div class=\"elementor-container elementor-column-gap-default\">\n\t\t\t\t\t<div class=\"elementor-column elementor-col-100 elementor-top-column elementor-element elementor-element-fde4123\" data-id=\"fde4123\" data-element_type=\"column\">\n\t\t\t<div class=\"elementor-widget-wrap\">\n\t\t\t\t\t\t\t\t\t<\/div>\n\t\t<\/div>\n\t\t\t\t\t\t\t<\/div>\n\t\t<\/section>\n\t\t\t\t<section class=\"elementor-section elementor-top-section elementor-element elementor-element-a3f4e10 elementor-reverse-mobile elementor-section-boxed elementor-section-height-default elementor-section-height-default\" data-id=\"a3f4e10\" data-element_type=\"section\" data-settings=\"{&quot;background_background&quot;:&quot;classic&quot;}\">\n\t\t\t\t\t\t<div class=\"elementor-container elementor-column-gap-default\">\n\t\t\t\t\t<div class=\"elementor-column elementor-col-50 elementor-top-column elementor-element elementor-element-2309429\" data-id=\"2309429\" data-element_type=\"column\" data-settings=\"{&quot;background_background&quot;:&quot;classic&quot;}\">\n\t\t\t<div class=\"elementor-widget-wrap elementor-element-populated\">\n\t\t\t\t\t\t\t\t<div class=\"elementor-element elementor-element-48102b9 elementor-widget elementor-widget-image\" data-id=\"48102b9\" data-element_type=\"widget\" data-widget_type=\"image.default\">\n\t\t\t\t<div class=\"elementor-widget-container\">\n\t\t\t\t\t\t\t\t\t\t\t\t\t\t\t<img loading=\"lazy\" decoding=\"async\" width=\"495\" height=\"800\" src=\"https:\/\/spintotalent.com\/wp-content\/uploads\/2020\/01\/Spinto-Talent-Joan-Valent-495x800-1.jpg\" class=\"attachment-large size-large wp-image-2373\" alt=\"\" \/>\t\t\t\t\t\t\t\t\t\t\t\t\t\t\t<\/div>\n\t\t\t\t<\/div>\n\t\t\t\t\t<\/div>\n\t\t<\/div>\n\t\t\t\t<div class=\"elementor-column elementor-col-50 elementor-top-column elementor-element elementor-element-425c825\" data-id=\"425c825\" data-element_type=\"column\">\n\t\t\t<div class=\"elementor-widget-wrap elementor-element-populated\">\n\t\t\t\t\t\t\t\t<section class=\"elementor-section elementor-inner-section elementor-element elementor-element-bb37d76 elementor-section-content-bottom elementor-section-boxed elementor-section-height-default elementor-section-height-default\" data-id=\"bb37d76\" data-element_type=\"section\">\n\t\t\t\t\t\t<div class=\"elementor-container elementor-column-gap-default\">\n\t\t\t\t\t<div class=\"elementor-column elementor-col-100 elementor-inner-column elementor-element elementor-element-93a15cd\" data-id=\"93a15cd\" data-element_type=\"column\">\n\t\t\t<div class=\"elementor-widget-wrap elementor-element-populated\">\n\t\t\t\t\t\t\t\t<div class=\"elementor-element elementor-element-65f24c9 elementor-widget elementor-widget-heading\" data-id=\"65f24c9\" data-element_type=\"widget\" data-widget_type=\"heading.default\">\n\t\t\t\t<div class=\"elementor-widget-container\">\n\t\t\t<h2 class=\"elementor-heading-title elementor-size-default\">Joan Valent<\/h2>\t\t<\/div>\n\t\t\t\t<\/div>\n\t\t\t\t<div class=\"elementor-element elementor-element-6ce79b3 elementor-widget elementor-widget-heading\" data-id=\"6ce79b3\" data-element_type=\"widget\" data-widget_type=\"heading.default\">\n\t\t\t\t<div class=\"elementor-widget-container\">\n\t\t\t<h2 class=\"elementor-heading-title elementor-size-default\">Compositor<\/h2>\t\t<\/div>\n\t\t\t\t<\/div>\n\t\t\t\t\t<\/div>\n\t\t<\/div>\n\t\t\t\t\t\t\t<\/div>\n\t\t<\/section>\n\t\t\t\t<div class=\"elementor-element elementor-element-6f044cc elementor-widget-divider--view-line elementor-widget elementor-widget-divider\" data-id=\"6f044cc\" data-element_type=\"widget\" data-widget_type=\"divider.default\">\n\t\t\t\t<div class=\"elementor-widget-container\">\n\t\t\t\t\t<div class=\"elementor-divider\">\n\t\t\t<span class=\"elementor-divider-separator\">\n\t\t\t\t\t\t<\/span>\n\t\t<\/div>\n\t\t\t\t<\/div>\n\t\t\t\t<\/div>\n\t\t\t\t<div class=\"elementor-element elementor-element-76de74e elementor-widget elementor-widget-text-editor\" data-id=\"76de74e\" data-element_type=\"widget\" data-widget_type=\"text-editor.default\">\n\t\t\t\t<div class=\"elementor-widget-container\">\n\t\t\t\t\t\t\t<p><span style=\"font-weight: 400;\">Nacido en Espa\u00f1a, es el \u00fanico compositor hispanohablante con discograf\u00eda en <\/span><span style=\"font-weight: 400;\">Deutsche Grammophon<\/span><span style=\"font-weight: 400;\">.<\/span><span style=\"font-weight: 400;\"> Tiene estudios en violonchelo, piano, an\u00e1lisis, composici\u00f3n y direcci\u00f3n en <\/span><span style=\"font-weight: 400;\">Espa\u00f1a y Los \u00c1ngeles<\/span><span style=\"font-weight: 400;\">. Joan ha compuesto para el <\/span><span style=\"font-weight: 400;\">Gobierno Bale\u00e1rico<\/span><span style=\"font-weight: 400;\"> al igual que para la <\/span><span style=\"font-weight: 400;\">Fundaci\u00f3n Mir\u00f3<\/span><span style=\"font-weight: 400;\">.<\/span><span style=\"font-weight: 400;\"> Recibe el encargo del actor <\/span><span style=\"font-weight: 400;\">Michael Douglas<\/span><span style=\"font-weight: 400;\">, la creaci\u00f3n de un ciclo de ocho canciones para soprano y orquesta\u00a0 titulado <\/span><span style=\"font-weight: 400;\">\u201cEscapar del Siglo\u201d<\/span><span style=\"font-weight: 400;\"> para la televisi\u00f3n. En 1996 funda el grupo che c\u00e1mara <\/span><span style=\"font-weight: 400;\">\u201cArs ensemble\u201d<\/span><span style=\"font-weight: 400;\"> y graba su primer registro discogr\u00e1fico \u201cArs\u201d.\u00a0<\/span><\/p><p><span style=\"font-weight: 400;\">Ha formado parte de varios festivales, trabajado en obras de teatro y shows de bailes. En el 2012 fue nombrado director de <\/span><span style=\"font-weight: 400;\">Festival Pollen\u00e7a<\/span><span style=\"font-weight: 400;\">. Tambi\u00e9n ha explorado el universo musical del pop, m\u00fasica cl\u00e1sica y flamenco. Joan comenz\u00f3 a inclinarse hacia la m\u00fasica del <\/span><span style=\"font-weight: 400;\">cine y televisi\u00f3n<\/span><span style=\"font-weight: 400;\">, creando <\/span><span style=\"font-weight: 400;\">Birdman, The King of Havana, El Bar<\/span><span style=\"font-weight: 400;\">,<\/span><span style=\"font-weight: 400;\"> etc. Actualmente se encuentra trabajando en producciones para \u00f3pera, conciertos de piano y un nuevo \u00e1lbum.<\/span><\/p>\t\t\t\t\t\t<\/div>\n\t\t\t\t<\/div>\n\t\t\t\t\t<\/div>\n\t\t<\/div>\n\t\t\t\t\t\t\t<\/div>\n\t\t<\/section>\n\t\t\t\t\t\t\t<\/div>\n\t\t","protected":false},"excerpt":{"rendered":"<p>Joan Valent Compositor Nacido en Espa\u00f1a, es el \u00fanico compositor hispanohablante con discograf\u00eda en Deutsche Grammophon. Tiene estudios en violonchelo, piano, an\u00e1lisis, composici\u00f3n y direcci\u00f3n en Espa\u00f1a y Los \u00c1ngeles. Joan ha compuesto para el Gobierno Bale\u00e1rico al igual que para la Fundaci\u00f3n Mir\u00f3. Recibe el encargo del actor Michael Douglas, la creaci\u00f3n de un &hellip;<\/p>\n<p class=\"read-more\"> <a class=\"\" href=\"https:\/\/spintotalent.com\/es\/nuestros-artistas\/joan-valent-compositor\/\"> <span class=\"screen-reader-text\">Joan Valent, Compositor<\/span> Leer m\u00e1s &raquo;<\/a><\/p>\n","protected":false},"author":1,"featured_media":2373,"parent":848,"menu_order":0,"comment_status":"closed","ping_status":"closed","template":"","meta":{"_uag_custom_page_level_css":"","site-sidebar-layout":"no-sidebar","site-content-layout":"page-builder","ast-site-content-layout":"","site-content-style":"default","site-sidebar-style":"default","ast-global-header-display":"","ast-banner-title-visibility":"","ast-main-header-display":"","ast-hfb-above-header-display":"","ast-hfb-below-header-display":"","ast-hfb-mobile-header-display":"","site-post-title":"disabled","ast-breadcrumbs-content":"","ast-featured-img":"disabled","footer-sml-layout":"","theme-transparent-header-meta":"enabled","adv-header-id-meta":"","stick-header-meta":"default","header-above-stick-meta":"","header-main-stick-meta":"","header-below-stick-meta":"","astra-migrate-meta-layouts":"","ast-page-background-enabled":"default","ast-page-background-meta":{"desktop":{"background-color":"","background-image":"","background-repeat":"repeat","background-position":"center center","background-size":"auto","background-attachment":"scroll","background-type":"","background-media":"","overlay-type":"","overlay-color":"","overlay-gradient":""},"tablet":{"background-color":"","background-image":"","background-repeat":"repeat","background-position":"center center","background-size":"auto","background-attachment":"scroll","background-type":"","background-media":"","overlay-type":"","overlay-color":"","overlay-gradient":""},"mobile":{"background-color":"","background-image":"","background-repeat":"repeat","background-position":"center center","background-size":"auto","background-attachment":"scroll","background-type":"","background-media":"","overlay-type":"","overlay-color":"","overlay-gradient":""}},"ast-content-background-meta":{"desktop":{"background-color":"var(--ast-global-color-5)","background-image":"","background-repeat":"repeat","background-position":"center center","background-size":"auto","background-attachment":"scroll","background-type":"","background-media":"","overlay-type":"","overlay-color":"","overlay-gradient":""},"tablet":{"background-color":"var(--ast-global-color-5)","background-image":"","background-repeat":"repeat","background-position":"center center","background-size":"auto","background-attachment":"scroll","background-type":"","background-media":"","overlay-type":"","overlay-color":"","overlay-gradient":""},"mobile":{"background-color":"var(--ast-global-color-5)","background-image":"","background-repeat":"repeat","background-position":"center center","background-size":"auto","background-attachment":"scroll","background-type":"","background-media":"","overlay-type":"","overlay-color":"","overlay-gradient":""}},"footnotes":""},"uagb_featured_image_src":{"full":["https:\/\/spintotalent.com\/wp-content\/uploads\/2020\/01\/Spinto-Talent-Joan-Valent-495x800-1.jpg",495,800,false],"thumbnail":["https:\/\/spintotalent.com\/wp-content\/uploads\/2020\/01\/Spinto-Talent-Joan-Valent-495x800-1-300x300.jpg",300,300,true],"medium":["https:\/\/spintotalent.com\/wp-content\/uploads\/2020\/01\/Spinto-Talent-Joan-Valent-495x800-1.jpg",495,800,false],"medium_large":["https:\/\/spintotalent.com\/wp-content\/uploads\/2020\/01\/Spinto-Talent-Joan-Valent-495x800-1.jpg",495,800,false],"large":["https:\/\/spintotalent.com\/wp-content\/uploads\/2020\/01\/Spinto-Talent-Joan-Valent-495x800-1.jpg",495,800,false],"1536x1536":["https:\/\/spintotalent.com\/wp-content\/uploads\/2020\/01\/Spinto-Talent-Joan-Valent-495x800-1.jpg",495,800,false],"2048x2048":["https:\/\/spintotalent.com\/wp-content\/uploads\/2020\/01\/Spinto-Talent-Joan-Valent-495x800-1.jpg",495,800,false]},"uagb_author_info":{"display_name":"fabrica","author_link":"https:\/\/spintotalent.com\/es\/author\/fabrica\/"},"uagb_comment_info":0,"uagb_excerpt":"Joan Valent Compositor Nacido en Espa\u00f1a, es el \u00fanico compositor hispanohablante con discograf\u00eda en Deutsche Grammophon. Tiene estudios en violonchelo, piano, an\u00e1lisis, composici\u00f3n y direcci\u00f3n en Espa\u00f1a y Los \u00c1ngeles. Joan ha compuesto para el Gobierno Bale\u00e1rico al igual que para la Fundaci\u00f3n Mir\u00f3. Recibe el encargo del actor Michael Douglas, la creaci\u00f3n de un&hellip;","_links":{"self":[{"href":"https:\/\/spintotalent.com\/es\/wp-json\/wp\/v2\/pages\/3767"}],"collection":[{"href":"https:\/\/spintotalent.com\/es\/wp-json\/wp\/v2\/pages"}],"about":[{"href":"https:\/\/spintotalent.com\/es\/wp-json\/wp\/v2\/types\/page"}],"author":[{"embeddable":true,"href":"https:\/\/spintotalent.com\/es\/wp-json\/wp\/v2\/users\/1"}],"replies":[{"embeddable":true,"href":"https:\/\/spintotalent.com\/es\/wp-json\/wp\/v2\/comments?post=3767"}],"version-history":[{"count":7,"href":"https:\/\/spintotalent.com\/es\/wp-json\/wp\/v2\/pages\/3767\/revisions"}],"predecessor-version":[{"id":5098,"href":"https:\/\/spintotalent.com\/es\/wp-json\/wp\/v2\/pages\/3767\/revisions\/5098"}],"up":[{"embeddable":true,"href":"https:\/\/spintotalent.com\/es\/wp-json\/wp\/v2\/pages\/848"}],"wp:featuredmedia":[{"embeddable":true,"href":"https:\/\/spintotalent.com\/es\/wp-json\/wp\/v2\/media\/2373"}],"wp:attachment":[{"href":"https:\/\/spintotalent.com\/es\/wp-json\/wp\/v2\/media?parent=3767"}],"curies":[{"name":"wp","href":"https:\/\/api.w.org\/{rel}","templated":true}]}}