{"id":3761,"date":"2020-06-22T21:38:55","date_gmt":"2020-06-23T02:38:55","guid":{"rendered":"https:\/\/spinto.com.mx\/?page_id=3761"},"modified":"2022-02-11T19:47:40","modified_gmt":"2022-02-12T01:47:40","slug":"chelsea-gallo-directora","status":"publish","type":"page","link":"https:\/\/spintotalent.com\/es\/nuestros-artistas\/chelsea-gallo-directora\/","title":{"rendered":"Chelsea Gallo, Directora"},"content":{"rendered":"\t\t<div data-elementor-type=\"wp-post\" data-elementor-id=\"3761\" class=\"elementor elementor-3761\" data-elementor-post-type=\"page\">\n\t\t\t\t\t\t\t\t\t<section class=\"elementor-section elementor-top-section elementor-element elementor-element-9b664af elementor-section-height-min-height elementor-section-boxed elementor-section-height-default elementor-section-items-middle\" data-id=\"9b664af\" data-element_type=\"section\" data-settings=\"{&quot;background_background&quot;:&quot;classic&quot;,&quot;background_motion_fx_motion_fx_scrolling&quot;:&quot;yes&quot;,&quot;background_motion_fx_translateY_effect&quot;:&quot;yes&quot;,&quot;background_motion_fx_translateY_speed&quot;:{&quot;unit&quot;:&quot;px&quot;,&quot;size&quot;:4,&quot;sizes&quot;:[]},&quot;background_motion_fx_translateY_affectedRange&quot;:{&quot;unit&quot;:&quot;%&quot;,&quot;size&quot;:&quot;&quot;,&quot;sizes&quot;:{&quot;start&quot;:0,&quot;end&quot;:100}},&quot;background_motion_fx_devices&quot;:[&quot;desktop&quot;,&quot;tablet&quot;,&quot;mobile&quot;]}\">\n\t\t\t\t\t\t\t<div class=\"elementor-background-overlay\"><\/div>\n\t\t\t\t\t\t\t<div class=\"elementor-container elementor-column-gap-default\">\n\t\t\t\t\t<div class=\"elementor-column elementor-col-100 elementor-top-column elementor-element elementor-element-fde4123\" data-id=\"fde4123\" data-element_type=\"column\">\n\t\t\t<div class=\"elementor-widget-wrap\">\n\t\t\t\t\t\t\t\t\t<\/div>\n\t\t<\/div>\n\t\t\t\t\t\t\t<\/div>\n\t\t<\/section>\n\t\t\t\t<section class=\"elementor-section elementor-top-section elementor-element elementor-element-8d92b92 elementor-reverse-mobile elementor-section-boxed elementor-section-height-default elementor-section-height-default\" data-id=\"8d92b92\" data-element_type=\"section\" data-settings=\"{&quot;background_background&quot;:&quot;classic&quot;}\">\n\t\t\t\t\t\t<div class=\"elementor-container elementor-column-gap-default\">\n\t\t\t\t\t<div class=\"elementor-column elementor-col-50 elementor-top-column elementor-element elementor-element-1a98232\" data-id=\"1a98232\" data-element_type=\"column\" data-settings=\"{&quot;background_background&quot;:&quot;classic&quot;}\">\n\t\t\t<div class=\"elementor-widget-wrap elementor-element-populated\">\n\t\t\t\t\t\t\t\t<div class=\"elementor-element elementor-element-84e0fe2 elementor-widget elementor-widget-image\" data-id=\"84e0fe2\" data-element_type=\"widget\" data-widget_type=\"image.default\">\n\t\t\t\t<div class=\"elementor-widget-container\">\n\t\t\t\t\t\t\t\t\t\t\t\t\t\t\t<img loading=\"lazy\" decoding=\"async\" width=\"683\" height=\"1024\" src=\"https:\/\/spintotalent.com\/wp-content\/uploads\/2022\/02\/Gallo-Headshot-683x10241-1.png\" class=\"attachment-large size-large wp-image-5901\" alt=\"chelsea gallo\" srcset=\"https:\/\/spintotalent.com\/wp-content\/uploads\/2022\/02\/Gallo-Headshot-683x10241-1.png 683w, https:\/\/spintotalent.com\/wp-content\/uploads\/2022\/02\/Gallo-Headshot-683x10241-1-534x800.png 534w\" sizes=\"(max-width: 683px) 100vw, 683px\" \/>\t\t\t\t\t\t\t\t\t\t\t\t\t\t\t<\/div>\n\t\t\t\t<\/div>\n\t\t\t\t\t<\/div>\n\t\t<\/div>\n\t\t\t\t<div class=\"elementor-column elementor-col-50 elementor-top-column elementor-element elementor-element-beb04a4\" data-id=\"beb04a4\" data-element_type=\"column\">\n\t\t\t<div class=\"elementor-widget-wrap elementor-element-populated\">\n\t\t\t\t\t\t\t\t<section class=\"elementor-section elementor-inner-section elementor-element elementor-element-e7d90fb elementor-section-content-bottom elementor-section-boxed elementor-section-height-default elementor-section-height-default\" data-id=\"e7d90fb\" data-element_type=\"section\">\n\t\t\t\t\t\t<div class=\"elementor-container elementor-column-gap-default\">\n\t\t\t\t\t<div class=\"elementor-column elementor-col-100 elementor-inner-column elementor-element elementor-element-a14e6bf\" data-id=\"a14e6bf\" data-element_type=\"column\">\n\t\t\t<div class=\"elementor-widget-wrap elementor-element-populated\">\n\t\t\t\t\t\t\t\t<div class=\"elementor-element elementor-element-56fde42 elementor-widget elementor-widget-heading\" data-id=\"56fde42\" data-element_type=\"widget\" data-widget_type=\"heading.default\">\n\t\t\t\t<div class=\"elementor-widget-container\">\n\t\t\t<h2 class=\"elementor-heading-title elementor-size-default\">Chelsea Gallo<\/h2>\t\t<\/div>\n\t\t\t\t<\/div>\n\t\t\t\t<div class=\"elementor-element elementor-element-e7ec2e2 elementor-widget elementor-widget-heading\" data-id=\"e7ec2e2\" data-element_type=\"widget\" data-widget_type=\"heading.default\">\n\t\t\t\t<div class=\"elementor-widget-container\">\n\t\t\t<h2 class=\"elementor-heading-title elementor-size-default\">Directora<\/h2>\t\t<\/div>\n\t\t\t\t<\/div>\n\t\t\t\t\t<\/div>\n\t\t<\/div>\n\t\t\t\t\t\t\t<\/div>\n\t\t<\/section>\n\t\t\t\t<div class=\"elementor-element elementor-element-baaec21 elementor-widget-divider--view-line elementor-widget elementor-widget-divider\" data-id=\"baaec21\" data-element_type=\"widget\" data-widget_type=\"divider.default\">\n\t\t\t\t<div class=\"elementor-widget-container\">\n\t\t\t\t\t<div class=\"elementor-divider\">\n\t\t\t<span class=\"elementor-divider-separator\">\n\t\t\t\t\t\t<\/span>\n\t\t<\/div>\n\t\t\t\t<\/div>\n\t\t\t\t<\/div>\n\t\t\t\t<div class=\"elementor-element elementor-element-6c6c3e6 elementor-widget elementor-widget-text-editor\" data-id=\"6c6c3e6\" data-element_type=\"widget\" data-widget_type=\"text-editor.default\">\n\t\t\t\t<div class=\"elementor-widget-container\">\n\t\t\t\t\t\t\t<p>Es considerada como una estrella emergente en el mundo de la direcci\u00f3n de orquestas. Ha sido elogiada por su habilidad para dirigir \u201ccon gracia y apasionada determinaci\u00f3n\u201d (Schubring, Michigan Daily). Su estilo de dirigir ha sido descrito como \u201celegante, diestro y atento\u201d (Scott Cantrell, Dallas News).<\/p>\n<p>En la temporada 2021\/2022, Chelsea tendr\u00e1 numerosas presentaciones como la directora de orquesta muy solicitada en la que se ha convertido. Adicionalmente a sus responsabilidades como parte del equipo de direcci\u00f3n de la Detroit Symphony Orchestra, Gallo desempe\u00f1ar\u00e1 diversas funciones con la Louisiana Philharmonic Orchestra, la Loyola Symphony Orchestra, la \u00d3pera de Orlando, la \u00d3pera de Dallas, la Pittsburgh Symphony, as\u00ed como la Lancaster Symphony Orchestra en Pensilvania,&nbsp;<\/p>\n<p>Gallo colabora regularmente como asistente de prominentes directores de orquesta y m\u00fasicos contratados por la Detroit Symphony Orchestra. Sus compromisos recientes y futuros con dicha orquesta incluyen la grabaci\u00f3n musical para comerciales de Lincoln Motor Company y diversas presentaciones comunitarias.<\/p>\n<p>Chelsea ha colaborado con algunos de los m\u00e1s destacados directores de orquesta del mundo como Leonard Slatkin, James Gaffigan, Eun Sun Kim, Carlos Miguel Prieto, entre otros. Asimismo, ha asistido a festivales y clases maestras con directores de prestigio mundial como Sir Simon Rattle y Daniel Barenboim.<\/p>\n<p>Como amante de la ciencia, Chelsea ha liderado proyectos dedicados a vincular los mundos de la m\u00fasica y la ciencia. Ha colaborado con organizaciones como la NASA, Lockheed Martin, NIA (Instituto Nacional Aeroespacial), y ESA (Agencia Espacial Europea), entre otras. Estuvo a cargo de proyectos de grabaci\u00f3n para la misi\u00f3n Orion ETF-1, lanzada desde el Centro Espacial Kennedy de la NASA en Florida. La grabaci\u00f3n y el ensamble se convirtieron en el ensamble art\u00edstico oficial de la conmemoraci\u00f3n del 25 aniversario del Telescopio Espacial Hubble.<\/p>\n<p>Como promotora de m\u00fasica nueva, durante su estancia en Michigan particip\u00f3 en la premiere de la obra \u201cHelix\u201d del compositor Esa-Pekka Salonen como directora musical de la orquesta Life Sciences y en la premiere en Estados Unidos del concierto para oboe de Michael Gordon. Asimismo, dirigi\u00f3 la producci\u00f3n de 2017 de la \u00d3pera de Hartford de \u201cWho Married Star Husbands\u201d de Shuying Li. Por otra parte, ha dirigido \u00f3peras como \u201cLe Nozze di Figaro\u201d y \u201cDon Giovanni\u201d de Mozart, as\u00ed como \u201cA Midsummer Night&#8217;s Dream\u201d de Britten.<\/p>\n<p>Gallo curs\u00f3 estudios de direcci\u00f3n de orquesta con Kenneth Kiesler y de \u00f3pera con Kathleen Kelly y Martin Katz. Cuenta, asimismo, con una maestr\u00eda del Conservatorio de Viena y un doctorado de la Universidad de Michigan donde le fue otorgada la beca Helen Wu para graduados en direcci\u00f3n de orquesta.<\/p>\t\t\t\t\t\t<\/div>\n\t\t\t\t<\/div>\n\t\t\t\t\t<\/div>\n\t\t<\/div>\n\t\t\t\t\t\t\t<\/div>\n\t\t<\/section>\n\t\t\t\t\t\t\t<\/div>\n\t\t","protected":false},"excerpt":{"rendered":"<p>Chelsea Gallo Directora Es considerada como una estrella emergente en el mundo de la direcci\u00f3n de orquestas. Ha sido elogiada por su habilidad para dirigir \u201ccon gracia y apasionada determinaci\u00f3n\u201d (Schubring, Michigan Daily). Su estilo de dirigir ha sido descrito como \u201celegante, diestro y atento\u201d (Scott Cantrell, Dallas News). En la temporada 2021\/2022, Chelsea tendr\u00e1 &hellip;<\/p>\n<p class=\"read-more\"> <a class=\"\" href=\"https:\/\/spintotalent.com\/es\/nuestros-artistas\/chelsea-gallo-directora\/\"> <span class=\"screen-reader-text\">Chelsea Gallo, Directora<\/span> Leer m\u00e1s &raquo;<\/a><\/p>\n","protected":false},"author":1,"featured_media":5901,"parent":848,"menu_order":0,"comment_status":"closed","ping_status":"closed","template":"","meta":{"_uag_custom_page_level_css":"","site-sidebar-layout":"no-sidebar","site-content-layout":"page-builder","ast-site-content-layout":"","site-content-style":"default","site-sidebar-style":"default","ast-global-header-display":"","ast-banner-title-visibility":"","ast-main-header-display":"","ast-hfb-above-header-display":"","ast-hfb-below-header-display":"","ast-hfb-mobile-header-display":"","site-post-title":"disabled","ast-breadcrumbs-content":"","ast-featured-img":"disabled","footer-sml-layout":"","theme-transparent-header-meta":"enabled","adv-header-id-meta":"","stick-header-meta":"default","header-above-stick-meta":"","header-main-stick-meta":"","header-below-stick-meta":"","astra-migrate-meta-layouts":"","ast-page-background-enabled":"default","ast-page-background-meta":{"desktop":{"background-color":"","background-image":"","background-repeat":"repeat","background-position":"center center","background-size":"auto","background-attachment":"scroll","background-type":"","background-media":"","overlay-type":"","overlay-color":"","overlay-gradient":""},"tablet":{"background-color":"","background-image":"","background-repeat":"repeat","background-position":"center center","background-size":"auto","background-attachment":"scroll","background-type":"","background-media":"","overlay-type":"","overlay-color":"","overlay-gradient":""},"mobile":{"background-color":"","background-image":"","background-repeat":"repeat","background-position":"center center","background-size":"auto","background-attachment":"scroll","background-type":"","background-media":"","overlay-type":"","overlay-color":"","overlay-gradient":""}},"ast-content-background-meta":{"desktop":{"background-color":"var(--ast-global-color-5)","background-image":"","background-repeat":"repeat","background-position":"center center","background-size":"auto","background-attachment":"scroll","background-type":"","background-media":"","overlay-type":"","overlay-color":"","overlay-gradient":""},"tablet":{"background-color":"var(--ast-global-color-5)","background-image":"","background-repeat":"repeat","background-position":"center center","background-size":"auto","background-attachment":"scroll","background-type":"","background-media":"","overlay-type":"","overlay-color":"","overlay-gradient":""},"mobile":{"background-color":"var(--ast-global-color-5)","background-image":"","background-repeat":"repeat","background-position":"center center","background-size":"auto","background-attachment":"scroll","background-type":"","background-media":"","overlay-type":"","overlay-color":"","overlay-gradient":""}},"footnotes":""},"uagb_featured_image_src":{"full":["https:\/\/spintotalent.com\/wp-content\/uploads\/2022\/02\/Gallo-Headshot-683x10241-1.png",683,1024,false],"thumbnail":["https:\/\/spintotalent.com\/wp-content\/uploads\/2022\/02\/Gallo-Headshot-683x10241-1-300x300.png",300,300,true],"medium":["https:\/\/spintotalent.com\/wp-content\/uploads\/2022\/02\/Gallo-Headshot-683x10241-1-534x800.png",534,800,true],"medium_large":["https:\/\/spintotalent.com\/wp-content\/uploads\/2022\/02\/Gallo-Headshot-683x10241-1.png",683,1024,false],"large":["https:\/\/spintotalent.com\/wp-content\/uploads\/2022\/02\/Gallo-Headshot-683x10241-1.png",683,1024,false],"1536x1536":["https:\/\/spintotalent.com\/wp-content\/uploads\/2022\/02\/Gallo-Headshot-683x10241-1.png",683,1024,false],"2048x2048":["https:\/\/spintotalent.com\/wp-content\/uploads\/2022\/02\/Gallo-Headshot-683x10241-1.png",683,1024,false]},"uagb_author_info":{"display_name":"fabrica","author_link":"https:\/\/spintotalent.com\/es\/author\/fabrica\/"},"uagb_comment_info":0,"uagb_excerpt":"Chelsea Gallo Directora Es considerada como una estrella emergente en el mundo de la direcci\u00f3n de orquestas. Ha sido elogiada por su habilidad para dirigir \u201ccon gracia y apasionada determinaci\u00f3n\u201d (Schubring, Michigan Daily). Su estilo de dirigir ha sido descrito como \u201celegante, diestro y atento\u201d (Scott Cantrell, Dallas News). En la temporada 2021\/2022, Chelsea tendr\u00e1&hellip;","_links":{"self":[{"href":"https:\/\/spintotalent.com\/es\/wp-json\/wp\/v2\/pages\/3761"}],"collection":[{"href":"https:\/\/spintotalent.com\/es\/wp-json\/wp\/v2\/pages"}],"about":[{"href":"https:\/\/spintotalent.com\/es\/wp-json\/wp\/v2\/types\/page"}],"author":[{"embeddable":true,"href":"https:\/\/spintotalent.com\/es\/wp-json\/wp\/v2\/users\/1"}],"replies":[{"embeddable":true,"href":"https:\/\/spintotalent.com\/es\/wp-json\/wp\/v2\/comments?post=3761"}],"version-history":[{"count":18,"href":"https:\/\/spintotalent.com\/es\/wp-json\/wp\/v2\/pages\/3761\/revisions"}],"predecessor-version":[{"id":5928,"href":"https:\/\/spintotalent.com\/es\/wp-json\/wp\/v2\/pages\/3761\/revisions\/5928"}],"up":[{"embeddable":true,"href":"https:\/\/spintotalent.com\/es\/wp-json\/wp\/v2\/pages\/848"}],"wp:featuredmedia":[{"embeddable":true,"href":"https:\/\/spintotalent.com\/es\/wp-json\/wp\/v2\/media\/5901"}],"wp:attachment":[{"href":"https:\/\/spintotalent.com\/es\/wp-json\/wp\/v2\/media?parent=3761"}],"curies":[{"name":"wp","href":"https:\/\/api.w.org\/{rel}","templated":true}]}}