{"id":3759,"date":"2020-06-22T21:33:42","date_gmt":"2020-06-23T02:33:42","guid":{"rendered":"https:\/\/spinto.com.mx\/?page_id=3759"},"modified":"2021-01-07T01:47:37","modified_gmt":"2021-01-07T07:47:37","slug":"juan-francisco-padilla-guitarrista","status":"publish","type":"page","link":"https:\/\/spintotalent.com\/es\/nuestros-artistas\/juan-francisco-padilla-guitarrista\/","title":{"rendered":"Juan Francisco Padilla, Guitarrista"},"content":{"rendered":"\t\t<div data-elementor-type=\"wp-post\" data-elementor-id=\"3759\" class=\"elementor elementor-3759\" data-elementor-post-type=\"page\">\n\t\t\t\t\t\t\t\t\t<section class=\"elementor-section elementor-top-section elementor-element elementor-element-9b664af elementor-section-height-min-height elementor-section-boxed elementor-section-height-default elementor-section-items-middle\" data-id=\"9b664af\" data-element_type=\"section\" data-settings=\"{&quot;background_background&quot;:&quot;classic&quot;,&quot;background_motion_fx_motion_fx_scrolling&quot;:&quot;yes&quot;,&quot;background_motion_fx_translateY_effect&quot;:&quot;yes&quot;,&quot;background_motion_fx_translateY_speed&quot;:{&quot;unit&quot;:&quot;px&quot;,&quot;size&quot;:4,&quot;sizes&quot;:[]},&quot;background_motion_fx_translateY_affectedRange&quot;:{&quot;unit&quot;:&quot;%&quot;,&quot;size&quot;:&quot;&quot;,&quot;sizes&quot;:{&quot;start&quot;:0,&quot;end&quot;:100}},&quot;background_motion_fx_devices&quot;:[&quot;desktop&quot;,&quot;tablet&quot;,&quot;mobile&quot;]}\">\n\t\t\t\t\t\t\t<div class=\"elementor-background-overlay\"><\/div>\n\t\t\t\t\t\t\t<div class=\"elementor-container elementor-column-gap-default\">\n\t\t\t\t\t<div class=\"elementor-column elementor-col-100 elementor-top-column elementor-element elementor-element-fde4123\" data-id=\"fde4123\" data-element_type=\"column\">\n\t\t\t<div class=\"elementor-widget-wrap\">\n\t\t\t\t\t\t\t\t\t<\/div>\n\t\t<\/div>\n\t\t\t\t\t\t\t<\/div>\n\t\t<\/section>\n\t\t\t\t<section class=\"elementor-section elementor-top-section elementor-element elementor-element-c9e7b05 elementor-reverse-mobile elementor-section-boxed elementor-section-height-default elementor-section-height-default\" data-id=\"c9e7b05\" data-element_type=\"section\" data-settings=\"{&quot;background_background&quot;:&quot;classic&quot;}\">\n\t\t\t\t\t\t<div class=\"elementor-container elementor-column-gap-default\">\n\t\t\t\t\t<div class=\"elementor-column elementor-col-50 elementor-top-column elementor-element elementor-element-f3341f4\" data-id=\"f3341f4\" data-element_type=\"column\" data-settings=\"{&quot;background_background&quot;:&quot;classic&quot;}\">\n\t\t\t<div class=\"elementor-widget-wrap elementor-element-populated\">\n\t\t\t\t\t\t\t\t<div class=\"elementor-element elementor-element-9c44f14 elementor-widget elementor-widget-image\" data-id=\"9c44f14\" data-element_type=\"widget\" data-widget_type=\"image.default\">\n\t\t\t\t<div class=\"elementor-widget-container\">\n\t\t\t\t\t\t\t\t\t\t\t\t\t\t\t<img loading=\"lazy\" decoding=\"async\" width=\"600\" height=\"970\" src=\"https:\/\/spintotalent.com\/wp-content\/uploads\/2020\/01\/Spinto-Juan-Francisco-Padilla.jpg\" class=\"attachment-large size-large wp-image-2338\" alt=\"\" srcset=\"https:\/\/spintotalent.com\/wp-content\/uploads\/2020\/01\/Spinto-Juan-Francisco-Padilla.jpg 600w, https:\/\/spintotalent.com\/wp-content\/uploads\/2020\/01\/Spinto-Juan-Francisco-Padilla-495x800.jpg 495w\" sizes=\"(max-width: 600px) 100vw, 600px\" \/>\t\t\t\t\t\t\t\t\t\t\t\t\t\t\t<\/div>\n\t\t\t\t<\/div>\n\t\t\t\t\t<\/div>\n\t\t<\/div>\n\t\t\t\t<div class=\"elementor-column elementor-col-50 elementor-top-column elementor-element elementor-element-54658a7\" data-id=\"54658a7\" data-element_type=\"column\">\n\t\t\t<div class=\"elementor-widget-wrap elementor-element-populated\">\n\t\t\t\t\t\t\t\t<section class=\"elementor-section elementor-inner-section elementor-element elementor-element-5380f13 elementor-section-content-bottom elementor-section-boxed elementor-section-height-default elementor-section-height-default\" data-id=\"5380f13\" data-element_type=\"section\">\n\t\t\t\t\t\t<div class=\"elementor-container elementor-column-gap-default\">\n\t\t\t\t\t<div class=\"elementor-column elementor-col-100 elementor-inner-column elementor-element elementor-element-54a6b2a\" data-id=\"54a6b2a\" data-element_type=\"column\">\n\t\t\t<div class=\"elementor-widget-wrap elementor-element-populated\">\n\t\t\t\t\t\t\t\t<div class=\"elementor-element elementor-element-db24f7b elementor-widget elementor-widget-heading\" data-id=\"db24f7b\" data-element_type=\"widget\" data-widget_type=\"heading.default\">\n\t\t\t\t<div class=\"elementor-widget-container\">\n\t\t\t<h2 class=\"elementor-heading-title elementor-size-default\">Juan Francisco Padilla<\/h2>\t\t<\/div>\n\t\t\t\t<\/div>\n\t\t\t\t<div class=\"elementor-element elementor-element-7ecc5be elementor-widget elementor-widget-heading\" data-id=\"7ecc5be\" data-element_type=\"widget\" data-widget_type=\"heading.default\">\n\t\t\t\t<div class=\"elementor-widget-container\">\n\t\t\t<h2 class=\"elementor-heading-title elementor-size-default\">Guitarrista<\/h2>\t\t<\/div>\n\t\t\t\t<\/div>\n\t\t\t\t\t<\/div>\n\t\t<\/div>\n\t\t\t\t\t\t\t<\/div>\n\t\t<\/section>\n\t\t\t\t<div class=\"elementor-element elementor-element-3bd6f73 elementor-widget-divider--view-line elementor-widget elementor-widget-divider\" data-id=\"3bd6f73\" data-element_type=\"widget\" data-widget_type=\"divider.default\">\n\t\t\t\t<div class=\"elementor-widget-container\">\n\t\t\t\t\t<div class=\"elementor-divider\">\n\t\t\t<span class=\"elementor-divider-separator\">\n\t\t\t\t\t\t<\/span>\n\t\t<\/div>\n\t\t\t\t<\/div>\n\t\t\t\t<\/div>\n\t\t\t\t<div class=\"elementor-element elementor-element-f14dd76 elementor-widget elementor-widget-text-editor\" data-id=\"f14dd76\" data-element_type=\"widget\" data-widget_type=\"text-editor.default\">\n\t\t\t\t<div class=\"elementor-widget-container\">\n\t\t\t\t\t\t\t<p><span style=\"font-weight: 400;\">Nace en Almer\u00eda en 1975, cuna de la guitarra espa\u00f1ola, y considerado prodigio del instrumento actuando a los 12 a\u00f1os para los Reyes de Espa\u00f1a. Distinguido durante el 2004 con la Insignia de Oro a la personalidad art\u00edstica del a\u00f1o por la Junta de Andaluc\u00eda (Espa\u00f1a) y ganador del Grammy 2011 con el album \u201cSacrificium\u201d. \nHa grabado y realizado gira junto a Cecilia Bartoli e Il Giardino Armonico, para el sello DECCA. En el mismo a\u00f1o tambi\u00e9n grab\u00f3 \u201cLas Cuatro Estaciones\u201d para Warner Music con Ara Malikian. Ha grabado con IBS Classical, Radio Nacional de Espa\u00f1a, Radio Cl\u00e1sica, as\u00ed como la grabaci\u00f3n de la \u201cSuite Jerez\u201d de Germ\u00e1n Beigbeder junto a la Orquesta Ciudad de C\u00f3rdoba.<\/span><\/p>\n\n\n<p><span style=\"font-weight: 400;\">Fue galardonado con el Premio a la Difusi\u00f3n por el Instituto Andaluz de la Juventud. En el 2011 lanz\u00f3 al mercado \u201cARVUM\u201d, su primer disco de guitarra solista, posicion\u00e1ndose en el TOP VENTAS de m\u00fasica cl\u00e1sica obteniendo cinco estrellas en la cr\u00edtica internacional. Creador del \u201cCertamen Internacional de Guitarra Cl\u00e1sica Juli\u00e1n Arcas\u201d.<\/span><\/p>\n\n\n<p><span style=\"font-weight: 400;\">Referente en el campo de la m\u00fasica antigua y colaborador de la Joven Orquesta Barroca de Andaluc\u00eda. Ha sido invitado por la \u201cOrquesta de la Comunidad Valenciana\u201d y el \u201cCentro de Perfeccionamiento Pl\u00e1cido Domingo\u201d para tocar el bajo cont\u00ednuo en las \u00f3peras \u201cDido y Eneas\u201d (H. Purcell), \u201cL\u2019incoronazzione di Dario\u201d (A. Vivaldi), \u201cNarciso\u201d (D. Scarlatti), y \u201cSilla\u201d (G. F. Haendel) con Fabio Biondi. Realiz\u00f3 los arreglos y la direcci\u00f3n musical del espect\u00e1culo \u201cOp\u00e9rame\u201d, del aclamado tenor Jos\u00e9 Manuel Zapata.<\/span><\/p>\n\n\n<p><span style=\"font-weight: 400;\">En 2018 realiz\u00f3 un nuevo \u00e1lbum para IBS Classical, con obras in\u00e9ditas del siglo XIX interpretadas en una guitarra original de Antonio de Torres y en 2019 ha obtenido el premio \u201cMel\u00f3mano de Oro\u201d. Actualmente realiza arreglos, composiciones de Bandas Sonoras y proyectos como \u201cBarockeros\u201d, \u201cConcierto para Zapata y Orquesta\u201d y el video viral \u00abFrom Bach to RadioHead\u201d.<\/span><\/p>\t\t\t\t\t\t<\/div>\n\t\t\t\t<\/div>\n\t\t\t\t\t<\/div>\n\t\t<\/div>\n\t\t\t\t\t\t\t<\/div>\n\t\t<\/section>\n\t\t\t\t\t\t\t<\/div>\n\t\t","protected":false},"excerpt":{"rendered":"<p>Juan Francisco Padilla Guitarrista Nace en Almer\u00eda en 1975, cuna de la guitarra espa\u00f1ola, y considerado prodigio del instrumento actuando a los 12 a\u00f1os para los Reyes de Espa\u00f1a. Distinguido durante el 2004 con la Insignia de Oro a la personalidad art\u00edstica del a\u00f1o por la Junta de Andaluc\u00eda (Espa\u00f1a) y ganador del Grammy 2011 &hellip;<\/p>\n<p class=\"read-more\"> <a class=\"\" href=\"https:\/\/spintotalent.com\/es\/nuestros-artistas\/juan-francisco-padilla-guitarrista\/\"> <span class=\"screen-reader-text\">Juan Francisco Padilla, Guitarrista<\/span> Leer m\u00e1s &raquo;<\/a><\/p>\n","protected":false},"author":1,"featured_media":2338,"parent":848,"menu_order":0,"comment_status":"closed","ping_status":"closed","template":"","meta":{"_uag_custom_page_level_css":"","site-sidebar-layout":"no-sidebar","site-content-layout":"page-builder","ast-site-content-layout":"","site-content-style":"default","site-sidebar-style":"default","ast-global-header-display":"","ast-banner-title-visibility":"","ast-main-header-display":"","ast-hfb-above-header-display":"","ast-hfb-below-header-display":"","ast-hfb-mobile-header-display":"","site-post-title":"disabled","ast-breadcrumbs-content":"","ast-featured-img":"disabled","footer-sml-layout":"","theme-transparent-header-meta":"enabled","adv-header-id-meta":"","stick-header-meta":"default","header-above-stick-meta":"","header-main-stick-meta":"","header-below-stick-meta":"","astra-migrate-meta-layouts":"","ast-page-background-enabled":"default","ast-page-background-meta":{"desktop":{"background-color":"","background-image":"","background-repeat":"repeat","background-position":"center center","background-size":"auto","background-attachment":"scroll","background-type":"","background-media":"","overlay-type":"","overlay-color":"","overlay-gradient":""},"tablet":{"background-color":"","background-image":"","background-repeat":"repeat","background-position":"center center","background-size":"auto","background-attachment":"scroll","background-type":"","background-media":"","overlay-type":"","overlay-color":"","overlay-gradient":""},"mobile":{"background-color":"","background-image":"","background-repeat":"repeat","background-position":"center center","background-size":"auto","background-attachment":"scroll","background-type":"","background-media":"","overlay-type":"","overlay-color":"","overlay-gradient":""}},"ast-content-background-meta":{"desktop":{"background-color":"var(--ast-global-color-5)","background-image":"","background-repeat":"repeat","background-position":"center center","background-size":"auto","background-attachment":"scroll","background-type":"","background-media":"","overlay-type":"","overlay-color":"","overlay-gradient":""},"tablet":{"background-color":"var(--ast-global-color-5)","background-image":"","background-repeat":"repeat","background-position":"center center","background-size":"auto","background-attachment":"scroll","background-type":"","background-media":"","overlay-type":"","overlay-color":"","overlay-gradient":""},"mobile":{"background-color":"var(--ast-global-color-5)","background-image":"","background-repeat":"repeat","background-position":"center center","background-size":"auto","background-attachment":"scroll","background-type":"","background-media":"","overlay-type":"","overlay-color":"","overlay-gradient":""}},"footnotes":""},"uagb_featured_image_src":{"full":["https:\/\/spintotalent.com\/wp-content\/uploads\/2020\/01\/Spinto-Juan-Francisco-Padilla.jpg",600,970,false],"thumbnail":["https:\/\/spintotalent.com\/wp-content\/uploads\/2020\/01\/Spinto-Juan-Francisco-Padilla-300x300.jpg",300,300,true],"medium":["https:\/\/spintotalent.com\/wp-content\/uploads\/2020\/01\/Spinto-Juan-Francisco-Padilla-495x800.jpg",495,800,true],"medium_large":["https:\/\/spintotalent.com\/wp-content\/uploads\/2020\/01\/Spinto-Juan-Francisco-Padilla.jpg",600,970,false],"large":["https:\/\/spintotalent.com\/wp-content\/uploads\/2020\/01\/Spinto-Juan-Francisco-Padilla.jpg",600,970,false],"1536x1536":["https:\/\/spintotalent.com\/wp-content\/uploads\/2020\/01\/Spinto-Juan-Francisco-Padilla.jpg",600,970,false],"2048x2048":["https:\/\/spintotalent.com\/wp-content\/uploads\/2020\/01\/Spinto-Juan-Francisco-Padilla.jpg",600,970,false]},"uagb_author_info":{"display_name":"fabrica","author_link":"https:\/\/spintotalent.com\/es\/author\/fabrica\/"},"uagb_comment_info":0,"uagb_excerpt":"Juan Francisco Padilla Guitarrista Nace en Almer\u00eda en 1975, cuna de la guitarra espa\u00f1ola, y considerado prodigio del instrumento actuando a los 12 a\u00f1os para los Reyes de Espa\u00f1a. Distinguido durante el 2004 con la Insignia de Oro a la personalidad art\u00edstica del a\u00f1o por la Junta de Andaluc\u00eda (Espa\u00f1a) y ganador del Grammy 2011&hellip;","_links":{"self":[{"href":"https:\/\/spintotalent.com\/es\/wp-json\/wp\/v2\/pages\/3759"}],"collection":[{"href":"https:\/\/spintotalent.com\/es\/wp-json\/wp\/v2\/pages"}],"about":[{"href":"https:\/\/spintotalent.com\/es\/wp-json\/wp\/v2\/types\/page"}],"author":[{"embeddable":true,"href":"https:\/\/spintotalent.com\/es\/wp-json\/wp\/v2\/users\/1"}],"replies":[{"embeddable":true,"href":"https:\/\/spintotalent.com\/es\/wp-json\/wp\/v2\/comments?post=3759"}],"version-history":[{"count":7,"href":"https:\/\/spintotalent.com\/es\/wp-json\/wp\/v2\/pages\/3759\/revisions"}],"predecessor-version":[{"id":5092,"href":"https:\/\/spintotalent.com\/es\/wp-json\/wp\/v2\/pages\/3759\/revisions\/5092"}],"up":[{"embeddable":true,"href":"https:\/\/spintotalent.com\/es\/wp-json\/wp\/v2\/pages\/848"}],"wp:featuredmedia":[{"embeddable":true,"href":"https:\/\/spintotalent.com\/es\/wp-json\/wp\/v2\/media\/2338"}],"wp:attachment":[{"href":"https:\/\/spintotalent.com\/es\/wp-json\/wp\/v2\/media?parent=3759"}],"curies":[{"name":"wp","href":"https:\/\/api.w.org\/{rel}","templated":true}]}}