{"id":3750,"date":"2020-06-22T21:27:28","date_gmt":"2020-06-23T02:27:28","guid":{"rendered":"https:\/\/spinto.com.mx\/?page_id=3750"},"modified":"2020-12-16T23:28:46","modified_gmt":"2020-12-17T05:28:46","slug":"angel-rodriguez-pianista","status":"publish","type":"page","link":"https:\/\/spintotalent.com\/es\/nuestros-artistas\/angel-rodriguez-pianista\/","title":{"rendered":"\u00c1ngel Rodr\u00ed\u00adguez, Pianista"},"content":{"rendered":"\t\t<div data-elementor-type=\"wp-post\" data-elementor-id=\"3750\" class=\"elementor elementor-3750\" data-elementor-post-type=\"page\">\n\t\t\t\t\t\t\t\t\t<section class=\"elementor-section elementor-top-section elementor-element elementor-element-9b664af elementor-section-height-min-height elementor-section-boxed elementor-section-height-default elementor-section-items-middle\" data-id=\"9b664af\" data-element_type=\"section\" data-settings=\"{&quot;background_background&quot;:&quot;classic&quot;,&quot;background_motion_fx_motion_fx_scrolling&quot;:&quot;yes&quot;,&quot;background_motion_fx_translateY_effect&quot;:&quot;yes&quot;,&quot;background_motion_fx_translateY_speed&quot;:{&quot;unit&quot;:&quot;px&quot;,&quot;size&quot;:4,&quot;sizes&quot;:[]},&quot;background_motion_fx_translateY_affectedRange&quot;:{&quot;unit&quot;:&quot;%&quot;,&quot;size&quot;:&quot;&quot;,&quot;sizes&quot;:{&quot;start&quot;:0,&quot;end&quot;:100}},&quot;background_motion_fx_devices&quot;:[&quot;desktop&quot;,&quot;tablet&quot;,&quot;mobile&quot;]}\">\n\t\t\t\t\t\t\t<div class=\"elementor-background-overlay\"><\/div>\n\t\t\t\t\t\t\t<div class=\"elementor-container elementor-column-gap-default\">\n\t\t\t\t\t<div class=\"elementor-column elementor-col-100 elementor-top-column elementor-element elementor-element-fde4123\" data-id=\"fde4123\" data-element_type=\"column\">\n\t\t\t<div class=\"elementor-widget-wrap\">\n\t\t\t\t\t\t\t\t\t<\/div>\n\t\t<\/div>\n\t\t\t\t\t\t\t<\/div>\n\t\t<\/section>\n\t\t\t\t<section class=\"elementor-section elementor-top-section elementor-element elementor-element-7d78203 elementor-reverse-mobile elementor-section-boxed elementor-section-height-default elementor-section-height-default\" data-id=\"7d78203\" data-element_type=\"section\" data-settings=\"{&quot;background_background&quot;:&quot;classic&quot;}\">\n\t\t\t\t\t\t<div class=\"elementor-container elementor-column-gap-default\">\n\t\t\t\t\t<div class=\"elementor-column elementor-col-50 elementor-top-column elementor-element elementor-element-d543575\" data-id=\"d543575\" data-element_type=\"column\" data-settings=\"{&quot;background_background&quot;:&quot;classic&quot;}\">\n\t\t\t<div class=\"elementor-widget-wrap elementor-element-populated\">\n\t\t\t\t\t\t\t\t<div class=\"elementor-element elementor-element-7506bdb elementor-widget elementor-widget-image\" data-id=\"7506bdb\" data-element_type=\"widget\" data-widget_type=\"image.default\">\n\t\t\t\t<div class=\"elementor-widget-container\">\n\t\t\t\t\t\t\t\t\t\t\t\t\t\t\t<img loading=\"lazy\" decoding=\"async\" width=\"600\" height=\"970\" src=\"https:\/\/spintotalent.com\/wp-content\/uploads\/2019\/10\/Spinto-Talent-Angel-Rodriguez.jpg\" class=\"attachment-large size-large wp-image-988\" alt=\"\u00c1ngel Rodr\u00edguez, Pianista\" srcset=\"https:\/\/spintotalent.com\/wp-content\/uploads\/2019\/10\/Spinto-Talent-Angel-Rodriguez.jpg 600w, https:\/\/spintotalent.com\/wp-content\/uploads\/2019\/10\/Spinto-Talent-Angel-Rodriguez-495x800.jpg 495w\" sizes=\"(max-width: 600px) 100vw, 600px\" \/>\t\t\t\t\t\t\t\t\t\t\t\t\t\t\t<\/div>\n\t\t\t\t<\/div>\n\t\t\t\t\t<\/div>\n\t\t<\/div>\n\t\t\t\t<div class=\"elementor-column elementor-col-50 elementor-top-column elementor-element elementor-element-c06482c\" data-id=\"c06482c\" data-element_type=\"column\">\n\t\t\t<div class=\"elementor-widget-wrap elementor-element-populated\">\n\t\t\t\t\t\t\t\t<section class=\"elementor-section elementor-inner-section elementor-element elementor-element-737d2d8 elementor-section-content-bottom elementor-section-boxed elementor-section-height-default elementor-section-height-default\" data-id=\"737d2d8\" data-element_type=\"section\">\n\t\t\t\t\t\t<div class=\"elementor-container elementor-column-gap-default\">\n\t\t\t\t\t<div class=\"elementor-column elementor-col-100 elementor-inner-column elementor-element elementor-element-bf86541\" data-id=\"bf86541\" data-element_type=\"column\">\n\t\t\t<div class=\"elementor-widget-wrap elementor-element-populated\">\n\t\t\t\t\t\t\t\t<div class=\"elementor-element elementor-element-da0e8e2 elementor-widget elementor-widget-heading\" data-id=\"da0e8e2\" data-element_type=\"widget\" data-widget_type=\"heading.default\">\n\t\t\t\t<div class=\"elementor-widget-container\">\n\t\t\t<h2 class=\"elementor-heading-title elementor-size-default\">\u00c1ngel Rodr\u00edguez<\/h2>\t\t<\/div>\n\t\t\t\t<\/div>\n\t\t\t\t<div class=\"elementor-element elementor-element-b7c2fba elementor-widget elementor-widget-heading\" data-id=\"b7c2fba\" data-element_type=\"widget\" data-widget_type=\"heading.default\">\n\t\t\t\t<div class=\"elementor-widget-container\">\n\t\t\t<h2 class=\"elementor-heading-title elementor-size-default\">Pianista<\/h2>\t\t<\/div>\n\t\t\t\t<\/div>\n\t\t\t\t\t<\/div>\n\t\t<\/div>\n\t\t\t\t\t\t\t<\/div>\n\t\t<\/section>\n\t\t\t\t<div class=\"elementor-element elementor-element-6708ce1 elementor-widget-divider--view-line elementor-widget elementor-widget-divider\" data-id=\"6708ce1\" data-element_type=\"widget\" data-widget_type=\"divider.default\">\n\t\t\t\t<div class=\"elementor-widget-container\">\n\t\t\t\t\t<div class=\"elementor-divider\">\n\t\t\t<span class=\"elementor-divider-separator\">\n\t\t\t\t\t\t<\/span>\n\t\t<\/div>\n\t\t\t\t<\/div>\n\t\t\t\t<\/div>\n\t\t\t\t<div class=\"elementor-element elementor-element-739f694 elementor-widget elementor-widget-text-editor\" data-id=\"739f694\" data-element_type=\"widget\" data-widget_type=\"text-editor.default\">\n\t\t\t\t<div class=\"elementor-widget-container\">\n\t\t\t\t\t\t\t<p><span style=\"font-weight: 400;\">Pianista y compositor <\/span><span style=\"font-weight: 400;\">de origen cubano radicado en M\u00e9xico, comenz\u00f3 su carrera musical cuando ten\u00eda cinco a\u00f1os. Ha acompa\u00f1ado como pianista a <\/span><span style=\"font-weight: 400;\">grandes cantantes internacionales de \u00f3pera<\/span><span style=\"font-weight: 400;\"> como <\/span><span style=\"font-weight: 400;\">Ram\u00f3n Vargas, Rolando Villaz\u00f3n, Javier Camarena<\/span><span style=\"font-weight: 400;\">, entre otros. Se ha presentado en varios pa\u00edses en Europa, Asia y Am\u00e9rica, tambi\u00e9n form\u00f3 parte del documental <\/span><span style=\"font-weight: 400;\">\u201cA Mexican Dream\u201d<\/span><span style=\"font-weight: 400;\">\u00a0 junto con el reconocido tenor Rolando Villaz\u00f3n.\u00a0<\/span><\/p><p><span style=\"font-weight: 400;\">En el 2010, particip\u00f3 en la <\/span><span style=\"font-weight: 400;\">Expo Mundial Shanghai<\/span><span style=\"font-weight: 400;\">,<\/span><span style=\"font-weight: 400;\"> como solista para <\/span><span style=\"font-weight: 400;\">Chamber Orchestra Kremlin<\/span><span style=\"font-weight: 400;\"> en Mosc\u00fa y toc\u00f3 para el <\/span><span style=\"font-weight: 400;\">Rey y la Reina de Espa\u00f1a.<\/span><span style=\"font-weight: 400;\">\u00a0<\/span><\/p><p><span style=\"font-weight: 400;\">\u00c1ngel ha sido pianista para la <\/span><span style=\"font-weight: 400;\">\u00d3pera de Bellas Artes<\/span><span style=\"font-weight: 400;\"> en M\u00e9xico y colabor\u00f3 con grandes estrellas como <\/span><span style=\"font-weight: 400;\">Pl\u00e1cido Domingo, Luciano Pavarotti, Anna Netrebko, Arturo Chac\u00f3n, Nadine Sierra<\/span><span style=\"font-weight: 400;\">,<\/span><span style=\"font-weight: 400;\"> etc. Es el fundador y presidente del <\/span><span style=\"font-weight: 400;\">Colegio de Arte Vocal<\/span><span style=\"font-weight: 400;\">, la \u00fanica instituci\u00f3n en M\u00e9xico dedicada exclusivamente al arte de cantar.<\/span><\/p><p><span style=\"font-weight: 400;\">Esta temporada se presentar\u00e1 con <\/span><span style=\"font-weight: 400;\">Javier Camarena<\/span><span style=\"font-weight: 400;\"> en el <\/span><span style=\"font-weight: 400;\">Festival de Santander<\/span> <span style=\"font-weight: 400;\">y har\u00e1 un tour por <\/span><span style=\"font-weight: 400;\">Espa\u00f1a con \u00e9l.<\/span><\/p>\t\t\t\t\t\t<\/div>\n\t\t\t\t<\/div>\n\t\t\t\t\t<\/div>\n\t\t<\/div>\n\t\t\t\t\t\t\t<\/div>\n\t\t<\/section>\n\t\t\t\t\t\t\t<\/div>\n\t\t","protected":false},"excerpt":{"rendered":"<p>\u00c1ngel Rodr\u00edguez Pianista Pianista y compositor de origen cubano radicado en M\u00e9xico, comenz\u00f3 su carrera musical cuando ten\u00eda cinco a\u00f1os. Ha acompa\u00f1ado como pianista a grandes cantantes internacionales de \u00f3pera como Ram\u00f3n Vargas, Rolando Villaz\u00f3n, Javier Camarena, entre otros. Se ha presentado en varios pa\u00edses en Europa, Asia y Am\u00e9rica, tambi\u00e9n form\u00f3 parte del documental &hellip;<\/p>\n<p class=\"read-more\"> <a class=\"\" href=\"https:\/\/spintotalent.com\/es\/nuestros-artistas\/angel-rodriguez-pianista\/\"> <span class=\"screen-reader-text\">\u00c1ngel Rodr\u00ed\u00adguez, Pianista<\/span> Leer m\u00e1s &raquo;<\/a><\/p>\n","protected":false},"author":1,"featured_media":988,"parent":848,"menu_order":0,"comment_status":"closed","ping_status":"closed","template":"","meta":{"_uag_custom_page_level_css":"","site-sidebar-layout":"no-sidebar","site-content-layout":"page-builder","ast-site-content-layout":"","site-content-style":"default","site-sidebar-style":"default","ast-global-header-display":"","ast-banner-title-visibility":"","ast-main-header-display":"","ast-hfb-above-header-display":"","ast-hfb-below-header-display":"","ast-hfb-mobile-header-display":"","site-post-title":"disabled","ast-breadcrumbs-content":"","ast-featured-img":"disabled","footer-sml-layout":"","theme-transparent-header-meta":"enabled","adv-header-id-meta":"","stick-header-meta":"default","header-above-stick-meta":"","header-main-stick-meta":"","header-below-stick-meta":"","astra-migrate-meta-layouts":"","ast-page-background-enabled":"default","ast-page-background-meta":{"desktop":{"background-color":"","background-image":"","background-repeat":"repeat","background-position":"center center","background-size":"auto","background-attachment":"scroll","background-type":"","background-media":"","overlay-type":"","overlay-color":"","overlay-gradient":""},"tablet":{"background-color":"","background-image":"","background-repeat":"repeat","background-position":"center center","background-size":"auto","background-attachment":"scroll","background-type":"","background-media":"","overlay-type":"","overlay-color":"","overlay-gradient":""},"mobile":{"background-color":"","background-image":"","background-repeat":"repeat","background-position":"center center","background-size":"auto","background-attachment":"scroll","background-type":"","background-media":"","overlay-type":"","overlay-color":"","overlay-gradient":""}},"ast-content-background-meta":{"desktop":{"background-color":"var(--ast-global-color-5)","background-image":"","background-repeat":"repeat","background-position":"center center","background-size":"auto","background-attachment":"scroll","background-type":"","background-media":"","overlay-type":"","overlay-color":"","overlay-gradient":""},"tablet":{"background-color":"var(--ast-global-color-5)","background-image":"","background-repeat":"repeat","background-position":"center center","background-size":"auto","background-attachment":"scroll","background-type":"","background-media":"","overlay-type":"","overlay-color":"","overlay-gradient":""},"mobile":{"background-color":"var(--ast-global-color-5)","background-image":"","background-repeat":"repeat","background-position":"center center","background-size":"auto","background-attachment":"scroll","background-type":"","background-media":"","overlay-type":"","overlay-color":"","overlay-gradient":""}},"footnotes":""},"uagb_featured_image_src":{"full":["https:\/\/spintotalent.com\/wp-content\/uploads\/2019\/10\/Spinto-Talent-Angel-Rodriguez.jpg",600,970,false],"thumbnail":["https:\/\/spintotalent.com\/wp-content\/uploads\/2019\/10\/Spinto-Talent-Angel-Rodriguez-300x300.jpg",300,300,true],"medium":["https:\/\/spintotalent.com\/wp-content\/uploads\/2019\/10\/Spinto-Talent-Angel-Rodriguez-495x800.jpg",495,800,true],"medium_large":["https:\/\/spintotalent.com\/wp-content\/uploads\/2019\/10\/Spinto-Talent-Angel-Rodriguez.jpg",600,970,false],"large":["https:\/\/spintotalent.com\/wp-content\/uploads\/2019\/10\/Spinto-Talent-Angel-Rodriguez.jpg",600,970,false],"1536x1536":["https:\/\/spintotalent.com\/wp-content\/uploads\/2019\/10\/Spinto-Talent-Angel-Rodriguez.jpg",600,970,false],"2048x2048":["https:\/\/spintotalent.com\/wp-content\/uploads\/2019\/10\/Spinto-Talent-Angel-Rodriguez.jpg",600,970,false]},"uagb_author_info":{"display_name":"fabrica","author_link":"https:\/\/spintotalent.com\/es\/author\/fabrica\/"},"uagb_comment_info":0,"uagb_excerpt":"\u00c1ngel Rodr\u00edguez Pianista Pianista y compositor de origen cubano radicado en M\u00e9xico, comenz\u00f3 su carrera musical cuando ten\u00eda cinco a\u00f1os. Ha acompa\u00f1ado como pianista a grandes cantantes internacionales de \u00f3pera como Ram\u00f3n Vargas, Rolando Villaz\u00f3n, Javier Camarena, entre otros. Se ha presentado en varios pa\u00edses en Europa, Asia y Am\u00e9rica, tambi\u00e9n form\u00f3 parte del documental&hellip;","_links":{"self":[{"href":"https:\/\/spintotalent.com\/es\/wp-json\/wp\/v2\/pages\/3750"}],"collection":[{"href":"https:\/\/spintotalent.com\/es\/wp-json\/wp\/v2\/pages"}],"about":[{"href":"https:\/\/spintotalent.com\/es\/wp-json\/wp\/v2\/types\/page"}],"author":[{"embeddable":true,"href":"https:\/\/spintotalent.com\/es\/wp-json\/wp\/v2\/users\/1"}],"replies":[{"embeddable":true,"href":"https:\/\/spintotalent.com\/es\/wp-json\/wp\/v2\/comments?post=3750"}],"version-history":[{"count":9,"href":"https:\/\/spintotalent.com\/es\/wp-json\/wp\/v2\/pages\/3750\/revisions"}],"predecessor-version":[{"id":5455,"href":"https:\/\/spintotalent.com\/es\/wp-json\/wp\/v2\/pages\/3750\/revisions\/5455"}],"up":[{"embeddable":true,"href":"https:\/\/spintotalent.com\/es\/wp-json\/wp\/v2\/pages\/848"}],"wp:featuredmedia":[{"embeddable":true,"href":"https:\/\/spintotalent.com\/es\/wp-json\/wp\/v2\/media\/988"}],"wp:attachment":[{"href":"https:\/\/spintotalent.com\/es\/wp-json\/wp\/v2\/media?parent=3750"}],"curies":[{"name":"wp","href":"https:\/\/api.w.org\/{rel}","templated":true}]}}