{"id":3747,"date":"2020-06-22T21:18:55","date_gmt":"2020-06-23T02:18:55","guid":{"rendered":"https:\/\/spinto.com.mx\/?page_id=3747"},"modified":"2022-04-07T19:25:48","modified_gmt":"2022-04-08T00:25:48","slug":"ivan-lopez-reynoso-director-y-contratenor","status":"publish","type":"page","link":"https:\/\/spintotalent.com\/es\/nuestros-artistas\/ivan-lopez-reynoso-director-y-contratenor\/","title":{"rendered":"Iv\u00e1n L\u00f3pez Reynoso, Director, Contratenor &#038; Pianista"},"content":{"rendered":"\t\t<div data-elementor-type=\"wp-post\" data-elementor-id=\"3747\" class=\"elementor elementor-3747\" data-elementor-post-type=\"page\">\n\t\t\t\t\t\t\t\t\t<section class=\"elementor-section elementor-top-section elementor-element elementor-element-9b664af elementor-section-height-min-height elementor-section-boxed elementor-section-height-default elementor-section-items-middle\" data-id=\"9b664af\" data-element_type=\"section\" data-settings=\"{&quot;background_background&quot;:&quot;classic&quot;,&quot;background_motion_fx_motion_fx_scrolling&quot;:&quot;yes&quot;,&quot;background_motion_fx_translateY_effect&quot;:&quot;yes&quot;,&quot;background_motion_fx_translateY_speed&quot;:{&quot;unit&quot;:&quot;px&quot;,&quot;size&quot;:4,&quot;sizes&quot;:[]},&quot;background_motion_fx_translateY_affectedRange&quot;:{&quot;unit&quot;:&quot;%&quot;,&quot;size&quot;:&quot;&quot;,&quot;sizes&quot;:{&quot;start&quot;:0,&quot;end&quot;:100}},&quot;background_motion_fx_devices&quot;:[&quot;desktop&quot;,&quot;tablet&quot;,&quot;mobile&quot;]}\">\n\t\t\t\t\t\t\t<div class=\"elementor-background-overlay\"><\/div>\n\t\t\t\t\t\t\t<div class=\"elementor-container elementor-column-gap-default\">\n\t\t\t\t\t<div class=\"elementor-column elementor-col-100 elementor-top-column elementor-element elementor-element-fde4123\" data-id=\"fde4123\" data-element_type=\"column\">\n\t\t\t<div class=\"elementor-widget-wrap\">\n\t\t\t\t\t\t\t\t\t<\/div>\n\t\t<\/div>\n\t\t\t\t\t\t\t<\/div>\n\t\t<\/section>\n\t\t\t\t<section class=\"elementor-section elementor-top-section elementor-element elementor-element-dc3169e elementor-reverse-mobile elementor-section-boxed elementor-section-height-default elementor-section-height-default\" data-id=\"dc3169e\" data-element_type=\"section\" data-settings=\"{&quot;background_background&quot;:&quot;classic&quot;}\">\n\t\t\t\t\t\t<div class=\"elementor-container elementor-column-gap-default\">\n\t\t\t\t\t<div class=\"elementor-column elementor-col-50 elementor-top-column elementor-element elementor-element-3cca0fe\" data-id=\"3cca0fe\" data-element_type=\"column\" data-settings=\"{&quot;background_background&quot;:&quot;classic&quot;}\">\n\t\t\t<div class=\"elementor-widget-wrap elementor-element-populated\">\n\t\t\t\t\t\t\t\t<div class=\"elementor-element elementor-element-e7caba0 elementor-widget elementor-widget-image\" data-id=\"e7caba0\" data-element_type=\"widget\" data-widget_type=\"image.default\">\n\t\t\t\t<div class=\"elementor-widget-container\">\n\t\t\t\t\t\t\t\t\t\t\t\t\t\t\t<img loading=\"lazy\" decoding=\"async\" width=\"495\" height=\"800\" src=\"https:\/\/spintotalent.com\/wp-content\/uploads\/2020\/01\/Spinto-Ivan-Lopez-Reynoso-495x800-1.jpg\" class=\"attachment-large size-large wp-image-2370\" alt=\"Iv\u00c3\u00a1n L\u00c3\u00b3pez Reynoso, Director &amp; Contratenor\" \/>\t\t\t\t\t\t\t\t\t\t\t\t\t\t\t<\/div>\n\t\t\t\t<\/div>\n\t\t\t\t\t<\/div>\n\t\t<\/div>\n\t\t\t\t<div class=\"elementor-column elementor-col-50 elementor-top-column elementor-element elementor-element-20809df\" data-id=\"20809df\" data-element_type=\"column\">\n\t\t\t<div class=\"elementor-widget-wrap elementor-element-populated\">\n\t\t\t\t\t\t\t\t<section class=\"elementor-section elementor-inner-section elementor-element elementor-element-5325ab2 elementor-section-content-bottom elementor-section-boxed elementor-section-height-default elementor-section-height-default\" data-id=\"5325ab2\" data-element_type=\"section\">\n\t\t\t\t\t\t<div class=\"elementor-container elementor-column-gap-default\">\n\t\t\t\t\t<div class=\"elementor-column elementor-col-100 elementor-inner-column elementor-element elementor-element-12a3d6c\" data-id=\"12a3d6c\" data-element_type=\"column\">\n\t\t\t<div class=\"elementor-widget-wrap elementor-element-populated\">\n\t\t\t\t\t\t\t\t<div class=\"elementor-element elementor-element-421c5a0 elementor-widget elementor-widget-heading\" data-id=\"421c5a0\" data-element_type=\"widget\" data-widget_type=\"heading.default\">\n\t\t\t\t<div class=\"elementor-widget-container\">\n\t\t\t<h2 class=\"elementor-heading-title elementor-size-default\">Iv\u00e1n L\u00f3pez Reynoso<\/h2>\t\t<\/div>\n\t\t\t\t<\/div>\n\t\t\t\t<div class=\"elementor-element elementor-element-809953a elementor-widget elementor-widget-heading\" data-id=\"809953a\" data-element_type=\"widget\" data-widget_type=\"heading.default\">\n\t\t\t\t<div class=\"elementor-widget-container\">\n\t\t\t<h2 class=\"elementor-heading-title elementor-size-default\">Director, Contratenor & Pianista<\/h2>\t\t<\/div>\n\t\t\t\t<\/div>\n\t\t\t\t\t<\/div>\n\t\t<\/div>\n\t\t\t\t\t\t\t<\/div>\n\t\t<\/section>\n\t\t\t\t<div class=\"elementor-element elementor-element-272e03c elementor-widget-divider--view-line elementor-widget elementor-widget-divider\" data-id=\"272e03c\" data-element_type=\"widget\" data-widget_type=\"divider.default\">\n\t\t\t\t<div class=\"elementor-widget-container\">\n\t\t\t\t\t<div class=\"elementor-divider\">\n\t\t\t<span class=\"elementor-divider-separator\">\n\t\t\t\t\t\t<\/span>\n\t\t<\/div>\n\t\t\t\t<\/div>\n\t\t\t\t<\/div>\n\t\t\t\t<div class=\"elementor-element elementor-element-7fc871b elementor-widget elementor-widget-text-editor\" data-id=\"7fc871b\" data-element_type=\"widget\" data-widget_type=\"text-editor.default\">\n\t\t\t\t<div class=\"elementor-widget-container\">\n\t\t\t\t\t\t\t<p>Naci\u00f3 en Guanajuato en 1990. Realiz\u00f3 sus estudios de viol\u00edn, piano, canto y de direcci\u00f3n de orquesta con el maestro Gonzalo Romeu. Titulado con menci\u00f3n honor\u00edfica de la Escuela de M\u00fasica Vida y Movimiento. Ha dirigido a la Oviedo Filarmon\u00eda, la Filarm\u00f3nica Gioachino Rossini, la Orquesta Estatal de Braunschweig, la Orquesta Sinf\u00f3nica de Navarra, la Orquesta de la Comunidad de Madrid, la Orchestra Sinfonica Rossini, la Orquesta Filarm\u00f3nica de la UNAM, la Orquesta Filarm\u00f3nica de la Ciudad de M\u00e9xico, la Orquesta Sinf\u00f3nica Nacional, la Orquesta Sinf\u00f3nica de Miner\u00eda, Coro y Orquesta del Teatro de Bellas Artes, entre otras. Ha trabajado con destacados artistas como Brigitte Fassbaender, Ildar Abdrazakov, Javier Camarena, Alessandro Corbelli, Celso Albelo, Franz Hawlata, Paolo Bordogna, Sim\u00f3n Orfila, Rebeca Olvera, entre otros.<\/p><p>L\u00f3pez Reynoso es considerado como una de las m\u00e1s importantes batutas j\u00f3venes de M\u00e9xico. Su extenso repertorio oper\u00edstico incluye m\u00e1s de una treintena de t\u00edtulos, entre los cuales destacan Aida, Carmen, La boh\u00e8me, Las bodas de F\u00edgaro, La flauta m\u00e1gica, Don Giovanni, El Viaje a Reims, El Barbero de Sevilla, La cenicienta, Werther, Don Carlo, Tosca, Hansel y Gretel, El El\u00edxir de Amor, Madama Butterfly, La Traviata y Rigoletto, as\u00ed como el estreno en M\u00e9xico de Viva la Mamma de Donizetti. Su especializaci\u00f3n en el repertorio rossiniano lo ha llevado a presentar recientemente la versi\u00f3n orquestal de la Petite Messe Solennelle y el Stabat Mater y el estreno de las \u00f3peras Le comte Ory, Il Viaggio a Reims y de la cantata Il Pianto d\u2019Armonia sulla Morte di Orfeo con el tenor Javier Camarena.<\/p><p>En agosto\u00a0 de 2014 realiz\u00f3 su debut internacional en el Rossini Opera Festival convirti\u00e9ndose en el primer mexicano en dirigirlo. Ha dirigido en los m\u00e1ximos recintos culturales de M\u00e9xico y el mundo. En 2017 fue Director art\u00edstico interino de la Orquesta Sinf\u00f3nica de Aguascalientes, y posteriormente Erster Kapellmeister del Teatro Estatal de Braunschweig. De septiembre de 2019\u00a0 a septiembre de 2020 fungi\u00f3 como Director Asociado de la Orquesta Filarm\u00f3nica de la UNAM.\u00a0<\/p><p>En 2021, fue el primer director mexicano en debutar en el Teatro Real de Madrid. Su temporada 2021\/2022 incluye conciertos con la Orquesta del Teatro de Bellas, OFUNAM, Sinf\u00f3nica de Bellas Artes, Jalapa, as\u00ed como la Orquesta Sinf\u00f3nica de Navarra en Espa\u00f1a. Adem\u00e1s ser\u00e1 el primer mexicano en dirigir la Orquesta de la \u00d3pera de Zurich as\u00ed como en el Festival de la \u00d3pera de Santa Fe en Nuevo M\u00e9xico.<\/p><p>Actualmente funge\u00a0 como Director de la Orquesta del Teatro de Bellas Artes en M\u00e9xico y como Director principal invitado de la Oviedo Filarmon\u00eda en Espa\u00f1a.<\/p>\t\t\t\t\t\t<\/div>\n\t\t\t\t<\/div>\n\t\t\t\t\t<\/div>\n\t\t<\/div>\n\t\t\t\t\t\t\t<\/div>\n\t\t<\/section>\n\t\t\t\t\t\t\t<\/div>\n\t\t","protected":false},"excerpt":{"rendered":"<p>Iv\u00e1n L\u00f3pez Reynoso Director, Contratenor &amp; Pianista Naci\u00f3 en Guanajuato en 1990. Realiz\u00f3 sus estudios de viol\u00edn, piano, canto y de direcci\u00f3n de orquesta con el maestro Gonzalo Romeu. Titulado con menci\u00f3n honor\u00edfica de la Escuela de M\u00fasica Vida y Movimiento. Ha dirigido a la Oviedo Filarmon\u00eda, la Filarm\u00f3nica Gioachino Rossini, la Orquesta Estatal de &hellip;<\/p>\n<p class=\"read-more\"> <a class=\"\" href=\"https:\/\/spintotalent.com\/es\/nuestros-artistas\/ivan-lopez-reynoso-director-y-contratenor\/\"> <span class=\"screen-reader-text\">Iv\u00e1n L\u00f3pez Reynoso, Director, Contratenor &#038; Pianista<\/span> Leer m\u00e1s &raquo;<\/a><\/p>\n","protected":false},"author":1,"featured_media":2332,"parent":848,"menu_order":0,"comment_status":"closed","ping_status":"closed","template":"","meta":{"_uag_custom_page_level_css":"","site-sidebar-layout":"no-sidebar","site-content-layout":"page-builder","ast-site-content-layout":"","site-content-style":"default","site-sidebar-style":"default","ast-global-header-display":"","ast-banner-title-visibility":"","ast-main-header-display":"","ast-hfb-above-header-display":"","ast-hfb-below-header-display":"","ast-hfb-mobile-header-display":"","site-post-title":"disabled","ast-breadcrumbs-content":"","ast-featured-img":"disabled","footer-sml-layout":"","theme-transparent-header-meta":"enabled","adv-header-id-meta":"","stick-header-meta":"default","header-above-stick-meta":"","header-main-stick-meta":"","header-below-stick-meta":"","astra-migrate-meta-layouts":"","ast-page-background-enabled":"default","ast-page-background-meta":{"desktop":{"background-color":"","background-image":"","background-repeat":"repeat","background-position":"center center","background-size":"auto","background-attachment":"scroll","background-type":"","background-media":"","overlay-type":"","overlay-color":"","overlay-gradient":""},"tablet":{"background-color":"","background-image":"","background-repeat":"repeat","background-position":"center center","background-size":"auto","background-attachment":"scroll","background-type":"","background-media":"","overlay-type":"","overlay-color":"","overlay-gradient":""},"mobile":{"background-color":"","background-image":"","background-repeat":"repeat","background-position":"center center","background-size":"auto","background-attachment":"scroll","background-type":"","background-media":"","overlay-type":"","overlay-color":"","overlay-gradient":""}},"ast-content-background-meta":{"desktop":{"background-color":"var(--ast-global-color-5)","background-image":"","background-repeat":"repeat","background-position":"center center","background-size":"auto","background-attachment":"scroll","background-type":"","background-media":"","overlay-type":"","overlay-color":"","overlay-gradient":""},"tablet":{"background-color":"var(--ast-global-color-5)","background-image":"","background-repeat":"repeat","background-position":"center center","background-size":"auto","background-attachment":"scroll","background-type":"","background-media":"","overlay-type":"","overlay-color":"","overlay-gradient":""},"mobile":{"background-color":"var(--ast-global-color-5)","background-image":"","background-repeat":"repeat","background-position":"center center","background-size":"auto","background-attachment":"scroll","background-type":"","background-media":"","overlay-type":"","overlay-color":"","overlay-gradient":""}},"footnotes":""},"uagb_featured_image_src":{"full":["https:\/\/spintotalent.com\/wp-content\/uploads\/2020\/01\/Spinto-Ivan-Lopez-Reynoso.jpg",600,970,false],"thumbnail":["https:\/\/spintotalent.com\/wp-content\/uploads\/2020\/01\/Spinto-Ivan-Lopez-Reynoso-300x300.jpg",300,300,true],"medium":["https:\/\/spintotalent.com\/wp-content\/uploads\/2020\/01\/Spinto-Ivan-Lopez-Reynoso-495x800.jpg",495,800,true],"medium_large":["https:\/\/spintotalent.com\/wp-content\/uploads\/2020\/01\/Spinto-Ivan-Lopez-Reynoso.jpg",600,970,false],"large":["https:\/\/spintotalent.com\/wp-content\/uploads\/2020\/01\/Spinto-Ivan-Lopez-Reynoso.jpg",600,970,false],"1536x1536":["https:\/\/spintotalent.com\/wp-content\/uploads\/2020\/01\/Spinto-Ivan-Lopez-Reynoso.jpg",600,970,false],"2048x2048":["https:\/\/spintotalent.com\/wp-content\/uploads\/2020\/01\/Spinto-Ivan-Lopez-Reynoso.jpg",600,970,false]},"uagb_author_info":{"display_name":"fabrica","author_link":"https:\/\/spintotalent.com\/es\/author\/fabrica\/"},"uagb_comment_info":0,"uagb_excerpt":"Iv\u00e1n L\u00f3pez Reynoso Director, Contratenor &amp; Pianista Naci\u00f3 en Guanajuato en 1990. Realiz\u00f3 sus estudios de viol\u00edn, piano, canto y de direcci\u00f3n de orquesta con el maestro Gonzalo Romeu. Titulado con menci\u00f3n honor\u00edfica de la Escuela de M\u00fasica Vida y Movimiento. Ha dirigido a la Oviedo Filarmon\u00eda, la Filarm\u00f3nica Gioachino Rossini, la Orquesta Estatal de&hellip;","_links":{"self":[{"href":"https:\/\/spintotalent.com\/es\/wp-json\/wp\/v2\/pages\/3747"}],"collection":[{"href":"https:\/\/spintotalent.com\/es\/wp-json\/wp\/v2\/pages"}],"about":[{"href":"https:\/\/spintotalent.com\/es\/wp-json\/wp\/v2\/types\/page"}],"author":[{"embeddable":true,"href":"https:\/\/spintotalent.com\/es\/wp-json\/wp\/v2\/users\/1"}],"replies":[{"embeddable":true,"href":"https:\/\/spintotalent.com\/es\/wp-json\/wp\/v2\/comments?post=3747"}],"version-history":[{"count":15,"href":"https:\/\/spintotalent.com\/es\/wp-json\/wp\/v2\/pages\/3747\/revisions"}],"predecessor-version":[{"id":5952,"href":"https:\/\/spintotalent.com\/es\/wp-json\/wp\/v2\/pages\/3747\/revisions\/5952"}],"up":[{"embeddable":true,"href":"https:\/\/spintotalent.com\/es\/wp-json\/wp\/v2\/pages\/848"}],"wp:featuredmedia":[{"embeddable":true,"href":"https:\/\/spintotalent.com\/es\/wp-json\/wp\/v2\/media\/2332"}],"wp:attachment":[{"href":"https:\/\/spintotalent.com\/es\/wp-json\/wp\/v2\/media?parent=3747"}],"curies":[{"name":"wp","href":"https:\/\/api.w.org\/{rel}","templated":true}]}}