{"id":3739,"date":"2020-06-22T20:58:56","date_gmt":"2020-06-23T01:58:56","guid":{"rendered":"https:\/\/spinto.com.mx\/?page_id=3739"},"modified":"2021-01-07T01:28:56","modified_gmt":"2021-01-07T07:28:56","slug":"voz-en-punto-ensamble-vocal","status":"publish","type":"page","link":"https:\/\/spintotalent.com\/es\/nuestros-artistas\/voz-en-punto-ensamble-vocal\/","title":{"rendered":"Voz en Punto, Ensamble Vocal"},"content":{"rendered":"\t\t<div data-elementor-type=\"wp-post\" data-elementor-id=\"3739\" class=\"elementor elementor-3739\" data-elementor-post-type=\"page\">\n\t\t\t\t\t\t\t\t\t<section class=\"elementor-section elementor-top-section elementor-element elementor-element-9b664af elementor-section-height-min-height elementor-section-boxed elementor-section-height-default elementor-section-items-middle\" data-id=\"9b664af\" data-element_type=\"section\" data-settings=\"{&quot;background_background&quot;:&quot;classic&quot;,&quot;background_motion_fx_motion_fx_scrolling&quot;:&quot;yes&quot;,&quot;background_motion_fx_translateY_effect&quot;:&quot;yes&quot;,&quot;background_motion_fx_translateY_speed&quot;:{&quot;unit&quot;:&quot;px&quot;,&quot;size&quot;:4,&quot;sizes&quot;:[]},&quot;background_motion_fx_translateY_affectedRange&quot;:{&quot;unit&quot;:&quot;%&quot;,&quot;size&quot;:&quot;&quot;,&quot;sizes&quot;:{&quot;start&quot;:0,&quot;end&quot;:100}},&quot;background_motion_fx_devices&quot;:[&quot;desktop&quot;,&quot;tablet&quot;,&quot;mobile&quot;]}\">\n\t\t\t\t\t\t\t<div class=\"elementor-background-overlay\"><\/div>\n\t\t\t\t\t\t\t<div class=\"elementor-container elementor-column-gap-default\">\n\t\t\t\t\t<div class=\"elementor-column elementor-col-100 elementor-top-column elementor-element elementor-element-fde4123\" data-id=\"fde4123\" data-element_type=\"column\">\n\t\t\t<div class=\"elementor-widget-wrap\">\n\t\t\t\t\t\t\t\t\t<\/div>\n\t\t<\/div>\n\t\t\t\t\t\t\t<\/div>\n\t\t<\/section>\n\t\t\t\t<section class=\"elementor-section elementor-top-section elementor-element elementor-element-e2fe1b9 elementor-reverse-mobile elementor-section-boxed elementor-section-height-default elementor-section-height-default\" data-id=\"e2fe1b9\" data-element_type=\"section\" data-settings=\"{&quot;background_background&quot;:&quot;classic&quot;}\">\n\t\t\t\t\t\t<div class=\"elementor-container elementor-column-gap-default\">\n\t\t\t\t\t<div class=\"elementor-column elementor-col-50 elementor-top-column elementor-element elementor-element-e406495\" data-id=\"e406495\" data-element_type=\"column\" data-settings=\"{&quot;background_background&quot;:&quot;classic&quot;}\">\n\t\t\t<div class=\"elementor-widget-wrap elementor-element-populated\">\n\t\t\t\t\t\t\t\t<div class=\"elementor-element elementor-element-f81fe3f elementor-widget elementor-widget-image\" data-id=\"f81fe3f\" data-element_type=\"widget\" data-widget_type=\"image.default\">\n\t\t\t\t<div class=\"elementor-widget-container\">\n\t\t\t\t\t\t\t\t\t\t\t\t\t\t\t<img loading=\"lazy\" decoding=\"async\" width=\"495\" height=\"800\" src=\"https:\/\/spintotalent.com\/wp-content\/uploads\/2020\/01\/Spinto-Voz-En-Punto-495x800-1.jpg\" class=\"attachment-large size-large wp-image-2369\" alt=\"Voz en Punto, Ensamble Vocal\" \/>\t\t\t\t\t\t\t\t\t\t\t\t\t\t\t<\/div>\n\t\t\t\t<\/div>\n\t\t\t\t\t<\/div>\n\t\t<\/div>\n\t\t\t\t<div class=\"elementor-column elementor-col-50 elementor-top-column elementor-element elementor-element-bfbd3f4\" data-id=\"bfbd3f4\" data-element_type=\"column\">\n\t\t\t<div class=\"elementor-widget-wrap elementor-element-populated\">\n\t\t\t\t\t\t\t\t<section class=\"elementor-section elementor-inner-section elementor-element elementor-element-43ec600 elementor-section-content-bottom elementor-section-boxed elementor-section-height-default elementor-section-height-default\" data-id=\"43ec600\" data-element_type=\"section\">\n\t\t\t\t\t\t<div class=\"elementor-container elementor-column-gap-default\">\n\t\t\t\t\t<div class=\"elementor-column elementor-col-100 elementor-inner-column elementor-element elementor-element-ff4c740\" data-id=\"ff4c740\" data-element_type=\"column\">\n\t\t\t<div class=\"elementor-widget-wrap elementor-element-populated\">\n\t\t\t\t\t\t\t\t<div class=\"elementor-element elementor-element-7b17896 elementor-widget elementor-widget-heading\" data-id=\"7b17896\" data-element_type=\"widget\" data-widget_type=\"heading.default\">\n\t\t\t\t<div class=\"elementor-widget-container\">\n\t\t\t<h2 class=\"elementor-heading-title elementor-size-default\">Voz en Punto<\/h2>\t\t<\/div>\n\t\t\t\t<\/div>\n\t\t\t\t<div class=\"elementor-element elementor-element-bb0012f elementor-widget elementor-widget-heading\" data-id=\"bb0012f\" data-element_type=\"widget\" data-widget_type=\"heading.default\">\n\t\t\t\t<div class=\"elementor-widget-container\">\n\t\t\t<h2 class=\"elementor-heading-title elementor-size-default\">Ensamble Vocal<\/h2>\t\t<\/div>\n\t\t\t\t<\/div>\n\t\t\t\t\t<\/div>\n\t\t<\/div>\n\t\t\t\t\t\t\t<\/div>\n\t\t<\/section>\n\t\t\t\t<div class=\"elementor-element elementor-element-02b7c58 elementor-widget-divider--view-line elementor-widget elementor-widget-divider\" data-id=\"02b7c58\" data-element_type=\"widget\" data-widget_type=\"divider.default\">\n\t\t\t\t<div class=\"elementor-widget-container\">\n\t\t\t\t\t<div class=\"elementor-divider\">\n\t\t\t<span class=\"elementor-divider-separator\">\n\t\t\t\t\t\t<\/span>\n\t\t<\/div>\n\t\t\t\t<\/div>\n\t\t\t\t<\/div>\n\t\t\t\t<div class=\"elementor-element elementor-element-5cf42dc elementor-widget elementor-widget-text-editor\" data-id=\"5cf42dc\" data-element_type=\"widget\" data-widget_type=\"text-editor.default\">\n\t\t\t\t<div class=\"elementor-widget-container\">\n\t\t\t\t\t\t\t<p><span style=\"font-weight: 400;\">Fundado en 1990 por su director, Jos\u00e9 Galv\u00e1n, es uno de los ensambles vocales a capella de mayor trayectoria internacional en la historia de la m\u00fasica mexicana, con una original propuesta esc\u00e9nica utilizando la voz. Voz en Punto ha conquistado a p\u00fablicos de pa\u00edses como Estados Unidos, Francia, Suiza, Alemania, Rusia, Rumania, Austria, Finlandia, Espa\u00f1a, Grecia, Holanda, Egipto, Ecuador, Colombia, China, Corea, Jap\u00f3n, entre otros.<\/span><\/p>\n\n<p><span style=\"font-weight: 400;\">Obtuvo varios premios: Embajador de la Federaci\u00f3n Coral Internacional (2014 y 2017), Trofeo a la Amistad en las Artes de China, Medalla Fra Angelico de la Catedral de M\u00e9xico, Luminaria de Oro del Paseo de las Estrellas de la CDMX, Segundo Premio del Festival Internacional de M\u00fasica Vocal de Tampere, Medalla Mozart otorgada por la Embajada de Austria, Premio Gaviota Internacional, Segundo Premio del Festival Internacional Coral de los Pa\u00edses Bajos y sus \u00e1lbumes ganadores de la M\u00fasica Folkl\u00f3rica y M\u00fasica Virreinal en las Tribunas de la M\u00fasica de Am\u00e9rica Latina y el Caribe CIM-UNESCO.<\/span><\/p>\n\n<p><span style=\"font-weight: 400;\">En M\u00e9xico, el grupo se ha presentado en el Palacio de Bellas Artes y en festivales como el Festival Internacional Cervantino, Festival Internacional de M\u00fasica de Morelia, Feria Internacional de las Artes de Sinaloa, Festival Internacional de Chihuahua, Festival Internacional de la Riviera Maya, Feria de San Marcos en Aguascalientes, entre otros. Internacionalmente ha formado parte de la Conferencia Nacional de la ACDA, Festival Internacional de las Artes de China, Muestra \u201cM\u00e9xico: Puerta de las Am\u00e9ricas\u201d en Nueva York, Festival Cultural de la Olimpiada de Atenas, Festival de Verano del Castillo de Wolfsburg, Festival Latinoamericano de Hamburgo, Festival Internacional de Canto Coral de Nancy, Festival Internacional Coral de Montreux y en el Museo de los Instrumentos de Mosc\u00fa.<\/span><\/p>\n\n<p><span style=\"font-weight: 400;\">Voz en Punto ha sido invitado por la Sinf\u00f3nica de Dresde, la Mercury Baroque, la Orquesta Sinf\u00f3nica Nacional de M\u00e9xico y la Camerata Salzburgo, y ha colaborado en teatro y cine mexicano.<\/span><\/p>\t\t\t\t\t\t<\/div>\n\t\t\t\t<\/div>\n\t\t\t\t\t<\/div>\n\t\t<\/div>\n\t\t\t\t\t\t\t<\/div>\n\t\t<\/section>\n\t\t\t\t\t\t\t<\/div>\n\t\t","protected":false},"excerpt":{"rendered":"<p>Voz en Punto Ensamble Vocal Fundado en 1990 por su director, Jos\u00e9 Galv\u00e1n, es uno de los ensambles vocales a capella de mayor trayectoria internacional en la historia de la m\u00fasica mexicana, con una original propuesta esc\u00e9nica utilizando la voz. Voz en Punto ha conquistado a p\u00fablicos de pa\u00edses como Estados Unidos, Francia, Suiza, Alemania, &hellip;<\/p>\n<p class=\"read-more\"> <a class=\"\" href=\"https:\/\/spintotalent.com\/es\/nuestros-artistas\/voz-en-punto-ensamble-vocal\/\"> <span class=\"screen-reader-text\">Voz en Punto, Ensamble Vocal<\/span> Leer m\u00e1s &raquo;<\/a><\/p>\n","protected":false},"author":1,"featured_media":2327,"parent":848,"menu_order":0,"comment_status":"closed","ping_status":"closed","template":"","meta":{"_uag_custom_page_level_css":"","site-sidebar-layout":"no-sidebar","site-content-layout":"page-builder","ast-site-content-layout":"","site-content-style":"default","site-sidebar-style":"default","ast-global-header-display":"","ast-banner-title-visibility":"","ast-main-header-display":"","ast-hfb-above-header-display":"","ast-hfb-below-header-display":"","ast-hfb-mobile-header-display":"","site-post-title":"disabled","ast-breadcrumbs-content":"","ast-featured-img":"disabled","footer-sml-layout":"","theme-transparent-header-meta":"enabled","adv-header-id-meta":"","stick-header-meta":"default","header-above-stick-meta":"","header-main-stick-meta":"","header-below-stick-meta":"","astra-migrate-meta-layouts":"","ast-page-background-enabled":"default","ast-page-background-meta":{"desktop":{"background-color":"","background-image":"","background-repeat":"repeat","background-position":"center center","background-size":"auto","background-attachment":"scroll","background-type":"","background-media":"","overlay-type":"","overlay-color":"","overlay-gradient":""},"tablet":{"background-color":"","background-image":"","background-repeat":"repeat","background-position":"center center","background-size":"auto","background-attachment":"scroll","background-type":"","background-media":"","overlay-type":"","overlay-color":"","overlay-gradient":""},"mobile":{"background-color":"","background-image":"","background-repeat":"repeat","background-position":"center center","background-size":"auto","background-attachment":"scroll","background-type":"","background-media":"","overlay-type":"","overlay-color":"","overlay-gradient":""}},"ast-content-background-meta":{"desktop":{"background-color":"var(--ast-global-color-5)","background-image":"","background-repeat":"repeat","background-position":"center center","background-size":"auto","background-attachment":"scroll","background-type":"","background-media":"","overlay-type":"","overlay-color":"","overlay-gradient":""},"tablet":{"background-color":"var(--ast-global-color-5)","background-image":"","background-repeat":"repeat","background-position":"center center","background-size":"auto","background-attachment":"scroll","background-type":"","background-media":"","overlay-type":"","overlay-color":"","overlay-gradient":""},"mobile":{"background-color":"var(--ast-global-color-5)","background-image":"","background-repeat":"repeat","background-position":"center center","background-size":"auto","background-attachment":"scroll","background-type":"","background-media":"","overlay-type":"","overlay-color":"","overlay-gradient":""}},"footnotes":""},"uagb_featured_image_src":{"full":["https:\/\/spintotalent.com\/wp-content\/uploads\/2020\/01\/Spinto-Voz-En-Punto.jpg",600,970,false],"thumbnail":["https:\/\/spintotalent.com\/wp-content\/uploads\/2020\/01\/Spinto-Voz-En-Punto-300x300.jpg",300,300,true],"medium":["https:\/\/spintotalent.com\/wp-content\/uploads\/2020\/01\/Spinto-Voz-En-Punto-495x800.jpg",495,800,true],"medium_large":["https:\/\/spintotalent.com\/wp-content\/uploads\/2020\/01\/Spinto-Voz-En-Punto.jpg",600,970,false],"large":["https:\/\/spintotalent.com\/wp-content\/uploads\/2020\/01\/Spinto-Voz-En-Punto.jpg",600,970,false],"1536x1536":["https:\/\/spintotalent.com\/wp-content\/uploads\/2020\/01\/Spinto-Voz-En-Punto.jpg",600,970,false],"2048x2048":["https:\/\/spintotalent.com\/wp-content\/uploads\/2020\/01\/Spinto-Voz-En-Punto.jpg",600,970,false]},"uagb_author_info":{"display_name":"fabrica","author_link":"https:\/\/spintotalent.com\/es\/author\/fabrica\/"},"uagb_comment_info":0,"uagb_excerpt":"Voz en Punto Ensamble Vocal Fundado en 1990 por su director, Jos\u00e9 Galv\u00e1n, es uno de los ensambles vocales a capella de mayor trayectoria internacional en la historia de la m\u00fasica mexicana, con una original propuesta esc\u00e9nica utilizando la voz. Voz en Punto ha conquistado a p\u00fablicos de pa\u00edses como Estados Unidos, Francia, Suiza, Alemania,&hellip;","_links":{"self":[{"href":"https:\/\/spintotalent.com\/es\/wp-json\/wp\/v2\/pages\/3739"}],"collection":[{"href":"https:\/\/spintotalent.com\/es\/wp-json\/wp\/v2\/pages"}],"about":[{"href":"https:\/\/spintotalent.com\/es\/wp-json\/wp\/v2\/types\/page"}],"author":[{"embeddable":true,"href":"https:\/\/spintotalent.com\/es\/wp-json\/wp\/v2\/users\/1"}],"replies":[{"embeddable":true,"href":"https:\/\/spintotalent.com\/es\/wp-json\/wp\/v2\/comments?post=3739"}],"version-history":[{"count":7,"href":"https:\/\/spintotalent.com\/es\/wp-json\/wp\/v2\/pages\/3739\/revisions"}],"predecessor-version":[{"id":5078,"href":"https:\/\/spintotalent.com\/es\/wp-json\/wp\/v2\/pages\/3739\/revisions\/5078"}],"up":[{"embeddable":true,"href":"https:\/\/spintotalent.com\/es\/wp-json\/wp\/v2\/pages\/848"}],"wp:featuredmedia":[{"embeddable":true,"href":"https:\/\/spintotalent.com\/es\/wp-json\/wp\/v2\/media\/2327"}],"wp:attachment":[{"href":"https:\/\/spintotalent.com\/es\/wp-json\/wp\/v2\/media?parent=3739"}],"curies":[{"name":"wp","href":"https:\/\/api.w.org\/{rel}","templated":true}]}}