{"id":3729,"date":"2020-06-22T20:39:22","date_gmt":"2020-06-23T01:39:22","guid":{"rendered":"https:\/\/spinto.com.mx\/?page_id=3729"},"modified":"2021-01-07T02:05:22","modified_gmt":"2021-01-07T08:05:22","slug":"guadalupe-paz-mezzo-soprano","status":"publish","type":"page","link":"https:\/\/spintotalent.com\/es\/nuestros-artistas\/guadalupe-paz-mezzo-soprano\/","title":{"rendered":"Guadalupe Paz, Mezzo Soprano"},"content":{"rendered":"\t\t<div data-elementor-type=\"wp-post\" data-elementor-id=\"3729\" class=\"elementor elementor-3729\" data-elementor-post-type=\"page\">\n\t\t\t\t\t\t\t\t\t<section class=\"elementor-section elementor-top-section elementor-element elementor-element-9b664af elementor-section-height-min-height elementor-section-boxed elementor-section-height-default elementor-section-items-middle\" data-id=\"9b664af\" data-element_type=\"section\" data-settings=\"{&quot;background_background&quot;:&quot;classic&quot;,&quot;background_motion_fx_motion_fx_scrolling&quot;:&quot;yes&quot;,&quot;background_motion_fx_translateY_effect&quot;:&quot;yes&quot;,&quot;background_motion_fx_translateY_speed&quot;:{&quot;unit&quot;:&quot;px&quot;,&quot;size&quot;:4,&quot;sizes&quot;:[]},&quot;background_motion_fx_translateY_affectedRange&quot;:{&quot;unit&quot;:&quot;%&quot;,&quot;size&quot;:&quot;&quot;,&quot;sizes&quot;:{&quot;start&quot;:0,&quot;end&quot;:100}},&quot;background_motion_fx_devices&quot;:[&quot;desktop&quot;,&quot;tablet&quot;,&quot;mobile&quot;]}\">\n\t\t\t\t\t\t\t<div class=\"elementor-background-overlay\"><\/div>\n\t\t\t\t\t\t\t<div class=\"elementor-container elementor-column-gap-default\">\n\t\t\t\t\t<div class=\"elementor-column elementor-col-100 elementor-top-column elementor-element elementor-element-fde4123\" data-id=\"fde4123\" data-element_type=\"column\">\n\t\t\t<div class=\"elementor-widget-wrap\">\n\t\t\t\t\t\t\t\t\t<\/div>\n\t\t<\/div>\n\t\t\t\t\t\t\t<\/div>\n\t\t<\/section>\n\t\t\t\t<section class=\"elementor-section elementor-top-section elementor-element elementor-element-fac20df elementor-reverse-mobile elementor-section-boxed elementor-section-height-default elementor-section-height-default\" data-id=\"fac20df\" data-element_type=\"section\" data-settings=\"{&quot;background_background&quot;:&quot;classic&quot;}\">\n\t\t\t\t\t\t<div class=\"elementor-container elementor-column-gap-default\">\n\t\t\t\t\t<div class=\"elementor-column elementor-col-50 elementor-top-column elementor-element elementor-element-e90dac0\" data-id=\"e90dac0\" data-element_type=\"column\" data-settings=\"{&quot;background_background&quot;:&quot;classic&quot;}\">\n\t\t\t<div class=\"elementor-widget-wrap elementor-element-populated\">\n\t\t\t\t\t\t\t\t<div class=\"elementor-element elementor-element-e9a16df elementor-widget elementor-widget-image\" data-id=\"e9a16df\" data-element_type=\"widget\" data-widget_type=\"image.default\">\n\t\t\t\t<div class=\"elementor-widget-container\">\n\t\t\t\t\t\t\t\t\t\t\t\t\t\t\t<img loading=\"lazy\" decoding=\"async\" width=\"600\" height=\"970\" src=\"https:\/\/spintotalent.com\/wp-content\/uploads\/2020\/01\/Guadalupe-Paz-Spinto-Talent.jpg\" class=\"attachment-large size-large wp-image-2208\" alt=\"Guadalupe Paz, Mezzo Soprano\" srcset=\"https:\/\/spintotalent.com\/wp-content\/uploads\/2020\/01\/Guadalupe-Paz-Spinto-Talent.jpg 600w, https:\/\/spintotalent.com\/wp-content\/uploads\/2020\/01\/Guadalupe-Paz-Spinto-Talent-495x800.jpg 495w\" sizes=\"(max-width: 600px) 100vw, 600px\" \/>\t\t\t\t\t\t\t\t\t\t\t\t\t\t\t<\/div>\n\t\t\t\t<\/div>\n\t\t\t\t\t<\/div>\n\t\t<\/div>\n\t\t\t\t<div class=\"elementor-column elementor-col-50 elementor-top-column elementor-element elementor-element-c069678\" data-id=\"c069678\" data-element_type=\"column\">\n\t\t\t<div class=\"elementor-widget-wrap elementor-element-populated\">\n\t\t\t\t\t\t\t\t<section class=\"elementor-section elementor-inner-section elementor-element elementor-element-cf21f9c elementor-section-content-bottom elementor-section-boxed elementor-section-height-default elementor-section-height-default\" data-id=\"cf21f9c\" data-element_type=\"section\">\n\t\t\t\t\t\t<div class=\"elementor-container elementor-column-gap-default\">\n\t\t\t\t\t<div class=\"elementor-column elementor-col-100 elementor-inner-column elementor-element elementor-element-be8bd16\" data-id=\"be8bd16\" data-element_type=\"column\">\n\t\t\t<div class=\"elementor-widget-wrap elementor-element-populated\">\n\t\t\t\t\t\t\t\t<div class=\"elementor-element elementor-element-3878d09 elementor-widget elementor-widget-heading\" data-id=\"3878d09\" data-element_type=\"widget\" data-widget_type=\"heading.default\">\n\t\t\t\t<div class=\"elementor-widget-container\">\n\t\t\t<h2 class=\"elementor-heading-title elementor-size-default\">Guadalupe Paz<\/h2>\t\t<\/div>\n\t\t\t\t<\/div>\n\t\t\t\t<div class=\"elementor-element elementor-element-000bb10 elementor-widget elementor-widget-heading\" data-id=\"000bb10\" data-element_type=\"widget\" data-widget_type=\"heading.default\">\n\t\t\t\t<div class=\"elementor-widget-container\">\n\t\t\t<h2 class=\"elementor-heading-title elementor-size-default\">Mezzosoprano\n<\/h2>\t\t<\/div>\n\t\t\t\t<\/div>\n\t\t\t\t\t<\/div>\n\t\t<\/div>\n\t\t\t\t\t\t\t<\/div>\n\t\t<\/section>\n\t\t\t\t<div class=\"elementor-element elementor-element-a0c8913 elementor-widget-divider--view-line elementor-widget elementor-widget-divider\" data-id=\"a0c8913\" data-element_type=\"widget\" data-widget_type=\"divider.default\">\n\t\t\t\t<div class=\"elementor-widget-container\">\n\t\t\t\t\t<div class=\"elementor-divider\">\n\t\t\t<span class=\"elementor-divider-separator\">\n\t\t\t\t\t\t<\/span>\n\t\t<\/div>\n\t\t\t\t<\/div>\n\t\t\t\t<\/div>\n\t\t\t\t<div class=\"elementor-element elementor-element-a6af200 elementor-widget elementor-widget-text-editor\" data-id=\"a6af200\" data-element_type=\"widget\" data-widget_type=\"text-editor.default\">\n\t\t\t\t<div class=\"elementor-widget-container\">\n\t\t\t\t\t\t\t<p><span style=\"font-weight: 400;\">Mezzo soprano mexicana graduada del <\/span><span style=\"font-weight: 400;\">Conservatorio de Vicenza<\/span><span style=\"font-weight: 400;\">, Italia. Reci<\/span><span style=\"font-weight: 400;\">entemente debut\u00f3 en la<\/span> <span style=\"font-weight: 400;\">\u00d3pera de San Diego<\/span> <span style=\"font-weight: 400;\">y<\/span> <span style=\"font-weight: 400;\">Fort Worth Opera Company<\/span> <span style=\"font-weight: 400;\">en Texas.<\/span><span style=\"font-weight: 400;\">\u00a0 <\/span><span style=\"font-weight: 400;\">Se ha presentado en la <\/span><span style=\"font-weight: 400;\">\u00d3pera de Bellas Artes<\/span><span style=\"font-weight: 400;\">, en el <\/span><span style=\"font-weight: 400;\">Festival de \u00d3pera Rossini<\/span> <span style=\"font-weight: 400;\">y en el concurso internacional de canto<\/span> <span style=\"font-weight: 400;\">Toti dal Monte<\/span> <span style=\"font-weight: 400;\">en Treviso, Italia. Ha compartido escenario con<\/span> <span style=\"font-weight: 400;\">Javier Camarena<\/span> <span style=\"font-weight: 400;\">en conciertos y casas de \u00f3pera en M\u00e9xico y alrededor del mundo. En julio del 2018, protagoniz\u00f3 el papel principal en L\u2019Italiana in Algeri en el<\/span> <span style=\"font-weight: 400;\">Palacio de Bellas Artes<\/span> <span style=\"font-weight: 400;\">en M\u00e9xico.\u00a0<\/span><\/p><p><span style=\"font-weight: 400;\">Tambi\u00e9n ha recibido varios premios de parte de<\/span> <span style=\"font-weight: 400;\">The Rossini Award<\/span> <span style=\"font-weight: 400;\">en EUA y el<\/span> <span style=\"font-weight: 400;\">Musical Merit Foundation of Greater San Diego<\/span><span style=\"font-weight: 400;\">. <\/span><span style=\"font-weight: 400;\">Se presentar\u00e1 junto con la <\/span><span style=\"font-weight: 400;\">Orquesta Sinf\u00f3nica Nacional<\/span> <span style=\"font-weight: 400;\">(OSN), la Orquesta Filarm\u00f3nica de la UNAM<\/span> <span style=\"font-weight: 400;\">(<\/span><span style=\"font-weight: 400;\">OFUNAM<\/span><span style=\"font-weight: 400;\">) <\/span><span style=\"font-weight: 400;\">y cantar\u00e1 en el estreno mundial de la \u00f3pera de<\/span> <span style=\"font-weight: 400;\">El Zorro<\/span> <span style=\"font-weight: 400;\">en Fort Worth en el<\/span> <span style=\"font-weight: 400;\">2020<\/span><span style=\"font-weight: 400;\">.<\/span><\/p><p><span style=\"font-weight: 400;\">\u00a0<\/span><\/p>\t\t\t\t\t\t<\/div>\n\t\t\t\t<\/div>\n\t\t\t\t\t<\/div>\n\t\t<\/div>\n\t\t\t\t\t\t\t<\/div>\n\t\t<\/section>\n\t\t\t\t\t\t\t<\/div>\n\t\t","protected":false},"excerpt":{"rendered":"<p>Guadalupe Paz Mezzosoprano Mezzo soprano mexicana graduada del Conservatorio de Vicenza, Italia. Recientemente debut\u00f3 en la \u00d3pera de San Diego y Fort Worth Opera Company en Texas.&nbsp; Se ha presentado en la \u00d3pera de Bellas Artes, en el Festival de \u00d3pera Rossini y en el concurso internacional de canto Toti dal Monte en Treviso, Italia. &hellip;<\/p>\n<p class=\"read-more\"> <a class=\"\" href=\"https:\/\/spintotalent.com\/es\/nuestros-artistas\/guadalupe-paz-mezzo-soprano\/\"> <span class=\"screen-reader-text\">Guadalupe Paz, Mezzo Soprano<\/span> Leer m\u00e1s &raquo;<\/a><\/p>\n","protected":false},"author":1,"featured_media":2208,"parent":848,"menu_order":0,"comment_status":"closed","ping_status":"closed","template":"","meta":{"_uag_custom_page_level_css":"","site-sidebar-layout":"no-sidebar","site-content-layout":"page-builder","ast-site-content-layout":"","site-content-style":"default","site-sidebar-style":"default","ast-global-header-display":"","ast-banner-title-visibility":"","ast-main-header-display":"","ast-hfb-above-header-display":"","ast-hfb-below-header-display":"","ast-hfb-mobile-header-display":"","site-post-title":"disabled","ast-breadcrumbs-content":"","ast-featured-img":"disabled","footer-sml-layout":"","theme-transparent-header-meta":"enabled","adv-header-id-meta":"","stick-header-meta":"default","header-above-stick-meta":"","header-main-stick-meta":"","header-below-stick-meta":"","astra-migrate-meta-layouts":"","ast-page-background-enabled":"default","ast-page-background-meta":{"desktop":{"background-color":"","background-image":"","background-repeat":"repeat","background-position":"center center","background-size":"auto","background-attachment":"scroll","background-type":"","background-media":"","overlay-type":"","overlay-color":"","overlay-gradient":""},"tablet":{"background-color":"","background-image":"","background-repeat":"repeat","background-position":"center center","background-size":"auto","background-attachment":"scroll","background-type":"","background-media":"","overlay-type":"","overlay-color":"","overlay-gradient":""},"mobile":{"background-color":"","background-image":"","background-repeat":"repeat","background-position":"center center","background-size":"auto","background-attachment":"scroll","background-type":"","background-media":"","overlay-type":"","overlay-color":"","overlay-gradient":""}},"ast-content-background-meta":{"desktop":{"background-color":"var(--ast-global-color-5)","background-image":"","background-repeat":"repeat","background-position":"center center","background-size":"auto","background-attachment":"scroll","background-type":"","background-media":"","overlay-type":"","overlay-color":"","overlay-gradient":""},"tablet":{"background-color":"var(--ast-global-color-5)","background-image":"","background-repeat":"repeat","background-position":"center center","background-size":"auto","background-attachment":"scroll","background-type":"","background-media":"","overlay-type":"","overlay-color":"","overlay-gradient":""},"mobile":{"background-color":"var(--ast-global-color-5)","background-image":"","background-repeat":"repeat","background-position":"center center","background-size":"auto","background-attachment":"scroll","background-type":"","background-media":"","overlay-type":"","overlay-color":"","overlay-gradient":""}},"footnotes":""},"uagb_featured_image_src":{"full":["https:\/\/spintotalent.com\/wp-content\/uploads\/2020\/01\/Guadalupe-Paz-Spinto-Talent.jpg",600,970,false],"thumbnail":["https:\/\/spintotalent.com\/wp-content\/uploads\/2020\/01\/Guadalupe-Paz-Spinto-Talent-300x300.jpg",300,300,true],"medium":["https:\/\/spintotalent.com\/wp-content\/uploads\/2020\/01\/Guadalupe-Paz-Spinto-Talent-495x800.jpg",495,800,true],"medium_large":["https:\/\/spintotalent.com\/wp-content\/uploads\/2020\/01\/Guadalupe-Paz-Spinto-Talent.jpg",600,970,false],"large":["https:\/\/spintotalent.com\/wp-content\/uploads\/2020\/01\/Guadalupe-Paz-Spinto-Talent.jpg",600,970,false],"1536x1536":["https:\/\/spintotalent.com\/wp-content\/uploads\/2020\/01\/Guadalupe-Paz-Spinto-Talent.jpg",600,970,false],"2048x2048":["https:\/\/spintotalent.com\/wp-content\/uploads\/2020\/01\/Guadalupe-Paz-Spinto-Talent.jpg",600,970,false]},"uagb_author_info":{"display_name":"fabrica","author_link":"https:\/\/spintotalent.com\/es\/author\/fabrica\/"},"uagb_comment_info":0,"uagb_excerpt":"Guadalupe Paz Mezzosoprano Mezzo soprano mexicana graduada del Conservatorio de Vicenza, Italia. Recientemente debut\u00f3 en la \u00d3pera de San Diego y Fort Worth Opera Company en Texas.&nbsp; Se ha presentado en la \u00d3pera de Bellas Artes, en el Festival de \u00d3pera Rossini y en el concurso internacional de canto Toti dal Monte en Treviso, Italia.&hellip;","_links":{"self":[{"href":"https:\/\/spintotalent.com\/es\/wp-json\/wp\/v2\/pages\/3729"}],"collection":[{"href":"https:\/\/spintotalent.com\/es\/wp-json\/wp\/v2\/pages"}],"about":[{"href":"https:\/\/spintotalent.com\/es\/wp-json\/wp\/v2\/types\/page"}],"author":[{"embeddable":true,"href":"https:\/\/spintotalent.com\/es\/wp-json\/wp\/v2\/users\/1"}],"replies":[{"embeddable":true,"href":"https:\/\/spintotalent.com\/es\/wp-json\/wp\/v2\/comments?post=3729"}],"version-history":[{"count":7,"href":"https:\/\/spintotalent.com\/es\/wp-json\/wp\/v2\/pages\/3729\/revisions"}],"predecessor-version":[{"id":5107,"href":"https:\/\/spintotalent.com\/es\/wp-json\/wp\/v2\/pages\/3729\/revisions\/5107"}],"up":[{"embeddable":true,"href":"https:\/\/spintotalent.com\/es\/wp-json\/wp\/v2\/pages\/848"}],"wp:featuredmedia":[{"embeddable":true,"href":"https:\/\/spintotalent.com\/es\/wp-json\/wp\/v2\/media\/2208"}],"wp:attachment":[{"href":"https:\/\/spintotalent.com\/es\/wp-json\/wp\/v2\/media?parent=3729"}],"curies":[{"name":"wp","href":"https:\/\/api.w.org\/{rel}","templated":true}]}}