{"id":3702,"date":"2020-06-22T15:58:28","date_gmt":"2020-06-22T20:58:28","guid":{"rendered":"https:\/\/spinto.com.mx\/?page_id=3702"},"modified":"2021-01-07T01:51:46","modified_gmt":"2021-01-07T07:51:46","slug":"jose-manuel-zapata-tenor-2","status":"publish","type":"page","link":"https:\/\/spintotalent.com\/es\/nuestros-artistas\/jose-manuel-zapata-tenor-2\/","title":{"rendered":"Jose Manuel Zapata, Tenor"},"content":{"rendered":"\t\t<div data-elementor-type=\"wp-post\" data-elementor-id=\"3702\" class=\"elementor elementor-3702\" data-elementor-post-type=\"page\">\n\t\t\t\t\t\t\t\t\t<section class=\"elementor-section elementor-top-section elementor-element elementor-element-9b664af elementor-section-height-min-height elementor-section-boxed elementor-section-height-default elementor-section-items-middle\" data-id=\"9b664af\" data-element_type=\"section\" data-settings=\"{&quot;background_background&quot;:&quot;classic&quot;,&quot;background_motion_fx_motion_fx_scrolling&quot;:&quot;yes&quot;,&quot;background_motion_fx_translateY_effect&quot;:&quot;yes&quot;,&quot;background_motion_fx_translateY_speed&quot;:{&quot;unit&quot;:&quot;px&quot;,&quot;size&quot;:4,&quot;sizes&quot;:[]},&quot;background_motion_fx_translateY_affectedRange&quot;:{&quot;unit&quot;:&quot;%&quot;,&quot;size&quot;:&quot;&quot;,&quot;sizes&quot;:{&quot;start&quot;:0,&quot;end&quot;:100}},&quot;background_motion_fx_devices&quot;:[&quot;desktop&quot;,&quot;tablet&quot;,&quot;mobile&quot;]}\">\n\t\t\t\t\t\t\t<div class=\"elementor-background-overlay\"><\/div>\n\t\t\t\t\t\t\t<div class=\"elementor-container elementor-column-gap-default\">\n\t\t\t\t\t<div class=\"elementor-column elementor-col-100 elementor-top-column elementor-element elementor-element-fde4123\" data-id=\"fde4123\" data-element_type=\"column\">\n\t\t\t<div class=\"elementor-widget-wrap\">\n\t\t\t\t\t\t\t\t\t<\/div>\n\t\t<\/div>\n\t\t\t\t\t\t\t<\/div>\n\t\t<\/section>\n\t\t\t\t<section class=\"elementor-section elementor-top-section elementor-element elementor-element-0907e96 elementor-reverse-mobile elementor-section-boxed elementor-section-height-default elementor-section-height-default\" data-id=\"0907e96\" data-element_type=\"section\" data-settings=\"{&quot;background_background&quot;:&quot;classic&quot;}\">\n\t\t\t\t\t\t<div class=\"elementor-container elementor-column-gap-default\">\n\t\t\t\t\t<div class=\"elementor-column elementor-col-50 elementor-top-column elementor-element elementor-element-f02f4a8\" data-id=\"f02f4a8\" data-element_type=\"column\" data-settings=\"{&quot;background_background&quot;:&quot;classic&quot;}\">\n\t\t\t<div class=\"elementor-widget-wrap elementor-element-populated\">\n\t\t\t\t\t\t\t\t<div class=\"elementor-element elementor-element-834c46f elementor-widget elementor-widget-image\" data-id=\"834c46f\" data-element_type=\"widget\" data-widget_type=\"image.default\">\n\t\t\t\t<div class=\"elementor-widget-container\">\n\t\t\t\t\t\t\t\t\t\t\t\t\t\t\t<img loading=\"lazy\" decoding=\"async\" width=\"600\" height=\"970\" src=\"https:\/\/spintotalent.com\/wp-content\/uploads\/2020\/01\/Spinto-Jose-Manuel-Zapata.jpg\" class=\"attachment-large size-large wp-image-2355\" alt=\"Spinto Jos\u00e9 Manuel Zapata, Tenor\" srcset=\"https:\/\/spintotalent.com\/wp-content\/uploads\/2020\/01\/Spinto-Jose-Manuel-Zapata.jpg 600w, https:\/\/spintotalent.com\/wp-content\/uploads\/2020\/01\/Spinto-Jose-Manuel-Zapata-495x800.jpg 495w\" sizes=\"(max-width: 600px) 100vw, 600px\" \/>\t\t\t\t\t\t\t\t\t\t\t\t\t\t\t<\/div>\n\t\t\t\t<\/div>\n\t\t\t\t\t<\/div>\n\t\t<\/div>\n\t\t\t\t<div class=\"elementor-column elementor-col-50 elementor-top-column elementor-element elementor-element-21c0a4a\" data-id=\"21c0a4a\" data-element_type=\"column\">\n\t\t\t<div class=\"elementor-widget-wrap elementor-element-populated\">\n\t\t\t\t\t\t\t\t<section class=\"elementor-section elementor-inner-section elementor-element elementor-element-ec57a89 elementor-section-content-bottom elementor-section-boxed elementor-section-height-default elementor-section-height-default\" data-id=\"ec57a89\" data-element_type=\"section\">\n\t\t\t\t\t\t<div class=\"elementor-container elementor-column-gap-default\">\n\t\t\t\t\t<div class=\"elementor-column elementor-col-100 elementor-inner-column elementor-element elementor-element-4e3f270\" data-id=\"4e3f270\" data-element_type=\"column\">\n\t\t\t<div class=\"elementor-widget-wrap elementor-element-populated\">\n\t\t\t\t\t\t\t\t<div class=\"elementor-element elementor-element-0ad1c35 elementor-widget elementor-widget-heading\" data-id=\"0ad1c35\" data-element_type=\"widget\" data-widget_type=\"heading.default\">\n\t\t\t\t<div class=\"elementor-widget-container\">\n\t\t\t<h2 class=\"elementor-heading-title elementor-size-default\">Jos\u00e9 Manuel Zapata<\/h2>\t\t<\/div>\n\t\t\t\t<\/div>\n\t\t\t\t<div class=\"elementor-element elementor-element-0f01a69 elementor-widget elementor-widget-heading\" data-id=\"0f01a69\" data-element_type=\"widget\" data-widget_type=\"heading.default\">\n\t\t\t\t<div class=\"elementor-widget-container\">\n\t\t\t<h2 class=\"elementor-heading-title elementor-size-default\">Tenor<\/h2>\t\t<\/div>\n\t\t\t\t<\/div>\n\t\t\t\t\t<\/div>\n\t\t<\/div>\n\t\t\t\t\t\t\t<\/div>\n\t\t<\/section>\n\t\t\t\t<div class=\"elementor-element elementor-element-fdcd25f elementor-widget-divider--view-line elementor-widget elementor-widget-divider\" data-id=\"fdcd25f\" data-element_type=\"widget\" data-widget_type=\"divider.default\">\n\t\t\t\t<div class=\"elementor-widget-container\">\n\t\t\t\t\t<div class=\"elementor-divider\">\n\t\t\t<span class=\"elementor-divider-separator\">\n\t\t\t\t\t\t<\/span>\n\t\t<\/div>\n\t\t\t\t<\/div>\n\t\t\t\t<\/div>\n\t\t\t\t<div class=\"elementor-element elementor-element-5b5f735 elementor-widget elementor-widget-text-editor\" data-id=\"5b5f735\" data-element_type=\"widget\" data-widget_type=\"text-editor.default\">\n\t\t\t\t<div class=\"elementor-widget-container\">\n\t\t\t\t\t\t\t<p><span style=\"font-weight: 400;\">Nacido en Granada el 31 de julio de 1973. Su relaci\u00f3n con la m\u00fasica empez\u00f3 desde su temprana edad, sin embargo con la m\u00fasica cl\u00e1sica no fue hasta sus 18 a\u00f1os de edad cuando fue invitado para formar parte de un coro ocasionando que se empe\u00f1ara en estudiar canto. Viaj\u00f3 a  Madrid para asistir a la Escuela de Canto, posteriormente form\u00f3 parte del coro de Valencia donde finalmente se instal\u00f3 y comenz\u00f3 su trayectoria musical.<\/span><\/p>\n\n<p><span style=\"font-weight: 400;\">Comenz\u00f3 su carrera como solista en el 2002 donde conoci\u00f3 a Alberto Zedda quien lo introdujo a Gioacchino Rossini. A partir de ese momento comenz\u00f3 una carrera \u201cRossiniana\u201d internacional debutando posteriormente en el MET de Nueva York. Asimismo, ha tenido actuaciones en otros recintos como Teatro Real de Madrid, Teatro del Liceo de Barcelona, Deutsche Oper de Berl\u00edn, Semper Oper de Dresden, Reggio Di Parma, Massimo de Palermo, Rossini Opera Festival, Th\u00e9\u00e2tre Chatelet y Champs Elys\u00e9es de Paris, Theater an der Wien, entre otros.<\/span><\/p>\n\n<p><span style=\"font-weight: 400;\">Ha cantado junto con grandes cantantes del mundo como Fl\u00f3rez, Arteta, Garan\u00e7a, Antonacci, Fleming, Brownlee, Podles, Blake y Di Donato; as\u00ed como con extraordinarios directores de orquesta como Zedda, L\u00f3pez-Cobos, Spinosi, Rousset, Pons, Frizza, Allemandi y Scimone.<\/span><\/p>\n\n<p><span style=\"font-weight: 400;\">Zapata ha grabado varias \u00f3peras y dos \u00e1lbumes llamados \u201cTango Mano a Mano\u201d y \u201cOperazza\u201d. Escribi\u00f3 y co-dirigi\u00f3: Op\u00e9rame, Los Divinos, El hombre que se llamaba Amadeus y Barrockeros. <\/span><\/p>\n\n\n<p><span style=\"font-weight: 400;\">Pr\u00f3ximamente tendr\u00e1 apariciones en el Liceo de Barcelona, Real, Teatro de la Zarzuela, el Concierto para Zapata y Orquesta, From Bach to Radiohead, etc.<\/span><\/p>\t\t\t\t\t\t<\/div>\n\t\t\t\t<\/div>\n\t\t\t\t\t<\/div>\n\t\t<\/div>\n\t\t\t\t\t\t\t<\/div>\n\t\t<\/section>\n\t\t\t\t\t\t\t<\/div>\n\t\t","protected":false},"excerpt":{"rendered":"<p>Jos\u00e9 Manuel Zapata Tenor Nacido en Granada el 31 de julio de 1973. Su relaci\u00f3n con la m\u00fasica empez\u00f3 desde su temprana edad, sin embargo con la m\u00fasica cl\u00e1sica no fue hasta sus 18 a\u00f1os de edad cuando fue invitado para formar parte de un coro ocasionando que se empe\u00f1ara en estudiar canto. Viaj\u00f3 a &hellip;<\/p>\n<p class=\"read-more\"> <a class=\"\" href=\"https:\/\/spintotalent.com\/es\/nuestros-artistas\/jose-manuel-zapata-tenor-2\/\"> <span class=\"screen-reader-text\">Jose Manuel Zapata, Tenor<\/span> Leer m\u00e1s &raquo;<\/a><\/p>\n","protected":false},"author":1,"featured_media":2354,"parent":848,"menu_order":0,"comment_status":"closed","ping_status":"closed","template":"","meta":{"_uag_custom_page_level_css":"","site-sidebar-layout":"no-sidebar","site-content-layout":"page-builder","ast-site-content-layout":"","site-content-style":"default","site-sidebar-style":"default","ast-global-header-display":"","ast-banner-title-visibility":"","ast-main-header-display":"","ast-hfb-above-header-display":"","ast-hfb-below-header-display":"","ast-hfb-mobile-header-display":"","site-post-title":"disabled","ast-breadcrumbs-content":"","ast-featured-img":"disabled","footer-sml-layout":"","theme-transparent-header-meta":"enabled","adv-header-id-meta":"","stick-header-meta":"default","header-above-stick-meta":"","header-main-stick-meta":"","header-below-stick-meta":"","astra-migrate-meta-layouts":"","ast-page-background-enabled":"default","ast-page-background-meta":{"desktop":{"background-color":"","background-image":"","background-repeat":"repeat","background-position":"center center","background-size":"auto","background-attachment":"scroll","background-type":"","background-media":"","overlay-type":"","overlay-color":"","overlay-gradient":""},"tablet":{"background-color":"","background-image":"","background-repeat":"repeat","background-position":"center center","background-size":"auto","background-attachment":"scroll","background-type":"","background-media":"","overlay-type":"","overlay-color":"","overlay-gradient":""},"mobile":{"background-color":"","background-image":"","background-repeat":"repeat","background-position":"center center","background-size":"auto","background-attachment":"scroll","background-type":"","background-media":"","overlay-type":"","overlay-color":"","overlay-gradient":""}},"ast-content-background-meta":{"desktop":{"background-color":"var(--ast-global-color-5)","background-image":"","background-repeat":"repeat","background-position":"center center","background-size":"auto","background-attachment":"scroll","background-type":"","background-media":"","overlay-type":"","overlay-color":"","overlay-gradient":""},"tablet":{"background-color":"var(--ast-global-color-5)","background-image":"","background-repeat":"repeat","background-position":"center center","background-size":"auto","background-attachment":"scroll","background-type":"","background-media":"","overlay-type":"","overlay-color":"","overlay-gradient":""},"mobile":{"background-color":"var(--ast-global-color-5)","background-image":"","background-repeat":"repeat","background-position":"center center","background-size":"auto","background-attachment":"scroll","background-type":"","background-media":"","overlay-type":"","overlay-color":"","overlay-gradient":""}},"footnotes":""},"uagb_featured_image_src":{"full":["https:\/\/spintotalent.com\/wp-content\/uploads\/2020\/01\/Spinto-Jose-Manuel-Zapata-495x800-1-e1580315034164.jpg",205,331,false],"thumbnail":["https:\/\/spintotalent.com\/wp-content\/uploads\/2020\/01\/Spinto-Jose-Manuel-Zapata-495x800-1-e1580315034164-205x300.jpg",205,300,true],"medium":["https:\/\/spintotalent.com\/wp-content\/uploads\/2020\/01\/Spinto-Jose-Manuel-Zapata-495x800-1-e1580315034164.jpg",205,331,false],"medium_large":["https:\/\/spintotalent.com\/wp-content\/uploads\/2020\/01\/Spinto-Jose-Manuel-Zapata-495x800-1-e1580315034164.jpg",205,331,false],"large":["https:\/\/spintotalent.com\/wp-content\/uploads\/2020\/01\/Spinto-Jose-Manuel-Zapata-495x800-1-e1580315034164.jpg",205,331,false],"1536x1536":["https:\/\/spintotalent.com\/wp-content\/uploads\/2020\/01\/Spinto-Jose-Manuel-Zapata-495x800-1-e1580315034164.jpg",205,331,false],"2048x2048":["https:\/\/spintotalent.com\/wp-content\/uploads\/2020\/01\/Spinto-Jose-Manuel-Zapata-495x800-1-e1580315034164.jpg",205,331,false]},"uagb_author_info":{"display_name":"fabrica","author_link":"https:\/\/spintotalent.com\/es\/author\/fabrica\/"},"uagb_comment_info":0,"uagb_excerpt":"Jos\u00e9 Manuel Zapata Tenor Nacido en Granada el 31 de julio de 1973. Su relaci\u00f3n con la m\u00fasica empez\u00f3 desde su temprana edad, sin embargo con la m\u00fasica cl\u00e1sica no fue hasta sus 18 a\u00f1os de edad cuando fue invitado para formar parte de un coro ocasionando que se empe\u00f1ara en estudiar canto. Viaj\u00f3 a&hellip;","_links":{"self":[{"href":"https:\/\/spintotalent.com\/es\/wp-json\/wp\/v2\/pages\/3702"}],"collection":[{"href":"https:\/\/spintotalent.com\/es\/wp-json\/wp\/v2\/pages"}],"about":[{"href":"https:\/\/spintotalent.com\/es\/wp-json\/wp\/v2\/types\/page"}],"author":[{"embeddable":true,"href":"https:\/\/spintotalent.com\/es\/wp-json\/wp\/v2\/users\/1"}],"replies":[{"embeddable":true,"href":"https:\/\/spintotalent.com\/es\/wp-json\/wp\/v2\/comments?post=3702"}],"version-history":[{"count":7,"href":"https:\/\/spintotalent.com\/es\/wp-json\/wp\/v2\/pages\/3702\/revisions"}],"predecessor-version":[{"id":5094,"href":"https:\/\/spintotalent.com\/es\/wp-json\/wp\/v2\/pages\/3702\/revisions\/5094"}],"up":[{"embeddable":true,"href":"https:\/\/spintotalent.com\/es\/wp-json\/wp\/v2\/pages\/848"}],"wp:featuredmedia":[{"embeddable":true,"href":"https:\/\/spintotalent.com\/es\/wp-json\/wp\/v2\/media\/2354"}],"wp:attachment":[{"href":"https:\/\/spintotalent.com\/es\/wp-json\/wp\/v2\/media?parent=3702"}],"curies":[{"name":"wp","href":"https:\/\/api.w.org\/{rel}","templated":true}]}}