{"id":3690,"date":"2020-06-22T15:41:34","date_gmt":"2020-06-22T20:41:34","guid":{"rendered":"https:\/\/spinto.com.mx\/?page_id=3690"},"modified":"2021-01-15T13:25:37","modified_gmt":"2021-01-15T19:25:37","slug":"laura-sheerin-soprano","status":"publish","type":"page","link":"https:\/\/spintotalent.com\/es\/nuestros-artistas\/laura-sheerin-soprano\/","title":{"rendered":"Laura Sheerin, Soprano"},"content":{"rendered":"\t\t<div data-elementor-type=\"wp-post\" data-elementor-id=\"3690\" class=\"elementor elementor-3690\" data-elementor-post-type=\"page\">\n\t\t\t\t\t\t\t\t\t<section class=\"elementor-section elementor-top-section elementor-element elementor-element-9b664af elementor-section-height-min-height elementor-section-boxed elementor-section-height-default elementor-section-items-middle\" data-id=\"9b664af\" data-element_type=\"section\" data-settings=\"{&quot;background_background&quot;:&quot;classic&quot;,&quot;background_motion_fx_motion_fx_scrolling&quot;:&quot;yes&quot;,&quot;background_motion_fx_translateY_effect&quot;:&quot;yes&quot;,&quot;background_motion_fx_translateY_speed&quot;:{&quot;unit&quot;:&quot;px&quot;,&quot;size&quot;:4,&quot;sizes&quot;:[]},&quot;background_motion_fx_translateY_affectedRange&quot;:{&quot;unit&quot;:&quot;%&quot;,&quot;size&quot;:&quot;&quot;,&quot;sizes&quot;:{&quot;start&quot;:0,&quot;end&quot;:100}},&quot;background_motion_fx_devices&quot;:[&quot;desktop&quot;,&quot;tablet&quot;,&quot;mobile&quot;]}\">\n\t\t\t\t\t\t\t<div class=\"elementor-background-overlay\"><\/div>\n\t\t\t\t\t\t\t<div class=\"elementor-container elementor-column-gap-default\">\n\t\t\t\t\t<div class=\"elementor-column elementor-col-100 elementor-top-column elementor-element elementor-element-fde4123\" data-id=\"fde4123\" data-element_type=\"column\">\n\t\t\t<div class=\"elementor-widget-wrap\">\n\t\t\t\t\t\t\t\t\t<\/div>\n\t\t<\/div>\n\t\t\t\t\t\t\t<\/div>\n\t\t<\/section>\n\t\t\t\t<section class=\"elementor-section elementor-top-section elementor-element elementor-element-5f1f028 elementor-reverse-mobile elementor-section-boxed elementor-section-height-default elementor-section-height-default\" data-id=\"5f1f028\" data-element_type=\"section\" data-settings=\"{&quot;background_background&quot;:&quot;classic&quot;}\">\n\t\t\t\t\t\t<div class=\"elementor-container elementor-column-gap-default\">\n\t\t\t\t\t<div class=\"elementor-column elementor-col-50 elementor-top-column elementor-element elementor-element-2361bcd\" data-id=\"2361bcd\" data-element_type=\"column\" data-settings=\"{&quot;background_background&quot;:&quot;classic&quot;}\">\n\t\t\t<div class=\"elementor-widget-wrap elementor-element-populated\">\n\t\t\t\t\t\t\t\t<div class=\"elementor-element elementor-element-0b4374e elementor-widget elementor-widget-image\" data-id=\"0b4374e\" data-element_type=\"widget\" data-widget_type=\"image.default\">\n\t\t\t\t<div class=\"elementor-widget-container\">\n\t\t\t\t\t\t\t\t\t\t\t\t\t\t\t<img loading=\"lazy\" decoding=\"async\" width=\"550\" height=\"800\" src=\"https:\/\/spintotalent.com\/wp-content\/uploads\/2020\/06\/Laura-Sheerin-Spinto-Talent.jpg\" class=\"attachment-large size-large wp-image-3924\" alt=\"\" \/>\t\t\t\t\t\t\t\t\t\t\t\t\t\t\t<\/div>\n\t\t\t\t<\/div>\n\t\t\t\t\t<\/div>\n\t\t<\/div>\n\t\t\t\t<div class=\"elementor-column elementor-col-50 elementor-top-column elementor-element elementor-element-743f2cb\" data-id=\"743f2cb\" data-element_type=\"column\">\n\t\t\t<div class=\"elementor-widget-wrap elementor-element-populated\">\n\t\t\t\t\t\t\t\t<section class=\"elementor-section elementor-inner-section elementor-element elementor-element-ec20fb2 elementor-section-content-bottom elementor-section-boxed elementor-section-height-default elementor-section-height-default\" data-id=\"ec20fb2\" data-element_type=\"section\">\n\t\t\t\t\t\t<div class=\"elementor-container elementor-column-gap-default\">\n\t\t\t\t\t<div class=\"elementor-column elementor-col-100 elementor-inner-column elementor-element elementor-element-92fc021\" data-id=\"92fc021\" data-element_type=\"column\">\n\t\t\t<div class=\"elementor-widget-wrap elementor-element-populated\">\n\t\t\t\t\t\t\t\t<div class=\"elementor-element elementor-element-e135dd3 elementor-widget elementor-widget-heading\" data-id=\"e135dd3\" data-element_type=\"widget\" data-widget_type=\"heading.default\">\n\t\t\t\t<div class=\"elementor-widget-container\">\n\t\t\t<h2 class=\"elementor-heading-title elementor-size-default\">Laura Sheerin<\/h2>\t\t<\/div>\n\t\t\t\t<\/div>\n\t\t\t\t<div class=\"elementor-element elementor-element-72f8620 elementor-widget elementor-widget-heading\" data-id=\"72f8620\" data-element_type=\"widget\" data-widget_type=\"heading.default\">\n\t\t\t\t<div class=\"elementor-widget-container\">\n\t\t\t<h2 class=\"elementor-heading-title elementor-size-default\">Soprano<\/h2>\t\t<\/div>\n\t\t\t\t<\/div>\n\t\t\t\t\t<\/div>\n\t\t<\/div>\n\t\t\t\t\t\t\t<\/div>\n\t\t<\/section>\n\t\t\t\t<div class=\"elementor-element elementor-element-f7c554c elementor-widget-divider--view-line elementor-widget elementor-widget-divider\" data-id=\"f7c554c\" data-element_type=\"widget\" data-widget_type=\"divider.default\">\n\t\t\t\t<div class=\"elementor-widget-container\">\n\t\t\t\t\t<div class=\"elementor-divider\">\n\t\t\t<span class=\"elementor-divider-separator\">\n\t\t\t\t\t\t<\/span>\n\t\t<\/div>\n\t\t\t\t<\/div>\n\t\t\t\t<\/div>\n\t\t\t\t<div class=\"elementor-element elementor-element-a793e24 elementor-widget elementor-widget-text-editor\" data-id=\"a793e24\" data-element_type=\"widget\" data-widget_type=\"text-editor.default\">\n\t\t\t\t<div class=\"elementor-widget-container\">\n\t\t\t\t\t\t\t<p><span style=\"font-weight: 400;\">La soprano naci\u00f3 en Derry, Irlanda y obtuvo su licenciatura y maestr\u00eda en actuaci\u00f3n del Royal Northern College of Music en Manchester. Recibi\u00f3 el Premio de la Plataforma de J\u00f3venes M\u00fasicos del Consejo de las Artes de Irlanda del Norte y la BBC para 2013-15. Tuvo una beca de Headley Trust 2010\/11 y la beca Vocal Yamaha 2009\/10. Ha interpretado papeles como Mica\u00ebla (Carmen), Manon (Manon), Mim\u00ec (La Boh\u00e8me), Vespina (L&#8217;infedelt\u00e0 delusa), Dew Fairy (Hansel y Gretel) NI Opera, Venus (Orpheus in the Underworld), entre otros. Laura est\u00e1 bajo la gu\u00eda de la soprano de renombre mundial, Nelly Miricioiu en la Royal Opera House.<\/span><\/p>\n\n<p><span style=\"font-weight: 400;\">Laura ha estrenado el papel de Zerlina (Madame X) en el Festival Grimeborne y el papel de Marie (Le gateau d&#8217;anniversaire) en la Sala Purcell, Southbank Centre. Tambi\u00e9n cant\u00f3 bajo la batuta del Maestro Pl\u00e1cido Domingo en \u00abSu Majestad la Zarzuela\u00bb. Posteriormente interpret\u00f3 el papel de Mim\u00ec (La Boh\u00e8me) con la Orquesta Filarm\u00f3nica de Zapopan, en el nuevo Teatro Pl\u00e1cido Domingo en Guadalajara, as\u00ed como bajo la direcci\u00f3n de Joshua Mayor y Joan Dornemann de la Metropolitan Opera House.<\/span><\/p>\n\n<p><span style=\"font-weight: 400;\">Ha participado en conciertos con la Orquesta Ulster y BBC Radio, Orquesta Sinf\u00f3nica, Camerata de Coahuila, Quercus Ensemble en el City of London Festival y St John&#8217;s Smith Square, el Requiem de Mozart, el Mes\u00edas de Handel y la Pasi\u00f3n de San Juan de Bach con el Coro y la Orquesta Chiswick, Vier letzte Lieder de Strauss con la Orquesta Sinf\u00f3nica de Sheffield. Laura ha cantado regularmente en varios programas de la Radio BBC, incluyendo Sounds Classical and Classical Connections, y como solista en programas de televisi\u00f3n del Reino Unido. Durante el verano 2019, Laura grab\u00f3 el papel de Marguerite (Faust) con la Orquesta Sinf\u00f3nica Nacional de Londres.<\/span><\/p>\n\n<p><span style=\"font-weight: 400;\">En la presente temporada, Laura interpretar\u00e1 los papeles de Marguerite (Faust) y Violetta Val\u00e9ry (La Traviata). En el 2020, Laura aparecer\u00e1 como Marguerite (Faust) en la nueva serie de HBO, The Nevers dirigida por Joss Whedon.<\/span><\/p>\t\t\t\t\t\t<\/div>\n\t\t\t\t<\/div>\n\t\t\t\t\t<\/div>\n\t\t<\/div>\n\t\t\t\t\t\t\t<\/div>\n\t\t<\/section>\n\t\t\t\t\t\t\t<\/div>\n\t\t","protected":false},"excerpt":{"rendered":"<p>Laura Sheerin Soprano La soprano naci\u00f3 en Derry, Irlanda y obtuvo su licenciatura y maestr\u00eda en actuaci\u00f3n del Royal Northern College of Music en Manchester. Recibi\u00f3 el Premio de la Plataforma de J\u00f3venes M\u00fasicos del Consejo de las Artes de Irlanda del Norte y la BBC para 2013-15. Tuvo una beca de Headley Trust 2010\/11 &hellip;<\/p>\n<p class=\"read-more\"> <a class=\"\" href=\"https:\/\/spintotalent.com\/es\/nuestros-artistas\/laura-sheerin-soprano\/\"> <span class=\"screen-reader-text\">Laura Sheerin, Soprano<\/span> Leer m\u00e1s &raquo;<\/a><\/p>\n","protected":false},"author":1,"featured_media":2309,"parent":848,"menu_order":0,"comment_status":"closed","ping_status":"closed","template":"","meta":{"_uag_custom_page_level_css":"","site-sidebar-layout":"no-sidebar","site-content-layout":"page-builder","ast-site-content-layout":"","site-content-style":"default","site-sidebar-style":"default","ast-global-header-display":"","ast-banner-title-visibility":"","ast-main-header-display":"","ast-hfb-above-header-display":"","ast-hfb-below-header-display":"","ast-hfb-mobile-header-display":"","site-post-title":"disabled","ast-breadcrumbs-content":"","ast-featured-img":"disabled","footer-sml-layout":"","theme-transparent-header-meta":"enabled","adv-header-id-meta":"","stick-header-meta":"default","header-above-stick-meta":"","header-main-stick-meta":"","header-below-stick-meta":"","astra-migrate-meta-layouts":"","ast-page-background-enabled":"default","ast-page-background-meta":{"desktop":{"background-color":"","background-image":"","background-repeat":"repeat","background-position":"center center","background-size":"auto","background-attachment":"scroll","background-type":"","background-media":"","overlay-type":"","overlay-color":"","overlay-gradient":""},"tablet":{"background-color":"","background-image":"","background-repeat":"repeat","background-position":"center center","background-size":"auto","background-attachment":"scroll","background-type":"","background-media":"","overlay-type":"","overlay-color":"","overlay-gradient":""},"mobile":{"background-color":"","background-image":"","background-repeat":"repeat","background-position":"center center","background-size":"auto","background-attachment":"scroll","background-type":"","background-media":"","overlay-type":"","overlay-color":"","overlay-gradient":""}},"ast-content-background-meta":{"desktop":{"background-color":"var(--ast-global-color-5)","background-image":"","background-repeat":"repeat","background-position":"center center","background-size":"auto","background-attachment":"scroll","background-type":"","background-media":"","overlay-type":"","overlay-color":"","overlay-gradient":""},"tablet":{"background-color":"var(--ast-global-color-5)","background-image":"","background-repeat":"repeat","background-position":"center center","background-size":"auto","background-attachment":"scroll","background-type":"","background-media":"","overlay-type":"","overlay-color":"","overlay-gradient":""},"mobile":{"background-color":"var(--ast-global-color-5)","background-image":"","background-repeat":"repeat","background-position":"center center","background-size":"auto","background-attachment":"scroll","background-type":"","background-media":"","overlay-type":"","overlay-color":"","overlay-gradient":""}},"footnotes":""},"uagb_featured_image_src":{"full":["https:\/\/spintotalent.com\/wp-content\/uploads\/2020\/01\/Spinto-Laura-Sheerin-e1580314677335.jpg",205,331,false],"thumbnail":["https:\/\/spintotalent.com\/wp-content\/uploads\/2020\/01\/Spinto-Laura-Sheerin-e1580314677335-205x300.jpg",205,300,true],"medium":["https:\/\/spintotalent.com\/wp-content\/uploads\/2020\/01\/Spinto-Laura-Sheerin-e1580314677335.jpg",205,331,false],"medium_large":["https:\/\/spintotalent.com\/wp-content\/uploads\/2020\/01\/Spinto-Laura-Sheerin-e1580314677335.jpg",205,331,false],"large":["https:\/\/spintotalent.com\/wp-content\/uploads\/2020\/01\/Spinto-Laura-Sheerin-e1580314677335.jpg",205,331,false],"1536x1536":["https:\/\/spintotalent.com\/wp-content\/uploads\/2020\/01\/Spinto-Laura-Sheerin-e1580314677335.jpg",205,331,false],"2048x2048":["https:\/\/spintotalent.com\/wp-content\/uploads\/2020\/01\/Spinto-Laura-Sheerin-e1580314677335.jpg",205,331,false]},"uagb_author_info":{"display_name":"fabrica","author_link":"https:\/\/spintotalent.com\/es\/author\/fabrica\/"},"uagb_comment_info":0,"uagb_excerpt":"Laura Sheerin Soprano La soprano naci\u00f3 en Derry, Irlanda y obtuvo su licenciatura y maestr\u00eda en actuaci\u00f3n del Royal Northern College of Music en Manchester. Recibi\u00f3 el Premio de la Plataforma de J\u00f3venes M\u00fasicos del Consejo de las Artes de Irlanda del Norte y la BBC para 2013-15. Tuvo una beca de Headley Trust 2010\/11&hellip;","_links":{"self":[{"href":"https:\/\/spintotalent.com\/es\/wp-json\/wp\/v2\/pages\/3690"}],"collection":[{"href":"https:\/\/spintotalent.com\/es\/wp-json\/wp\/v2\/pages"}],"about":[{"href":"https:\/\/spintotalent.com\/es\/wp-json\/wp\/v2\/types\/page"}],"author":[{"embeddable":true,"href":"https:\/\/spintotalent.com\/es\/wp-json\/wp\/v2\/users\/1"}],"replies":[{"embeddable":true,"href":"https:\/\/spintotalent.com\/es\/wp-json\/wp\/v2\/comments?post=3690"}],"version-history":[{"count":10,"href":"https:\/\/spintotalent.com\/es\/wp-json\/wp\/v2\/pages\/3690\/revisions"}],"predecessor-version":[{"id":5087,"href":"https:\/\/spintotalent.com\/es\/wp-json\/wp\/v2\/pages\/3690\/revisions\/5087"}],"up":[{"embeddable":true,"href":"https:\/\/spintotalent.com\/es\/wp-json\/wp\/v2\/pages\/848"}],"wp:featuredmedia":[{"embeddable":true,"href":"https:\/\/spintotalent.com\/es\/wp-json\/wp\/v2\/media\/2309"}],"wp:attachment":[{"href":"https:\/\/spintotalent.com\/es\/wp-json\/wp\/v2\/media?parent=3690"}],"curies":[{"name":"wp","href":"https:\/\/api.w.org\/{rel}","templated":true}]}}