{"id":3672,"date":"2020-06-22T14:57:14","date_gmt":"2020-06-22T19:57:14","guid":{"rendered":"https:\/\/spinto.com.mx\/?page_id=3672"},"modified":"2021-01-07T02:12:00","modified_gmt":"2021-01-07T08:12:00","slug":"cassandra-velasco-mezzo-soprano","status":"publish","type":"page","link":"https:\/\/spintotalent.com\/es\/nuestros-artistas\/cassandra-velasco-mezzo-soprano\/","title":{"rendered":"Cassandra Velasco, Mezzo Soprano"},"content":{"rendered":"\t\t<div data-elementor-type=\"wp-post\" data-elementor-id=\"3672\" class=\"elementor elementor-3672\" data-elementor-post-type=\"page\">\n\t\t\t\t\t\t\t\t\t<section class=\"elementor-section elementor-top-section elementor-element elementor-element-9b664af elementor-section-height-min-height elementor-section-boxed elementor-section-height-default elementor-section-items-middle\" data-id=\"9b664af\" data-element_type=\"section\" data-settings=\"{&quot;background_background&quot;:&quot;classic&quot;,&quot;background_motion_fx_motion_fx_scrolling&quot;:&quot;yes&quot;,&quot;background_motion_fx_translateY_effect&quot;:&quot;yes&quot;,&quot;background_motion_fx_translateY_speed&quot;:{&quot;unit&quot;:&quot;px&quot;,&quot;size&quot;:4,&quot;sizes&quot;:[]},&quot;background_motion_fx_translateY_affectedRange&quot;:{&quot;unit&quot;:&quot;%&quot;,&quot;size&quot;:&quot;&quot;,&quot;sizes&quot;:{&quot;start&quot;:0,&quot;end&quot;:100}},&quot;background_motion_fx_devices&quot;:[&quot;desktop&quot;,&quot;tablet&quot;,&quot;mobile&quot;]}\">\n\t\t\t\t\t\t\t<div class=\"elementor-background-overlay\"><\/div>\n\t\t\t\t\t\t\t<div class=\"elementor-container elementor-column-gap-default\">\n\t\t\t\t\t<div class=\"elementor-column elementor-col-100 elementor-top-column elementor-element elementor-element-fde4123\" data-id=\"fde4123\" data-element_type=\"column\">\n\t\t\t<div class=\"elementor-widget-wrap\">\n\t\t\t\t\t\t\t\t\t<\/div>\n\t\t<\/div>\n\t\t\t\t\t\t\t<\/div>\n\t\t<\/section>\n\t\t\t\t<section class=\"elementor-section elementor-top-section elementor-element elementor-element-176cbeb elementor-reverse-mobile elementor-section-boxed elementor-section-height-default elementor-section-height-default\" data-id=\"176cbeb\" data-element_type=\"section\" data-settings=\"{&quot;background_background&quot;:&quot;classic&quot;}\">\n\t\t\t\t\t\t<div class=\"elementor-container elementor-column-gap-default\">\n\t\t\t\t\t<div class=\"elementor-column elementor-col-50 elementor-top-column elementor-element elementor-element-ba219cc\" data-id=\"ba219cc\" data-element_type=\"column\" data-settings=\"{&quot;background_background&quot;:&quot;classic&quot;}\">\n\t\t\t<div class=\"elementor-widget-wrap elementor-element-populated\">\n\t\t\t\t\t\t\t\t<div class=\"elementor-element elementor-element-9a159c6 elementor-widget elementor-widget-image\" data-id=\"9a159c6\" data-element_type=\"widget\" data-widget_type=\"image.default\">\n\t\t\t\t<div class=\"elementor-widget-container\">\n\t\t\t\t\t\t\t\t\t\t\t\t\t\t\t<img loading=\"lazy\" decoding=\"async\" width=\"495\" height=\"800\" src=\"https:\/\/spintotalent.com\/wp-content\/uploads\/2020\/01\/Spinto-Talent-Cassandra-Velasco-495x800-1.jpg\" class=\"attachment-large size-large wp-image-2366\" alt=\"\" \/>\t\t\t\t\t\t\t\t\t\t\t\t\t\t\t<\/div>\n\t\t\t\t<\/div>\n\t\t\t\t\t<\/div>\n\t\t<\/div>\n\t\t\t\t<div class=\"elementor-column elementor-col-50 elementor-top-column elementor-element elementor-element-21c8e80\" data-id=\"21c8e80\" data-element_type=\"column\">\n\t\t\t<div class=\"elementor-widget-wrap elementor-element-populated\">\n\t\t\t\t\t\t\t\t<section class=\"elementor-section elementor-inner-section elementor-element elementor-element-894b866 elementor-section-content-bottom elementor-section-boxed elementor-section-height-default elementor-section-height-default\" data-id=\"894b866\" data-element_type=\"section\">\n\t\t\t\t\t\t<div class=\"elementor-container elementor-column-gap-default\">\n\t\t\t\t\t<div class=\"elementor-column elementor-col-100 elementor-inner-column elementor-element elementor-element-d7a99cf\" data-id=\"d7a99cf\" data-element_type=\"column\">\n\t\t\t<div class=\"elementor-widget-wrap elementor-element-populated\">\n\t\t\t\t\t\t\t\t<div class=\"elementor-element elementor-element-0536b8b elementor-widget elementor-widget-heading\" data-id=\"0536b8b\" data-element_type=\"widget\" data-widget_type=\"heading.default\">\n\t\t\t\t<div class=\"elementor-widget-container\">\n\t\t\t<h2 class=\"elementor-heading-title elementor-size-default\">Cassandra Velasco<\/h2>\t\t<\/div>\n\t\t\t\t<\/div>\n\t\t\t\t<div class=\"elementor-element elementor-element-f136f04 elementor-widget elementor-widget-heading\" data-id=\"f136f04\" data-element_type=\"widget\" data-widget_type=\"heading.default\">\n\t\t\t\t<div class=\"elementor-widget-container\">\n\t\t\t<h2 class=\"elementor-heading-title elementor-size-default\">Mezzo Soprano<\/h2>\t\t<\/div>\n\t\t\t\t<\/div>\n\t\t\t\t\t<\/div>\n\t\t<\/div>\n\t\t\t\t\t\t\t<\/div>\n\t\t<\/section>\n\t\t\t\t<div class=\"elementor-element elementor-element-17c7efc elementor-widget-divider--view-line elementor-widget elementor-widget-divider\" data-id=\"17c7efc\" data-element_type=\"widget\" data-widget_type=\"divider.default\">\n\t\t\t\t<div class=\"elementor-widget-container\">\n\t\t\t\t\t<div class=\"elementor-divider\">\n\t\t\t<span class=\"elementor-divider-separator\">\n\t\t\t\t\t\t<\/span>\n\t\t<\/div>\n\t\t\t\t<\/div>\n\t\t\t\t<\/div>\n\t\t\t\t<div class=\"elementor-element elementor-element-f29e0e2 elementor-widget elementor-widget-text-editor\" data-id=\"f29e0e2\" data-element_type=\"widget\" data-widget_type=\"text-editor.default\">\n\t\t\t\t<div class=\"elementor-widget-container\">\n\t\t\t\t\t\t\t<div>Mezzo soprano nacida en M\u00e9xico y graduada de Domingo-Colburn-Stein Young Artist Program de la \u00d3pera de Los \u00c1ngeles. Ha recibido varios premios como el Concurso Nacional de Canto Carlo Morelli, Premio Maria Callas, Premio de la \u00d3pera de Bellas Artes,  el Domingo-Embil Zarzuela, Concurso Nacional de Voces J\u00f3venes en Bel Canto, entre otros.<\/div>\n\n<div>En el 2015 hizo su debut en el MET posicion\u00e1ndose como la cantante de \u00f3pera mexicana m\u00e1s joven en debutar con la compa\u00f1\u00eda y regresando los a\u00f1os siguientes hasta el 2020. <\/div>\n\n<div>Cassandra ha compartido escenario con Pl\u00e1cido Domingo y se ha presentado en varias casas de \u00f3pera alrededor del mundo. Algunos de sus roles incluyen Cenerentola en La Cenerentola de Rossini, Isabella en Italiana in Algeri, Rosina en Il Barbiere di Siviglia, Isolier en Le Comte Ory, Lucilla en La Scala di Seta, Ernestina en L\u2019Ocassione fa i Ladro.<\/div>\n\n<div>Otros roles son Charlotte en Werther de Massenet, Cherubino en Le nozze di Figaro de Mozart y Dorabella en Cosi fan tutte. Ha debutado tambi\u00e9n en Carnegie Hall cantando Mozart\u2019s Mass en C menor, Tamiri de Vivaldi Farnace en el Festival Spoleto, debut\u00f3 en la Opera de Nueva York en Cruzar La Cara de Luna al igual que cinco a\u00f1os consecutivos de contrato con el MET.<div>\n\n<div>Durante el 2014-2015 tambi\u00e9n debut\u00f3 en la \u00d3pera de Los \u00c1ngeles como Mercedes en Carmen de Bizet, Segunda Dama en Die Zauberfl\u00f6te de Mozart, Myrtale en Tha\u00efs de Massenet, compartiendo escenario con Pl\u00e1cido Domingo y el estreno mundial de Jon\u00e1s y la Ballena.<\/div>\n\n<div>Sus m\u00e1s recientes presentaciones incluyen producciones como Madame Butterfly, Simon Boccanegra, Rusalka, Idomeneo, The Merry Widow (2018), Suor Angelica (2018) y Iolanta. Regresar\u00e1 para la temporada 2019\/2020 como Nerone en Agrippina y Cenerentola en La Cenerentola.<\/div>\t\t\t\t\t\t<\/div>\n\t\t\t\t<\/div>\n\t\t\t\t\t<\/div>\n\t\t<\/div>\n\t\t\t\t\t\t\t<\/div>\n\t\t<\/section>\n\t\t\t\t\t\t\t<\/div>\n\t\t","protected":false},"excerpt":{"rendered":"<p>Cassandra Velasco Mezzo Soprano Mezzo soprano nacida en M\u00e9xico y graduada de Domingo-Colburn-Stein Young Artist Program de la \u00d3pera de Los \u00c1ngeles. Ha recibido varios premios como el Concurso Nacional de Canto Carlo Morelli, Premio Maria Callas, Premio de la \u00d3pera de Bellas Artes, el Domingo-Embil Zarzuela, Concurso Nacional de Voces J\u00f3venes en Bel Canto, &hellip;<\/p>\n<p class=\"read-more\"> <a class=\"\" href=\"https:\/\/spintotalent.com\/es\/nuestros-artistas\/cassandra-velasco-mezzo-soprano\/\"> <span class=\"screen-reader-text\">Cassandra Velasco, Mezzo Soprano<\/span> Leer m\u00e1s &raquo;<\/a><\/p>\n","protected":false},"author":1,"featured_media":2366,"parent":848,"menu_order":0,"comment_status":"closed","ping_status":"closed","template":"","meta":{"_uag_custom_page_level_css":"","site-sidebar-layout":"no-sidebar","site-content-layout":"page-builder","ast-site-content-layout":"","site-content-style":"default","site-sidebar-style":"default","ast-global-header-display":"","ast-banner-title-visibility":"","ast-main-header-display":"","ast-hfb-above-header-display":"","ast-hfb-below-header-display":"","ast-hfb-mobile-header-display":"","site-post-title":"disabled","ast-breadcrumbs-content":"","ast-featured-img":"disabled","footer-sml-layout":"","theme-transparent-header-meta":"enabled","adv-header-id-meta":"","stick-header-meta":"default","header-above-stick-meta":"","header-main-stick-meta":"","header-below-stick-meta":"","astra-migrate-meta-layouts":"","ast-page-background-enabled":"default","ast-page-background-meta":{"desktop":{"background-color":"","background-image":"","background-repeat":"repeat","background-position":"center center","background-size":"auto","background-attachment":"scroll","background-type":"","background-media":"","overlay-type":"","overlay-color":"","overlay-gradient":""},"tablet":{"background-color":"","background-image":"","background-repeat":"repeat","background-position":"center center","background-size":"auto","background-attachment":"scroll","background-type":"","background-media":"","overlay-type":"","overlay-color":"","overlay-gradient":""},"mobile":{"background-color":"","background-image":"","background-repeat":"repeat","background-position":"center center","background-size":"auto","background-attachment":"scroll","background-type":"","background-media":"","overlay-type":"","overlay-color":"","overlay-gradient":""}},"ast-content-background-meta":{"desktop":{"background-color":"var(--ast-global-color-5)","background-image":"","background-repeat":"repeat","background-position":"center center","background-size":"auto","background-attachment":"scroll","background-type":"","background-media":"","overlay-type":"","overlay-color":"","overlay-gradient":""},"tablet":{"background-color":"var(--ast-global-color-5)","background-image":"","background-repeat":"repeat","background-position":"center center","background-size":"auto","background-attachment":"scroll","background-type":"","background-media":"","overlay-type":"","overlay-color":"","overlay-gradient":""},"mobile":{"background-color":"var(--ast-global-color-5)","background-image":"","background-repeat":"repeat","background-position":"center center","background-size":"auto","background-attachment":"scroll","background-type":"","background-media":"","overlay-type":"","overlay-color":"","overlay-gradient":""}},"footnotes":""},"uagb_featured_image_src":{"full":["https:\/\/spintotalent.com\/wp-content\/uploads\/2020\/01\/Spinto-Talent-Cassandra-Velasco-495x800-1.jpg",495,800,false],"thumbnail":["https:\/\/spintotalent.com\/wp-content\/uploads\/2020\/01\/Spinto-Talent-Cassandra-Velasco-495x800-1-300x300.jpg",300,300,true],"medium":["https:\/\/spintotalent.com\/wp-content\/uploads\/2020\/01\/Spinto-Talent-Cassandra-Velasco-495x800-1.jpg",495,800,false],"medium_large":["https:\/\/spintotalent.com\/wp-content\/uploads\/2020\/01\/Spinto-Talent-Cassandra-Velasco-495x800-1.jpg",495,800,false],"large":["https:\/\/spintotalent.com\/wp-content\/uploads\/2020\/01\/Spinto-Talent-Cassandra-Velasco-495x800-1.jpg",495,800,false],"1536x1536":["https:\/\/spintotalent.com\/wp-content\/uploads\/2020\/01\/Spinto-Talent-Cassandra-Velasco-495x800-1.jpg",495,800,false],"2048x2048":["https:\/\/spintotalent.com\/wp-content\/uploads\/2020\/01\/Spinto-Talent-Cassandra-Velasco-495x800-1.jpg",495,800,false]},"uagb_author_info":{"display_name":"fabrica","author_link":"https:\/\/spintotalent.com\/es\/author\/fabrica\/"},"uagb_comment_info":0,"uagb_excerpt":"Cassandra Velasco Mezzo Soprano Mezzo soprano nacida en M\u00e9xico y graduada de Domingo-Colburn-Stein Young Artist Program de la \u00d3pera de Los \u00c1ngeles. Ha recibido varios premios como el Concurso Nacional de Canto Carlo Morelli, Premio Maria Callas, Premio de la \u00d3pera de Bellas Artes, el Domingo-Embil Zarzuela, Concurso Nacional de Voces J\u00f3venes en Bel Canto,&hellip;","_links":{"self":[{"href":"https:\/\/spintotalent.com\/es\/wp-json\/wp\/v2\/pages\/3672"}],"collection":[{"href":"https:\/\/spintotalent.com\/es\/wp-json\/wp\/v2\/pages"}],"about":[{"href":"https:\/\/spintotalent.com\/es\/wp-json\/wp\/v2\/types\/page"}],"author":[{"embeddable":true,"href":"https:\/\/spintotalent.com\/es\/wp-json\/wp\/v2\/users\/1"}],"replies":[{"embeddable":true,"href":"https:\/\/spintotalent.com\/es\/wp-json\/wp\/v2\/comments?post=3672"}],"version-history":[{"count":10,"href":"https:\/\/spintotalent.com\/es\/wp-json\/wp\/v2\/pages\/3672\/revisions"}],"predecessor-version":[{"id":5113,"href":"https:\/\/spintotalent.com\/es\/wp-json\/wp\/v2\/pages\/3672\/revisions\/5113"}],"up":[{"embeddable":true,"href":"https:\/\/spintotalent.com\/es\/wp-json\/wp\/v2\/pages\/848"}],"wp:featuredmedia":[{"embeddable":true,"href":"https:\/\/spintotalent.com\/es\/wp-json\/wp\/v2\/media\/2366"}],"wp:attachment":[{"href":"https:\/\/spintotalent.com\/es\/wp-json\/wp\/v2\/media?parent=3672"}],"curies":[{"name":"wp","href":"https:\/\/api.w.org\/{rel}","templated":true}]}}