{"id":3660,"date":"2020-06-22T13:09:31","date_gmt":"2020-06-22T18:09:31","guid":{"rendered":"https:\/\/spinto.com.mx\/?page_id=3660"},"modified":"2021-01-07T01:36:35","modified_gmt":"2021-01-07T07:36:35","slug":"rebeca-olvera-soprano","status":"publish","type":"page","link":"https:\/\/spintotalent.com\/es\/nuestros-artistas\/rebeca-olvera-soprano\/","title":{"rendered":"Rebeca Olvera, Soprano"},"content":{"rendered":"\t\t<div data-elementor-type=\"wp-post\" data-elementor-id=\"3660\" class=\"elementor elementor-3660\" data-elementor-post-type=\"page\">\n\t\t\t\t\t\t\t\t\t<section class=\"elementor-section elementor-top-section elementor-element elementor-element-9b664af elementor-section-height-min-height elementor-section-boxed elementor-section-height-default elementor-section-items-middle\" data-id=\"9b664af\" data-element_type=\"section\" data-settings=\"{&quot;background_background&quot;:&quot;classic&quot;,&quot;background_motion_fx_motion_fx_scrolling&quot;:&quot;yes&quot;,&quot;background_motion_fx_translateY_effect&quot;:&quot;yes&quot;,&quot;background_motion_fx_translateY_speed&quot;:{&quot;unit&quot;:&quot;px&quot;,&quot;size&quot;:4,&quot;sizes&quot;:[]},&quot;background_motion_fx_translateY_affectedRange&quot;:{&quot;unit&quot;:&quot;%&quot;,&quot;size&quot;:&quot;&quot;,&quot;sizes&quot;:{&quot;start&quot;:0,&quot;end&quot;:100}},&quot;background_motion_fx_devices&quot;:[&quot;desktop&quot;,&quot;tablet&quot;,&quot;mobile&quot;]}\">\n\t\t\t\t\t\t\t<div class=\"elementor-background-overlay\"><\/div>\n\t\t\t\t\t\t\t<div class=\"elementor-container elementor-column-gap-default\">\n\t\t\t\t\t<div class=\"elementor-column elementor-col-100 elementor-top-column elementor-element elementor-element-fde4123\" data-id=\"fde4123\" data-element_type=\"column\">\n\t\t\t<div class=\"elementor-widget-wrap\">\n\t\t\t\t\t\t\t\t\t<\/div>\n\t\t<\/div>\n\t\t\t\t\t\t\t<\/div>\n\t\t<\/section>\n\t\t\t\t<section class=\"elementor-section elementor-top-section elementor-element elementor-element-176cbeb elementor-reverse-mobile elementor-section-boxed elementor-section-height-default elementor-section-height-default\" data-id=\"176cbeb\" data-element_type=\"section\" data-settings=\"{&quot;background_background&quot;:&quot;classic&quot;}\">\n\t\t\t\t\t\t<div class=\"elementor-container elementor-column-gap-default\">\n\t\t\t\t\t<div class=\"elementor-column elementor-col-50 elementor-top-column elementor-element elementor-element-ba219cc\" data-id=\"ba219cc\" data-element_type=\"column\" data-settings=\"{&quot;background_background&quot;:&quot;classic&quot;}\">\n\t\t\t<div class=\"elementor-widget-wrap elementor-element-populated\">\n\t\t\t\t\t\t\t\t<div class=\"elementor-element elementor-element-9a159c6 elementor-widget elementor-widget-image\" data-id=\"9a159c6\" data-element_type=\"widget\" data-widget_type=\"image.default\">\n\t\t\t\t<div class=\"elementor-widget-container\">\n\t\t\t\t\t\t\t\t\t\t\t\t\t\t\t<img loading=\"lazy\" decoding=\"async\" width=\"550\" height=\"900\" src=\"https:\/\/spintotalent.com\/wp-content\/uploads\/2020\/06\/Rebeca-Olvera-Spinto-Talent.jpg\" class=\"attachment-large size-large wp-image-3911\" alt=\"\" srcset=\"https:\/\/spintotalent.com\/wp-content\/uploads\/2020\/06\/Rebeca-Olvera-Spinto-Talent.jpg 550w, https:\/\/spintotalent.com\/wp-content\/uploads\/2020\/06\/Rebeca-Olvera-Spinto-Talent-489x800.jpg 489w\" sizes=\"(max-width: 550px) 100vw, 550px\" \/>\t\t\t\t\t\t\t\t\t\t\t\t\t\t\t<\/div>\n\t\t\t\t<\/div>\n\t\t\t\t\t<\/div>\n\t\t<\/div>\n\t\t\t\t<div class=\"elementor-column elementor-col-50 elementor-top-column elementor-element elementor-element-21c8e80\" data-id=\"21c8e80\" data-element_type=\"column\">\n\t\t\t<div class=\"elementor-widget-wrap elementor-element-populated\">\n\t\t\t\t\t\t\t\t<section class=\"elementor-section elementor-inner-section elementor-element elementor-element-894b866 elementor-section-content-bottom elementor-section-boxed elementor-section-height-default elementor-section-height-default\" data-id=\"894b866\" data-element_type=\"section\">\n\t\t\t\t\t\t<div class=\"elementor-container elementor-column-gap-default\">\n\t\t\t\t\t<div class=\"elementor-column elementor-col-100 elementor-inner-column elementor-element elementor-element-d7a99cf\" data-id=\"d7a99cf\" data-element_type=\"column\">\n\t\t\t<div class=\"elementor-widget-wrap elementor-element-populated\">\n\t\t\t\t\t\t\t\t<div class=\"elementor-element elementor-element-0536b8b elementor-widget elementor-widget-heading\" data-id=\"0536b8b\" data-element_type=\"widget\" data-widget_type=\"heading.default\">\n\t\t\t\t<div class=\"elementor-widget-container\">\n\t\t\t<h2 class=\"elementor-heading-title elementor-size-default\">Rebeca Olvera<\/h2>\t\t<\/div>\n\t\t\t\t<\/div>\n\t\t\t\t<div class=\"elementor-element elementor-element-f136f04 elementor-widget elementor-widget-heading\" data-id=\"f136f04\" data-element_type=\"widget\" data-widget_type=\"heading.default\">\n\t\t\t\t<div class=\"elementor-widget-container\">\n\t\t\t<h2 class=\"elementor-heading-title elementor-size-default\">Soprano<\/h2>\t\t<\/div>\n\t\t\t\t<\/div>\n\t\t\t\t\t<\/div>\n\t\t<\/div>\n\t\t\t\t\t\t\t<\/div>\n\t\t<\/section>\n\t\t\t\t<div class=\"elementor-element elementor-element-17c7efc elementor-widget-divider--view-line elementor-widget elementor-widget-divider\" data-id=\"17c7efc\" data-element_type=\"widget\" data-widget_type=\"divider.default\">\n\t\t\t\t<div class=\"elementor-widget-container\">\n\t\t\t\t\t<div class=\"elementor-divider\">\n\t\t\t<span class=\"elementor-divider-separator\">\n\t\t\t\t\t\t<\/span>\n\t\t<\/div>\n\t\t\t\t<\/div>\n\t\t\t\t<\/div>\n\t\t\t\t<div class=\"elementor-element elementor-element-f29e0e2 elementor-widget elementor-widget-text-editor\" data-id=\"f29e0e2\" data-element_type=\"widget\" data-widget_type=\"text-editor.default\">\n\t\t\t\t<div class=\"elementor-widget-container\">\n\t\t\t\t\t\t\t<span style=\"font-weight: 400;\">Nacida en Puebla, M\u00e9xico. Estudi\u00f3 en el <\/span><span style=\"font-weight: 400;\">Conservatorio Nacional de M\u00fasica<\/span> <span style=\"font-weight: 400;\">en M\u00e9xico y en el 2004 hizo su debut en el mundo de la \u00f3pera con el rol de Marie en La Fille du r\u00e9giment de Donizetti en el Palacio de Bellas Artes. En el 2006 gan\u00f3 el premio de la audiencia en el concurso internacional <\/span><span style=\"font-weight: 400;\">Hans-Gabor Belvedere <\/span><span style=\"font-weight: 400;\">en Viena. Desde el 2007 se ha convertido en miembro importante de la <\/span><span style=\"font-weight: 400;\">\u00d3pera de Z\u00farich.<\/span><span style=\"font-weight: 400;\"> Rebeca se ha presentado en Dinamarca, Dubl\u00edn, Francia, Alemania y Suiza, entre otros pa\u00edses.<\/span>\n\n<span style=\"font-weight: 400;\">Ha trabajado con directores de orquesta como Hengelbrock, Weikert, Fedoseyev, Christie, Minkowski, Santi, Fischer, Luisi, Fasolis, Welser-M\u00f6st, Ha\u00efm y De Marchi; ha compartido escenario con grandes cantantes como Javier Camarena, Cecilia Bartoli, Rolando Villaz\u00f3n y Pl\u00e1cido Domingo.<\/span>\n\n<span style=\"font-weight: 400;\">Sus roles incluyen <\/span><span style=\"font-weight: 400;\">Adina<\/span><span style=\"font-weight: 400;\"> (L&#8217;elisird&#8217;amore), <\/span><span style=\"font-weight: 400;\">Norina<\/span><span style=\"font-weight: 400;\"> (Don Pasquale), <\/span><span style=\"font-weight: 400;\">Berenice<\/span><span style=\"font-weight: 400;\"> (L&#8217;occasione fa il Ladro), <\/span><span style=\"font-weight: 400;\">Giulia<\/span><span style=\"font-weight: 400;\"> (La Scala di Seta), <\/span><span style=\"font-weight: 400;\">Rosina<\/span><span style=\"font-weight: 400;\"> (Il barbiere di Siviglia de Paisiello), <\/span><span style=\"font-weight: 400;\">Blonde<\/span> <span style=\"font-weight: 400;\">(Die Entf\u00fchrungausdem Serail),<\/span> <span style=\"font-weight: 400;\">Despina<\/span><span style=\"font-weight: 400;\"> (Cos\u00ec fan tutte), <\/span><span style=\"font-weight: 400;\">Dorinda <\/span><span style=\"font-weight: 400;\">(Orlando), <\/span><span style=\"font-weight: 400;\">Mi<\/span><span style=\"font-weight: 400;\"> (Das Land des L\u00e4chlens) y <\/span><span style=\"font-weight: 400;\">Adalgisa<\/span><span style=\"font-weight: 400;\"> (Norma).<\/span>\n\n<span style=\"font-weight: 400;\">Se ha presentado en diferentes casas de \u00f3pera alrededor del mundo como la \u00d3pera de Z\u00farich, el Festival de Salzburgo, la \u00d3pera de Montecarlo, de Dinamarca, etc. En Alemania particip\u00f3 en un <\/span><span style=\"font-weight: 400;\">concierto de gala que fue televisado en el canal alem\u00e1n ARD.<\/span>\n\n<span style=\"font-weight: 400;\">Su temporada <\/span><span style=\"font-weight: 400;\">2019\/2020<\/span><span style=\"font-weight: 400;\"> incluye el rol-debut de Komtesse Stasi en una nueva producci\u00f3n de Die Csardasf\u00fcrstin en Z\u00farich.<\/span>\t\t\t\t\t\t<\/div>\n\t\t\t\t<\/div>\n\t\t\t\t\t<\/div>\n\t\t<\/div>\n\t\t\t\t\t\t\t<\/div>\n\t\t<\/section>\n\t\t\t\t\t\t\t<\/div>\n\t\t","protected":false},"excerpt":{"rendered":"<p>Rebeca Olvera Soprano Nacida en Puebla, M\u00e9xico. Estudi\u00f3 en el Conservatorio Nacional de M\u00fasica en M\u00e9xico y en el 2004 hizo su debut en el mundo de la \u00f3pera con el rol de Marie en La Fille du r\u00e9giment de Donizetti en el Palacio de Bellas Artes. En el 2006 gan\u00f3 el premio de la &hellip;<\/p>\n<p class=\"read-more\"> <a class=\"\" href=\"https:\/\/spintotalent.com\/es\/nuestros-artistas\/rebeca-olvera-soprano\/\"> <span class=\"screen-reader-text\">Rebeca Olvera, Soprano<\/span> Leer m\u00e1s &raquo;<\/a><\/p>\n","protected":false},"author":1,"featured_media":2158,"parent":848,"menu_order":0,"comment_status":"closed","ping_status":"closed","template":"","meta":{"_uag_custom_page_level_css":"","site-sidebar-layout":"no-sidebar","site-content-layout":"page-builder","ast-site-content-layout":"","site-content-style":"default","site-sidebar-style":"default","ast-global-header-display":"","ast-banner-title-visibility":"","ast-main-header-display":"","ast-hfb-above-header-display":"","ast-hfb-below-header-display":"","ast-hfb-mobile-header-display":"","site-post-title":"disabled","ast-breadcrumbs-content":"","ast-featured-img":"disabled","footer-sml-layout":"","theme-transparent-header-meta":"enabled","adv-header-id-meta":"","stick-header-meta":"default","header-above-stick-meta":"","header-main-stick-meta":"","header-below-stick-meta":"","astra-migrate-meta-layouts":"","ast-page-background-enabled":"default","ast-page-background-meta":{"desktop":{"background-color":"","background-image":"","background-repeat":"repeat","background-position":"center center","background-size":"auto","background-attachment":"scroll","background-type":"","background-media":"","overlay-type":"","overlay-color":"","overlay-gradient":""},"tablet":{"background-color":"","background-image":"","background-repeat":"repeat","background-position":"center center","background-size":"auto","background-attachment":"scroll","background-type":"","background-media":"","overlay-type":"","overlay-color":"","overlay-gradient":""},"mobile":{"background-color":"","background-image":"","background-repeat":"repeat","background-position":"center center","background-size":"auto","background-attachment":"scroll","background-type":"","background-media":"","overlay-type":"","overlay-color":"","overlay-gradient":""}},"ast-content-background-meta":{"desktop":{"background-color":"var(--ast-global-color-5)","background-image":"","background-repeat":"repeat","background-position":"center center","background-size":"auto","background-attachment":"scroll","background-type":"","background-media":"","overlay-type":"","overlay-color":"","overlay-gradient":""},"tablet":{"background-color":"var(--ast-global-color-5)","background-image":"","background-repeat":"repeat","background-position":"center center","background-size":"auto","background-attachment":"scroll","background-type":"","background-media":"","overlay-type":"","overlay-color":"","overlay-gradient":""},"mobile":{"background-color":"var(--ast-global-color-5)","background-image":"","background-repeat":"repeat","background-position":"center center","background-size":"auto","background-attachment":"scroll","background-type":"","background-media":"","overlay-type":"","overlay-color":"","overlay-gradient":""}},"footnotes":""},"uagb_featured_image_src":{"full":["https:\/\/spintotalent.com\/wp-content\/uploads\/2020\/01\/Spinto-Talent-Rebeca-Olvera-e1580314824562.jpg",205,331,false],"thumbnail":["https:\/\/spintotalent.com\/wp-content\/uploads\/2020\/01\/Spinto-Talent-Rebeca-Olvera-e1580314824562-205x300.jpg",205,300,true],"medium":["https:\/\/spintotalent.com\/wp-content\/uploads\/2020\/01\/Spinto-Talent-Rebeca-Olvera-e1580314824562.jpg",205,331,false],"medium_large":["https:\/\/spintotalent.com\/wp-content\/uploads\/2020\/01\/Spinto-Talent-Rebeca-Olvera-e1580314824562.jpg",205,331,false],"large":["https:\/\/spintotalent.com\/wp-content\/uploads\/2020\/01\/Spinto-Talent-Rebeca-Olvera-e1580314824562.jpg",205,331,false],"1536x1536":["https:\/\/spintotalent.com\/wp-content\/uploads\/2020\/01\/Spinto-Talent-Rebeca-Olvera-e1580314824562.jpg",205,331,false],"2048x2048":["https:\/\/spintotalent.com\/wp-content\/uploads\/2020\/01\/Spinto-Talent-Rebeca-Olvera-e1580314824562.jpg",205,331,false]},"uagb_author_info":{"display_name":"fabrica","author_link":"https:\/\/spintotalent.com\/es\/author\/fabrica\/"},"uagb_comment_info":0,"uagb_excerpt":"Rebeca Olvera Soprano Nacida en Puebla, M\u00e9xico. Estudi\u00f3 en el Conservatorio Nacional de M\u00fasica en M\u00e9xico y en el 2004 hizo su debut en el mundo de la \u00f3pera con el rol de Marie en La Fille du r\u00e9giment de Donizetti en el Palacio de Bellas Artes. En el 2006 gan\u00f3 el premio de la&hellip;","_links":{"self":[{"href":"https:\/\/spintotalent.com\/es\/wp-json\/wp\/v2\/pages\/3660"}],"collection":[{"href":"https:\/\/spintotalent.com\/es\/wp-json\/wp\/v2\/pages"}],"about":[{"href":"https:\/\/spintotalent.com\/es\/wp-json\/wp\/v2\/types\/page"}],"author":[{"embeddable":true,"href":"https:\/\/spintotalent.com\/es\/wp-json\/wp\/v2\/users\/1"}],"replies":[{"embeddable":true,"href":"https:\/\/spintotalent.com\/es\/wp-json\/wp\/v2\/comments?post=3660"}],"version-history":[{"count":11,"href":"https:\/\/spintotalent.com\/es\/wp-json\/wp\/v2\/pages\/3660\/revisions"}],"predecessor-version":[{"id":5082,"href":"https:\/\/spintotalent.com\/es\/wp-json\/wp\/v2\/pages\/3660\/revisions\/5082"}],"up":[{"embeddable":true,"href":"https:\/\/spintotalent.com\/es\/wp-json\/wp\/v2\/pages\/848"}],"wp:featuredmedia":[{"embeddable":true,"href":"https:\/\/spintotalent.com\/es\/wp-json\/wp\/v2\/media\/2158"}],"wp:attachment":[{"href":"https:\/\/spintotalent.com\/es\/wp-json\/wp\/v2\/media?parent=3660"}],"curies":[{"name":"wp","href":"https:\/\/api.w.org\/{rel}","templated":true}]}}