{"id":2574,"date":"2020-01-28T18:01:44","date_gmt":"2020-01-28T18:01:44","guid":{"rendered":"https:\/\/spinto.com.mx\/?page_id=2574"},"modified":"2021-01-07T02:13:44","modified_gmt":"2021-01-07T08:13:44","slug":"benito-rodriguez","status":"publish","type":"page","link":"https:\/\/spintotalent.com\/es\/nuestros-artistas\/benito-rodriguez\/","title":{"rendered":"Benito Rodriguez"},"content":{"rendered":"\t\t<div data-elementor-type=\"wp-post\" data-elementor-id=\"2574\" class=\"elementor elementor-2574\" data-elementor-post-type=\"page\">\n\t\t\t\t\t\t\t\t\t<section class=\"elementor-section elementor-top-section elementor-element elementor-element-1d1ebd2 elementor-section-height-min-height elementor-section-boxed elementor-section-height-default elementor-section-items-middle\" data-id=\"1d1ebd2\" data-element_type=\"section\" data-settings=\"{&quot;background_background&quot;:&quot;classic&quot;,&quot;background_motion_fx_motion_fx_scrolling&quot;:&quot;yes&quot;,&quot;background_motion_fx_translateY_effect&quot;:&quot;yes&quot;,&quot;background_motion_fx_translateY_speed&quot;:{&quot;unit&quot;:&quot;px&quot;,&quot;size&quot;:4,&quot;sizes&quot;:[]},&quot;background_motion_fx_translateY_affectedRange&quot;:{&quot;unit&quot;:&quot;%&quot;,&quot;size&quot;:&quot;&quot;,&quot;sizes&quot;:{&quot;start&quot;:0,&quot;end&quot;:100}},&quot;background_motion_fx_devices&quot;:[&quot;desktop&quot;,&quot;tablet&quot;,&quot;mobile&quot;]}\">\n\t\t\t\t\t\t\t<div class=\"elementor-background-overlay\"><\/div>\n\t\t\t\t\t\t\t<div class=\"elementor-container elementor-column-gap-default\">\n\t\t\t\t\t<div class=\"elementor-column elementor-col-100 elementor-top-column elementor-element elementor-element-75afddb\" data-id=\"75afddb\" data-element_type=\"column\">\n\t\t\t<div class=\"elementor-widget-wrap\">\n\t\t\t\t\t\t\t\t\t<\/div>\n\t\t<\/div>\n\t\t\t\t\t\t\t<\/div>\n\t\t<\/section>\n\t\t\t\t<section class=\"elementor-section elementor-top-section elementor-element elementor-element-49daaf0 elementor-reverse-mobile elementor-section-boxed elementor-section-height-default elementor-section-height-default\" data-id=\"49daaf0\" data-element_type=\"section\" data-settings=\"{&quot;background_background&quot;:&quot;classic&quot;}\">\n\t\t\t\t\t\t<div class=\"elementor-container elementor-column-gap-default\">\n\t\t\t\t\t<div class=\"elementor-column elementor-col-50 elementor-top-column elementor-element elementor-element-9c6500e\" data-id=\"9c6500e\" data-element_type=\"column\" data-settings=\"{&quot;background_background&quot;:&quot;classic&quot;}\">\n\t\t\t<div class=\"elementor-widget-wrap elementor-element-populated\">\n\t\t\t\t\t\t\t\t<div class=\"elementor-element elementor-element-54dc4f0 elementor-widget elementor-widget-image\" data-id=\"54dc4f0\" data-element_type=\"widget\" data-widget_type=\"image.default\">\n\t\t\t\t<div class=\"elementor-widget-container\">\n\t\t\t\t\t\t\t\t\t\t\t\t\t\t\t<img loading=\"lazy\" decoding=\"async\" width=\"600\" height=\"970\" src=\"https:\/\/spintotalent.com\/wp-content\/uploads\/2019\/10\/Spinto-Talent-Benito-Rodriguez.jpg\" class=\"attachment-large size-large wp-image-1282\" alt=\"\" srcset=\"https:\/\/spintotalent.com\/wp-content\/uploads\/2019\/10\/Spinto-Talent-Benito-Rodriguez.jpg 600w, https:\/\/spintotalent.com\/wp-content\/uploads\/2019\/10\/Spinto-Talent-Benito-Rodriguez-495x800.jpg 495w\" sizes=\"(max-width: 600px) 100vw, 600px\" \/>\t\t\t\t\t\t\t\t\t\t\t\t\t\t\t<\/div>\n\t\t\t\t<\/div>\n\t\t\t\t\t<\/div>\n\t\t<\/div>\n\t\t\t\t<div class=\"elementor-column elementor-col-50 elementor-top-column elementor-element elementor-element-ca6aaa0\" data-id=\"ca6aaa0\" data-element_type=\"column\">\n\t\t\t<div class=\"elementor-widget-wrap elementor-element-populated\">\n\t\t\t\t\t\t\t\t<section class=\"elementor-section elementor-inner-section elementor-element elementor-element-026c2f3 elementor-section-content-bottom elementor-section-boxed elementor-section-height-default elementor-section-height-default\" data-id=\"026c2f3\" data-element_type=\"section\">\n\t\t\t\t\t\t<div class=\"elementor-container elementor-column-gap-default\">\n\t\t\t\t\t<div class=\"elementor-column elementor-col-100 elementor-inner-column elementor-element elementor-element-25672fd\" data-id=\"25672fd\" data-element_type=\"column\">\n\t\t\t<div class=\"elementor-widget-wrap elementor-element-populated\">\n\t\t\t\t\t\t\t\t<div class=\"elementor-element elementor-element-40b966c elementor-widget elementor-widget-heading\" data-id=\"40b966c\" data-element_type=\"widget\" data-widget_type=\"heading.default\">\n\t\t\t\t<div class=\"elementor-widget-container\">\n\t\t\t<h2 class=\"elementor-heading-title elementor-size-default\">Benito Rodr\u00edguez<\/h2>\t\t<\/div>\n\t\t\t\t<\/div>\n\t\t\t\t<div class=\"elementor-element elementor-element-081516d elementor-widget elementor-widget-heading\" data-id=\"081516d\" data-element_type=\"widget\" data-widget_type=\"heading.default\">\n\t\t\t\t<div class=\"elementor-widget-container\">\n\t\t\t<h2 class=\"elementor-heading-title elementor-size-default\">Tenor<\/h2>\t\t<\/div>\n\t\t\t\t<\/div>\n\t\t\t\t\t<\/div>\n\t\t<\/div>\n\t\t\t\t\t\t\t<\/div>\n\t\t<\/section>\n\t\t\t\t<div class=\"elementor-element elementor-element-56213e3 elementor-widget-divider--view-line elementor-widget elementor-widget-divider\" data-id=\"56213e3\" data-element_type=\"widget\" data-widget_type=\"divider.default\">\n\t\t\t\t<div class=\"elementor-widget-container\">\n\t\t\t\t\t<div class=\"elementor-divider\">\n\t\t\t<span class=\"elementor-divider-separator\">\n\t\t\t\t\t\t<\/span>\n\t\t<\/div>\n\t\t\t\t<\/div>\n\t\t\t\t<\/div>\n\t\t\t\t<div class=\"elementor-element elementor-element-cfe21d2 elementor-widget elementor-widget-text-editor\" data-id=\"cfe21d2\" data-element_type=\"widget\" data-widget_type=\"text-editor.default\">\n\t\t\t\t<div class=\"elementor-widget-container\">\n\t\t\t\t\t\t\t<p><span style=\"font-weight: 400;\">Naci\u00f3 en Jalisco y comienza su carrera art\u00edstica en el 2010 despu\u00e9s de terminar su carrera como ingeniero industrial. Fue parte del coro de la <\/span><span style=\"font-weight: 400;\">Fundaci\u00f3n Jos\u00e9 Cuervo<\/span> <span style=\"font-weight: 400;\">en Jalisco y contin\u00fao en el programa de <\/span><span style=\"font-weight: 400;\">Opera Artescenica<\/span><span style=\"font-weight: 400;\">. Gan\u00f3 la <\/span><span style=\"font-weight: 400;\">Beca Pl\u00e1cido Domingo<\/span><span style=\"font-weight: 400;\"> y fue seleccionado para participar en el prestigioso taller de <\/span><span style=\"font-weight: 400;\">\u00d3pera\u00a0SIVAM<\/span><span style=\"font-weight: 400;\"> (Sociedad Internacional de Valores de Arte Mexicano) y ese mismo a\u00f1o debut\u00f3 exitosamente en <\/span><span style=\"font-weight: 400;\">Nueva York<\/span><span style=\"font-weight: 400;\"> bajo el proyecto <\/span><span style=\"font-weight: 400;\">\u201cRevealing The Opera\u201d.\u00a0<\/span><\/p><p><span style=\"font-weight: 400;\">Hace su debut con el papel de <\/span><span style=\"font-weight: 400;\">Rodolfo en \u00abLa Boh\u00e8me\u201d<\/span><span style=\"font-weight: 400;\"> en la Ciudad de M\u00e9xico y contin\u00faa cantando en Estado Unidos, Inglaterra, Italia, Francia, Dub\u00e1i y Austria, entre otros pa\u00edses.<\/span><\/p><p><span style=\"font-weight: 400;\">Este a\u00f1o Benito cantar\u00e1 junto a la aclamada\u00a0 soprano Sumi Jo en un concierto para la <\/span><span style=\"font-weight: 400;\">ONU.<\/span><span style=\"font-weight: 400;\"> Ha cantado roles principales en casas de \u00f3pera internacionales, incluyendo la <\/span><span style=\"font-weight: 400;\">\u00d3pera de Quebec y Montreal, Pittsburgh Opera, Tel Aviv Opera y \u00d3pera\u00a0 de Palermo.<\/span><\/p><p><span style=\"font-weight: 400;\">Los nuevos proyectos de Benito Rodr\u00edguez para el <\/span><span style=\"font-weight: 400;\">2019\/2020 <\/span><span style=\"font-weight: 400;\">incluyen la grabaci\u00f3n de la \u00f3pera <\/span><span style=\"font-weight: 400;\">Fausto con la NSO<\/span><span style=\"font-weight: 400;\"> (National Symphony Orchestra of United Kingdom) con <\/span><span style=\"font-weight: 400;\">HBO <\/span><span style=\"font-weight: 400;\">y cantar la primera Gala Zarzuela en la Royal Opera House bajo la direcci\u00f3n de <\/span><span style=\"font-weight: 400;\">Pl\u00e1cido Domingo.<\/span><\/p><p>\u00a0<\/p>\t\t\t\t\t\t<\/div>\n\t\t\t\t<\/div>\n\t\t\t\t\t<\/div>\n\t\t<\/div>\n\t\t\t\t\t\t\t<\/div>\n\t\t<\/section>\n\t\t\t\t\t\t\t<\/div>\n\t\t","protected":false},"excerpt":{"rendered":"<p>Benito Rodr\u00edguez Tenor Naci\u00f3 en Jalisco y comienza su carrera art\u00edstica en el 2010 despu\u00e9s de terminar su carrera como ingeniero industrial. Fue parte del coro de la Fundaci\u00f3n Jos\u00e9 Cuervo en Jalisco y contin\u00fao en el programa de Opera Artescenica. Gan\u00f3 la Beca Pl\u00e1cido Domingo y fue seleccionado para participar en el prestigioso taller &hellip;<\/p>\n<p class=\"read-more\"> <a class=\"\" href=\"https:\/\/spintotalent.com\/es\/nuestros-artistas\/benito-rodriguez\/\"> <span class=\"screen-reader-text\">Benito Rodriguez<\/span> Leer m\u00e1s &raquo;<\/a><\/p>\n","protected":false},"author":1,"featured_media":1281,"parent":848,"menu_order":0,"comment_status":"closed","ping_status":"closed","template":"","meta":{"_uag_custom_page_level_css":"","site-sidebar-layout":"no-sidebar","site-content-layout":"page-builder","ast-site-content-layout":"","site-content-style":"default","site-sidebar-style":"default","ast-global-header-display":"","ast-banner-title-visibility":"","ast-main-header-display":"","ast-hfb-above-header-display":"","ast-hfb-below-header-display":"","ast-hfb-mobile-header-display":"","site-post-title":"disabled","ast-breadcrumbs-content":"","ast-featured-img":"disabled","footer-sml-layout":"","theme-transparent-header-meta":"enabled","adv-header-id-meta":"","stick-header-meta":"default","header-above-stick-meta":"","header-main-stick-meta":"","header-below-stick-meta":"","astra-migrate-meta-layouts":"","ast-page-background-enabled":"default","ast-page-background-meta":{"desktop":{"background-color":"","background-image":"","background-repeat":"repeat","background-position":"center center","background-size":"auto","background-attachment":"scroll","background-type":"","background-media":"","overlay-type":"","overlay-color":"","overlay-gradient":""},"tablet":{"background-color":"","background-image":"","background-repeat":"repeat","background-position":"center center","background-size":"auto","background-attachment":"scroll","background-type":"","background-media":"","overlay-type":"","overlay-color":"","overlay-gradient":""},"mobile":{"background-color":"","background-image":"","background-repeat":"repeat","background-position":"center center","background-size":"auto","background-attachment":"scroll","background-type":"","background-media":"","overlay-type":"","overlay-color":"","overlay-gradient":""}},"ast-content-background-meta":{"desktop":{"background-color":"var(--ast-global-color-5)","background-image":"","background-repeat":"repeat","background-position":"center center","background-size":"auto","background-attachment":"scroll","background-type":"","background-media":"","overlay-type":"","overlay-color":"","overlay-gradient":""},"tablet":{"background-color":"var(--ast-global-color-5)","background-image":"","background-repeat":"repeat","background-position":"center center","background-size":"auto","background-attachment":"scroll","background-type":"","background-media":"","overlay-type":"","overlay-color":"","overlay-gradient":""},"mobile":{"background-color":"var(--ast-global-color-5)","background-image":"","background-repeat":"repeat","background-position":"center center","background-size":"auto","background-attachment":"scroll","background-type":"","background-media":"","overlay-type":"","overlay-color":"","overlay-gradient":""}},"footnotes":""},"uagb_featured_image_src":{"full":["https:\/\/spintotalent.com\/wp-content\/uploads\/2019\/10\/Spinto-Talent-Benito-Rodriguez-e1580312744863.jpg",205,331,false],"thumbnail":["https:\/\/spintotalent.com\/wp-content\/uploads\/2019\/10\/Spinto-Talent-Benito-Rodriguez-e1580312744863-205x300.jpg",205,300,true],"medium":["https:\/\/spintotalent.com\/wp-content\/uploads\/2019\/10\/Spinto-Talent-Benito-Rodriguez-e1580312744863.jpg",205,331,false],"medium_large":["https:\/\/spintotalent.com\/wp-content\/uploads\/2019\/10\/Spinto-Talent-Benito-Rodriguez-e1580312744863.jpg",205,331,false],"large":["https:\/\/spintotalent.com\/wp-content\/uploads\/2019\/10\/Spinto-Talent-Benito-Rodriguez-e1580312744863.jpg",205,331,false],"1536x1536":["https:\/\/spintotalent.com\/wp-content\/uploads\/2019\/10\/Spinto-Talent-Benito-Rodriguez-e1580312744863.jpg",205,331,false],"2048x2048":["https:\/\/spintotalent.com\/wp-content\/uploads\/2019\/10\/Spinto-Talent-Benito-Rodriguez-e1580312744863.jpg",205,331,false]},"uagb_author_info":{"display_name":"fabrica","author_link":"https:\/\/spintotalent.com\/es\/author\/fabrica\/"},"uagb_comment_info":0,"uagb_excerpt":"Benito Rodr\u00edguez Tenor Naci\u00f3 en Jalisco y comienza su carrera art\u00edstica en el 2010 despu\u00e9s de terminar su carrera como ingeniero industrial. Fue parte del coro de la Fundaci\u00f3n Jos\u00e9 Cuervo en Jalisco y contin\u00fao en el programa de Opera Artescenica. Gan\u00f3 la Beca Pl\u00e1cido Domingo y fue seleccionado para participar en el prestigioso taller&hellip;","_links":{"self":[{"href":"https:\/\/spintotalent.com\/es\/wp-json\/wp\/v2\/pages\/2574"}],"collection":[{"href":"https:\/\/spintotalent.com\/es\/wp-json\/wp\/v2\/pages"}],"about":[{"href":"https:\/\/spintotalent.com\/es\/wp-json\/wp\/v2\/types\/page"}],"author":[{"embeddable":true,"href":"https:\/\/spintotalent.com\/es\/wp-json\/wp\/v2\/users\/1"}],"replies":[{"embeddable":true,"href":"https:\/\/spintotalent.com\/es\/wp-json\/wp\/v2\/comments?post=2574"}],"version-history":[{"count":9,"href":"https:\/\/spintotalent.com\/es\/wp-json\/wp\/v2\/pages\/2574\/revisions"}],"predecessor-version":[{"id":5115,"href":"https:\/\/spintotalent.com\/es\/wp-json\/wp\/v2\/pages\/2574\/revisions\/5115"}],"up":[{"embeddable":true,"href":"https:\/\/spintotalent.com\/es\/wp-json\/wp\/v2\/pages\/848"}],"wp:featuredmedia":[{"embeddable":true,"href":"https:\/\/spintotalent.com\/es\/wp-json\/wp\/v2\/media\/1281"}],"wp:attachment":[{"href":"https:\/\/spintotalent.com\/es\/wp-json\/wp\/v2\/media?parent=2574"}],"curies":[{"name":"wp","href":"https:\/\/api.w.org\/{rel}","templated":true}]}}