{"id":2571,"date":"2020-01-28T17:56:26","date_gmt":"2020-01-28T17:56:26","guid":{"rendered":"https:\/\/spinto.com.mx\/?page_id=2571"},"modified":"2021-01-07T02:06:34","modified_gmt":"2021-01-07T08:06:34","slug":"diego-silva-tenor","status":"publish","type":"page","link":"https:\/\/spintotalent.com\/es\/nuestros-artistas\/diego-silva-tenor\/","title":{"rendered":"Diego-Silva, Tenor"},"content":{"rendered":"\t\t<div data-elementor-type=\"wp-post\" data-elementor-id=\"2571\" class=\"elementor elementor-2571\" data-elementor-post-type=\"page\">\n\t\t\t\t\t\t\t\t\t<section class=\"elementor-section elementor-top-section elementor-element elementor-element-5bafd63 elementor-section-height-min-height elementor-section-boxed elementor-section-height-default elementor-section-items-middle\" data-id=\"5bafd63\" data-element_type=\"section\" data-settings=\"{&quot;background_background&quot;:&quot;classic&quot;,&quot;background_motion_fx_motion_fx_scrolling&quot;:&quot;yes&quot;,&quot;background_motion_fx_translateY_effect&quot;:&quot;yes&quot;,&quot;background_motion_fx_translateY_speed&quot;:{&quot;unit&quot;:&quot;px&quot;,&quot;size&quot;:4,&quot;sizes&quot;:[]},&quot;background_motion_fx_translateY_affectedRange&quot;:{&quot;unit&quot;:&quot;%&quot;,&quot;size&quot;:&quot;&quot;,&quot;sizes&quot;:{&quot;start&quot;:0,&quot;end&quot;:100}},&quot;background_motion_fx_devices&quot;:[&quot;desktop&quot;,&quot;tablet&quot;,&quot;mobile&quot;]}\">\n\t\t\t\t\t\t\t<div class=\"elementor-background-overlay\"><\/div>\n\t\t\t\t\t\t\t<div class=\"elementor-container elementor-column-gap-default\">\n\t\t\t\t\t<div class=\"elementor-column elementor-col-100 elementor-top-column elementor-element elementor-element-ff3a380\" data-id=\"ff3a380\" data-element_type=\"column\">\n\t\t\t<div class=\"elementor-widget-wrap\">\n\t\t\t\t\t\t\t\t\t<\/div>\n\t\t<\/div>\n\t\t\t\t\t\t\t<\/div>\n\t\t<\/section>\n\t\t\t\t<section class=\"elementor-section elementor-top-section elementor-element elementor-element-77eda68 elementor-reverse-mobile elementor-section-boxed elementor-section-height-default elementor-section-height-default\" data-id=\"77eda68\" data-element_type=\"section\" data-settings=\"{&quot;background_background&quot;:&quot;classic&quot;}\">\n\t\t\t\t\t\t<div class=\"elementor-container elementor-column-gap-default\">\n\t\t\t\t\t<div class=\"elementor-column elementor-col-50 elementor-top-column elementor-element elementor-element-9e20cec\" data-id=\"9e20cec\" data-element_type=\"column\" data-settings=\"{&quot;background_background&quot;:&quot;classic&quot;}\">\n\t\t\t<div class=\"elementor-widget-wrap elementor-element-populated\">\n\t\t\t\t\t\t\t\t<div class=\"elementor-element elementor-element-1e8bc1e elementor-widget elementor-widget-image\" data-id=\"1e8bc1e\" data-element_type=\"widget\" data-widget_type=\"image.default\">\n\t\t\t\t<div class=\"elementor-widget-container\">\n\t\t\t\t\t\t\t\t\t\t\t\t\t\t\t<img loading=\"lazy\" decoding=\"async\" width=\"550\" height=\"900\" src=\"https:\/\/spintotalent.com\/wp-content\/uploads\/2020\/06\/Diego-Silva-Tenor-bw-spinto-talent.jpg\" class=\"attachment-large size-large wp-image-3920\" alt=\"\" srcset=\"https:\/\/spintotalent.com\/wp-content\/uploads\/2020\/06\/Diego-Silva-Tenor-bw-spinto-talent.jpg 550w, https:\/\/spintotalent.com\/wp-content\/uploads\/2020\/06\/Diego-Silva-Tenor-bw-spinto-talent-489x800.jpg 489w\" sizes=\"(max-width: 550px) 100vw, 550px\" \/>\t\t\t\t\t\t\t\t\t\t\t\t\t\t\t<\/div>\n\t\t\t\t<\/div>\n\t\t\t\t\t<\/div>\n\t\t<\/div>\n\t\t\t\t<div class=\"elementor-column elementor-col-50 elementor-top-column elementor-element elementor-element-7f823bf\" data-id=\"7f823bf\" data-element_type=\"column\">\n\t\t\t<div class=\"elementor-widget-wrap elementor-element-populated\">\n\t\t\t\t\t\t\t\t<section class=\"elementor-section elementor-inner-section elementor-element elementor-element-135146e elementor-section-content-bottom elementor-section-boxed elementor-section-height-default elementor-section-height-default\" data-id=\"135146e\" data-element_type=\"section\">\n\t\t\t\t\t\t<div class=\"elementor-container elementor-column-gap-default\">\n\t\t\t\t\t<div class=\"elementor-column elementor-col-100 elementor-inner-column elementor-element elementor-element-3e0086a\" data-id=\"3e0086a\" data-element_type=\"column\">\n\t\t\t<div class=\"elementor-widget-wrap elementor-element-populated\">\n\t\t\t\t\t\t\t\t<div class=\"elementor-element elementor-element-25207e1 elementor-widget elementor-widget-heading\" data-id=\"25207e1\" data-element_type=\"widget\" data-widget_type=\"heading.default\">\n\t\t\t\t<div class=\"elementor-widget-container\">\n\t\t\t<h2 class=\"elementor-heading-title elementor-size-default\">Diego Silva<\/h2>\t\t<\/div>\n\t\t\t\t<\/div>\n\t\t\t\t<div class=\"elementor-element elementor-element-708814d elementor-widget elementor-widget-heading\" data-id=\"708814d\" data-element_type=\"widget\" data-widget_type=\"heading.default\">\n\t\t\t\t<div class=\"elementor-widget-container\">\n\t\t\t<h2 class=\"elementor-heading-title elementor-size-default\">Tenor<\/h2>\t\t<\/div>\n\t\t\t\t<\/div>\n\t\t\t\t\t<\/div>\n\t\t<\/div>\n\t\t\t\t\t\t\t<\/div>\n\t\t<\/section>\n\t\t\t\t<div class=\"elementor-element elementor-element-6fcb887 elementor-widget-divider--view-line elementor-widget elementor-widget-divider\" data-id=\"6fcb887\" data-element_type=\"widget\" data-widget_type=\"divider.default\">\n\t\t\t\t<div class=\"elementor-widget-container\">\n\t\t\t\t\t<div class=\"elementor-divider\">\n\t\t\t<span class=\"elementor-divider-separator\">\n\t\t\t\t\t\t<\/span>\n\t\t<\/div>\n\t\t\t\t<\/div>\n\t\t\t\t<\/div>\n\t\t\t\t<div class=\"elementor-element elementor-element-e1568df elementor-widget elementor-widget-text-editor\" data-id=\"e1568df\" data-element_type=\"widget\" data-widget_type=\"text-editor.default\">\n\t\t\t\t<div class=\"elementor-widget-container\">\n\t\t\t\t\t\t\t<p><span style=\"font-weight: 400;\">Naci\u00f3 en M\u00e9xico y estudi\u00f3 en <\/span><span style=\"font-weight: 400;\">The Curtis Institute of Music,<\/span><span style=\"font-weight: 400;\"> continuando sus estudios como residente en la <\/span><span style=\"font-weight: 400;\">Academia de Artes Vocales en Philadelphia.<\/span><span style=\"font-weight: 400;\"> Recibi\u00f3 la <\/span><span style=\"font-weight: 400;\">Beca Pl\u00e1cido Domingo<\/span><span style=\"font-weight: 400;\"> de parte de la <\/span><span style=\"font-weight: 400;\">Sociedad International de Valores de Arte Mexicano<\/span><span style=\"font-weight: 400;\">,<\/span><span style=\"font-weight: 400;\"> junto con otros premios como el <\/span><span style=\"font-weight: 400;\">Concurso Nacional de Canto Carlo Morelli, Concurso Giargiari y Mario Lanza<\/span><span style=\"font-weight: 400;\">. En el 2013 tambi\u00e9n fue finalista en el concurso Operalia del Maestro Domingo en Verona.<\/span><\/p><p><span style=\"font-weight: 400;\">Diego contin\u00faa atrayendo atenci\u00f3n internacional con sus actuaciones cautivadoras; hizo su debut en el <\/span><span style=\"font-weight: 400;\">MET<\/span><span style=\"font-weight: 400;\"> en el 2016. Sus conciertos incluyen varias ciudades como Berl\u00edn, Mosc\u00fa, Nueva York, Miami y M\u00e9xico, incluyendo el <\/span><span style=\"font-weight: 400;\">Palacio de Bellas Artes.<\/span><\/p><p><span style=\"font-weight: 400;\">Diego ha cantado en el <\/span><span style=\"font-weight: 400;\">Tchaikovsky Concert Hall<\/span><span style=\"font-weight: 400;\"> Mosc\u00fa, <\/span><span style=\"font-weight: 400;\">Lincoln Center, Konzerthaus Berl\u00edn, la Orquesta de Bellas Artes y El Paso Symphony Orchestra.<\/span><span style=\"font-weight: 400;\"> Tambi\u00e9n ha cantado con la <\/span><span style=\"font-weight: 400;\">New World Symphony Orchestra<\/span><span style=\"font-weight: 400;\"> dirigida por Michael Tilson Thomas en la <\/span><span style=\"font-weight: 400;\">Gala de Pl\u00e1cido Domingo<\/span><span style=\"font-weight: 400;\"> en el Fuerte de San Diego y con la Orquesta de Miner\u00eda en el concierto <\/span><span style=\"font-weight: 400;\">\u201cLas Mejores Voces de M\u00e9xico\u201d.<\/span><\/p><p><span style=\"font-weight: 400;\">En sus compromisos destacados para la temporada del <\/span><span style=\"font-weight: 400;\">2019\/2020<\/span><span style=\"font-weight: 400;\"> est\u00e1n Des Grieux (cover) de Manon en <\/span><span style=\"font-weight: 400;\">The Metropolitan Opera,<\/span><span style=\"font-weight: 400;\"> su debut como Arturo de Lucia di Lammermoor en <\/span><span style=\"font-weight: 400;\">Opera Monte-Carlo<\/span><span style=\"font-weight: 400;\"> y como Lensky de Eugene Onegin en el <\/span><span style=\"font-weight: 400;\">Luzerner Theater.<\/span><\/p>\t\t\t\t\t\t<\/div>\n\t\t\t\t<\/div>\n\t\t\t\t\t<\/div>\n\t\t<\/div>\n\t\t\t\t\t\t\t<\/div>\n\t\t<\/section>\n\t\t\t\t\t\t\t<\/div>\n\t\t","protected":false},"excerpt":{"rendered":"<p>Diego Silva Tenor Naci\u00f3 en M\u00e9xico y estudi\u00f3 en The Curtis Institute of Music, continuando sus estudios como residente en la Academia de Artes Vocales en Philadelphia. Recibi\u00f3 la Beca Pl\u00e1cido Domingo de parte de la Sociedad International de Valores de Arte Mexicano, junto con otros premios como el Concurso Nacional de Canto Carlo Morelli, &hellip;<\/p>\n<p class=\"read-more\"> <a class=\"\" href=\"https:\/\/spintotalent.com\/es\/nuestros-artistas\/diego-silva-tenor\/\"> <span class=\"screen-reader-text\">Diego-Silva, Tenor<\/span> Leer m\u00e1s &raquo;<\/a><\/p>\n","protected":false},"author":1,"featured_media":2359,"parent":848,"menu_order":0,"comment_status":"closed","ping_status":"closed","template":"","meta":{"_uag_custom_page_level_css":"","site-sidebar-layout":"no-sidebar","site-content-layout":"page-builder","ast-site-content-layout":"","site-content-style":"default","site-sidebar-style":"default","ast-global-header-display":"","ast-banner-title-visibility":"","ast-main-header-display":"","ast-hfb-above-header-display":"","ast-hfb-below-header-display":"","ast-hfb-mobile-header-display":"","site-post-title":"disabled","ast-breadcrumbs-content":"","ast-featured-img":"disabled","footer-sml-layout":"","theme-transparent-header-meta":"enabled","adv-header-id-meta":"","stick-header-meta":"default","header-above-stick-meta":"","header-main-stick-meta":"","header-below-stick-meta":"","astra-migrate-meta-layouts":"","ast-page-background-enabled":"default","ast-page-background-meta":{"desktop":{"background-color":"","background-image":"","background-repeat":"repeat","background-position":"center center","background-size":"auto","background-attachment":"scroll","background-type":"","background-media":"","overlay-type":"","overlay-color":"","overlay-gradient":""},"tablet":{"background-color":"","background-image":"","background-repeat":"repeat","background-position":"center center","background-size":"auto","background-attachment":"scroll","background-type":"","background-media":"","overlay-type":"","overlay-color":"","overlay-gradient":""},"mobile":{"background-color":"","background-image":"","background-repeat":"repeat","background-position":"center center","background-size":"auto","background-attachment":"scroll","background-type":"","background-media":"","overlay-type":"","overlay-color":"","overlay-gradient":""}},"ast-content-background-meta":{"desktop":{"background-color":"var(--ast-global-color-5)","background-image":"","background-repeat":"repeat","background-position":"center center","background-size":"auto","background-attachment":"scroll","background-type":"","background-media":"","overlay-type":"","overlay-color":"","overlay-gradient":""},"tablet":{"background-color":"var(--ast-global-color-5)","background-image":"","background-repeat":"repeat","background-position":"center center","background-size":"auto","background-attachment":"scroll","background-type":"","background-media":"","overlay-type":"","overlay-color":"","overlay-gradient":""},"mobile":{"background-color":"var(--ast-global-color-5)","background-image":"","background-repeat":"repeat","background-position":"center center","background-size":"auto","background-attachment":"scroll","background-type":"","background-media":"","overlay-type":"","overlay-color":"","overlay-gradient":""}},"footnotes":""},"uagb_featured_image_src":{"full":["https:\/\/spintotalent.com\/wp-content\/uploads\/2020\/01\/Spinto-Talent-Diego-Silva-495x800-1-e1580314397287.jpg",205,331,false],"thumbnail":["https:\/\/spintotalent.com\/wp-content\/uploads\/2020\/01\/Spinto-Talent-Diego-Silva-495x800-1-e1580314397287-205x300.jpg",205,300,true],"medium":["https:\/\/spintotalent.com\/wp-content\/uploads\/2020\/01\/Spinto-Talent-Diego-Silva-495x800-1-e1580314397287.jpg",205,331,false],"medium_large":["https:\/\/spintotalent.com\/wp-content\/uploads\/2020\/01\/Spinto-Talent-Diego-Silva-495x800-1-e1580314397287.jpg",205,331,false],"large":["https:\/\/spintotalent.com\/wp-content\/uploads\/2020\/01\/Spinto-Talent-Diego-Silva-495x800-1-e1580314397287.jpg",205,331,false],"1536x1536":["https:\/\/spintotalent.com\/wp-content\/uploads\/2020\/01\/Spinto-Talent-Diego-Silva-495x800-1-e1580314397287.jpg",205,331,false],"2048x2048":["https:\/\/spintotalent.com\/wp-content\/uploads\/2020\/01\/Spinto-Talent-Diego-Silva-495x800-1-e1580314397287.jpg",205,331,false]},"uagb_author_info":{"display_name":"fabrica","author_link":"https:\/\/spintotalent.com\/es\/author\/fabrica\/"},"uagb_comment_info":0,"uagb_excerpt":"Diego Silva Tenor Naci\u00f3 en M\u00e9xico y estudi\u00f3 en The Curtis Institute of Music, continuando sus estudios como residente en la Academia de Artes Vocales en Philadelphia. Recibi\u00f3 la Beca Pl\u00e1cido Domingo de parte de la Sociedad International de Valores de Arte Mexicano, junto con otros premios como el Concurso Nacional de Canto Carlo Morelli,&hellip;","_links":{"self":[{"href":"https:\/\/spintotalent.com\/es\/wp-json\/wp\/v2\/pages\/2571"}],"collection":[{"href":"https:\/\/spintotalent.com\/es\/wp-json\/wp\/v2\/pages"}],"about":[{"href":"https:\/\/spintotalent.com\/es\/wp-json\/wp\/v2\/types\/page"}],"author":[{"embeddable":true,"href":"https:\/\/spintotalent.com\/es\/wp-json\/wp\/v2\/users\/1"}],"replies":[{"embeddable":true,"href":"https:\/\/spintotalent.com\/es\/wp-json\/wp\/v2\/comments?post=2571"}],"version-history":[{"count":10,"href":"https:\/\/spintotalent.com\/es\/wp-json\/wp\/v2\/pages\/2571\/revisions"}],"predecessor-version":[{"id":5109,"href":"https:\/\/spintotalent.com\/es\/wp-json\/wp\/v2\/pages\/2571\/revisions\/5109"}],"up":[{"embeddable":true,"href":"https:\/\/spintotalent.com\/es\/wp-json\/wp\/v2\/pages\/848"}],"wp:featuredmedia":[{"embeddable":true,"href":"https:\/\/spintotalent.com\/es\/wp-json\/wp\/v2\/media\/2359"}],"wp:attachment":[{"href":"https:\/\/spintotalent.com\/es\/wp-json\/wp\/v2\/media?parent=2571"}],"curies":[{"name":"wp","href":"https:\/\/api.w.org\/{rel}","templated":true}]}}