{"id":1334,"date":"2019-10-28T15:58:27","date_gmt":"2019-10-28T15:58:27","guid":{"rendered":"http:\/\/209.182.212.85\/~spintomexico\/?page_id=1334"},"modified":"2021-10-12T19:28:39","modified_gmt":"2021-10-13T00:28:39","slug":"javier-camarena-tenor","status":"publish","type":"page","link":"https:\/\/spintotalent.com\/es\/nuestros-artistas\/javier-camarena-tenor\/","title":{"rendered":"Javier Camarena, Tenor"},"content":{"rendered":"\t\t<div data-elementor-type=\"wp-post\" data-elementor-id=\"1334\" class=\"elementor elementor-1334\" data-elementor-post-type=\"page\">\n\t\t\t\t\t\t\t\t\t<section class=\"elementor-section elementor-top-section elementor-element elementor-element-9b664af elementor-section-height-min-height elementor-section-boxed elementor-section-height-default elementor-section-items-middle\" data-id=\"9b664af\" data-element_type=\"section\" data-settings=\"{&quot;background_background&quot;:&quot;classic&quot;,&quot;background_motion_fx_motion_fx_scrolling&quot;:&quot;yes&quot;,&quot;background_motion_fx_translateY_effect&quot;:&quot;yes&quot;,&quot;background_motion_fx_translateY_speed&quot;:{&quot;unit&quot;:&quot;px&quot;,&quot;size&quot;:4,&quot;sizes&quot;:[]},&quot;background_motion_fx_translateY_affectedRange&quot;:{&quot;unit&quot;:&quot;%&quot;,&quot;size&quot;:&quot;&quot;,&quot;sizes&quot;:{&quot;start&quot;:0,&quot;end&quot;:100}},&quot;background_motion_fx_devices&quot;:[&quot;desktop&quot;,&quot;tablet&quot;,&quot;mobile&quot;]}\">\n\t\t\t\t\t\t\t<div class=\"elementor-background-overlay\"><\/div>\n\t\t\t\t\t\t\t<div class=\"elementor-container elementor-column-gap-default\">\n\t\t\t\t\t<div class=\"elementor-column elementor-col-100 elementor-top-column elementor-element elementor-element-fde4123\" data-id=\"fde4123\" data-element_type=\"column\">\n\t\t\t<div class=\"elementor-widget-wrap\">\n\t\t\t\t\t\t\t\t\t<\/div>\n\t\t<\/div>\n\t\t\t\t\t\t\t<\/div>\n\t\t<\/section>\n\t\t\t\t<section class=\"elementor-section elementor-top-section elementor-element elementor-element-176cbeb elementor-reverse-mobile elementor-section-boxed elementor-section-height-default elementor-section-height-default\" data-id=\"176cbeb\" data-element_type=\"section\" data-settings=\"{&quot;background_background&quot;:&quot;classic&quot;}\">\n\t\t\t\t\t\t<div class=\"elementor-container elementor-column-gap-default\">\n\t\t\t\t\t<div class=\"elementor-column elementor-col-50 elementor-top-column elementor-element elementor-element-ba219cc\" data-id=\"ba219cc\" data-element_type=\"column\" data-settings=\"{&quot;background_background&quot;:&quot;classic&quot;}\">\n\t\t\t<div class=\"elementor-widget-wrap elementor-element-populated\">\n\t\t\t\t\t\t\t\t<div class=\"elementor-element elementor-element-9a159c6 elementor-widget elementor-widget-image\" data-id=\"9a159c6\" data-element_type=\"widget\" data-widget_type=\"image.default\">\n\t\t\t\t<div class=\"elementor-widget-container\">\n\t\t\t\t\t\t\t\t\t\t\t\t\t\t\t<img loading=\"lazy\" decoding=\"async\" width=\"550\" height=\"900\" src=\"https:\/\/spintotalent.com\/wp-content\/uploads\/2020\/06\/Javier-Camarena-spinto-talent.jpg\" class=\"attachment-large size-large wp-image-3915\" alt=\"\" srcset=\"https:\/\/spintotalent.com\/wp-content\/uploads\/2020\/06\/Javier-Camarena-spinto-talent.jpg 550w, https:\/\/spintotalent.com\/wp-content\/uploads\/2020\/06\/Javier-Camarena-spinto-talent-489x800.jpg 489w\" sizes=\"(max-width: 550px) 100vw, 550px\" \/>\t\t\t\t\t\t\t\t\t\t\t\t\t\t\t<\/div>\n\t\t\t\t<\/div>\n\t\t\t\t\t<\/div>\n\t\t<\/div>\n\t\t\t\t<div class=\"elementor-column elementor-col-50 elementor-top-column elementor-element elementor-element-21c8e80\" data-id=\"21c8e80\" data-element_type=\"column\">\n\t\t\t<div class=\"elementor-widget-wrap elementor-element-populated\">\n\t\t\t\t\t\t\t\t<section class=\"elementor-section elementor-inner-section elementor-element elementor-element-894b866 elementor-section-content-bottom elementor-section-boxed elementor-section-height-default elementor-section-height-default\" data-id=\"894b866\" data-element_type=\"section\">\n\t\t\t\t\t\t<div class=\"elementor-container elementor-column-gap-default\">\n\t\t\t\t\t<div class=\"elementor-column elementor-col-100 elementor-inner-column elementor-element elementor-element-d7a99cf\" data-id=\"d7a99cf\" data-element_type=\"column\">\n\t\t\t<div class=\"elementor-widget-wrap elementor-element-populated\">\n\t\t\t\t\t\t\t\t<div class=\"elementor-element elementor-element-0536b8b elementor-widget elementor-widget-heading\" data-id=\"0536b8b\" data-element_type=\"widget\" data-widget_type=\"heading.default\">\n\t\t\t\t<div class=\"elementor-widget-container\">\n\t\t\t<h2 class=\"elementor-heading-title elementor-size-default\">Javier Camarena<\/h2>\t\t<\/div>\n\t\t\t\t<\/div>\n\t\t\t\t<div class=\"elementor-element elementor-element-f136f04 elementor-widget elementor-widget-heading\" data-id=\"f136f04\" data-element_type=\"widget\" data-widget_type=\"heading.default\">\n\t\t\t\t<div class=\"elementor-widget-container\">\n\t\t\t<h2 class=\"elementor-heading-title elementor-size-default\">Tenor<\/h2>\t\t<\/div>\n\t\t\t\t<\/div>\n\t\t\t\t\t<\/div>\n\t\t<\/div>\n\t\t\t\t\t\t\t<\/div>\n\t\t<\/section>\n\t\t\t\t<div class=\"elementor-element elementor-element-17c7efc elementor-widget-divider--view-line elementor-widget elementor-widget-divider\" data-id=\"17c7efc\" data-element_type=\"widget\" data-widget_type=\"divider.default\">\n\t\t\t\t<div class=\"elementor-widget-container\">\n\t\t\t\t\t<div class=\"elementor-divider\">\n\t\t\t<span class=\"elementor-divider-separator\">\n\t\t\t\t\t\t<\/span>\n\t\t<\/div>\n\t\t\t\t<\/div>\n\t\t\t\t<\/div>\n\t\t\t\t<div class=\"elementor-element elementor-element-f29e0e2 elementor-widget elementor-widget-text-editor\" data-id=\"f29e0e2\" data-element_type=\"widget\" data-widget_type=\"text-editor.default\">\n\t\t\t\t<div class=\"elementor-widget-container\">\n\t\t\t\t\t\t\t<p><span style=\"font-weight: 400;\">Tenor mexicano considerado <\/span><span style=\"font-weight: 400;\">el mejor de su generaci\u00f3n<\/span><span style=\"font-weight: 400;\">, es distinguido por ser un especialista en <\/span><span style=\"font-weight: 400;\">Mozart y Bel Canto. <\/span><span style=\"font-weight: 400;\">Regularmente protagoniza roles principales en las \u00f3peras m\u00e1s importantes del mundo y la portada de la edici\u00f3n del <\/span><span style=\"font-weight: 400;\">80 aniversario de Opera News.<\/span><\/p><p><span style=\"font-weight: 400;\">Estudi\u00f3 en la Universidad de Guanajuato y en el 2004 gan\u00f3 el primer lugar del premio del <\/span><span style=\"font-weight: 400;\">Concurso Nacional de Canto Carlo Morelli<\/span> <span style=\"font-weight: 400;\">en M\u00e9xico. Al a\u00f1o siguiente, el premio <\/span><span style=\"font-weight: 400;\">Juan Oncinas de Francisco Vi\u00f1as<\/span><span style=\"font-weight: 400;\"> en Barcelona, donde despu\u00e9s fue invitado a ser parte del <\/span><span style=\"font-weight: 400;\">Estudio Internacional de \u00d3pera en Z\u00farich.<\/span><\/p><p><span style=\"font-weight: 400;\">En el 2004, hizo su debut profesional como Tonio en La fille du r\u00e9giment en el <\/span><span style=\"font-weight: 400;\">Palacio de Bellas Artes<\/span><span style=\"font-weight: 400;\"> en la Ciudad de M\u00e9xico. Confirma su gran reputaci\u00f3n como la estrella de Opera News con su desempe\u00f1o en la <\/span><span style=\"font-weight: 400;\">Royal Opera House<\/span><span style=\"font-weight: 400;\">. Contin\u00faa su trayectoria de recitales y presentaciones en conciertos de grandes \u00f3peras como la \u00d3pera de Z\u00farich, la \u00d3pera Estatal de Viena, LA Opera, Dallas, Chicago, Washington y otras grandes ciudades como, Londres, Madrid, Barcelona, Salzburgo, Nueva York y M\u00e9xico.<\/span><\/p><p><span style=\"font-weight: 400;\">Es <\/span><span style=\"font-weight: 400;\">\u00fanico tenor en la historia que ha cantado un bis en tres diferentes producciones del MET<\/span><span style=\"font-weight: 400;\">: dos bis en Don Pasquale (2014), dos bis en La Cenerentola (2016) y 7 bis en La Hija del Regimiento en febrero 2019, bisando en las 7 funciones que cant\u00f3.<\/span><\/p><p><span style=\"font-weight: 400;\">Su calendario para el <\/span><span style=\"font-weight: 400;\">2019\/2020<\/span><span style=\"font-weight: 400;\"> incluye la inauguraci\u00f3n de la temporada de la \u00d3pera de Par\u00eds con <\/span><span style=\"font-weight: 400;\">Puritani<\/span><span style=\"font-weight: 400;\"> en septiembre, un tour de conciertos en M\u00e9xico y Los \u00c1ngeles en octubre,, un tour por Espa\u00f1a con su debut en <\/span><span style=\"font-weight: 400;\">Il Pirata, La Cenerentola<\/span><span style=\"font-weight: 400;\"> en Z\u00farich y el MET; y con <\/span><span style=\"font-weight: 400;\">Don Pasquale<\/span><span style=\"font-weight: 400;\"> en el Festival de Salzburgo.<\/span><\/p>\t\t\t\t\t\t<\/div>\n\t\t\t\t<\/div>\n\t\t\t\t\t<\/div>\n\t\t<\/div>\n\t\t\t\t\t\t\t<\/div>\n\t\t<\/section>\n\t\t\t\t\t\t\t<\/div>\n\t\t","protected":false},"excerpt":{"rendered":"<p>Javier Camarena Tenor Tenor mexicano considerado el mejor de su generaci\u00f3n, es distinguido por ser un especialista en Mozart y Bel Canto. Regularmente protagoniza roles principales en las \u00f3peras m\u00e1s importantes del mundo y la portada de la edici\u00f3n del 80 aniversario de Opera News. Estudi\u00f3 en la Universidad de Guanajuato y en el 2004 &hellip;<\/p>\n<p class=\"read-more\"> <a class=\"\" href=\"https:\/\/spintotalent.com\/es\/nuestros-artistas\/javier-camarena-tenor\/\"> <span class=\"screen-reader-text\">Javier Camarena, Tenor<\/span> Leer m\u00e1s &raquo;<\/a><\/p>\n","protected":false},"author":1,"featured_media":3915,"parent":848,"menu_order":0,"comment_status":"closed","ping_status":"closed","template":"","meta":{"_uag_custom_page_level_css":"","site-sidebar-layout":"no-sidebar","site-content-layout":"page-builder","ast-site-content-layout":"","site-content-style":"default","site-sidebar-style":"default","ast-global-header-display":"","ast-banner-title-visibility":"","ast-main-header-display":"","ast-hfb-above-header-display":"","ast-hfb-below-header-display":"","ast-hfb-mobile-header-display":"","site-post-title":"disabled","ast-breadcrumbs-content":"","ast-featured-img":"disabled","footer-sml-layout":"","theme-transparent-header-meta":"enabled","adv-header-id-meta":"","stick-header-meta":"default","header-above-stick-meta":"","header-main-stick-meta":"","header-below-stick-meta":"","astra-migrate-meta-layouts":"","ast-page-background-enabled":"default","ast-page-background-meta":{"desktop":{"background-color":"","background-image":"","background-repeat":"repeat","background-position":"center center","background-size":"auto","background-attachment":"scroll","background-type":"","background-media":"","overlay-type":"","overlay-color":"","overlay-gradient":""},"tablet":{"background-color":"","background-image":"","background-repeat":"repeat","background-position":"center center","background-size":"auto","background-attachment":"scroll","background-type":"","background-media":"","overlay-type":"","overlay-color":"","overlay-gradient":""},"mobile":{"background-color":"","background-image":"","background-repeat":"repeat","background-position":"center center","background-size":"auto","background-attachment":"scroll","background-type":"","background-media":"","overlay-type":"","overlay-color":"","overlay-gradient":""}},"ast-content-background-meta":{"desktop":{"background-color":"var(--ast-global-color-5)","background-image":"","background-repeat":"repeat","background-position":"center center","background-size":"auto","background-attachment":"scroll","background-type":"","background-media":"","overlay-type":"","overlay-color":"","overlay-gradient":""},"tablet":{"background-color":"var(--ast-global-color-5)","background-image":"","background-repeat":"repeat","background-position":"center center","background-size":"auto","background-attachment":"scroll","background-type":"","background-media":"","overlay-type":"","overlay-color":"","overlay-gradient":""},"mobile":{"background-color":"var(--ast-global-color-5)","background-image":"","background-repeat":"repeat","background-position":"center center","background-size":"auto","background-attachment":"scroll","background-type":"","background-media":"","overlay-type":"","overlay-color":"","overlay-gradient":""}},"footnotes":""},"uagb_featured_image_src":{"full":["https:\/\/spintotalent.com\/wp-content\/uploads\/2020\/06\/Javier-Camarena-spinto-talent.jpg",550,900,false],"thumbnail":["https:\/\/spintotalent.com\/wp-content\/uploads\/2020\/06\/Javier-Camarena-spinto-talent-300x300.jpg",300,300,true],"medium":["https:\/\/spintotalent.com\/wp-content\/uploads\/2020\/06\/Javier-Camarena-spinto-talent-489x800.jpg",489,800,true],"medium_large":["https:\/\/spintotalent.com\/wp-content\/uploads\/2020\/06\/Javier-Camarena-spinto-talent.jpg",550,900,false],"large":["https:\/\/spintotalent.com\/wp-content\/uploads\/2020\/06\/Javier-Camarena-spinto-talent.jpg",550,900,false],"1536x1536":["https:\/\/spintotalent.com\/wp-content\/uploads\/2020\/06\/Javier-Camarena-spinto-talent.jpg",550,900,false],"2048x2048":["https:\/\/spintotalent.com\/wp-content\/uploads\/2020\/06\/Javier-Camarena-spinto-talent.jpg",550,900,false]},"uagb_author_info":{"display_name":"fabrica","author_link":"https:\/\/spintotalent.com\/es\/author\/fabrica\/"},"uagb_comment_info":0,"uagb_excerpt":"Javier Camarena Tenor Tenor mexicano considerado el mejor de su generaci\u00f3n, es distinguido por ser un especialista en Mozart y Bel Canto. Regularmente protagoniza roles principales en las \u00f3peras m\u00e1s importantes del mundo y la portada de la edici\u00f3n del 80 aniversario de Opera News. Estudi\u00f3 en la Universidad de Guanajuato y en el 2004&hellip;","_links":{"self":[{"href":"https:\/\/spintotalent.com\/es\/wp-json\/wp\/v2\/pages\/1334"}],"collection":[{"href":"https:\/\/spintotalent.com\/es\/wp-json\/wp\/v2\/pages"}],"about":[{"href":"https:\/\/spintotalent.com\/es\/wp-json\/wp\/v2\/types\/page"}],"author":[{"embeddable":true,"href":"https:\/\/spintotalent.com\/es\/wp-json\/wp\/v2\/users\/1"}],"replies":[{"embeddable":true,"href":"https:\/\/spintotalent.com\/es\/wp-json\/wp\/v2\/comments?post=1334"}],"version-history":[{"count":32,"href":"https:\/\/spintotalent.com\/es\/wp-json\/wp\/v2\/pages\/1334\/revisions"}],"predecessor-version":[{"id":5884,"href":"https:\/\/spintotalent.com\/es\/wp-json\/wp\/v2\/pages\/1334\/revisions\/5884"}],"up":[{"embeddable":true,"href":"https:\/\/spintotalent.com\/es\/wp-json\/wp\/v2\/pages\/848"}],"wp:featuredmedia":[{"embeddable":true,"href":"https:\/\/spintotalent.com\/es\/wp-json\/wp\/v2\/media\/3915"}],"wp:attachment":[{"href":"https:\/\/spintotalent.com\/es\/wp-json\/wp\/v2\/media?parent=1334"}],"curies":[{"name":"wp","href":"https:\/\/api.w.org\/{rel}","templated":true}]}}