{"id":1049,"date":"2019-10-23T01:07:46","date_gmt":"2019-10-23T01:07:46","guid":{"rendered":"http:\/\/209.182.212.85\/~spintomexico\/?page_id=1049"},"modified":"2023-02-07T10:43:09","modified_gmt":"2023-02-07T16:43:09","slug":"greta-shelley","status":"publish","type":"page","link":"https:\/\/spintotalent.com\/es\/quienes-somos\/greta-shelley\/","title":{"rendered":"Greta Shelley"},"content":{"rendered":"\t\t<div data-elementor-type=\"wp-page\" data-elementor-id=\"1049\" class=\"elementor elementor-1049\" data-elementor-post-type=\"page\">\n\t\t\t\t\t\t\t\t\t<section class=\"elementor-section elementor-top-section elementor-element elementor-element-9d49475 elementor-section-boxed elementor-section-height-default elementor-section-height-default\" data-id=\"9d49475\" data-element_type=\"section\" data-settings=\"{&quot;background_background&quot;:&quot;classic&quot;}\">\n\t\t\t\t\t\t<div class=\"elementor-container elementor-column-gap-default\">\n\t\t\t\t\t<div class=\"elementor-column elementor-col-50 elementor-top-column elementor-element elementor-element-f8a9a6e\" data-id=\"f8a9a6e\" data-element_type=\"column\" data-settings=\"{&quot;background_background&quot;:&quot;classic&quot;}\">\n\t\t\t<div class=\"elementor-widget-wrap elementor-element-populated\">\n\t\t\t\t\t\t\t\t<section class=\"elementor-section elementor-inner-section elementor-element elementor-element-d9feaec elementor-section-content-bottom elementor-section-boxed elementor-section-height-default elementor-section-height-default\" data-id=\"d9feaec\" data-element_type=\"section\">\n\t\t\t\t\t\t<div class=\"elementor-container elementor-column-gap-default\">\n\t\t\t\t\t<div class=\"elementor-column elementor-col-100 elementor-inner-column elementor-element elementor-element-ee63f52\" data-id=\"ee63f52\" data-element_type=\"column\">\n\t\t\t<div class=\"elementor-widget-wrap elementor-element-populated\">\n\t\t\t\t\t\t\t\t<div class=\"elementor-element elementor-element-0427632 no--space elementor-widget elementor-widget-heading\" data-id=\"0427632\" data-element_type=\"widget\" data-widget_type=\"heading.default\">\n\t\t\t\t<div class=\"elementor-widget-container\">\n\t\t\t<h2 class=\"elementor-heading-title elementor-size-default\">Greta Shelley<\/h2>\t\t<\/div>\n\t\t\t\t<\/div>\n\t\t\t\t<div class=\"elementor-element elementor-element-080b48e elementor-widget elementor-widget-heading\" data-id=\"080b48e\" data-element_type=\"widget\" data-widget_type=\"heading.default\">\n\t\t\t\t<div class=\"elementor-widget-container\">\n\t\t\t<h2 class=\"elementor-heading-title elementor-size-default\">CEO Spinto Talent<\/h2>\t\t<\/div>\n\t\t\t\t<\/div>\n\t\t\t\t\t<\/div>\n\t\t<\/div>\n\t\t\t\t\t\t\t<\/div>\n\t\t<\/section>\n\t\t\t\t<div class=\"elementor-element elementor-element-5087fef elementor-widget-divider--view-line elementor-widget elementor-widget-divider\" data-id=\"5087fef\" data-element_type=\"widget\" data-widget_type=\"divider.default\">\n\t\t\t\t<div class=\"elementor-widget-container\">\n\t\t\t\t\t<div class=\"elementor-divider\">\n\t\t\t<span class=\"elementor-divider-separator\">\n\t\t\t\t\t\t<\/span>\n\t\t<\/div>\n\t\t\t\t<\/div>\n\t\t\t\t<\/div>\n\t\t\t\t<div class=\"elementor-element elementor-element-d72b8d8 no--space elementor-widget elementor-widget-text-editor\" data-id=\"d72b8d8\" data-element_type=\"widget\" data-widget_type=\"text-editor.default\">\n\t\t\t\t<div class=\"elementor-widget-container\">\n\t\t\t\t\t\t\t<p>Internacionalista con experiencia en relaciones gobierno-empresa, comunicaci\u00f3n, protocolo y management cultural.<\/p>\t\t\t\t\t\t<\/div>\n\t\t\t\t<\/div>\n\t\t\t\t<div class=\"elementor-element elementor-element-2a274fa e-grid-align-left elementor-shape-rounded elementor-grid-0 elementor-widget elementor-widget-social-icons\" data-id=\"2a274fa\" data-element_type=\"widget\" data-widget_type=\"social-icons.default\">\n\t\t\t\t<div class=\"elementor-widget-container\">\n\t\t\t\t\t<div class=\"elementor-social-icons-wrapper elementor-grid\">\n\t\t\t\t\t\t\t<span class=\"elementor-grid-item\">\n\t\t\t\t\t<a class=\"elementor-icon elementor-social-icon elementor-social-icon-linkedin elementor-repeater-item-44d21fc\" href=\"https:\/\/www.linkedin.com\/in\/greta-shelley-1785501\/\" target=\"_blank\">\n\t\t\t\t\t\t<span class=\"elementor-screen-only\">Linkedin<\/span>\n\t\t\t\t\t\t<i class=\"fab fa-linkedin\"><\/i>\t\t\t\t\t<\/a>\n\t\t\t\t<\/span>\n\t\t\t\t\t\t\t<span class=\"elementor-grid-item\">\n\t\t\t\t\t<a class=\"elementor-icon elementor-social-icon elementor-social-icon-twitter elementor-repeater-item-1a488d6\" href=\"https:\/\/twitter.com\/gretashelley\" target=\"_blank\">\n\t\t\t\t\t\t<span class=\"elementor-screen-only\">Twitter<\/span>\n\t\t\t\t\t\t<i class=\"fab fa-twitter\"><\/i>\t\t\t\t\t<\/a>\n\t\t\t\t<\/span>\n\t\t\t\t\t<\/div>\n\t\t\t\t<\/div>\n\t\t\t\t<\/div>\n\t\t\t\t\t<\/div>\n\t\t<\/div>\n\t\t\t\t<div class=\"elementor-column elementor-col-50 elementor-top-column elementor-element elementor-element-ff3c0cf\" data-id=\"ff3c0cf\" data-element_type=\"column\" data-settings=\"{&quot;background_background&quot;:&quot;classic&quot;}\">\n\t\t\t<div class=\"elementor-widget-wrap elementor-element-populated\">\n\t\t\t\t\t\t\t\t<div class=\"elementor-element elementor-element-14e87c7 elementor-widget elementor-widget-spacer\" data-id=\"14e87c7\" data-element_type=\"widget\" data-widget_type=\"spacer.default\">\n\t\t\t\t<div class=\"elementor-widget-container\">\n\t\t\t\t\t<div class=\"elementor-spacer\">\n\t\t\t<div class=\"elementor-spacer-inner\"><\/div>\n\t\t<\/div>\n\t\t\t\t<\/div>\n\t\t\t\t<\/div>\n\t\t\t\t\t<\/div>\n\t\t<\/div>\n\t\t\t\t\t\t\t<\/div>\n\t\t<\/section>\n\t\t\t\t<section class=\"elementor-section elementor-top-section elementor-element elementor-element-bfa4adb elementor-section-boxed elementor-section-height-default elementor-section-height-default\" data-id=\"bfa4adb\" data-element_type=\"section\">\n\t\t\t\t\t\t<div class=\"elementor-container elementor-column-gap-default\">\n\t\t\t\t\t<div class=\"elementor-column elementor-col-50 elementor-top-column elementor-element elementor-element-5522086\" data-id=\"5522086\" data-element_type=\"column\">\n\t\t\t<div class=\"elementor-widget-wrap\">\n\t\t\t\t\t\t\t\t\t<\/div>\n\t\t<\/div>\n\t\t\t\t<div class=\"elementor-column elementor-col-50 elementor-top-column elementor-element elementor-element-36cdbe4\" data-id=\"36cdbe4\" data-element_type=\"column\">\n\t\t\t<div class=\"elementor-widget-wrap elementor-element-populated\">\n\t\t\t\t\t\t\t\t<div class=\"elementor-element elementor-element-d6b571c div--space elementor-widget elementor-widget-text-editor\" data-id=\"d6b571c\" data-element_type=\"widget\" data-widget_type=\"text-editor.default\">\n\t\t\t\t<div class=\"elementor-widget-container\">\n\t\t\t\t\t\t\t<div>Estudi\u00f3 Relaciones Internacionales en la Universidad Iberoamericana y una Maestr\u00eda en Relaciones\nInternacionales en Georgetown University, con especializaci\u00f3n en relaciones gobierno-empresa.\nTambi\u00e9n cuenta con el Certificado Ejecutivo de Liderazgo Global de Thunderbird School of Global\nManagement (2016) y diplomados en Negocios Internacionales, Berkeley University (2008), en\nRelaciones Gobierno-Empresa, Georgetown University (2012), Curso de Promoci\u00f3n de Cultura y\nTurismo del Instituto Mat\u00edas Romero, Secretar\u00eda de Relaciones Exteriores (2015), Liderazgo\nComunicaci\u00f3n Transcultural, Thunderbird School of Global Management (2017) y Marketing Digital en\nColumbia University (2019) Adem\u00e1s, es experta en temas de protocolo oficial y empresarial.<\/div>\n<div>Ha trabajado en la Secretar\u00eda de Relaciones Exteriores (1994-1999) en la Direcci\u00f3n General para\nAm\u00e9rica del Norte y en la Coordinaci\u00f3n de Asesores del Canciller; un a\u00f1o como graduate fellow en\nKissinger McLarty Associates en Washington, D.C., (2000-2001); en Michael Storrs Music, London\ncomo PR and Events Manager (2004-2008); en Zimat Consultores como Consultora Senior (2008-2013\ny 2017), y como Directora de la oficina de ProM\u00e9xico, con sede en Berna, cubriendo Suiza,\nLiechtenstein, Rep\u00fablica Checa, Hungr\u00eda, Polonia, Croacia y Bulgaria (2014-2017).<\/div>\n<div>En cuestiones de comunicaci\u00f3n ha manejado cuentas como HP, Honeywell, Infosys, Huawei, Museo\nAmparo, MUAC, Amafore, Christian Louboutin, General Motors, London School of Economics, C\u00e1mara\nSuiza Mexicana de Comercio, Javier Camarena, Takeda, entre otras.<\/div>\n<div>Greta es asociada del COMEXI desde 2005, integrante del Patronato del Instituto Nacional de\nNeurolog\u00eda y colaboradora del blog El Mundo de Regina.<\/div>\t\t\t\t\t\t<\/div>\n\t\t\t\t<\/div>\n\t\t\t\t\t<\/div>\n\t\t<\/div>\n\t\t\t\t\t\t\t<\/div>\n\t\t<\/section>\n\t\t\t\t<section class=\"elementor-section elementor-inner-section elementor-element elementor-element-54bfc00 elementor-section-boxed elementor-section-height-default elementor-section-height-default elementor-invisible\" data-id=\"54bfc00\" data-element_type=\"section\" data-settings=\"{&quot;animation&quot;:&quot;fadeInUp&quot;}\">\n\t\t\t\t\t\t<div class=\"elementor-container elementor-column-gap-default\">\n\t\t\t\t\t<div class=\"elementor-column elementor-col-100 elementor-inner-column elementor-element elementor-element-de357b3\" data-id=\"de357b3\" data-element_type=\"column\">\n\t\t\t<div class=\"elementor-widget-wrap elementor-element-populated\">\n\t\t\t\t\t\t\t\t<div class=\"elementor-element elementor-element-c8c9228 elementor-widget elementor-widget-text-editor\" data-id=\"c8c9228\" data-element_type=\"widget\" data-widget_type=\"text-editor.default\">\n\t\t\t\t<div class=\"elementor-widget-container\">\n\t\t\t\t\t\t\t<p>\u201cMi prioridad es dar el mejor servicio a nuestro talento y que participen en los mejores eventos.\u201d<\/p>\t\t\t\t\t\t<\/div>\n\t\t\t\t<\/div>\n\t\t\t\t<div class=\"elementor-element elementor-element-dc15059 elementor-widget elementor-widget-text-editor\" data-id=\"dc15059\" data-element_type=\"widget\" data-widget_type=\"text-editor.default\">\n\t\t\t\t<div class=\"elementor-widget-container\">\n\t\t\t\t\t\t\t<p>Greta\u00a0 Shelley sobre Spinto Talent<\/p>\t\t\t\t\t\t<\/div>\n\t\t\t\t<\/div>\n\t\t\t\t\t<\/div>\n\t\t<\/div>\n\t\t\t\t\t\t\t<\/div>\n\t\t<\/section>\n\t\t\t\t<section class=\"elementor-section elementor-top-section elementor-element elementor-element-59dd414 elementor-section-content-top elementor-section-boxed elementor-section-height-default elementor-section-height-default\" data-id=\"59dd414\" data-element_type=\"section\">\n\t\t\t\t\t\t<div class=\"elementor-container elementor-column-gap-default\">\n\t\t\t\t\t<div class=\"elementor-column elementor-col-100 elementor-top-column elementor-element elementor-element-cde1ae7\" data-id=\"cde1ae7\" data-element_type=\"column\">\n\t\t\t<div class=\"elementor-widget-wrap elementor-element-populated\">\n\t\t\t\t\t\t\t\t<div class=\"elementor-element elementor-element-970b086 elementor-widget elementor-widget-spacer\" data-id=\"970b086\" data-element_type=\"widget\" data-widget_type=\"spacer.default\">\n\t\t\t\t<div class=\"elementor-widget-container\">\n\t\t\t\t\t<div class=\"elementor-spacer\">\n\t\t\t<div class=\"elementor-spacer-inner\"><\/div>\n\t\t<\/div>\n\t\t\t\t<\/div>\n\t\t\t\t<\/div>\n\t\t\t\t\t<\/div>\n\t\t<\/div>\n\t\t\t\t\t\t\t<\/div>\n\t\t<\/section>\n\t\t\t\t\t\t\t<\/div>\n\t\t","protected":false},"excerpt":{"rendered":"<p>Greta Shelley CEO Spinto Talent Internacionalista con experiencia en relaciones gobierno-empresa, comunicaci\u00f3n, protocolo y management cultural. Linkedin Twitter Estudi\u00f3 Relaciones Internacionales en la Universidad Iberoamericana y una Maestr\u00eda en Relaciones Internacionales en Georgetown University, con especializaci\u00f3n en relaciones gobierno-empresa. Tambi\u00e9n cuenta con el Certificado Ejecutivo de Liderazgo Global de Thunderbird School of Global Management (2016) &hellip;<\/p>\n<p class=\"read-more\"> <a class=\"\" href=\"https:\/\/spintotalent.com\/es\/quienes-somos\/greta-shelley\/\"> <span class=\"screen-reader-text\">Greta Shelley<\/span> Leer m\u00e1s &raquo;<\/a><\/p>\n","protected":false},"author":1,"featured_media":1890,"parent":909,"menu_order":0,"comment_status":"closed","ping_status":"closed","template":"","meta":{"_uag_custom_page_level_css":"","site-sidebar-layout":"no-sidebar","site-content-layout":"page-builder","ast-site-content-layout":"","site-content-style":"default","site-sidebar-style":"default","ast-global-header-display":"","ast-banner-title-visibility":"","ast-main-header-display":"","ast-hfb-above-header-display":"","ast-hfb-below-header-display":"","ast-hfb-mobile-header-display":"","site-post-title":"disabled","ast-breadcrumbs-content":"","ast-featured-img":"disabled","footer-sml-layout":"","theme-transparent-header-meta":"default","adv-header-id-meta":"","stick-header-meta":"default","header-above-stick-meta":"","header-main-stick-meta":"","header-below-stick-meta":"","astra-migrate-meta-layouts":"","ast-page-background-enabled":"default","ast-page-background-meta":{"desktop":{"background-color":"","background-image":"","background-repeat":"repeat","background-position":"center center","background-size":"auto","background-attachment":"scroll","background-type":"","background-media":"","overlay-type":"","overlay-color":"","overlay-gradient":""},"tablet":{"background-color":"","background-image":"","background-repeat":"repeat","background-position":"center center","background-size":"auto","background-attachment":"scroll","background-type":"","background-media":"","overlay-type":"","overlay-color":"","overlay-gradient":""},"mobile":{"background-color":"","background-image":"","background-repeat":"repeat","background-position":"center center","background-size":"auto","background-attachment":"scroll","background-type":"","background-media":"","overlay-type":"","overlay-color":"","overlay-gradient":""}},"ast-content-background-meta":{"desktop":{"background-color":"var(--ast-global-color-5)","background-image":"","background-repeat":"repeat","background-position":"center center","background-size":"auto","background-attachment":"scroll","background-type":"","background-media":"","overlay-type":"","overlay-color":"","overlay-gradient":""},"tablet":{"background-color":"var(--ast-global-color-5)","background-image":"","background-repeat":"repeat","background-position":"center center","background-size":"auto","background-attachment":"scroll","background-type":"","background-media":"","overlay-type":"","overlay-color":"","overlay-gradient":""},"mobile":{"background-color":"var(--ast-global-color-5)","background-image":"","background-repeat":"repeat","background-position":"center center","background-size":"auto","background-attachment":"scroll","background-type":"","background-media":"","overlay-type":"","overlay-color":"","overlay-gradient":""}},"footnotes":""},"uagb_featured_image_src":{"full":["https:\/\/spintotalent.com\/wp-content\/uploads\/2019\/11\/Spinto-Greta-Shelley-1.jpg",900,987,false],"thumbnail":["https:\/\/spintotalent.com\/wp-content\/uploads\/2019\/11\/Spinto-Greta-Shelley-1-300x300.jpg",300,300,true],"medium":["https:\/\/spintotalent.com\/wp-content\/uploads\/2019\/11\/Spinto-Greta-Shelley-1-729x800.jpg",729,800,true],"medium_large":["https:\/\/spintotalent.com\/wp-content\/uploads\/2019\/11\/Spinto-Greta-Shelley-1-768x842.jpg",768,842,true],"large":["https:\/\/spintotalent.com\/wp-content\/uploads\/2019\/11\/Spinto-Greta-Shelley-1.jpg",900,987,false],"1536x1536":["https:\/\/spintotalent.com\/wp-content\/uploads\/2019\/11\/Spinto-Greta-Shelley-1.jpg",900,987,false],"2048x2048":["https:\/\/spintotalent.com\/wp-content\/uploads\/2019\/11\/Spinto-Greta-Shelley-1.jpg",900,987,false]},"uagb_author_info":{"display_name":"fabrica","author_link":"https:\/\/spintotalent.com\/es\/author\/fabrica\/"},"uagb_comment_info":0,"uagb_excerpt":"Greta Shelley CEO Spinto Talent Internacionalista con experiencia en relaciones gobierno-empresa, comunicaci\u00f3n, protocolo y management cultural. Linkedin Twitter Estudi\u00f3 Relaciones Internacionales en la Universidad Iberoamericana y una Maestr\u00eda en Relaciones Internacionales en Georgetown University, con especializaci\u00f3n en relaciones gobierno-empresa. Tambi\u00e9n cuenta con el Certificado Ejecutivo de Liderazgo Global de Thunderbird School of Global Management (2016)&hellip;","_links":{"self":[{"href":"https:\/\/spintotalent.com\/es\/wp-json\/wp\/v2\/pages\/1049"}],"collection":[{"href":"https:\/\/spintotalent.com\/es\/wp-json\/wp\/v2\/pages"}],"about":[{"href":"https:\/\/spintotalent.com\/es\/wp-json\/wp\/v2\/types\/page"}],"author":[{"embeddable":true,"href":"https:\/\/spintotalent.com\/es\/wp-json\/wp\/v2\/users\/1"}],"replies":[{"embeddable":true,"href":"https:\/\/spintotalent.com\/es\/wp-json\/wp\/v2\/comments?post=1049"}],"version-history":[{"count":70,"href":"https:\/\/spintotalent.com\/es\/wp-json\/wp\/v2\/pages\/1049\/revisions"}],"predecessor-version":[{"id":6032,"href":"https:\/\/spintotalent.com\/es\/wp-json\/wp\/v2\/pages\/1049\/revisions\/6032"}],"up":[{"embeddable":true,"href":"https:\/\/spintotalent.com\/es\/wp-json\/wp\/v2\/pages\/909"}],"wp:featuredmedia":[{"embeddable":true,"href":"https:\/\/spintotalent.com\/es\/wp-json\/wp\/v2\/media\/1890"}],"wp:attachment":[{"href":"https:\/\/spintotalent.com\/es\/wp-json\/wp\/v2\/media?parent=1049"}],"curies":[{"name":"wp","href":"https:\/\/api.w.org\/{rel}","templated":true}]}}