{"id":5694,"date":"2021-04-09T14:25:08","date_gmt":"2021-04-09T19:25:08","guid":{"rendered":"https:\/\/spintotalent.com\/our-talent\/gerardo-kleinburg\/"},"modified":"2021-04-09T17:20:12","modified_gmt":"2021-04-09T22:20:12","slug":"gerardo-kleinburg-critic","status":"publish","type":"page","link":"https:\/\/spintotalent.com\/en\/our-talent\/gerardo-kleinburg-critic\/","title":{"rendered":"Gerardo Kleinburg, Critic &#038; Cultural Promoter"},"content":{"rendered":"\t\t<div data-elementor-type=\"wp-post\" data-elementor-id=\"5694\" class=\"elementor elementor-5694\" data-elementor-post-type=\"page\">\n\t\t\t\t\t\t\t\t\t<section class=\"elementor-section elementor-top-section elementor-element elementor-element-9b664af elementor-section-height-min-height elementor-section-boxed elementor-section-height-default elementor-section-items-middle\" data-id=\"9b664af\" data-element_type=\"section\" data-settings=\"{&quot;background_background&quot;:&quot;classic&quot;,&quot;background_motion_fx_motion_fx_scrolling&quot;:&quot;yes&quot;,&quot;background_motion_fx_translateY_effect&quot;:&quot;yes&quot;,&quot;background_motion_fx_translateY_speed&quot;:{&quot;unit&quot;:&quot;px&quot;,&quot;size&quot;:4,&quot;sizes&quot;:[]},&quot;background_motion_fx_translateY_affectedRange&quot;:{&quot;unit&quot;:&quot;%&quot;,&quot;size&quot;:&quot;&quot;,&quot;sizes&quot;:{&quot;start&quot;:0,&quot;end&quot;:100}},&quot;background_motion_fx_devices&quot;:[&quot;desktop&quot;,&quot;tablet&quot;,&quot;mobile&quot;]}\">\n\t\t\t\t\t\t\t<div class=\"elementor-background-overlay\"><\/div>\n\t\t\t\t\t\t\t<div class=\"elementor-container elementor-column-gap-default\">\n\t\t\t\t\t<div class=\"elementor-column elementor-col-100 elementor-top-column elementor-element elementor-element-fde4123\" data-id=\"fde4123\" data-element_type=\"column\">\n\t\t\t<div class=\"elementor-widget-wrap\">\n\t\t\t\t\t\t\t\t\t<\/div>\n\t\t<\/div>\n\t\t\t\t\t\t\t<\/div>\n\t\t<\/section>\n\t\t\t\t<section class=\"elementor-section elementor-top-section elementor-element elementor-element-7d78203 elementor-reverse-mobile elementor-section-boxed elementor-section-height-default elementor-section-height-default\" data-id=\"7d78203\" data-element_type=\"section\" data-settings=\"{&quot;background_background&quot;:&quot;classic&quot;}\">\n\t\t\t\t\t\t<div class=\"elementor-container elementor-column-gap-default\">\n\t\t\t\t\t<div class=\"elementor-column elementor-col-50 elementor-top-column elementor-element elementor-element-d543575\" data-id=\"d543575\" data-element_type=\"column\" data-settings=\"{&quot;background_background&quot;:&quot;classic&quot;}\">\n\t\t\t<div class=\"elementor-widget-wrap elementor-element-populated\">\n\t\t\t\t\t\t\t\t<div class=\"elementor-element elementor-element-7506bdb elementor-widget elementor-widget-image\" data-id=\"7506bdb\" data-element_type=\"widget\" data-widget_type=\"image.default\">\n\t\t\t\t<div class=\"elementor-widget-container\">\n\t\t\t\t\t\t\t\t\t\t\t\t\t\t\t<img loading=\"lazy\" decoding=\"async\" width=\"550\" height=\"900\" src=\"https:\/\/spintotalent.com\/wp-content\/uploads\/2021\/04\/klein.png\" class=\"attachment-large size-large wp-image-5676\" alt=\"Gerardo Kleinburg\" srcset=\"https:\/\/spintotalent.com\/wp-content\/uploads\/2021\/04\/klein.png 550w, https:\/\/spintotalent.com\/wp-content\/uploads\/2021\/04\/klein-489x800.png 489w\" sizes=\"(max-width: 550px) 100vw, 550px\" \/>\t\t\t\t\t\t\t\t\t\t\t\t\t\t\t<\/div>\n\t\t\t\t<\/div>\n\t\t\t\t\t<\/div>\n\t\t<\/div>\n\t\t\t\t<div class=\"elementor-column elementor-col-50 elementor-top-column elementor-element elementor-element-c06482c\" data-id=\"c06482c\" data-element_type=\"column\">\n\t\t\t<div class=\"elementor-widget-wrap elementor-element-populated\">\n\t\t\t\t\t\t\t\t<section class=\"elementor-section elementor-inner-section elementor-element elementor-element-737d2d8 elementor-section-content-bottom elementor-section-boxed elementor-section-height-default elementor-section-height-default\" data-id=\"737d2d8\" data-element_type=\"section\">\n\t\t\t\t\t\t<div class=\"elementor-container elementor-column-gap-default\">\n\t\t\t\t\t<div class=\"elementor-column elementor-col-100 elementor-inner-column elementor-element elementor-element-bf86541\" data-id=\"bf86541\" data-element_type=\"column\">\n\t\t\t<div class=\"elementor-widget-wrap elementor-element-populated\">\n\t\t\t\t\t\t\t\t<div class=\"elementor-element elementor-element-da0e8e2 elementor-widget elementor-widget-heading\" data-id=\"da0e8e2\" data-element_type=\"widget\" data-widget_type=\"heading.default\">\n\t\t\t\t<div class=\"elementor-widget-container\">\n\t\t\t<h2 class=\"elementor-heading-title elementor-size-default\"><a href=\"https:\/\/spintotalent.com\/es\/nuestros-artistas\/gerardo-kleinburg-critic\/\">Gerardo Kleinburg<\/a><\/h2>\t\t<\/div>\n\t\t\t\t<\/div>\n\t\t\t\t<div class=\"elementor-element elementor-element-b7c2fba elementor-widget elementor-widget-heading\" data-id=\"b7c2fba\" data-element_type=\"widget\" data-widget_type=\"heading.default\">\n\t\t\t\t<div class=\"elementor-widget-container\">\n\t\t\t<h2 class=\"elementor-heading-title elementor-size-default\">Critic & Cultural Promoter<\/h2>\t\t<\/div>\n\t\t\t\t<\/div>\n\t\t\t\t\t<\/div>\n\t\t<\/div>\n\t\t\t\t\t\t\t<\/div>\n\t\t<\/section>\n\t\t\t\t<div class=\"elementor-element elementor-element-6708ce1 elementor-widget-divider--view-line elementor-widget elementor-widget-divider\" data-id=\"6708ce1\" data-element_type=\"widget\" data-widget_type=\"divider.default\">\n\t\t\t\t<div class=\"elementor-widget-container\">\n\t\t\t\t\t<div class=\"elementor-divider\">\n\t\t\t<span class=\"elementor-divider-separator\">\n\t\t\t\t\t\t<\/span>\n\t\t<\/div>\n\t\t\t\t<\/div>\n\t\t\t\t<\/div>\n\t\t\t\t<div class=\"elementor-element elementor-element-739f694 elementor-widget elementor-widget-text-editor\" data-id=\"739f694\" data-element_type=\"widget\" data-widget_type=\"text-editor.default\">\n\t\t\t\t<div class=\"elementor-widget-container\">\n\t\t\t\t\t\t\t<div>Gerardo Kleinburg is a writer, music critic, cultural promoter and biochemist. He has developed an extensive career as music critic in national and international media.<\/div><div>\u00a0<\/div><div>In 1992 he was awarded the Salzburg Festival International Music Critic Prize for his critic on Mozart\u2019s opera The Magic Flute. He was the first non European and Spanish critic to receive it. At 27 he became M\u00e9xico\u2019s National Opera House youngest General and Artistic Director, as well as the one with the longest tenure: 10 years. During that period he brought back to perform in M\u00e9xico countless international opera stars like Pl\u00e1cido Domingo and Luciano Pavarotti, among many others. He was Jury at Operalia International Voice Competion during two years. He received the Mozart Medal given by the Austrian Embassy en M\u00e9xico, for his work in favor of opera, and has been anchor for more than 20 years of M\u00e9xico\u2019s only TV program devoted to opera and classical music: \u201cEscenarios\u201d. He is one of M\u00e9xico\u2019s most renowned active opera teachers and has given countless lectures in venues like UNAM, Palacio de Bellas Artes, Teatro Ju\u00e1rez in Guanajuato during the Cervantino Festival, Conjunto Santander de Artes Esc\u00e9nicas de la Universidad de Guadalajara, among many others. Special mention deserves the one he gave together with Pl\u00e1cido Domingo about Verdi\u2019s Requiem.<\/div><div>\u00a0<\/div><div>\u201cHablemos de \u00d3pera\u201d, his digital platform to promote and teach opera, has 35,000 followers all around the world and includes numerous lectures, talks and conversations with major international opera stars. He is the only Mexican who regularly offers talks about opera for young audiences in public schools and remote places where opera is practically unknown. He has also taught opera in police academies and prisons. Likewise he gives the pre-show talks for the live streamings that UNAM transmit from the Metropolitan Opera and New York.<\/div><div>\u00a0<\/div><div>In January 2020 he was invited by Rolando Villaz\u00f3n, Artistic Director of Slazburg\u2019s Mozart Woche, to give the master lecture \u201cMozart and his friends\u201d at the Archbishop\u2019s Palace where Mozart worked.<\/div><div><div>\u00a0<\/div><div>He is also a writer who has published the following books: the short stories book <em>Tr\u00edptico (tres actos en una \u00f3pera)<\/em> under Editorial Joaqu\u00edn Mortiz, and the novels <em>No honrar\u00e1s a tu padre<\/em> (Editorial Sudamericana\/Random House) and <em>\u00c9xtasis, una novela en siete c\u00e1psulas<\/em> (Editorial Alfaguara).<\/div><\/div>\t\t\t\t\t\t<\/div>\n\t\t\t\t<\/div>\n\t\t\t\t\t<\/div>\n\t\t<\/div>\n\t\t\t\t\t\t\t<\/div>\n\t\t<\/section>\n\t\t\t\t\t\t\t<\/div>\n\t\t","protected":false},"excerpt":{"rendered":"<p>Gerardo Kleinburg Critic &amp; Cultural Promoter Gerardo Kleinburg is a writer, music critic, cultural promoter and biochemist. He has developed an extensive career as music critic in national and international media.&nbsp;In 1992 he was awarded the Salzburg Festival International Music Critic Prize for his critic on Mozart\u2019s opera The Magic Flute. He was the first &hellip;<\/p>\n<p class=\"read-more\"> <a class=\"\" href=\"https:\/\/spintotalent.com\/en\/our-talent\/gerardo-kleinburg-critic\/\"> <span class=\"screen-reader-text\">Gerardo Kleinburg, Critic &#038; Cultural Promoter<\/span> Read More &raquo;<\/a><\/p>\n","protected":false},"author":4,"featured_media":5676,"parent":3089,"menu_order":0,"comment_status":"closed","ping_status":"closed","template":"","meta":{"_uag_custom_page_level_css":"","site-sidebar-layout":"no-sidebar","site-content-layout":"page-builder","ast-site-content-layout":"","site-content-style":"default","site-sidebar-style":"default","ast-global-header-display":"","ast-banner-title-visibility":"","ast-main-header-display":"","ast-hfb-above-header-display":"","ast-hfb-below-header-display":"","ast-hfb-mobile-header-display":"","site-post-title":"disabled","ast-breadcrumbs-content":"","ast-featured-img":"disabled","footer-sml-layout":"","theme-transparent-header-meta":"enabled","adv-header-id-meta":"","stick-header-meta":"default","header-above-stick-meta":"","header-main-stick-meta":"","header-below-stick-meta":"","astra-migrate-meta-layouts":"","ast-page-background-enabled":"default","ast-page-background-meta":{"desktop":{"background-color":"","background-image":"","background-repeat":"repeat","background-position":"center center","background-size":"auto","background-attachment":"scroll","background-type":"","background-media":"","overlay-type":"","overlay-color":"","overlay-gradient":""},"tablet":{"background-color":"","background-image":"","background-repeat":"repeat","background-position":"center center","background-size":"auto","background-attachment":"scroll","background-type":"","background-media":"","overlay-type":"","overlay-color":"","overlay-gradient":""},"mobile":{"background-color":"","background-image":"","background-repeat":"repeat","background-position":"center center","background-size":"auto","background-attachment":"scroll","background-type":"","background-media":"","overlay-type":"","overlay-color":"","overlay-gradient":""}},"ast-content-background-meta":{"desktop":{"background-color":"var(--ast-global-color-5)","background-image":"","background-repeat":"repeat","background-position":"center center","background-size":"auto","background-attachment":"scroll","background-type":"","background-media":"","overlay-type":"","overlay-color":"","overlay-gradient":""},"tablet":{"background-color":"var(--ast-global-color-5)","background-image":"","background-repeat":"repeat","background-position":"center center","background-size":"auto","background-attachment":"scroll","background-type":"","background-media":"","overlay-type":"","overlay-color":"","overlay-gradient":""},"mobile":{"background-color":"var(--ast-global-color-5)","background-image":"","background-repeat":"repeat","background-position":"center center","background-size":"auto","background-attachment":"scroll","background-type":"","background-media":"","overlay-type":"","overlay-color":"","overlay-gradient":""}},"footnotes":""},"uagb_featured_image_src":{"full":["https:\/\/spintotalent.com\/wp-content\/uploads\/2021\/04\/klein.png",550,900,false],"thumbnail":["https:\/\/spintotalent.com\/wp-content\/uploads\/2021\/04\/klein-300x300.png",300,300,true],"medium":["https:\/\/spintotalent.com\/wp-content\/uploads\/2021\/04\/klein-489x800.png",489,800,true],"medium_large":["https:\/\/spintotalent.com\/wp-content\/uploads\/2021\/04\/klein.png",550,900,false],"large":["https:\/\/spintotalent.com\/wp-content\/uploads\/2021\/04\/klein.png",550,900,false],"1536x1536":["https:\/\/spintotalent.com\/wp-content\/uploads\/2021\/04\/klein.png",550,900,false],"2048x2048":["https:\/\/spintotalent.com\/wp-content\/uploads\/2021\/04\/klein.png",550,900,false]},"uagb_author_info":{"display_name":"Renata","author_link":"https:\/\/spintotalent.com\/en\/author\/renata\/"},"uagb_comment_info":0,"uagb_excerpt":"Gerardo Kleinburg Critic &amp; Cultural Promoter Gerardo Kleinburg is a writer, music critic, cultural promoter and biochemist. He has developed an extensive career as music critic in national and international media.&nbsp;In 1992 he was awarded the Salzburg Festival International Music Critic Prize for his critic on Mozart\u2019s opera The Magic Flute. He was the first&hellip;","_links":{"self":[{"href":"https:\/\/spintotalent.com\/en\/wp-json\/wp\/v2\/pages\/5694"}],"collection":[{"href":"https:\/\/spintotalent.com\/en\/wp-json\/wp\/v2\/pages"}],"about":[{"href":"https:\/\/spintotalent.com\/en\/wp-json\/wp\/v2\/types\/page"}],"author":[{"embeddable":true,"href":"https:\/\/spintotalent.com\/en\/wp-json\/wp\/v2\/users\/4"}],"replies":[{"embeddable":true,"href":"https:\/\/spintotalent.com\/en\/wp-json\/wp\/v2\/comments?post=5694"}],"version-history":[{"count":20,"href":"https:\/\/spintotalent.com\/en\/wp-json\/wp\/v2\/pages\/5694\/revisions"}],"predecessor-version":[{"id":5748,"href":"https:\/\/spintotalent.com\/en\/wp-json\/wp\/v2\/pages\/5694\/revisions\/5748"}],"up":[{"embeddable":true,"href":"https:\/\/spintotalent.com\/en\/wp-json\/wp\/v2\/pages\/3089"}],"wp:featuredmedia":[{"embeddable":true,"href":"https:\/\/spintotalent.com\/en\/wp-json\/wp\/v2\/media\/5676"}],"wp:attachment":[{"href":"https:\/\/spintotalent.com\/en\/wp-json\/wp\/v2\/media?parent=5694"}],"curies":[{"name":"wp","href":"https:\/\/api.w.org\/{rel}","templated":true}]}}