{"id":5468,"date":"2021-02-05T17:18:44","date_gmt":"2021-02-05T23:18:44","guid":{"rendered":"https:\/\/spintotalent.com\/our-talent\/angelica-olivo-violinist\/"},"modified":"2021-02-05T18:02:44","modified_gmt":"2021-02-06T00:02:44","slug":"angelica-olivo-violinist","status":"publish","type":"page","link":"https:\/\/spintotalent.com\/en\/our-talent\/angelica-olivo-violinist\/","title":{"rendered":"Ang\u00e9lica Olivo, Violinist"},"content":{"rendered":"\t\t<div data-elementor-type=\"wp-post\" data-elementor-id=\"5468\" class=\"elementor elementor-5468\" data-elementor-post-type=\"page\">\n\t\t\t\t\t\t\t\t\t<section class=\"elementor-section elementor-top-section elementor-element elementor-element-9b664af elementor-section-height-min-height elementor-section-boxed elementor-section-height-default elementor-section-items-middle\" data-id=\"9b664af\" data-element_type=\"section\" data-settings=\"{&quot;background_background&quot;:&quot;classic&quot;,&quot;background_motion_fx_motion_fx_scrolling&quot;:&quot;yes&quot;,&quot;background_motion_fx_translateY_effect&quot;:&quot;yes&quot;,&quot;background_motion_fx_translateY_speed&quot;:{&quot;unit&quot;:&quot;px&quot;,&quot;size&quot;:4,&quot;sizes&quot;:[]},&quot;background_motion_fx_translateY_affectedRange&quot;:{&quot;unit&quot;:&quot;%&quot;,&quot;size&quot;:&quot;&quot;,&quot;sizes&quot;:{&quot;start&quot;:0,&quot;end&quot;:100}},&quot;background_motion_fx_devices&quot;:[&quot;desktop&quot;,&quot;tablet&quot;,&quot;mobile&quot;]}\">\n\t\t\t\t\t\t\t<div class=\"elementor-background-overlay\"><\/div>\n\t\t\t\t\t\t\t<div class=\"elementor-container elementor-column-gap-default\">\n\t\t\t\t\t<div class=\"elementor-column elementor-col-100 elementor-top-column elementor-element elementor-element-fde4123\" data-id=\"fde4123\" data-element_type=\"column\">\n\t\t\t<div class=\"elementor-widget-wrap\">\n\t\t\t\t\t\t\t\t\t<\/div>\n\t\t<\/div>\n\t\t\t\t\t\t\t<\/div>\n\t\t<\/section>\n\t\t\t\t<section class=\"elementor-section elementor-top-section elementor-element elementor-element-7d78203 elementor-reverse-mobile elementor-section-boxed elementor-section-height-default elementor-section-height-default\" data-id=\"7d78203\" data-element_type=\"section\" data-settings=\"{&quot;background_background&quot;:&quot;classic&quot;}\">\n\t\t\t\t\t\t<div class=\"elementor-container elementor-column-gap-default\">\n\t\t\t\t\t<div class=\"elementor-column elementor-col-50 elementor-top-column elementor-element elementor-element-d543575\" data-id=\"d543575\" data-element_type=\"column\" data-settings=\"{&quot;background_background&quot;:&quot;classic&quot;}\">\n\t\t\t<div class=\"elementor-widget-wrap elementor-element-populated\">\n\t\t\t\t\t\t\t\t<div class=\"elementor-element elementor-element-7506bdb elementor-widget elementor-widget-image\" data-id=\"7506bdb\" data-element_type=\"widget\" data-widget_type=\"image.default\">\n\t\t\t\t<div class=\"elementor-widget-container\">\n\t\t\t\t\t\t\t\t\t\t\t\t\t\t\t<img loading=\"lazy\" decoding=\"async\" width=\"550\" height=\"900\" src=\"https:\/\/spintotalent.com\/wp-content\/uploads\/2020\/12\/angelica-olivo-violinista.png\" class=\"attachment-large size-large wp-image-4451\" alt=\"Ang\u00e9lica Olivo, Violinist\" srcset=\"https:\/\/spintotalent.com\/wp-content\/uploads\/2020\/12\/angelica-olivo-violinista.png 550w, https:\/\/spintotalent.com\/wp-content\/uploads\/2020\/12\/angelica-olivo-violinista-489x800.png 489w\" sizes=\"(max-width: 550px) 100vw, 550px\" \/>\t\t\t\t\t\t\t\t\t\t\t\t\t\t\t<\/div>\n\t\t\t\t<\/div>\n\t\t\t\t\t<\/div>\n\t\t<\/div>\n\t\t\t\t<div class=\"elementor-column elementor-col-50 elementor-top-column elementor-element elementor-element-c06482c\" data-id=\"c06482c\" data-element_type=\"column\">\n\t\t\t<div class=\"elementor-widget-wrap elementor-element-populated\">\n\t\t\t\t\t\t\t\t<section class=\"elementor-section elementor-inner-section elementor-element elementor-element-737d2d8 elementor-section-content-bottom elementor-section-boxed elementor-section-height-default elementor-section-height-default\" data-id=\"737d2d8\" data-element_type=\"section\">\n\t\t\t\t\t\t<div class=\"elementor-container elementor-column-gap-default\">\n\t\t\t\t\t<div class=\"elementor-column elementor-col-100 elementor-inner-column elementor-element elementor-element-bf86541\" data-id=\"bf86541\" data-element_type=\"column\">\n\t\t\t<div class=\"elementor-widget-wrap elementor-element-populated\">\n\t\t\t\t\t\t\t\t<div class=\"elementor-element elementor-element-da0e8e2 elementor-widget elementor-widget-heading\" data-id=\"da0e8e2\" data-element_type=\"widget\" data-widget_type=\"heading.default\">\n\t\t\t\t<div class=\"elementor-widget-container\">\n\t\t\t<h2 class=\"elementor-heading-title elementor-size-default\">Ang\u00e9lica Olivo<\/h2>\t\t<\/div>\n\t\t\t\t<\/div>\n\t\t\t\t<div class=\"elementor-element elementor-element-b7c2fba elementor-widget elementor-widget-heading\" data-id=\"b7c2fba\" data-element_type=\"widget\" data-widget_type=\"heading.default\">\n\t\t\t\t<div class=\"elementor-widget-container\">\n\t\t\t<h2 class=\"elementor-heading-title elementor-size-default\">Violinist<\/h2>\t\t<\/div>\n\t\t\t\t<\/div>\n\t\t\t\t\t<\/div>\n\t\t<\/div>\n\t\t\t\t\t\t\t<\/div>\n\t\t<\/section>\n\t\t\t\t<div class=\"elementor-element elementor-element-6708ce1 elementor-widget-divider--view-line elementor-widget elementor-widget-divider\" data-id=\"6708ce1\" data-element_type=\"widget\" data-widget_type=\"divider.default\">\n\t\t\t\t<div class=\"elementor-widget-container\">\n\t\t\t\t\t<div class=\"elementor-divider\">\n\t\t\t<span class=\"elementor-divider-separator\">\n\t\t\t\t\t\t<\/span>\n\t\t<\/div>\n\t\t\t\t<\/div>\n\t\t\t\t<\/div>\n\t\t\t\t<div class=\"elementor-element elementor-element-739f694 div--space elementor-widget elementor-widget-text-editor\" data-id=\"739f694\" data-element_type=\"widget\" data-widget_type=\"text-editor.default\">\n\t\t\t\t<div class=\"elementor-widget-container\">\n\t\t\t\t\t\t\t<div>Venezuelan violinist who graduated with distinctions in Violin Performance from the Royal School of Music in London. She became part of the Venezuela&#8217;s National System of Youth and Children&#8217;s Orchestras and Choirs, named \u201cEl Sistema\u201d and also of the Latin American Violin Academy of Venezuela.<\/div>\n<div>She developed her musical career at a very young age as concertmaster violin of the Teresa Carre\u00f1o Youth Symphony Orchestra and as a guest of the Sim\u00f3n Bol\u00edvar Orchestra of Venezuela. Additionally, she performed as a concertmaster of the International Youth Orchestra during the celebration of the 69th anniversary of the United Nations.<\/div>\n<div>In 2015, Olivo was invited by the S\u00e3o Paulo State Symphony Orchestra in Brazil and simultaneously she also performed with top conductors such as Claudio Abbado, Rafael Fr\u00fchbeck de Burgos, Gustavo Dudamel, Sir Simon Rattle, Marin Alsop, among others and touring with important orchestras around America, Asia and Europe.<\/div>\n<div>After developing a career as a soloist with a wide repertoire, she performed in different theatres such as Teatro Auditorium Manzoni, Teatro Municipal Valli, Vict\u00f3ria Hall, Opernhaus Z\u00fcrich, Stavanger Konserthus, Folkets Hus Hudiksvall, G\u00e4vle Konserthus, Sala S\u00e3o Paulo, Moravsk\u00e1 filharmonie Olomouc, Teatro Teresa Carre\u00f1o, Teatro Degollado, and more. Since 2016 she has been a soloist concertmaster violin with the Jalisco Philharmonic Orchestra, under the direction of conductor Jes\u00fas Medina.<\/div>\n\t\t\t\t\t\t<\/div>\n\t\t\t\t<\/div>\n\t\t\t\t\t<\/div>\n\t\t<\/div>\n\t\t\t\t\t\t\t<\/div>\n\t\t<\/section>\n\t\t\t\t\t\t\t<\/div>\n\t\t","protected":false},"excerpt":{"rendered":"<p>Ang\u00e9lica Olivo Violinist Venezuelan violinist who graduated with distinctions in Violin Performance from the Royal School of Music in London. She became part of the Venezuela&#8217;s National System of Youth and Children&#8217;s Orchestras and Choirs, named \u201cEl Sistema\u201d and also of the Latin American Violin Academy of Venezuela. She developed her musical career at a &hellip;<\/p>\n<p class=\"read-more\"> <a class=\"\" href=\"https:\/\/spintotalent.com\/en\/our-talent\/angelica-olivo-violinist\/\"> <span class=\"screen-reader-text\">Ang\u00e9lica Olivo, Violinist<\/span> Read More &raquo;<\/a><\/p>\n","protected":false},"author":4,"featured_media":4451,"parent":3089,"menu_order":0,"comment_status":"closed","ping_status":"closed","template":"","meta":{"_uag_custom_page_level_css":"","site-sidebar-layout":"no-sidebar","site-content-layout":"page-builder","ast-site-content-layout":"","site-content-style":"default","site-sidebar-style":"default","ast-global-header-display":"","ast-banner-title-visibility":"","ast-main-header-display":"","ast-hfb-above-header-display":"","ast-hfb-below-header-display":"","ast-hfb-mobile-header-display":"","site-post-title":"disabled","ast-breadcrumbs-content":"","ast-featured-img":"disabled","footer-sml-layout":"","theme-transparent-header-meta":"enabled","adv-header-id-meta":"","stick-header-meta":"default","header-above-stick-meta":"","header-main-stick-meta":"","header-below-stick-meta":"","astra-migrate-meta-layouts":"","ast-page-background-enabled":"default","ast-page-background-meta":{"desktop":{"background-color":"","background-image":"","background-repeat":"repeat","background-position":"center center","background-size":"auto","background-attachment":"scroll","background-type":"","background-media":"","overlay-type":"","overlay-color":"","overlay-gradient":""},"tablet":{"background-color":"","background-image":"","background-repeat":"repeat","background-position":"center center","background-size":"auto","background-attachment":"scroll","background-type":"","background-media":"","overlay-type":"","overlay-color":"","overlay-gradient":""},"mobile":{"background-color":"","background-image":"","background-repeat":"repeat","background-position":"center center","background-size":"auto","background-attachment":"scroll","background-type":"","background-media":"","overlay-type":"","overlay-color":"","overlay-gradient":""}},"ast-content-background-meta":{"desktop":{"background-color":"var(--ast-global-color-5)","background-image":"","background-repeat":"repeat","background-position":"center center","background-size":"auto","background-attachment":"scroll","background-type":"","background-media":"","overlay-type":"","overlay-color":"","overlay-gradient":""},"tablet":{"background-color":"var(--ast-global-color-5)","background-image":"","background-repeat":"repeat","background-position":"center center","background-size":"auto","background-attachment":"scroll","background-type":"","background-media":"","overlay-type":"","overlay-color":"","overlay-gradient":""},"mobile":{"background-color":"var(--ast-global-color-5)","background-image":"","background-repeat":"repeat","background-position":"center center","background-size":"auto","background-attachment":"scroll","background-type":"","background-media":"","overlay-type":"","overlay-color":"","overlay-gradient":""}},"footnotes":""},"uagb_featured_image_src":{"full":["https:\/\/spintotalent.com\/wp-content\/uploads\/2020\/12\/angelica-olivo-violinista.png",550,900,false],"thumbnail":["https:\/\/spintotalent.com\/wp-content\/uploads\/2020\/12\/angelica-olivo-violinista-300x300.png",300,300,true],"medium":["https:\/\/spintotalent.com\/wp-content\/uploads\/2020\/12\/angelica-olivo-violinista-489x800.png",489,800,true],"medium_large":["https:\/\/spintotalent.com\/wp-content\/uploads\/2020\/12\/angelica-olivo-violinista.png",550,900,false],"large":["https:\/\/spintotalent.com\/wp-content\/uploads\/2020\/12\/angelica-olivo-violinista.png",550,900,false],"1536x1536":["https:\/\/spintotalent.com\/wp-content\/uploads\/2020\/12\/angelica-olivo-violinista.png",550,900,false],"2048x2048":["https:\/\/spintotalent.com\/wp-content\/uploads\/2020\/12\/angelica-olivo-violinista.png",550,900,false]},"uagb_author_info":{"display_name":"Renata","author_link":"https:\/\/spintotalent.com\/en\/author\/renata\/"},"uagb_comment_info":0,"uagb_excerpt":"Ang\u00e9lica Olivo Violinist Venezuelan violinist who graduated with distinctions in Violin Performance from the Royal School of Music in London. She became part of the Venezuela&#8217;s National System of Youth and Children&#8217;s Orchestras and Choirs, named \u201cEl Sistema\u201d and also of the Latin American Violin Academy of Venezuela. She developed her musical career at a&hellip;","_links":{"self":[{"href":"https:\/\/spintotalent.com\/en\/wp-json\/wp\/v2\/pages\/5468"}],"collection":[{"href":"https:\/\/spintotalent.com\/en\/wp-json\/wp\/v2\/pages"}],"about":[{"href":"https:\/\/spintotalent.com\/en\/wp-json\/wp\/v2\/types\/page"}],"author":[{"embeddable":true,"href":"https:\/\/spintotalent.com\/en\/wp-json\/wp\/v2\/users\/4"}],"replies":[{"embeddable":true,"href":"https:\/\/spintotalent.com\/en\/wp-json\/wp\/v2\/comments?post=5468"}],"version-history":[{"count":5,"href":"https:\/\/spintotalent.com\/en\/wp-json\/wp\/v2\/pages\/5468\/revisions"}],"predecessor-version":[{"id":5510,"href":"https:\/\/spintotalent.com\/en\/wp-json\/wp\/v2\/pages\/5468\/revisions\/5510"}],"up":[{"embeddable":true,"href":"https:\/\/spintotalent.com\/en\/wp-json\/wp\/v2\/pages\/3089"}],"wp:featuredmedia":[{"embeddable":true,"href":"https:\/\/spintotalent.com\/en\/wp-json\/wp\/v2\/media\/4451"}],"wp:attachment":[{"href":"https:\/\/spintotalent.com\/en\/wp-json\/wp\/v2\/media?parent=5468"}],"curies":[{"name":"wp","href":"https:\/\/api.w.org\/{rel}","templated":true}]}}