{"id":5428,"date":"2021-02-05T14:08:43","date_gmt":"2021-02-05T20:08:43","guid":{"rendered":"https:\/\/spintotalent.com\/our-talent\/maria-hanneman-pianist\/"},"modified":"2021-02-05T18:05:13","modified_gmt":"2021-02-06T00:05:13","slug":"maria-hanneman-pianist","status":"publish","type":"page","link":"https:\/\/spintotalent.com\/en\/our-talent\/maria-hanneman-pianist\/","title":{"rendered":"Maria Hanneman, Pianist"},"content":{"rendered":"\t\t<div data-elementor-type=\"wp-post\" data-elementor-id=\"5428\" class=\"elementor elementor-5428\" data-elementor-post-type=\"page\">\n\t\t\t\t\t\t\t\t\t<section class=\"elementor-section elementor-top-section elementor-element elementor-element-9b664af elementor-section-height-min-height elementor-section-boxed elementor-section-height-default elementor-section-items-middle\" data-id=\"9b664af\" data-element_type=\"section\" data-settings=\"{&quot;background_background&quot;:&quot;classic&quot;,&quot;background_motion_fx_motion_fx_scrolling&quot;:&quot;yes&quot;,&quot;background_motion_fx_translateY_effect&quot;:&quot;yes&quot;,&quot;background_motion_fx_translateY_speed&quot;:{&quot;unit&quot;:&quot;px&quot;,&quot;size&quot;:4,&quot;sizes&quot;:[]},&quot;background_motion_fx_translateY_affectedRange&quot;:{&quot;unit&quot;:&quot;%&quot;,&quot;size&quot;:&quot;&quot;,&quot;sizes&quot;:{&quot;start&quot;:0,&quot;end&quot;:100}},&quot;background_motion_fx_devices&quot;:[&quot;desktop&quot;,&quot;tablet&quot;,&quot;mobile&quot;]}\">\n\t\t\t\t\t\t\t<div class=\"elementor-background-overlay\"><\/div>\n\t\t\t\t\t\t\t<div class=\"elementor-container elementor-column-gap-default\">\n\t\t\t\t\t<div class=\"elementor-column elementor-col-100 elementor-top-column elementor-element elementor-element-fde4123\" data-id=\"fde4123\" data-element_type=\"column\">\n\t\t\t<div class=\"elementor-widget-wrap\">\n\t\t\t\t\t\t\t\t\t<\/div>\n\t\t<\/div>\n\t\t\t\t\t\t\t<\/div>\n\t\t<\/section>\n\t\t\t\t<section class=\"elementor-section elementor-top-section elementor-element elementor-element-7d78203 elementor-reverse-mobile elementor-section-boxed elementor-section-height-default elementor-section-height-default\" data-id=\"7d78203\" data-element_type=\"section\" data-settings=\"{&quot;background_background&quot;:&quot;classic&quot;}\">\n\t\t\t\t\t\t<div class=\"elementor-container elementor-column-gap-default\">\n\t\t\t\t\t<div class=\"elementor-column elementor-col-50 elementor-top-column elementor-element elementor-element-d543575\" data-id=\"d543575\" data-element_type=\"column\" data-settings=\"{&quot;background_background&quot;:&quot;classic&quot;}\">\n\t\t\t<div class=\"elementor-widget-wrap elementor-element-populated\">\n\t\t\t\t\t\t\t\t<div class=\"elementor-element elementor-element-b3d8722 elementor-widget elementor-widget-image\" data-id=\"b3d8722\" data-element_type=\"widget\" data-widget_type=\"image.default\">\n\t\t\t\t<div class=\"elementor-widget-container\">\n\t\t\t\t\t\t\t\t\t\t\t\t\t\t\t<img loading=\"lazy\" decoding=\"async\" width=\"550\" height=\"900\" src=\"https:\/\/spintotalent.com\/wp-content\/uploads\/2021\/02\/maria-hanneman-spinto-talent.png\" class=\"attachment-large size-large wp-image-5474\" alt=\"Maria Hanneman, Pianist\" srcset=\"https:\/\/spintotalent.com\/wp-content\/uploads\/2021\/02\/maria-hanneman-spinto-talent.png 550w, https:\/\/spintotalent.com\/wp-content\/uploads\/2021\/02\/maria-hanneman-spinto-talent-489x800.png 489w\" sizes=\"(max-width: 550px) 100vw, 550px\" \/>\t\t\t\t\t\t\t\t\t\t\t\t\t\t\t<\/div>\n\t\t\t\t<\/div>\n\t\t\t\t\t<\/div>\n\t\t<\/div>\n\t\t\t\t<div class=\"elementor-column elementor-col-50 elementor-top-column elementor-element elementor-element-c06482c\" data-id=\"c06482c\" data-element_type=\"column\">\n\t\t\t<div class=\"elementor-widget-wrap elementor-element-populated\">\n\t\t\t\t\t\t\t\t<section class=\"elementor-section elementor-inner-section elementor-element elementor-element-737d2d8 elementor-section-content-bottom elementor-section-boxed elementor-section-height-default elementor-section-height-default\" data-id=\"737d2d8\" data-element_type=\"section\">\n\t\t\t\t\t\t<div class=\"elementor-container elementor-column-gap-default\">\n\t\t\t\t\t<div class=\"elementor-column elementor-col-100 elementor-inner-column elementor-element elementor-element-bf86541\" data-id=\"bf86541\" data-element_type=\"column\">\n\t\t\t<div class=\"elementor-widget-wrap elementor-element-populated\">\n\t\t\t\t\t\t\t\t<div class=\"elementor-element elementor-element-da0e8e2 elementor-widget elementor-widget-heading\" data-id=\"da0e8e2\" data-element_type=\"widget\" data-widget_type=\"heading.default\">\n\t\t\t\t<div class=\"elementor-widget-container\">\n\t\t\t<h2 class=\"elementor-heading-title elementor-size-default\">Maria Hanneman<\/h2>\t\t<\/div>\n\t\t\t\t<\/div>\n\t\t\t\t<div class=\"elementor-element elementor-element-b7c2fba elementor-widget elementor-widget-heading\" data-id=\"b7c2fba\" data-element_type=\"widget\" data-widget_type=\"heading.default\">\n\t\t\t\t<div class=\"elementor-widget-container\">\n\t\t\t<h2 class=\"elementor-heading-title elementor-size-default\">Pianist<\/h2>\t\t<\/div>\n\t\t\t\t<\/div>\n\t\t\t\t\t<\/div>\n\t\t<\/div>\n\t\t\t\t\t\t\t<\/div>\n\t\t<\/section>\n\t\t\t\t<div class=\"elementor-element elementor-element-6708ce1 elementor-widget-divider--view-line elementor-widget elementor-widget-divider\" data-id=\"6708ce1\" data-element_type=\"widget\" data-widget_type=\"divider.default\">\n\t\t\t\t<div class=\"elementor-widget-container\">\n\t\t\t\t\t<div class=\"elementor-divider\">\n\t\t\t<span class=\"elementor-divider-separator\">\n\t\t\t\t\t\t<\/span>\n\t\t<\/div>\n\t\t\t\t<\/div>\n\t\t\t\t<\/div>\n\t\t\t\t<div class=\"elementor-element elementor-element-739f694 div--space elementor-widget elementor-widget-text-editor\" data-id=\"739f694\" data-element_type=\"widget\" data-widget_type=\"text-editor.default\">\n\t\t\t\t<div class=\"elementor-widget-container\">\n\t\t\t\t\t\t\t<div> She was born on March 27, 2006. Since she was 3 years old, she began to show her ability for playing the piano, she was awarded by several musical festivals in Mexico, Peru and Costa Rica at such a young age. She began her professional career as a musician at the Conservatorio Nacional de M\u00fasica in Mexico City when she was nine.<\/div>\n<div> During 2016-2017, she performed in the Semper International Music Festival and the Todi International Music Masters Festival in Italy. Afterwards in 2017, she won first prize in her category in the 10th Biennial International Piano Competition in Mexicali, Mexico and first prize in the International Russian Music Festival and Competition in Canada, among others. She was selected as one of the youngest of 12 other participants to take part of the Ricardo Castro Chair by the National Institute of Fine Arts. She also performed as a soloist in a concert at the \u201cMuseo de Arte de la Secretar\u00eda de Hacienda y Cr\u00e9dito P\u00fablico\u201d in Mexico.<\/div>\n<div> In 2018,  she received the second place award in her category in the 1st International Jos\u00e9 Cuervo Petrof Piano Contest in Tequila, Jalisco (Mexico). She was invited as a special guest performer to the 10th Value Investing Forum (VIF) that took place in Mexico City&#8217;s National Conservatory of Music. She also took part in the Semaine Internationale Piano et Musique de Chambre in Switzerland and a fundraising concert for the Telet\u00f3n Foundation at the Bankers Club in Mexico City. Last, in that same year she played in New York City at the winners\u2019 concert of the BMTG International Piano Competition held in Steinway Hall at the Carnegie Hall.<\/div>\n<div> In 2019, she was invited by the Music and Opera of Bellas Artes at the Manuel M. Ponce Hall. She also performed as a solo pianist with the Symphonic Orchestra of the Autonomous University of the State of Hidalgo, with Gaetan Kuchta as a conductor. Hanneman was invited to participate in the 3rd edition of the PopUp Experience Mexico 2019, playing alongside recognized artists such as Jorge Viladoms and Kristina Winiarski.<\/div>\n<div> She was awarded first prize in her category at the 2020 International Music Competition Salzburg Grand Prize Virtuoso, performing at the gala concert and ceremony in the Mozarteum, in Austria. She also won second place in the Masters of Piano Concerto Great Composers Competition in London.<\/div>\n\t\t\t\t\t\t<\/div>\n\t\t\t\t<\/div>\n\t\t\t\t\t<\/div>\n\t\t<\/div>\n\t\t\t\t\t\t\t<\/div>\n\t\t<\/section>\n\t\t\t\t\t\t\t<\/div>\n\t\t","protected":false},"excerpt":{"rendered":"<p>Maria Hanneman Pianist She was born on March 27, 2006. Since she was 3 years old, she began to show her ability for playing the piano, she was awarded by several musical festivals in Mexico, Peru and Costa Rica at such a young age. She began her professional career as a musician at the Conservatorio &hellip;<\/p>\n<p class=\"read-more\"> <a class=\"\" href=\"https:\/\/spintotalent.com\/en\/our-talent\/maria-hanneman-pianist\/\"> <span class=\"screen-reader-text\">Maria Hanneman, Pianist<\/span> Read More &raquo;<\/a><\/p>\n","protected":false},"author":1,"featured_media":5415,"parent":3089,"menu_order":0,"comment_status":"closed","ping_status":"closed","template":"","meta":{"_uag_custom_page_level_css":"","site-sidebar-layout":"no-sidebar","site-content-layout":"page-builder","ast-site-content-layout":"","site-content-style":"default","site-sidebar-style":"default","ast-global-header-display":"","ast-banner-title-visibility":"","ast-main-header-display":"","ast-hfb-above-header-display":"","ast-hfb-below-header-display":"","ast-hfb-mobile-header-display":"","site-post-title":"disabled","ast-breadcrumbs-content":"","ast-featured-img":"disabled","footer-sml-layout":"","theme-transparent-header-meta":"enabled","adv-header-id-meta":"","stick-header-meta":"default","header-above-stick-meta":"","header-main-stick-meta":"","header-below-stick-meta":"","astra-migrate-meta-layouts":"","ast-page-background-enabled":"default","ast-page-background-meta":{"desktop":{"background-color":"","background-image":"","background-repeat":"repeat","background-position":"center center","background-size":"auto","background-attachment":"scroll","background-type":"","background-media":"","overlay-type":"","overlay-color":"","overlay-gradient":""},"tablet":{"background-color":"","background-image":"","background-repeat":"repeat","background-position":"center center","background-size":"auto","background-attachment":"scroll","background-type":"","background-media":"","overlay-type":"","overlay-color":"","overlay-gradient":""},"mobile":{"background-color":"","background-image":"","background-repeat":"repeat","background-position":"center center","background-size":"auto","background-attachment":"scroll","background-type":"","background-media":"","overlay-type":"","overlay-color":"","overlay-gradient":""}},"ast-content-background-meta":{"desktop":{"background-color":"var(--ast-global-color-5)","background-image":"","background-repeat":"repeat","background-position":"center center","background-size":"auto","background-attachment":"scroll","background-type":"","background-media":"","overlay-type":"","overlay-color":"","overlay-gradient":""},"tablet":{"background-color":"var(--ast-global-color-5)","background-image":"","background-repeat":"repeat","background-position":"center center","background-size":"auto","background-attachment":"scroll","background-type":"","background-media":"","overlay-type":"","overlay-color":"","overlay-gradient":""},"mobile":{"background-color":"var(--ast-global-color-5)","background-image":"","background-repeat":"repeat","background-position":"center center","background-size":"auto","background-attachment":"scroll","background-type":"","background-media":"","overlay-type":"","overlay-color":"","overlay-gradient":""}},"footnotes":""},"uagb_featured_image_src":{"full":["https:\/\/spintotalent.com\/wp-content\/uploads\/2021\/02\/Foto-Maria-Hanneman-spinto-talent.svg",0,0,false],"thumbnail":["https:\/\/spintotalent.com\/wp-content\/uploads\/2021\/02\/Foto-Maria-Hanneman-spinto-talent.svg",1,1,false],"medium":["https:\/\/spintotalent.com\/wp-content\/uploads\/2021\/02\/Foto-Maria-Hanneman-spinto-talent.svg",1,1,false],"medium_large":["https:\/\/spintotalent.com\/wp-content\/uploads\/2021\/02\/Foto-Maria-Hanneman-spinto-talent.svg",1,1,false],"large":["https:\/\/spintotalent.com\/wp-content\/uploads\/2021\/02\/Foto-Maria-Hanneman-spinto-talent.svg",1,1,false],"1536x1536":["https:\/\/spintotalent.com\/wp-content\/uploads\/2021\/02\/Foto-Maria-Hanneman-spinto-talent.svg",1,1,false],"2048x2048":["https:\/\/spintotalent.com\/wp-content\/uploads\/2021\/02\/Foto-Maria-Hanneman-spinto-talent.svg",1,1,false]},"uagb_author_info":{"display_name":"fabrica","author_link":"https:\/\/spintotalent.com\/en\/author\/fabrica\/"},"uagb_comment_info":0,"uagb_excerpt":"Maria Hanneman Pianist She was born on March 27, 2006. Since she was 3 years old, she began to show her ability for playing the piano, she was awarded by several musical festivals in Mexico, Peru and Costa Rica at such a young age. She began her professional career as a musician at the Conservatorio&hellip;","_links":{"self":[{"href":"https:\/\/spintotalent.com\/en\/wp-json\/wp\/v2\/pages\/5428"}],"collection":[{"href":"https:\/\/spintotalent.com\/en\/wp-json\/wp\/v2\/pages"}],"about":[{"href":"https:\/\/spintotalent.com\/en\/wp-json\/wp\/v2\/types\/page"}],"author":[{"embeddable":true,"href":"https:\/\/spintotalent.com\/en\/wp-json\/wp\/v2\/users\/1"}],"replies":[{"embeddable":true,"href":"https:\/\/spintotalent.com\/en\/wp-json\/wp\/v2\/comments?post=5428"}],"version-history":[{"count":6,"href":"https:\/\/spintotalent.com\/en\/wp-json\/wp\/v2\/pages\/5428\/revisions"}],"predecessor-version":[{"id":5518,"href":"https:\/\/spintotalent.com\/en\/wp-json\/wp\/v2\/pages\/5428\/revisions\/5518"}],"up":[{"embeddable":true,"href":"https:\/\/spintotalent.com\/en\/wp-json\/wp\/v2\/pages\/3089"}],"wp:featuredmedia":[{"embeddable":true,"href":"https:\/\/spintotalent.com\/en\/wp-json\/wp\/v2\/media\/5415"}],"wp:attachment":[{"href":"https:\/\/spintotalent.com\/en\/wp-json\/wp\/v2\/media?parent=5428"}],"curies":[{"name":"wp","href":"https:\/\/api.w.org\/{rel}","templated":true}]}}