{"id":3888,"date":"2020-06-23T00:22:59","date_gmt":"2020-06-23T05:22:59","guid":{"rendered":"https:\/\/spinto.com.mx\/spinto-talent\/rebeca-olvera-soprano\/"},"modified":"2021-01-07T01:37:04","modified_gmt":"2021-01-07T07:37:04","slug":"rebeca-olvera-soprano","status":"publish","type":"page","link":"https:\/\/spintotalent.com\/en\/our-talent\/rebeca-olvera-soprano\/","title":{"rendered":"Rebeca Olvera, Soprano"},"content":{"rendered":"\t\t<div data-elementor-type=\"wp-post\" data-elementor-id=\"3888\" class=\"elementor elementor-3888\" data-elementor-post-type=\"page\">\n\t\t\t\t\t\t\t\t\t<section class=\"elementor-section elementor-top-section elementor-element elementor-element-9b664af elementor-section-height-min-height elementor-section-boxed elementor-section-height-default elementor-section-items-middle\" data-id=\"9b664af\" data-element_type=\"section\" data-settings=\"{&quot;background_background&quot;:&quot;classic&quot;,&quot;background_motion_fx_motion_fx_scrolling&quot;:&quot;yes&quot;,&quot;background_motion_fx_translateY_effect&quot;:&quot;yes&quot;,&quot;background_motion_fx_translateY_speed&quot;:{&quot;unit&quot;:&quot;px&quot;,&quot;size&quot;:4,&quot;sizes&quot;:[]},&quot;background_motion_fx_translateY_affectedRange&quot;:{&quot;unit&quot;:&quot;%&quot;,&quot;size&quot;:&quot;&quot;,&quot;sizes&quot;:{&quot;start&quot;:0,&quot;end&quot;:100}},&quot;background_motion_fx_devices&quot;:[&quot;desktop&quot;,&quot;tablet&quot;,&quot;mobile&quot;]}\">\n\t\t\t\t\t\t\t<div class=\"elementor-background-overlay\"><\/div>\n\t\t\t\t\t\t\t<div class=\"elementor-container elementor-column-gap-default\">\n\t\t\t\t\t<div class=\"elementor-column elementor-col-100 elementor-top-column elementor-element elementor-element-fde4123\" data-id=\"fde4123\" data-element_type=\"column\">\n\t\t\t<div class=\"elementor-widget-wrap\">\n\t\t\t\t\t\t\t\t\t<\/div>\n\t\t<\/div>\n\t\t\t\t\t\t\t<\/div>\n\t\t<\/section>\n\t\t\t\t<section class=\"elementor-section elementor-top-section elementor-element elementor-element-176cbeb elementor-reverse-mobile elementor-section-boxed elementor-section-height-default elementor-section-height-default\" data-id=\"176cbeb\" data-element_type=\"section\" data-settings=\"{&quot;background_background&quot;:&quot;classic&quot;}\">\n\t\t\t\t\t\t<div class=\"elementor-container elementor-column-gap-default\">\n\t\t\t\t\t<div class=\"elementor-column elementor-col-50 elementor-top-column elementor-element elementor-element-ba219cc\" data-id=\"ba219cc\" data-element_type=\"column\" data-settings=\"{&quot;background_background&quot;:&quot;classic&quot;}\">\n\t\t\t<div class=\"elementor-widget-wrap elementor-element-populated\">\n\t\t\t\t\t\t\t\t<div class=\"elementor-element elementor-element-9a159c6 elementor-widget elementor-widget-image\" data-id=\"9a159c6\" data-element_type=\"widget\" data-widget_type=\"image.default\">\n\t\t\t\t<div class=\"elementor-widget-container\">\n\t\t\t\t\t\t\t\t\t\t\t\t\t\t\t<img loading=\"lazy\" decoding=\"async\" width=\"550\" height=\"900\" src=\"https:\/\/spintotalent.com\/wp-content\/uploads\/2020\/06\/Rebeca-Olvera-Spinto-Talent.jpg\" class=\"attachment-large size-large wp-image-3912\" alt=\"\" srcset=\"https:\/\/spintotalent.com\/wp-content\/uploads\/2020\/06\/Rebeca-Olvera-Spinto-Talent.jpg 550w, https:\/\/spintotalent.com\/wp-content\/uploads\/2020\/06\/Rebeca-Olvera-Spinto-Talent-489x800.jpg 489w\" sizes=\"(max-width: 550px) 100vw, 550px\" \/>\t\t\t\t\t\t\t\t\t\t\t\t\t\t\t<\/div>\n\t\t\t\t<\/div>\n\t\t\t\t\t<\/div>\n\t\t<\/div>\n\t\t\t\t<div class=\"elementor-column elementor-col-50 elementor-top-column elementor-element elementor-element-21c8e80\" data-id=\"21c8e80\" data-element_type=\"column\">\n\t\t\t<div class=\"elementor-widget-wrap elementor-element-populated\">\n\t\t\t\t\t\t\t\t<section class=\"elementor-section elementor-inner-section elementor-element elementor-element-894b866 elementor-section-content-bottom elementor-section-boxed elementor-section-height-default elementor-section-height-default\" data-id=\"894b866\" data-element_type=\"section\">\n\t\t\t\t\t\t<div class=\"elementor-container elementor-column-gap-default\">\n\t\t\t\t\t<div class=\"elementor-column elementor-col-100 elementor-inner-column elementor-element elementor-element-d7a99cf\" data-id=\"d7a99cf\" data-element_type=\"column\">\n\t\t\t<div class=\"elementor-widget-wrap elementor-element-populated\">\n\t\t\t\t\t\t\t\t<div class=\"elementor-element elementor-element-0536b8b elementor-widget elementor-widget-heading\" data-id=\"0536b8b\" data-element_type=\"widget\" data-widget_type=\"heading.default\">\n\t\t\t\t<div class=\"elementor-widget-container\">\n\t\t\t<h2 class=\"elementor-heading-title elementor-size-default\">Rebeca Olvera<\/h2>\t\t<\/div>\n\t\t\t\t<\/div>\n\t\t\t\t<div class=\"elementor-element elementor-element-f136f04 elementor-widget elementor-widget-heading\" data-id=\"f136f04\" data-element_type=\"widget\" data-widget_type=\"heading.default\">\n\t\t\t\t<div class=\"elementor-widget-container\">\n\t\t\t<h2 class=\"elementor-heading-title elementor-size-default\">Soprano<\/h2>\t\t<\/div>\n\t\t\t\t<\/div>\n\t\t\t\t\t<\/div>\n\t\t<\/div>\n\t\t\t\t\t\t\t<\/div>\n\t\t<\/section>\n\t\t\t\t<div class=\"elementor-element elementor-element-17c7efc elementor-widget-divider--view-line elementor-widget elementor-widget-divider\" data-id=\"17c7efc\" data-element_type=\"widget\" data-widget_type=\"divider.default\">\n\t\t\t\t<div class=\"elementor-widget-container\">\n\t\t\t\t\t<div class=\"elementor-divider\">\n\t\t\t<span class=\"elementor-divider-separator\">\n\t\t\t\t\t\t<\/span>\n\t\t<\/div>\n\t\t\t\t<\/div>\n\t\t\t\t<\/div>\n\t\t\t\t<div class=\"elementor-element elementor-element-f29e0e2 elementor-widget elementor-widget-text-editor\" data-id=\"f29e0e2\" data-element_type=\"widget\" data-widget_type=\"text-editor.default\">\n\t\t\t\t<div class=\"elementor-widget-container\">\n\t\t\t\t\t\t\t<p>Rebeca Olvera was born in Puebla, Mexico. She studied at the Conservatorio Nacional de M\u00fasica in Mexico City and made her operatic debut in 2004 with the role of Marie in Donizetti\u2019s La Fille du R\u00e9giment at the Palacio de Bellas Artes. In 2006, she won the audience prize at the international Hans-Gabor Belvedere Competition in Vienna. Since 2007 she has been a member of the ensemble at the Z\u00fcrich Opera. Olvera has performed in Denmark, Ireland, France, Germany, and Switzerland, among other countries.<\/p>\n<p>She has worked with conductors such as Hengelbrock, Weikert, Fedoseyev, Christie, Minkowski, Santi, Fischer, Luisi, Fasolis, Welser-M\u00f6st, Ha\u00efm, and De Marchi, and has shared the stage with great singers like Javier Camarena, Cecilia Bartoli, Rolando Villaz\u00f3n and Pl\u00e1cido Domingo.<\/p>\n<p>Her roles have included Adina (L&#8217;Elisir d&#8217;Amore), Norina (Don Pasquale), Berenice (L&#8217;Occasione fa il Ladro), Giulia (La Scala di Seta), Rosina in Paisiello&#8217;s Il barbiere di Siviglia, Blonde (Die Entf\u00fchrung aus dem Serail), Despina (Cos\u00ec Fan Tutte), Dorinda (Orlando), Mi (Das Land des L\u00e4chelns) and Adalgisa (Norma).<br \/>\nShe performs in opera houses and festivals around the world such as Zurich, Salzburg, Montecarlo, and Copenhague. In Germany, she participated in a gala concert which was televised on the German channel ARD.<\/p>\n<p>Her 2019\/2020 season includes her role-debut of Komtesse Stasi in a new production of Die Csardasf\u00fcrstin in Zurich.<\/p>\n\t\t\t\t\t\t<\/div>\n\t\t\t\t<\/div>\n\t\t\t\t\t<\/div>\n\t\t<\/div>\n\t\t\t\t\t\t\t<\/div>\n\t\t<\/section>\n\t\t\t\t\t\t\t<\/div>\n\t\t","protected":false},"excerpt":{"rendered":"<p>Rebeca Olvera Soprano Rebeca Olvera was born in Puebla, Mexico. She studied at the Conservatorio Nacional de M\u00fasica in Mexico City and made her operatic debut in 2004 with the role of Marie in Donizetti\u2019s La Fille du R\u00e9giment at the Palacio de Bellas Artes. In 2006, she won the audience prize at the international &hellip;<\/p>\n<p class=\"read-more\"> <a class=\"\" href=\"https:\/\/spintotalent.com\/en\/our-talent\/rebeca-olvera-soprano\/\"> <span class=\"screen-reader-text\">Rebeca Olvera, Soprano<\/span> Read More &raquo;<\/a><\/p>\n","protected":false},"author":1,"featured_media":2850,"parent":3089,"menu_order":0,"comment_status":"closed","ping_status":"closed","template":"","meta":{"_uag_custom_page_level_css":"","site-sidebar-layout":"no-sidebar","site-content-layout":"page-builder","ast-site-content-layout":"","site-content-style":"default","site-sidebar-style":"default","ast-global-header-display":"","ast-banner-title-visibility":"","ast-main-header-display":"","ast-hfb-above-header-display":"","ast-hfb-below-header-display":"","ast-hfb-mobile-header-display":"","site-post-title":"disabled","ast-breadcrumbs-content":"","ast-featured-img":"disabled","footer-sml-layout":"","theme-transparent-header-meta":"enabled","adv-header-id-meta":"","stick-header-meta":"default","header-above-stick-meta":"","header-main-stick-meta":"","header-below-stick-meta":"","astra-migrate-meta-layouts":"","ast-page-background-enabled":"default","ast-page-background-meta":{"desktop":{"background-color":"","background-image":"","background-repeat":"repeat","background-position":"center center","background-size":"auto","background-attachment":"scroll","background-type":"","background-media":"","overlay-type":"","overlay-color":"","overlay-gradient":""},"tablet":{"background-color":"","background-image":"","background-repeat":"repeat","background-position":"center center","background-size":"auto","background-attachment":"scroll","background-type":"","background-media":"","overlay-type":"","overlay-color":"","overlay-gradient":""},"mobile":{"background-color":"","background-image":"","background-repeat":"repeat","background-position":"center center","background-size":"auto","background-attachment":"scroll","background-type":"","background-media":"","overlay-type":"","overlay-color":"","overlay-gradient":""}},"ast-content-background-meta":{"desktop":{"background-color":"var(--ast-global-color-5)","background-image":"","background-repeat":"repeat","background-position":"center center","background-size":"auto","background-attachment":"scroll","background-type":"","background-media":"","overlay-type":"","overlay-color":"","overlay-gradient":""},"tablet":{"background-color":"var(--ast-global-color-5)","background-image":"","background-repeat":"repeat","background-position":"center center","background-size":"auto","background-attachment":"scroll","background-type":"","background-media":"","overlay-type":"","overlay-color":"","overlay-gradient":""},"mobile":{"background-color":"var(--ast-global-color-5)","background-image":"","background-repeat":"repeat","background-position":"center center","background-size":"auto","background-attachment":"scroll","background-type":"","background-media":"","overlay-type":"","overlay-color":"","overlay-gradient":""}},"footnotes":""},"uagb_featured_image_src":{"full":["https:\/\/spintotalent.com\/wp-content\/uploads\/2020\/01\/Spinto-Talent-Rebeca-Olvera-e1580314824562.jpg",205,331,false],"thumbnail":["https:\/\/spintotalent.com\/wp-content\/uploads\/2020\/01\/Spinto-Talent-Rebeca-Olvera-300x300.jpg",300,300,true],"medium":["https:\/\/spintotalent.com\/wp-content\/uploads\/2020\/01\/Spinto-Talent-Rebeca-Olvera-495x800.jpg",495,800,true],"medium_large":["https:\/\/spintotalent.com\/wp-content\/uploads\/2020\/01\/Spinto-Talent-Rebeca-Olvera-e1580314824562.jpg",205,331,false],"large":["https:\/\/spintotalent.com\/wp-content\/uploads\/2020\/01\/Spinto-Talent-Rebeca-Olvera-e1580314824562.jpg",205,331,false],"1536x1536":["https:\/\/spintotalent.com\/wp-content\/uploads\/2020\/01\/Spinto-Talent-Rebeca-Olvera-e1580314824562.jpg",205,331,false],"2048x2048":["https:\/\/spintotalent.com\/wp-content\/uploads\/2020\/01\/Spinto-Talent-Rebeca-Olvera-e1580314824562.jpg",205,331,false]},"uagb_author_info":{"display_name":"fabrica","author_link":"https:\/\/spintotalent.com\/en\/author\/fabrica\/"},"uagb_comment_info":0,"uagb_excerpt":"Rebeca Olvera Soprano Rebeca Olvera was born in Puebla, Mexico. She studied at the Conservatorio Nacional de M\u00fasica in Mexico City and made her operatic debut in 2004 with the role of Marie in Donizetti\u2019s La Fille du R\u00e9giment at the Palacio de Bellas Artes. In 2006, she won the audience prize at the international&hellip;","_links":{"self":[{"href":"https:\/\/spintotalent.com\/en\/wp-json\/wp\/v2\/pages\/3888"}],"collection":[{"href":"https:\/\/spintotalent.com\/en\/wp-json\/wp\/v2\/pages"}],"about":[{"href":"https:\/\/spintotalent.com\/en\/wp-json\/wp\/v2\/types\/page"}],"author":[{"embeddable":true,"href":"https:\/\/spintotalent.com\/en\/wp-json\/wp\/v2\/users\/1"}],"replies":[{"embeddable":true,"href":"https:\/\/spintotalent.com\/en\/wp-json\/wp\/v2\/comments?post=3888"}],"version-history":[{"count":4,"href":"https:\/\/spintotalent.com\/en\/wp-json\/wp\/v2\/pages\/3888\/revisions"}],"predecessor-version":[{"id":5084,"href":"https:\/\/spintotalent.com\/en\/wp-json\/wp\/v2\/pages\/3888\/revisions\/5084"}],"up":[{"embeddable":true,"href":"https:\/\/spintotalent.com\/en\/wp-json\/wp\/v2\/pages\/3089"}],"wp:featuredmedia":[{"embeddable":true,"href":"https:\/\/spintotalent.com\/en\/wp-json\/wp\/v2\/media\/2850"}],"wp:attachment":[{"href":"https:\/\/spintotalent.com\/en\/wp-json\/wp\/v2\/media?parent=3888"}],"curies":[{"name":"wp","href":"https:\/\/api.w.org\/{rel}","templated":true}]}}