{"id":3886,"date":"2020-06-23T00:21:35","date_gmt":"2020-06-23T05:21:35","guid":{"rendered":"https:\/\/spinto.com.mx\/spinto-talent\/laura-sheerin-soprano\/"},"modified":"2021-01-15T13:26:05","modified_gmt":"2021-01-15T19:26:05","slug":"laura-sheerin-soprano","status":"publish","type":"page","link":"https:\/\/spintotalent.com\/en\/our-talent\/laura-sheerin-soprano\/","title":{"rendered":"Laura Sheerin, Soprano"},"content":{"rendered":"\t\t<div data-elementor-type=\"wp-post\" data-elementor-id=\"3886\" class=\"elementor elementor-3886\" data-elementor-post-type=\"page\">\n\t\t\t\t\t\t\t\t\t<section class=\"elementor-section elementor-top-section elementor-element elementor-element-9b664af elementor-section-height-min-height elementor-section-boxed elementor-section-height-default elementor-section-items-middle\" data-id=\"9b664af\" data-element_type=\"section\" data-settings=\"{&quot;background_background&quot;:&quot;classic&quot;,&quot;background_motion_fx_motion_fx_scrolling&quot;:&quot;yes&quot;,&quot;background_motion_fx_translateY_effect&quot;:&quot;yes&quot;,&quot;background_motion_fx_translateY_speed&quot;:{&quot;unit&quot;:&quot;px&quot;,&quot;size&quot;:4,&quot;sizes&quot;:[]},&quot;background_motion_fx_translateY_affectedRange&quot;:{&quot;unit&quot;:&quot;%&quot;,&quot;size&quot;:&quot;&quot;,&quot;sizes&quot;:{&quot;start&quot;:0,&quot;end&quot;:100}},&quot;background_motion_fx_devices&quot;:[&quot;desktop&quot;,&quot;tablet&quot;,&quot;mobile&quot;]}\">\n\t\t\t\t\t\t\t<div class=\"elementor-background-overlay\"><\/div>\n\t\t\t\t\t\t\t<div class=\"elementor-container elementor-column-gap-default\">\n\t\t\t\t\t<div class=\"elementor-column elementor-col-100 elementor-top-column elementor-element elementor-element-fde4123\" data-id=\"fde4123\" data-element_type=\"column\">\n\t\t\t<div class=\"elementor-widget-wrap\">\n\t\t\t\t\t\t\t\t\t<\/div>\n\t\t<\/div>\n\t\t\t\t\t\t\t<\/div>\n\t\t<\/section>\n\t\t\t\t<section class=\"elementor-section elementor-top-section elementor-element elementor-element-5f1f028 elementor-reverse-mobile elementor-section-boxed elementor-section-height-default elementor-section-height-default\" data-id=\"5f1f028\" data-element_type=\"section\" data-settings=\"{&quot;background_background&quot;:&quot;classic&quot;}\">\n\t\t\t\t\t\t<div class=\"elementor-container elementor-column-gap-default\">\n\t\t\t\t\t<div class=\"elementor-column elementor-col-50 elementor-top-column elementor-element elementor-element-2361bcd\" data-id=\"2361bcd\" data-element_type=\"column\" data-settings=\"{&quot;background_background&quot;:&quot;classic&quot;}\">\n\t\t\t<div class=\"elementor-widget-wrap elementor-element-populated\">\n\t\t\t\t\t\t\t\t<div class=\"elementor-element elementor-element-0b4374e elementor-widget elementor-widget-image\" data-id=\"0b4374e\" data-element_type=\"widget\" data-widget_type=\"image.default\">\n\t\t\t\t<div class=\"elementor-widget-container\">\n\t\t\t\t\t\t\t\t\t\t\t\t\t\t\t<img loading=\"lazy\" decoding=\"async\" width=\"550\" height=\"800\" src=\"https:\/\/spintotalent.com\/wp-content\/uploads\/2020\/06\/Laura-Sheerin-Spinto-Talent.jpg\" class=\"attachment-large size-large wp-image-3925\" alt=\"\" \/>\t\t\t\t\t\t\t\t\t\t\t\t\t\t\t<\/div>\n\t\t\t\t<\/div>\n\t\t\t\t\t<\/div>\n\t\t<\/div>\n\t\t\t\t<div class=\"elementor-column elementor-col-50 elementor-top-column elementor-element elementor-element-743f2cb\" data-id=\"743f2cb\" data-element_type=\"column\">\n\t\t\t<div class=\"elementor-widget-wrap elementor-element-populated\">\n\t\t\t\t\t\t\t\t<section class=\"elementor-section elementor-inner-section elementor-element elementor-element-ec20fb2 elementor-section-content-bottom elementor-section-boxed elementor-section-height-default elementor-section-height-default\" data-id=\"ec20fb2\" data-element_type=\"section\">\n\t\t\t\t\t\t<div class=\"elementor-container elementor-column-gap-default\">\n\t\t\t\t\t<div class=\"elementor-column elementor-col-100 elementor-inner-column elementor-element elementor-element-92fc021\" data-id=\"92fc021\" data-element_type=\"column\">\n\t\t\t<div class=\"elementor-widget-wrap elementor-element-populated\">\n\t\t\t\t\t\t\t\t<div class=\"elementor-element elementor-element-e135dd3 elementor-widget elementor-widget-heading\" data-id=\"e135dd3\" data-element_type=\"widget\" data-widget_type=\"heading.default\">\n\t\t\t\t<div class=\"elementor-widget-container\">\n\t\t\t<h2 class=\"elementor-heading-title elementor-size-default\">Laura Sheerin<\/h2>\t\t<\/div>\n\t\t\t\t<\/div>\n\t\t\t\t<div class=\"elementor-element elementor-element-72f8620 elementor-widget elementor-widget-heading\" data-id=\"72f8620\" data-element_type=\"widget\" data-widget_type=\"heading.default\">\n\t\t\t\t<div class=\"elementor-widget-container\">\n\t\t\t<h2 class=\"elementor-heading-title elementor-size-default\">Soprano<\/h2>\t\t<\/div>\n\t\t\t\t<\/div>\n\t\t\t\t\t<\/div>\n\t\t<\/div>\n\t\t\t\t\t\t\t<\/div>\n\t\t<\/section>\n\t\t\t\t<div class=\"elementor-element elementor-element-f7c554c elementor-widget-divider--view-line elementor-widget elementor-widget-divider\" data-id=\"f7c554c\" data-element_type=\"widget\" data-widget_type=\"divider.default\">\n\t\t\t\t<div class=\"elementor-widget-container\">\n\t\t\t\t\t<div class=\"elementor-divider\">\n\t\t\t<span class=\"elementor-divider-separator\">\n\t\t\t\t\t\t<\/span>\n\t\t<\/div>\n\t\t\t\t<\/div>\n\t\t\t\t<\/div>\n\t\t\t\t<div class=\"elementor-element elementor-element-a793e24 elementor-widget elementor-widget-text-editor\" data-id=\"a793e24\" data-element_type=\"widget\" data-widget_type=\"text-editor.default\">\n\t\t\t\t<div class=\"elementor-widget-container\">\n\t\t\t\t\t\t\t<p>The Soprano was born in Derry, Ireland and obtained her Bachelor\u00b4s and Master\u2019s degrees in performance from the Royal Northern College of Music in Manchester. She was the recipient of the Young Musicians\u2019 Platform Award from the Arts Council of Northern Ireland and the BBC for 2013-15, a Headley Trust Bursary 2010\/11 and the Yamaha Vocal Scholarship 2009\/10. She has performed such roles as Mica\u00ebla (Carmen), Manon (Manon), Mim\u00ec (La Boh\u00e8me), Vespina (L\u2019infedelt\u00e0 delusa), Dew Fairy (Hansel and Gretel) NI Opera, Venus (Orpheus in the Underworld) among other important roles. Laura is under the guidance of world renowned soprano, Nelly Miricioiu at the Royal Opera House.<\/p>\n<p>Laura has premiered the role of Zerlina (Madame X) at the Grimeborne Festival and the role of Marie (Le gateau d&#8217;anniversaire) in the Purcell Room, Southbank Centre. She also performed in the Pl\u00e1cido Domingo Theatre, under the baton of Maestro Pl\u00e1cido Domingo in \u201cSu Majestad la Zarzuela\u201d. Afterwards, Laura performed the role of Mim\u00ec (La Boh\u00e8me) with the Philharmonic Orchestra of Zapopan, in the new Placido Domingo Theatre in Guadalajara and under the direction of Joshua Mayor and Joan Dornemann of the Metropolitan Opera House. On the concert platform, highlights include performances with the Ulster Orchestra and BBC Radio, Orquesta Sinf\u00f3nica and Orquesta de C\u00e1mara de Zapopan, Camerata de Coahuila, Quercus Ensemble at the City of London Festival and St John\u2019s Smith Square, Mozart Requiem, Handel Messiah and Bach St John Passion with the Chiswick Choir and Orchestra, Strauss Vier letzte Lieder with the Sheffield Symphony Orchestra.<\/p>\n<p>Laura has performed regularly for BBC Radio on various programmes, including Sounds Classical and Classical Connections, and has featured as a soloist a number of times in UK television shows. During the summer of 2019, she recorded Marguerite (Faust) with the National Symphony Orchestra in London.<\/p>\n<p>In the ongoing season Laura will be performing the roles of Marguerite (Faust) and Violetta Val\u00e9ry (La Traviata). In 2020, Laura will appear as Marguerite (Faust) in the new HBO series, The Nevers directed by Joss Whedon.<\/p>\n\t\t\t\t\t\t<\/div>\n\t\t\t\t<\/div>\n\t\t\t\t\t<\/div>\n\t\t<\/div>\n\t\t\t\t\t\t\t<\/div>\n\t\t<\/section>\n\t\t\t\t\t\t\t<\/div>\n\t\t","protected":false},"excerpt":{"rendered":"<p>Laura Sheerin Soprano The Soprano was born in Derry, Ireland and obtained her Bachelor\u00b4s and Master\u2019s degrees in performance from the Royal Northern College of Music in Manchester. She was the recipient of the Young Musicians\u2019 Platform Award from the Arts Council of Northern Ireland and the BBC for 2013-15, a Headley Trust Bursary 2010\/11 &hellip;<\/p>\n<p class=\"read-more\"> <a class=\"\" href=\"https:\/\/spintotalent.com\/en\/our-talent\/laura-sheerin-soprano\/\"> <span class=\"screen-reader-text\">Laura Sheerin, Soprano<\/span> Read More &raquo;<\/a><\/p>\n","protected":false},"author":1,"featured_media":2858,"parent":3089,"menu_order":0,"comment_status":"closed","ping_status":"closed","template":"","meta":{"_uag_custom_page_level_css":"","site-sidebar-layout":"no-sidebar","site-content-layout":"page-builder","ast-site-content-layout":"","site-content-style":"default","site-sidebar-style":"default","ast-global-header-display":"","ast-banner-title-visibility":"","ast-main-header-display":"","ast-hfb-above-header-display":"","ast-hfb-below-header-display":"","ast-hfb-mobile-header-display":"","site-post-title":"disabled","ast-breadcrumbs-content":"","ast-featured-img":"disabled","footer-sml-layout":"","theme-transparent-header-meta":"enabled","adv-header-id-meta":"","stick-header-meta":"default","header-above-stick-meta":"","header-main-stick-meta":"","header-below-stick-meta":"","astra-migrate-meta-layouts":"","ast-page-background-enabled":"default","ast-page-background-meta":{"desktop":{"background-color":"","background-image":"","background-repeat":"repeat","background-position":"center center","background-size":"auto","background-attachment":"scroll","background-type":"","background-media":"","overlay-type":"","overlay-color":"","overlay-gradient":""},"tablet":{"background-color":"","background-image":"","background-repeat":"repeat","background-position":"center center","background-size":"auto","background-attachment":"scroll","background-type":"","background-media":"","overlay-type":"","overlay-color":"","overlay-gradient":""},"mobile":{"background-color":"","background-image":"","background-repeat":"repeat","background-position":"center center","background-size":"auto","background-attachment":"scroll","background-type":"","background-media":"","overlay-type":"","overlay-color":"","overlay-gradient":""}},"ast-content-background-meta":{"desktop":{"background-color":"var(--ast-global-color-5)","background-image":"","background-repeat":"repeat","background-position":"center center","background-size":"auto","background-attachment":"scroll","background-type":"","background-media":"","overlay-type":"","overlay-color":"","overlay-gradient":""},"tablet":{"background-color":"var(--ast-global-color-5)","background-image":"","background-repeat":"repeat","background-position":"center center","background-size":"auto","background-attachment":"scroll","background-type":"","background-media":"","overlay-type":"","overlay-color":"","overlay-gradient":""},"mobile":{"background-color":"var(--ast-global-color-5)","background-image":"","background-repeat":"repeat","background-position":"center center","background-size":"auto","background-attachment":"scroll","background-type":"","background-media":"","overlay-type":"","overlay-color":"","overlay-gradient":""}},"footnotes":""},"uagb_featured_image_src":{"full":["https:\/\/spintotalent.com\/wp-content\/uploads\/2020\/01\/Spinto-Laura-Sheerin-e1580314677335.jpg",205,331,false],"thumbnail":["https:\/\/spintotalent.com\/wp-content\/uploads\/2020\/01\/Spinto-Laura-Sheerin-300x300.jpg",300,300,true],"medium":["https:\/\/spintotalent.com\/wp-content\/uploads\/2020\/01\/Spinto-Laura-Sheerin-495x800.jpg",495,800,true],"medium_large":["https:\/\/spintotalent.com\/wp-content\/uploads\/2020\/01\/Spinto-Laura-Sheerin-e1580314677335.jpg",205,331,false],"large":["https:\/\/spintotalent.com\/wp-content\/uploads\/2020\/01\/Spinto-Laura-Sheerin-e1580314677335.jpg",205,331,false],"1536x1536":["https:\/\/spintotalent.com\/wp-content\/uploads\/2020\/01\/Spinto-Laura-Sheerin-e1580314677335.jpg",205,331,false],"2048x2048":["https:\/\/spintotalent.com\/wp-content\/uploads\/2020\/01\/Spinto-Laura-Sheerin-e1580314677335.jpg",205,331,false]},"uagb_author_info":{"display_name":"fabrica","author_link":"https:\/\/spintotalent.com\/en\/author\/fabrica\/"},"uagb_comment_info":0,"uagb_excerpt":"Laura Sheerin Soprano The Soprano was born in Derry, Ireland and obtained her Bachelor\u00b4s and Master\u2019s degrees in performance from the Royal Northern College of Music in Manchester. She was the recipient of the Young Musicians\u2019 Platform Award from the Arts Council of Northern Ireland and the BBC for 2013-15, a Headley Trust Bursary 2010\/11&hellip;","_links":{"self":[{"href":"https:\/\/spintotalent.com\/en\/wp-json\/wp\/v2\/pages\/3886"}],"collection":[{"href":"https:\/\/spintotalent.com\/en\/wp-json\/wp\/v2\/pages"}],"about":[{"href":"https:\/\/spintotalent.com\/en\/wp-json\/wp\/v2\/types\/page"}],"author":[{"embeddable":true,"href":"https:\/\/spintotalent.com\/en\/wp-json\/wp\/v2\/users\/1"}],"replies":[{"embeddable":true,"href":"https:\/\/spintotalent.com\/en\/wp-json\/wp\/v2\/comments?post=3886"}],"version-history":[{"count":6,"href":"https:\/\/spintotalent.com\/en\/wp-json\/wp\/v2\/pages\/3886\/revisions"}],"predecessor-version":[{"id":5328,"href":"https:\/\/spintotalent.com\/en\/wp-json\/wp\/v2\/pages\/3886\/revisions\/5328"}],"up":[{"embeddable":true,"href":"https:\/\/spintotalent.com\/en\/wp-json\/wp\/v2\/pages\/3089"}],"wp:featuredmedia":[{"embeddable":true,"href":"https:\/\/spintotalent.com\/en\/wp-json\/wp\/v2\/media\/2858"}],"wp:attachment":[{"href":"https:\/\/spintotalent.com\/en\/wp-json\/wp\/v2\/media?parent=3886"}],"curies":[{"name":"wp","href":"https:\/\/api.w.org\/{rel}","templated":true}]}}